{"id":761,"date":"2024-06-05T14:29:22","date_gmt":"2024-06-05T14:29:22","guid":{"rendered":"https:\/\/swissotel-tallinn.accorv2prod.decms.eu\/conference-center\/"},"modified":"2024-11-18T21:38:52","modified_gmt":"2024-11-18T21:38:52","slug":"conference-center","status":"publish","type":"page","link":"https:\/\/www.swissoteltallinn.com\/fr\/conference-center\/","title":{"rendered":"Centre de conf\u00e9rence"},"content":{"rendered":"<p style=\"text-align: center\"><span data-sheets-root=\"1\">Nous excellons dans l&rsquo;accueil d&rsquo;\u00e9v\u00e9nements divers, qu&rsquo;il s&rsquo;agisse de d\u00e9l\u00e9gations sous haute s\u00e9curit\u00e9, de grandes conf\u00e9rences ou de rassemblements festifs. Nos espaces adaptables conviennent aux occasions formelles telles que les galas et les f\u00eates de fin d&rsquo;ann\u00e9e, garantissant une atmosph\u00e8re magique quelle que soit la taille ou le th\u00e8me. <\/span><\/p>\n<p style=\"text-align: center\"><span data-sheets-root=\"1\">Nos chefs professionnels \u00e9laborent des menus sur mesure pour ravir tous les participants, faisant de chaque \u00e9v\u00e9nement une surprise m\u00e9morable.<\/span><\/p>\n<p style=\"text-align: center\"><strong>Contactez-nous : <a href=\"mailto:events.tallinn@swissotel.com\" target=\"_blank\" rel=\"noopener\">events.tallinn@swissotel.com<\/a><\/strong><\/p>\n<p style=\"text-align: center\"><strong>T\u00e9l\u00e9phone :<\/strong> +372 624 2446<\/p>\n","protected":false},"excerpt":{"rendered":"<p>Nous excellons dans l&rsquo;accueil d&rsquo;\u00e9v\u00e9nements divers, qu&rsquo;il s&rsquo;agisse de d\u00e9l\u00e9gations sous haute s\u00e9curit\u00e9, de grandes conf\u00e9rences ou de rassemblements festifs. Nos espaces adaptables conviennent aux occasions formelles telles que les galas et les f\u00eates de fin d&rsquo;ann\u00e9e, garantissant une atmosph\u00e8re magique quelle que soit la taille ou le th\u00e8me. Nos chefs professionnels \u00e9laborent des menus [&hellip;]<\/p>\n","protected":false},"author":98,"featured_media":0,"parent":0,"menu_order":5,"comment_status":"closed","ping_status":"closed","template":"template-meetings.php","meta":{"footnotes":""},"categories":[],"class_list":["post-761","page","type-page","status-publish","hentry"],"acf":[],"yoast_head":"<!-- This site is optimized with the Yoast SEO plugin v26.9 - https:\/\/yoast.com\/product\/yoast-seo-wordpress\/ -->\n<title>Centre de conf\u00e9rence du Swissotel Tallinn<\/title>\n<meta name=\"description\" content=\"Accueillez facilement divers \u00e9v\u00e9nements sur notre site. Qu&#039;il s&#039;agisse de d\u00e9l\u00e9gations sous haute s\u00e9curit\u00e9 ou de galas, nos espaces adaptables garantissent une atmosph\u00e8re magique pour toute occasion.\" \/>\n<meta name=\"robots\" content=\"index, follow, max-snippet:-1, max-image-preview:large, max-video-preview:-1\" \/>\n<link rel=\"canonical\" href=\"https:\/\/www.swissoteltallinn.com\/fr\/conference-center\/\" \/>\n<meta property=\"og:locale\" content=\"fr_FR\" \/>\n<meta property=\"og:type\" content=\"article\" \/>\n<meta property=\"og:title\" content=\"Centre de conf\u00e9rence du Swissotel Tallinn\" \/>\n<meta property=\"og:description\" content=\"Accueillez facilement divers \u00e9v\u00e9nements sur notre site. Qu&#039;il s&#039;agisse de d\u00e9l\u00e9gations sous haute s\u00e9curit\u00e9 ou de galas, nos espaces adaptables garantissent une atmosph\u00e8re magique pour toute occasion.\" \/>\n<meta property=\"og:url\" content=\"https:\/\/www.swissoteltallinn.com\/fr\/conference-center\/\" \/>\n<meta property=\"og:site_name\" content=\"Swissotel Tallinn\" \/>\n<meta property=\"article:publisher\" content=\"https:\/\/www.facebook.com\/SwissotelTallinn\" \/>\n<meta property=\"article:modified_time\" content=\"2024-11-18T21:38:52+00:00\" \/>\n<meta name=\"twitter:card\" content=\"summary_large_image\" \/>\n<meta name=\"twitter:label1\" content=\"Dur\u00e9e de lecture est.\" \/>\n\t<meta name=\"twitter:data1\" content=\"1 minute\" \/>\n<script type=\"application\/ld+json\" class=\"yoast-schema-graph\">{\"@context\":\"https:\/\/schema.org\",\"@graph\":[{\"@type\":\"WebPage\",\"@id\":\"https:\/\/www.swissoteltallinn.com\/fr\/conference-center\/\",\"url\":\"https:\/\/www.swissoteltallinn.com\/fr\/conference-center\/\",\"name\":\"Centre de conf\u00e9rence du Swissotel Tallinn\",\"isPartOf\":{\"@id\":\"https:\/\/www.swissoteltallinn.com\/#website\"},\"datePublished\":\"2024-06-05T14:29:22+00:00\",\"dateModified\":\"2024-11-18T21:38:52+00:00\",\"description\":\"Accueillez facilement divers \u00e9v\u00e9nements sur notre site. Qu'il s'agisse de d\u00e9l\u00e9gations sous haute s\u00e9curit\u00e9 ou de galas, nos espaces adaptables garantissent une atmosph\u00e8re magique pour toute occasion.\",\"breadcrumb\":{\"@id\":\"https:\/\/www.swissoteltallinn.com\/fr\/conference-center\/#breadcrumb\"},\"inLanguage\":\"fr-FR\",\"potentialAction\":[{\"@type\":\"ReadAction\",\"target\":[\"https:\/\/www.swissoteltallinn.com\/fr\/conference-center\/\"]}]},{\"@type\":\"BreadcrumbList\",\"@id\":\"https:\/\/www.swissoteltallinn.com\/fr\/conference-center\/#breadcrumb\",\"itemListElement\":[{\"@type\":\"ListItem\",\"position\":1,\"name\":\"Home\",\"item\":\"https:\/\/www.swissoteltallinn.com\/fr\/\"},{\"@type\":\"ListItem\",\"position\":2,\"name\":\"Centre de conf\u00e9rence\"}]},{\"@type\":\"WebSite\",\"@id\":\"https:\/\/www.swissoteltallinn.com\/#website\",\"url\":\"https:\/\/www.swissoteltallinn.com\/\",\"name\":\"Swissotel Tallinn\",\"description\":\"\",\"publisher\":{\"@id\":\"https:\/\/www.swissoteltallinn.com\/#organization\"},\"potentialAction\":[{\"@type\":\"SearchAction\",\"target\":{\"@type\":\"EntryPoint\",\"urlTemplate\":\"https:\/\/www.swissoteltallinn.com\/?s={search_term_string}\"},\"query-input\":{\"@type\":\"PropertyValueSpecification\",\"valueRequired\":true,\"valueName\":\"search_term_string\"}}],\"inLanguage\":\"fr-FR\"},{\"@type\":\"Organization\",\"@id\":\"https:\/\/www.swissoteltallinn.com\/#organization\",\"name\":\"Swissotel Tallinn\",\"url\":\"https:\/\/www.swissoteltallinn.com\/\",\"logo\":{\"@type\":\"ImageObject\",\"inLanguage\":\"fr-FR\",\"@id\":\"https:\/\/www.swissoteltallinn.com\/#\/schema\/logo\/image\/\",\"url\":\"https:\/\/www.swissoteltallinn.com\/wp-content\/uploads\/sites\/107\/2024\/07\/Swissotel-Tallinn-logo.jpg\",\"contentUrl\":\"https:\/\/www.swissoteltallinn.com\/wp-content\/uploads\/sites\/107\/2024\/07\/Swissotel-Tallinn-logo.jpg\",\"width\":1800,\"height\":379,\"caption\":\"Swissotel Tallinn\"},\"image\":{\"@id\":\"https:\/\/www.swissoteltallinn.com\/#\/schema\/logo\/image\/\"},\"sameAs\":[\"https:\/\/www.facebook.com\/SwissotelTallinn\",\"https:\/\/ee.linkedin.com\/company\/swiss-tel-tallinn-estonia\",\"https:\/\/www.youtube.com\/channel\/UC-SFkHuVOioVnEI78gVBQrg\",\"https:\/\/www.instagram.com\/swissoteltallinn\/\"]}]}<\/script>\n<!-- \/ Yoast SEO plugin. -->","yoast_head_json":{"title":"Centre de conf\u00e9rence du Swissotel Tallinn","description":"Accueillez facilement divers \u00e9v\u00e9nements sur notre site. Qu'il s'agisse de d\u00e9l\u00e9gations sous haute s\u00e9curit\u00e9 ou de galas, nos espaces adaptables garantissent une atmosph\u00e8re magique pour toute occasion.","robots":{"index":"index","follow":"follow","max-snippet":"max-snippet:-1","max-image-preview":"max-image-preview:large","max-video-preview":"max-video-preview:-1"},"canonical":"https:\/\/www.swissoteltallinn.com\/fr\/conference-center\/","og_locale":"fr_FR","og_type":"article","og_title":"Centre de conf\u00e9rence du Swissotel Tallinn","og_description":"Accueillez facilement divers \u00e9v\u00e9nements sur notre site. Qu'il s'agisse de d\u00e9l\u00e9gations sous haute s\u00e9curit\u00e9 ou de galas, nos espaces adaptables garantissent une atmosph\u00e8re magique pour toute occasion.","og_url":"https:\/\/www.swissoteltallinn.com\/fr\/conference-center\/","og_site_name":"Swissotel Tallinn","article_publisher":"https:\/\/www.facebook.com\/SwissotelTallinn","article_modified_time":"2024-11-18T21:38:52+00:00","twitter_card":"summary_large_image","twitter_misc":{"Dur\u00e9e de lecture est.":"1 minute"},"schema":{"@context":"https:\/\/schema.org","@graph":[{"@type":"WebPage","@id":"https:\/\/www.swissoteltallinn.com\/fr\/conference-center\/","url":"https:\/\/www.swissoteltallinn.com\/fr\/conference-center\/","name":"Centre de conf\u00e9rence du Swissotel Tallinn","isPartOf":{"@id":"https:\/\/www.swissoteltallinn.com\/#website"},"datePublished":"2024-06-05T14:29:22+00:00","dateModified":"2024-11-18T21:38:52+00:00","description":"Accueillez facilement divers \u00e9v\u00e9nements sur notre site. Qu'il s'agisse de d\u00e9l\u00e9gations sous haute s\u00e9curit\u00e9 ou de galas, nos espaces adaptables garantissent une atmosph\u00e8re magique pour toute occasion.","breadcrumb":{"@id":"https:\/\/www.swissoteltallinn.com\/fr\/conference-center\/#breadcrumb"},"inLanguage":"fr-FR","potentialAction":[{"@type":"ReadAction","target":["https:\/\/www.swissoteltallinn.com\/fr\/conference-center\/"]}]},{"@type":"BreadcrumbList","@id":"https:\/\/www.swissoteltallinn.com\/fr\/conference-center\/#breadcrumb","itemListElement":[{"@type":"ListItem","position":1,"name":"Home","item":"https:\/\/www.swissoteltallinn.com\/fr\/"},{"@type":"ListItem","position":2,"name":"Centre de conf\u00e9rence"}]},{"@type":"WebSite","@id":"https:\/\/www.swissoteltallinn.com\/#website","url":"https:\/\/www.swissoteltallinn.com\/","name":"Swissotel Tallinn","description":"","publisher":{"@id":"https:\/\/www.swissoteltallinn.com\/#organization"},"potentialAction":[{"@type":"SearchAction","target":{"@type":"EntryPoint","urlTemplate":"https:\/\/www.swissoteltallinn.com\/?s={search_term_string}"},"query-input":{"@type":"PropertyValueSpecification","valueRequired":true,"valueName":"search_term_string"}}],"inLanguage":"fr-FR"},{"@type":"Organization","@id":"https:\/\/www.swissoteltallinn.com\/#organization","name":"Swissotel Tallinn","url":"https:\/\/www.swissoteltallinn.com\/","logo":{"@type":"ImageObject","inLanguage":"fr-FR","@id":"https:\/\/www.swissoteltallinn.com\/#\/schema\/logo\/image\/","url":"https:\/\/www.swissoteltallinn.com\/wp-content\/uploads\/sites\/107\/2024\/07\/Swissotel-Tallinn-logo.jpg","contentUrl":"https:\/\/www.swissoteltallinn.com\/wp-content\/uploads\/sites\/107\/2024\/07\/Swissotel-Tallinn-logo.jpg","width":1800,"height":379,"caption":"Swissotel Tallinn"},"image":{"@id":"https:\/\/www.swissoteltallinn.com\/#\/schema\/logo\/image\/"},"sameAs":["https:\/\/www.facebook.com\/SwissotelTallinn","https:\/\/ee.linkedin.com\/company\/swiss-tel-tallinn-estonia","https:\/\/www.youtube.com\/channel\/UC-SFkHuVOioVnEI78gVBQrg","https:\/\/www.instagram.com\/swissoteltallinn\/"]}]}},"_links":{"self":[{"href":"https:\/\/www.swissoteltallinn.com\/fr\/wp-json\/wp\/v2\/pages\/761","targetHints":{"allow":["GET"]}}],"collection":[{"href":"https:\/\/www.swissoteltallinn.com\/fr\/wp-json\/wp\/v2\/pages"}],"about":[{"href":"https:\/\/www.swissoteltallinn.com\/fr\/wp-json\/wp\/v2\/types\/page"}],"author":[{"embeddable":true,"href":"https:\/\/www.swissoteltallinn.com\/fr\/wp-json\/wp\/v2\/users\/98"}],"replies":[{"embeddable":true,"href":"https:\/\/www.swissoteltallinn.com\/fr\/wp-json\/wp\/v2\/comments?post=761"}],"version-history":[{"count":0,"href":"https:\/\/www.swissoteltallinn.com\/fr\/wp-json\/wp\/v2\/pages\/761\/revisions"}],"wp:attachment":[{"href":"https:\/\/www.swissoteltallinn.com\/fr\/wp-json\/wp\/v2\/media?parent=761"}],"wp:term":[{"taxonomy":"category","embeddable":true,"href":"https:\/\/www.swissoteltallinn.com\/fr\/wp-json\/wp\/v2\/categories?post=761"}],"curies":[{"name":"wp","href":"https:\/\/api.w.org\/{rel}","templated":true}]}}