{"id":751,"date":"2024-06-05T14:38:15","date_gmt":"2024-06-05T14:38:15","guid":{"rendered":"https:\/\/swissotel-tallinn.accorv2prod.decms.eu\/swissotel-weddings\/"},"modified":"2024-11-18T21:33:30","modified_gmt":"2024-11-18T21:33:30","slug":"swissotel-weddings","status":"publish","type":"page","link":"https:\/\/www.swissoteltallinn.com\/fr\/swissotel-weddings\/","title":{"rendered":"Mariages au Swiss\u00f4tel"},"content":{"rendered":"<p style=\"text-align: center\"><span data-sheets-root=\"1\">Le jour de votre mariage est unique &#8211; plein de moments sp\u00e9ciaux et de souvenirs inoubliables. Au Swiss\u00f4tel Tallinn, nous faisons tout pour que le mariage de vos r\u00eaves devienne r\u00e9alit\u00e9. Nos espaces multifonctionnels garantissent une atmosph\u00e8re magique pour des \u00e9v\u00e9nements de toute taille et de tout style. Le chef et son \u00e9quipe vous proposent des d\u00e9lices culinaires personnalis\u00e9s en fonction de vos pr\u00e9f\u00e9rences. Apr\u00e8s la f\u00eate, profitez d&rsquo;une vue magique et d&rsquo;une chambre luxueuse au niveau Swiss Executive.<\/span><\/p>\n","protected":false},"excerpt":{"rendered":"<p>Le jour de votre mariage est unique &#8211; plein de moments sp\u00e9ciaux et de souvenirs inoubliables. Au Swiss\u00f4tel Tallinn, nous faisons tout pour que le mariage de vos r\u00eaves devienne r\u00e9alit\u00e9. Nos espaces multifonctionnels garantissent une atmosph\u00e8re magique pour des \u00e9v\u00e9nements de toute taille et de tout style. Le chef et son \u00e9quipe vous proposent [&hellip;]<\/p>\n","protected":false},"author":98,"featured_media":0,"parent":0,"menu_order":6,"comment_status":"closed","ping_status":"closed","template":"template-wedding.php","meta":{"footnotes":""},"categories":[],"class_list":["post-751","page","type-page","status-publish","hentry"],"acf":[],"yoast_head":"<!-- This site is optimized with the Yoast SEO plugin v26.9 - https:\/\/yoast.com\/product\/yoast-seo-wordpress\/ -->\n<title>Des mariages inoubliables au Swiss\u00f4tel Tallinn<\/title>\n<meta name=\"description\" content=\"Organisez le mariage de vos r\u00eaves au Swiss\u00f4tel Tallinn. Avec des espaces \u00e9v\u00e9nementiels multifonctionnels, des sp\u00e9cialit\u00e9s culinaires personnalis\u00e9es et des h\u00e9bergements luxueux.\" \/>\n<meta name=\"robots\" content=\"index, follow, max-snippet:-1, max-image-preview:large, max-video-preview:-1\" \/>\n<link rel=\"canonical\" href=\"https:\/\/www.swissoteltallinn.com\/fr\/swissotel-weddings\/\" \/>\n<meta property=\"og:locale\" content=\"fr_FR\" \/>\n<meta property=\"og:type\" content=\"article\" \/>\n<meta property=\"og:title\" content=\"Des mariages inoubliables au Swiss\u00f4tel Tallinn\" \/>\n<meta property=\"og:description\" content=\"Organisez le mariage de vos r\u00eaves au Swiss\u00f4tel Tallinn. Avec des espaces \u00e9v\u00e9nementiels multifonctionnels, des sp\u00e9cialit\u00e9s culinaires personnalis\u00e9es et des h\u00e9bergements luxueux.\" \/>\n<meta property=\"og:url\" content=\"https:\/\/www.swissoteltallinn.com\/fr\/swissotel-weddings\/\" \/>\n<meta property=\"og:site_name\" content=\"Swissotel Tallinn\" \/>\n<meta property=\"article:publisher\" content=\"https:\/\/www.facebook.com\/SwissotelTallinn\" \/>\n<meta property=\"article:modified_time\" content=\"2024-11-18T21:33:30+00:00\" \/>\n<meta name=\"twitter:card\" content=\"summary_large_image\" \/>\n<meta name=\"twitter:label1\" content=\"Dur\u00e9e de lecture est.\" \/>\n\t<meta name=\"twitter:data1\" content=\"1 minute\" \/>\n<script type=\"application\/ld+json\" class=\"yoast-schema-graph\">{\"@context\":\"https:\/\/schema.org\",\"@graph\":[{\"@type\":\"WebPage\",\"@id\":\"https:\/\/www.swissoteltallinn.com\/fr\/swissotel-weddings\/\",\"url\":\"https:\/\/www.swissoteltallinn.com\/fr\/swissotel-weddings\/\",\"name\":\"Des mariages inoubliables au Swiss\u00f4tel Tallinn\",\"isPartOf\":{\"@id\":\"https:\/\/www.swissoteltallinn.com\/#website\"},\"datePublished\":\"2024-06-05T14:38:15+00:00\",\"dateModified\":\"2024-11-18T21:33:30+00:00\",\"description\":\"Organisez le mariage de vos r\u00eaves au Swiss\u00f4tel Tallinn. Avec des espaces \u00e9v\u00e9nementiels multifonctionnels, des sp\u00e9cialit\u00e9s culinaires personnalis\u00e9es et des h\u00e9bergements luxueux.\",\"breadcrumb\":{\"@id\":\"https:\/\/www.swissoteltallinn.com\/fr\/swissotel-weddings\/#breadcrumb\"},\"inLanguage\":\"fr-FR\",\"potentialAction\":[{\"@type\":\"ReadAction\",\"target\":[\"https:\/\/www.swissoteltallinn.com\/fr\/swissotel-weddings\/\"]}]},{\"@type\":\"BreadcrumbList\",\"@id\":\"https:\/\/www.swissoteltallinn.com\/fr\/swissotel-weddings\/#breadcrumb\",\"itemListElement\":[{\"@type\":\"ListItem\",\"position\":1,\"name\":\"Home\",\"item\":\"https:\/\/www.swissoteltallinn.com\/fr\/\"},{\"@type\":\"ListItem\",\"position\":2,\"name\":\"Mariages au Swiss\u00f4tel\"}]},{\"@type\":\"WebSite\",\"@id\":\"https:\/\/www.swissoteltallinn.com\/#website\",\"url\":\"https:\/\/www.swissoteltallinn.com\/\",\"name\":\"Swissotel Tallinn\",\"description\":\"\",\"publisher\":{\"@id\":\"https:\/\/www.swissoteltallinn.com\/#organization\"},\"potentialAction\":[{\"@type\":\"SearchAction\",\"target\":{\"@type\":\"EntryPoint\",\"urlTemplate\":\"https:\/\/www.swissoteltallinn.com\/?s={search_term_string}\"},\"query-input\":{\"@type\":\"PropertyValueSpecification\",\"valueRequired\":true,\"valueName\":\"search_term_string\"}}],\"inLanguage\":\"fr-FR\"},{\"@type\":\"Organization\",\"@id\":\"https:\/\/www.swissoteltallinn.com\/#organization\",\"name\":\"Swissotel Tallinn\",\"url\":\"https:\/\/www.swissoteltallinn.com\/\",\"logo\":{\"@type\":\"ImageObject\",\"inLanguage\":\"fr-FR\",\"@id\":\"https:\/\/www.swissoteltallinn.com\/#\/schema\/logo\/image\/\",\"url\":\"https:\/\/www.swissoteltallinn.com\/wp-content\/uploads\/sites\/107\/2024\/07\/Swissotel-Tallinn-logo.jpg\",\"contentUrl\":\"https:\/\/www.swissoteltallinn.com\/wp-content\/uploads\/sites\/107\/2024\/07\/Swissotel-Tallinn-logo.jpg\",\"width\":1800,\"height\":379,\"caption\":\"Swissotel Tallinn\"},\"image\":{\"@id\":\"https:\/\/www.swissoteltallinn.com\/#\/schema\/logo\/image\/\"},\"sameAs\":[\"https:\/\/www.facebook.com\/SwissotelTallinn\",\"https:\/\/ee.linkedin.com\/company\/swiss-tel-tallinn-estonia\",\"https:\/\/www.youtube.com\/channel\/UC-SFkHuVOioVnEI78gVBQrg\",\"https:\/\/www.instagram.com\/swissoteltallinn\/\"]}]}<\/script>\n<!-- \/ Yoast SEO plugin. -->","yoast_head_json":{"title":"Des mariages inoubliables au Swiss\u00f4tel Tallinn","description":"Organisez le mariage de vos r\u00eaves au Swiss\u00f4tel Tallinn. Avec des espaces \u00e9v\u00e9nementiels multifonctionnels, des sp\u00e9cialit\u00e9s culinaires personnalis\u00e9es et des h\u00e9bergements luxueux.","robots":{"index":"index","follow":"follow","max-snippet":"max-snippet:-1","max-image-preview":"max-image-preview:large","max-video-preview":"max-video-preview:-1"},"canonical":"https:\/\/www.swissoteltallinn.com\/fr\/swissotel-weddings\/","og_locale":"fr_FR","og_type":"article","og_title":"Des mariages inoubliables au Swiss\u00f4tel Tallinn","og_description":"Organisez le mariage de vos r\u00eaves au Swiss\u00f4tel Tallinn. Avec des espaces \u00e9v\u00e9nementiels multifonctionnels, des sp\u00e9cialit\u00e9s culinaires personnalis\u00e9es et des h\u00e9bergements luxueux.","og_url":"https:\/\/www.swissoteltallinn.com\/fr\/swissotel-weddings\/","og_site_name":"Swissotel Tallinn","article_publisher":"https:\/\/www.facebook.com\/SwissotelTallinn","article_modified_time":"2024-11-18T21:33:30+00:00","twitter_card":"summary_large_image","twitter_misc":{"Dur\u00e9e de lecture est.":"1 minute"},"schema":{"@context":"https:\/\/schema.org","@graph":[{"@type":"WebPage","@id":"https:\/\/www.swissoteltallinn.com\/fr\/swissotel-weddings\/","url":"https:\/\/www.swissoteltallinn.com\/fr\/swissotel-weddings\/","name":"Des mariages inoubliables au Swiss\u00f4tel Tallinn","isPartOf":{"@id":"https:\/\/www.swissoteltallinn.com\/#website"},"datePublished":"2024-06-05T14:38:15+00:00","dateModified":"2024-11-18T21:33:30+00:00","description":"Organisez le mariage de vos r\u00eaves au Swiss\u00f4tel Tallinn. Avec des espaces \u00e9v\u00e9nementiels multifonctionnels, des sp\u00e9cialit\u00e9s culinaires personnalis\u00e9es et des h\u00e9bergements luxueux.","breadcrumb":{"@id":"https:\/\/www.swissoteltallinn.com\/fr\/swissotel-weddings\/#breadcrumb"},"inLanguage":"fr-FR","potentialAction":[{"@type":"ReadAction","target":["https:\/\/www.swissoteltallinn.com\/fr\/swissotel-weddings\/"]}]},{"@type":"BreadcrumbList","@id":"https:\/\/www.swissoteltallinn.com\/fr\/swissotel-weddings\/#breadcrumb","itemListElement":[{"@type":"ListItem","position":1,"name":"Home","item":"https:\/\/www.swissoteltallinn.com\/fr\/"},{"@type":"ListItem","position":2,"name":"Mariages au Swiss\u00f4tel"}]},{"@type":"WebSite","@id":"https:\/\/www.swissoteltallinn.com\/#website","url":"https:\/\/www.swissoteltallinn.com\/","name":"Swissotel Tallinn","description":"","publisher":{"@id":"https:\/\/www.swissoteltallinn.com\/#organization"},"potentialAction":[{"@type":"SearchAction","target":{"@type":"EntryPoint","urlTemplate":"https:\/\/www.swissoteltallinn.com\/?s={search_term_string}"},"query-input":{"@type":"PropertyValueSpecification","valueRequired":true,"valueName":"search_term_string"}}],"inLanguage":"fr-FR"},{"@type":"Organization","@id":"https:\/\/www.swissoteltallinn.com\/#organization","name":"Swissotel Tallinn","url":"https:\/\/www.swissoteltallinn.com\/","logo":{"@type":"ImageObject","inLanguage":"fr-FR","@id":"https:\/\/www.swissoteltallinn.com\/#\/schema\/logo\/image\/","url":"https:\/\/www.swissoteltallinn.com\/wp-content\/uploads\/sites\/107\/2024\/07\/Swissotel-Tallinn-logo.jpg","contentUrl":"https:\/\/www.swissoteltallinn.com\/wp-content\/uploads\/sites\/107\/2024\/07\/Swissotel-Tallinn-logo.jpg","width":1800,"height":379,"caption":"Swissotel Tallinn"},"image":{"@id":"https:\/\/www.swissoteltallinn.com\/#\/schema\/logo\/image\/"},"sameAs":["https:\/\/www.facebook.com\/SwissotelTallinn","https:\/\/ee.linkedin.com\/company\/swiss-tel-tallinn-estonia","https:\/\/www.youtube.com\/channel\/UC-SFkHuVOioVnEI78gVBQrg","https:\/\/www.instagram.com\/swissoteltallinn\/"]}]}},"_links":{"self":[{"href":"https:\/\/www.swissoteltallinn.com\/fr\/wp-json\/wp\/v2\/pages\/751","targetHints":{"allow":["GET"]}}],"collection":[{"href":"https:\/\/www.swissoteltallinn.com\/fr\/wp-json\/wp\/v2\/pages"}],"about":[{"href":"https:\/\/www.swissoteltallinn.com\/fr\/wp-json\/wp\/v2\/types\/page"}],"author":[{"embeddable":true,"href":"https:\/\/www.swissoteltallinn.com\/fr\/wp-json\/wp\/v2\/users\/98"}],"replies":[{"embeddable":true,"href":"https:\/\/www.swissoteltallinn.com\/fr\/wp-json\/wp\/v2\/comments?post=751"}],"version-history":[{"count":0,"href":"https:\/\/www.swissoteltallinn.com\/fr\/wp-json\/wp\/v2\/pages\/751\/revisions"}],"wp:attachment":[{"href":"https:\/\/www.swissoteltallinn.com\/fr\/wp-json\/wp\/v2\/media?parent=751"}],"wp:term":[{"taxonomy":"category","embeddable":true,"href":"https:\/\/www.swissoteltallinn.com\/fr\/wp-json\/wp\/v2\/categories?post=751"}],"curies":[{"name":"wp","href":"https:\/\/api.w.org\/{rel}","templated":true}]}}