{"id":749,"date":"2024-05-30T11:55:35","date_gmt":"2024-05-30T11:55:35","guid":{"rendered":"https:\/\/swissotel-tallinn.accorv2prod.decms.eu\/purovel-spa-sport\/"},"modified":"2026-05-04T11:07:28","modified_gmt":"2026-05-04T11:07:28","slug":"purovel-spa-sport","status":"publish","type":"page","link":"https:\/\/www.swissoteltallinn.com\/fr\/purovel-spa-sport\/","title":{"rendered":"SPA ET CENTRE DE SPORT P\u00dcROVEL"},"content":{"rendered":"<p style=\"text-align: center\"><span data-sheets-root=\"1\">D\u00e9couvrez un sanctuaire de bien-\u00eatre au spa et centre de sport P\u00fcrovel du Swiss\u00f4tel Tallinn, o\u00f9 la tradition rencontre la modernit\u00e9 pour une retraite holistique. Nich\u00e9 au c\u0153ur de la ville, l&rsquo;h\u00f4tel dispose d&rsquo;installations ultramodernes, notamment d&rsquo;une salle de sport, d&rsquo;une piscine int\u00e9rieure et de saunas o\u00f9 se ressourcer. Nos traitements s&rsquo;inspirant des Alpes utilisent des ingr\u00e9dients biologiques et sont adapt\u00e9s par des th\u00e9rapeutes experts pour une relaxation ultime. Faites l&rsquo;exp\u00e9rience du luxe et de la sant\u00e9 au spa P\u00fcrovel, votre oasis urbaine.<\/span><\/p>\n","protected":false},"excerpt":{"rendered":"<p>D\u00e9couvrez un sanctuaire de bien-\u00eatre au spa et centre de sport P\u00fcrovel du Swiss\u00f4tel Tallinn, o\u00f9 la tradition rencontre la modernit\u00e9 pour une retraite holistique. Nich\u00e9 au c\u0153ur de la ville, l&rsquo;h\u00f4tel dispose d&rsquo;installations ultramodernes, notamment d&rsquo;une salle de sport, d&rsquo;une piscine int\u00e9rieure et de saunas o\u00f9 se ressourcer. Nos traitements s&rsquo;inspirant des Alpes utilisent [&hellip;]<\/p>\n","protected":false},"author":98,"featured_media":0,"parent":0,"menu_order":4,"comment_status":"closed","ping_status":"closed","template":"template-spa.php","meta":{"footnotes":""},"categories":[],"class_list":["post-749","page","type-page","status-publish","hentry"],"acf":[],"yoast_head":"<!-- This site is optimized with the Yoast SEO plugin v26.9 - https:\/\/yoast.com\/product\/yoast-seo-wordpress\/ -->\n<title>Retraite tranquille\u00a0: Spa et centre de sport P\u00fcrove au Swiss\u00f4tel Tallinn<\/title>\n<meta name=\"description\" content=\"\u00c9vadez-vous vers le bien-\u00eatre au spa et centre de sport P\u00fcrovel du Swiss\u00f4tel Tallinn. Profitez de soins inspir\u00e9s des Alpes et d&#039;installations ultramodernes pour vous d\u00e9tendre.\" \/>\n<meta name=\"robots\" content=\"index, follow, max-snippet:-1, max-image-preview:large, max-video-preview:-1\" \/>\n<link rel=\"canonical\" href=\"https:\/\/www.swissoteltallinn.com\/fr\/purovel-spa-sport\/\" \/>\n<meta property=\"og:locale\" content=\"fr_FR\" \/>\n<meta property=\"og:type\" content=\"article\" \/>\n<meta property=\"og:title\" content=\"Retraite tranquille\u00a0: Spa et centre de sport P\u00fcrove au Swiss\u00f4tel Tallinn\" \/>\n<meta property=\"og:description\" content=\"\u00c9vadez-vous vers le bien-\u00eatre au spa et centre de sport P\u00fcrovel du Swiss\u00f4tel Tallinn. Profitez de soins inspir\u00e9s des Alpes et d&#039;installations ultramodernes pour vous d\u00e9tendre.\" \/>\n<meta property=\"og:url\" content=\"https:\/\/www.swissoteltallinn.com\/fr\/purovel-spa-sport\/\" \/>\n<meta property=\"og:site_name\" content=\"Swissotel Tallinn\" \/>\n<meta property=\"article:publisher\" content=\"https:\/\/www.facebook.com\/SwissotelTallinn\" \/>\n<meta property=\"article:modified_time\" content=\"2026-05-04T11:07:28+00:00\" \/>\n<meta name=\"twitter:card\" content=\"summary_large_image\" \/>\n<meta name=\"twitter:label1\" content=\"Dur\u00e9e de lecture est.\" \/>\n\t<meta name=\"twitter:data1\" content=\"1 minute\" \/>\n<script type=\"application\/ld+json\" class=\"yoast-schema-graph\">{\"@context\":\"https:\/\/schema.org\",\"@graph\":[{\"@type\":\"WebPage\",\"@id\":\"https:\/\/www.swissoteltallinn.com\/fr\/purovel-spa-sport\/\",\"url\":\"https:\/\/www.swissoteltallinn.com\/fr\/purovel-spa-sport\/\",\"name\":\"Retraite tranquille\u00a0: Spa et centre de sport P\u00fcrove au Swiss\u00f4tel Tallinn\",\"isPartOf\":{\"@id\":\"https:\/\/www.swissoteltallinn.com\/#website\"},\"datePublished\":\"2024-05-30T11:55:35+00:00\",\"dateModified\":\"2026-05-04T11:07:28+00:00\",\"description\":\"\u00c9vadez-vous vers le bien-\u00eatre au spa et centre de sport P\u00fcrovel du Swiss\u00f4tel Tallinn. Profitez de soins inspir\u00e9s des Alpes et d'installations ultramodernes pour vous d\u00e9tendre.\",\"breadcrumb\":{\"@id\":\"https:\/\/www.swissoteltallinn.com\/fr\/purovel-spa-sport\/#breadcrumb\"},\"inLanguage\":\"fr-FR\",\"potentialAction\":[{\"@type\":\"ReadAction\",\"target\":[\"https:\/\/www.swissoteltallinn.com\/fr\/purovel-spa-sport\/\"]}]},{\"@type\":\"BreadcrumbList\",\"@id\":\"https:\/\/www.swissoteltallinn.com\/fr\/purovel-spa-sport\/#breadcrumb\",\"itemListElement\":[{\"@type\":\"ListItem\",\"position\":1,\"name\":\"Home\",\"item\":\"https:\/\/www.swissoteltallinn.com\/fr\/\"},{\"@type\":\"ListItem\",\"position\":2,\"name\":\"SPA ET CENTRE DE SPORT P\u00dcROVEL\"}]},{\"@type\":\"WebSite\",\"@id\":\"https:\/\/www.swissoteltallinn.com\/#website\",\"url\":\"https:\/\/www.swissoteltallinn.com\/\",\"name\":\"Swissotel Tallinn\",\"description\":\"\",\"publisher\":{\"@id\":\"https:\/\/www.swissoteltallinn.com\/#organization\"},\"potentialAction\":[{\"@type\":\"SearchAction\",\"target\":{\"@type\":\"EntryPoint\",\"urlTemplate\":\"https:\/\/www.swissoteltallinn.com\/?s={search_term_string}\"},\"query-input\":{\"@type\":\"PropertyValueSpecification\",\"valueRequired\":true,\"valueName\":\"search_term_string\"}}],\"inLanguage\":\"fr-FR\"},{\"@type\":\"Organization\",\"@id\":\"https:\/\/www.swissoteltallinn.com\/#organization\",\"name\":\"Swissotel Tallinn\",\"url\":\"https:\/\/www.swissoteltallinn.com\/\",\"logo\":{\"@type\":\"ImageObject\",\"inLanguage\":\"fr-FR\",\"@id\":\"https:\/\/www.swissoteltallinn.com\/#\/schema\/logo\/image\/\",\"url\":\"https:\/\/www.swissoteltallinn.com\/wp-content\/uploads\/sites\/107\/2024\/07\/Swissotel-Tallinn-logo.jpg\",\"contentUrl\":\"https:\/\/www.swissoteltallinn.com\/wp-content\/uploads\/sites\/107\/2024\/07\/Swissotel-Tallinn-logo.jpg\",\"width\":1800,\"height\":379,\"caption\":\"Swissotel Tallinn\"},\"image\":{\"@id\":\"https:\/\/www.swissoteltallinn.com\/#\/schema\/logo\/image\/\"},\"sameAs\":[\"https:\/\/www.facebook.com\/SwissotelTallinn\",\"https:\/\/ee.linkedin.com\/company\/swiss-tel-tallinn-estonia\",\"https:\/\/www.youtube.com\/channel\/UC-SFkHuVOioVnEI78gVBQrg\",\"https:\/\/www.instagram.com\/swissoteltallinn\/\"]}]}<\/script>\n<!-- \/ Yoast SEO plugin. -->","yoast_head_json":{"title":"Retraite tranquille\u00a0: Spa et centre de sport P\u00fcrove au Swiss\u00f4tel Tallinn","description":"\u00c9vadez-vous vers le bien-\u00eatre au spa et centre de sport P\u00fcrovel du Swiss\u00f4tel Tallinn. Profitez de soins inspir\u00e9s des Alpes et d'installations ultramodernes pour vous d\u00e9tendre.","robots":{"index":"index","follow":"follow","max-snippet":"max-snippet:-1","max-image-preview":"max-image-preview:large","max-video-preview":"max-video-preview:-1"},"canonical":"https:\/\/www.swissoteltallinn.com\/fr\/purovel-spa-sport\/","og_locale":"fr_FR","og_type":"article","og_title":"Retraite tranquille\u00a0: Spa et centre de sport P\u00fcrove au Swiss\u00f4tel Tallinn","og_description":"\u00c9vadez-vous vers le bien-\u00eatre au spa et centre de sport P\u00fcrovel du Swiss\u00f4tel Tallinn. Profitez de soins inspir\u00e9s des Alpes et d'installations ultramodernes pour vous d\u00e9tendre.","og_url":"https:\/\/www.swissoteltallinn.com\/fr\/purovel-spa-sport\/","og_site_name":"Swissotel Tallinn","article_publisher":"https:\/\/www.facebook.com\/SwissotelTallinn","article_modified_time":"2026-05-04T11:07:28+00:00","twitter_card":"summary_large_image","twitter_misc":{"Dur\u00e9e de lecture est.":"1 minute"},"schema":{"@context":"https:\/\/schema.org","@graph":[{"@type":"WebPage","@id":"https:\/\/www.swissoteltallinn.com\/fr\/purovel-spa-sport\/","url":"https:\/\/www.swissoteltallinn.com\/fr\/purovel-spa-sport\/","name":"Retraite tranquille\u00a0: Spa et centre de sport P\u00fcrove au Swiss\u00f4tel Tallinn","isPartOf":{"@id":"https:\/\/www.swissoteltallinn.com\/#website"},"datePublished":"2024-05-30T11:55:35+00:00","dateModified":"2026-05-04T11:07:28+00:00","description":"\u00c9vadez-vous vers le bien-\u00eatre au spa et centre de sport P\u00fcrovel du Swiss\u00f4tel Tallinn. Profitez de soins inspir\u00e9s des Alpes et d'installations ultramodernes pour vous d\u00e9tendre.","breadcrumb":{"@id":"https:\/\/www.swissoteltallinn.com\/fr\/purovel-spa-sport\/#breadcrumb"},"inLanguage":"fr-FR","potentialAction":[{"@type":"ReadAction","target":["https:\/\/www.swissoteltallinn.com\/fr\/purovel-spa-sport\/"]}]},{"@type":"BreadcrumbList","@id":"https:\/\/www.swissoteltallinn.com\/fr\/purovel-spa-sport\/#breadcrumb","itemListElement":[{"@type":"ListItem","position":1,"name":"Home","item":"https:\/\/www.swissoteltallinn.com\/fr\/"},{"@type":"ListItem","position":2,"name":"SPA ET CENTRE DE SPORT P\u00dcROVEL"}]},{"@type":"WebSite","@id":"https:\/\/www.swissoteltallinn.com\/#website","url":"https:\/\/www.swissoteltallinn.com\/","name":"Swissotel Tallinn","description":"","publisher":{"@id":"https:\/\/www.swissoteltallinn.com\/#organization"},"potentialAction":[{"@type":"SearchAction","target":{"@type":"EntryPoint","urlTemplate":"https:\/\/www.swissoteltallinn.com\/?s={search_term_string}"},"query-input":{"@type":"PropertyValueSpecification","valueRequired":true,"valueName":"search_term_string"}}],"inLanguage":"fr-FR"},{"@type":"Organization","@id":"https:\/\/www.swissoteltallinn.com\/#organization","name":"Swissotel Tallinn","url":"https:\/\/www.swissoteltallinn.com\/","logo":{"@type":"ImageObject","inLanguage":"fr-FR","@id":"https:\/\/www.swissoteltallinn.com\/#\/schema\/logo\/image\/","url":"https:\/\/www.swissoteltallinn.com\/wp-content\/uploads\/sites\/107\/2024\/07\/Swissotel-Tallinn-logo.jpg","contentUrl":"https:\/\/www.swissoteltallinn.com\/wp-content\/uploads\/sites\/107\/2024\/07\/Swissotel-Tallinn-logo.jpg","width":1800,"height":379,"caption":"Swissotel Tallinn"},"image":{"@id":"https:\/\/www.swissoteltallinn.com\/#\/schema\/logo\/image\/"},"sameAs":["https:\/\/www.facebook.com\/SwissotelTallinn","https:\/\/ee.linkedin.com\/company\/swiss-tel-tallinn-estonia","https:\/\/www.youtube.com\/channel\/UC-SFkHuVOioVnEI78gVBQrg","https:\/\/www.instagram.com\/swissoteltallinn\/"]}]}},"_links":{"self":[{"href":"https:\/\/www.swissoteltallinn.com\/fr\/wp-json\/wp\/v2\/pages\/749","targetHints":{"allow":["GET"]}}],"collection":[{"href":"https:\/\/www.swissoteltallinn.com\/fr\/wp-json\/wp\/v2\/pages"}],"about":[{"href":"https:\/\/www.swissoteltallinn.com\/fr\/wp-json\/wp\/v2\/types\/page"}],"author":[{"embeddable":true,"href":"https:\/\/www.swissoteltallinn.com\/fr\/wp-json\/wp\/v2\/users\/98"}],"replies":[{"embeddable":true,"href":"https:\/\/www.swissoteltallinn.com\/fr\/wp-json\/wp\/v2\/comments?post=749"}],"version-history":[{"count":1,"href":"https:\/\/www.swissoteltallinn.com\/fr\/wp-json\/wp\/v2\/pages\/749\/revisions"}],"predecessor-version":[{"id":1239,"href":"https:\/\/www.swissoteltallinn.com\/fr\/wp-json\/wp\/v2\/pages\/749\/revisions\/1239"}],"wp:attachment":[{"href":"https:\/\/www.swissoteltallinn.com\/fr\/wp-json\/wp\/v2\/media?parent=749"}],"wp:term":[{"taxonomy":"category","embeddable":true,"href":"https:\/\/www.swissoteltallinn.com\/fr\/wp-json\/wp\/v2\/categories?post=749"}],"curies":[{"name":"wp","href":"https:\/\/api.w.org\/{rel}","templated":true}]}}