{"id":742,"date":"2024-05-29T12:10:18","date_gmt":"2024-05-29T12:10:18","guid":{"rendered":"https:\/\/swissotel-tallinn.accorv2prod.decms.eu\/about-us\/"},"modified":"2024-11-18T21:19:21","modified_gmt":"2024-11-18T21:19:21","slug":"about-us","status":"publish","type":"page","link":"https:\/\/www.swissoteltallinn.com\/fr\/about-us\/","title":{"rendered":"NOTRE HISTOIRE"},"content":{"rendered":"<p style=\"text-align: center\"><span data-sheets-root=\"1\">Nous vous invitons \u00e0 d\u00e9couvrir au Swiss\u00f4tel Tallinn un m\u00e9lange de confort luxueux et de vie respectueuse de l&rsquo;environnement au c\u0153ur de la charmante capitale estonienne. Nich\u00e9 dans le plus haut b\u00e2timent de la ville, notre h\u00f4tel promet non seulement des vues incomparables, mais \u00e9galement une \u00e9thique de l&rsquo;hospitalit\u00e9 qui allie le plaisir \u00e0 un engagement en faveur de la gestion de l&rsquo;environnement. <\/span><\/p>\n<p style=\"text-align: center\"><span data-sheets-root=\"1\">D\u00e8s l&rsquo;instant o\u00f9 vous p\u00e9n\u00e9trez dans notre hall d&rsquo;entr\u00e9e \u00e9l\u00e9gamment am\u00e9nag\u00e9, vous \u00eates accueilli dans un univers o\u00f9 chaque d\u00e9tail est con\u00e7u pour assurer votre plus grand confort tout en respectant notre plan\u00e8te.<\/span><\/p>\n","protected":false},"excerpt":{"rendered":"<p>Nous vous invitons \u00e0 d\u00e9couvrir au Swiss\u00f4tel Tallinn un m\u00e9lange de confort luxueux et de vie respectueuse de l&rsquo;environnement au c\u0153ur de la charmante capitale estonienne. Nich\u00e9 dans le plus haut b\u00e2timent de la ville, notre h\u00f4tel promet non seulement des vues incomparables, mais \u00e9galement une \u00e9thique de l&rsquo;hospitalit\u00e9 qui allie le plaisir \u00e0 un [&hellip;]<\/p>\n","protected":false},"author":98,"featured_media":0,"parent":0,"menu_order":1,"comment_status":"closed","ping_status":"closed","template":"","meta":{"footnotes":""},"categories":[],"class_list":["post-742","page","type-page","status-publish","hentry"],"acf":[],"yoast_head":"<!-- This site is optimized with the Yoast SEO plugin v26.9 - https:\/\/yoast.com\/product\/yoast-seo-wordpress\/ -->\n<title>Le Swiss\u00f4tel Tallinn, c&#039;est l&#039;\u00e9coluxe et une vue imprenable<\/title>\n<meta name=\"description\" content=\"Faites l&#039;exp\u00e9rience d&#039;un mode de vie luxueux et respectueux de l&#039;environnement au Swiss\u00f4tel Tallinn, situ\u00e9 dans le plus haut b\u00e2timent d&#039;Estonie. Profitez de vues incomparables et d&#039;un engagement en faveur de la protection de l&#039;environnement.\" \/>\n<meta name=\"robots\" content=\"index, follow, max-snippet:-1, max-image-preview:large, max-video-preview:-1\" \/>\n<link rel=\"canonical\" href=\"https:\/\/www.swissoteltallinn.com\/fr\/about-us\/\" \/>\n<meta property=\"og:locale\" content=\"fr_FR\" \/>\n<meta property=\"og:type\" content=\"article\" \/>\n<meta property=\"og:title\" content=\"Le Swiss\u00f4tel Tallinn, c&#039;est l&#039;\u00e9coluxe et une vue imprenable\" \/>\n<meta property=\"og:description\" content=\"Faites l&#039;exp\u00e9rience d&#039;un mode de vie luxueux et respectueux de l&#039;environnement au Swiss\u00f4tel Tallinn, situ\u00e9 dans le plus haut b\u00e2timent d&#039;Estonie. Profitez de vues incomparables et d&#039;un engagement en faveur de la protection de l&#039;environnement.\" \/>\n<meta property=\"og:url\" content=\"https:\/\/www.swissoteltallinn.com\/fr\/about-us\/\" \/>\n<meta property=\"og:site_name\" content=\"Swissotel Tallinn\" \/>\n<meta property=\"article:publisher\" content=\"https:\/\/www.facebook.com\/SwissotelTallinn\" \/>\n<meta property=\"article:modified_time\" content=\"2024-11-18T21:19:21+00:00\" \/>\n<meta name=\"twitter:card\" content=\"summary_large_image\" \/>\n<meta name=\"twitter:label1\" content=\"Dur\u00e9e de lecture est.\" \/>\n\t<meta name=\"twitter:data1\" content=\"1 minute\" \/>\n<script type=\"application\/ld+json\" class=\"yoast-schema-graph\">{\"@context\":\"https:\/\/schema.org\",\"@graph\":[{\"@type\":\"WebPage\",\"@id\":\"https:\/\/www.swissoteltallinn.com\/fr\/about-us\/\",\"url\":\"https:\/\/www.swissoteltallinn.com\/fr\/about-us\/\",\"name\":\"Le Swiss\u00f4tel Tallinn, c'est l'\u00e9coluxe et une vue imprenable\",\"isPartOf\":{\"@id\":\"https:\/\/www.swissoteltallinn.com\/#website\"},\"datePublished\":\"2024-05-29T12:10:18+00:00\",\"dateModified\":\"2024-11-18T21:19:21+00:00\",\"description\":\"Faites l'exp\u00e9rience d'un mode de vie luxueux et respectueux de l'environnement au Swiss\u00f4tel Tallinn, situ\u00e9 dans le plus haut b\u00e2timent d'Estonie. Profitez de vues incomparables et d'un engagement en faveur de la protection de l'environnement.\",\"breadcrumb\":{\"@id\":\"https:\/\/www.swissoteltallinn.com\/fr\/about-us\/#breadcrumb\"},\"inLanguage\":\"fr-FR\",\"potentialAction\":[{\"@type\":\"ReadAction\",\"target\":[\"https:\/\/www.swissoteltallinn.com\/fr\/about-us\/\"]}]},{\"@type\":\"BreadcrumbList\",\"@id\":\"https:\/\/www.swissoteltallinn.com\/fr\/about-us\/#breadcrumb\",\"itemListElement\":[{\"@type\":\"ListItem\",\"position\":1,\"name\":\"Home\",\"item\":\"https:\/\/www.swissoteltallinn.com\/fr\/\"},{\"@type\":\"ListItem\",\"position\":2,\"name\":\"NOTRE HISTOIRE\"}]},{\"@type\":\"WebSite\",\"@id\":\"https:\/\/www.swissoteltallinn.com\/#website\",\"url\":\"https:\/\/www.swissoteltallinn.com\/\",\"name\":\"Swissotel Tallinn\",\"description\":\"\",\"publisher\":{\"@id\":\"https:\/\/www.swissoteltallinn.com\/#organization\"},\"potentialAction\":[{\"@type\":\"SearchAction\",\"target\":{\"@type\":\"EntryPoint\",\"urlTemplate\":\"https:\/\/www.swissoteltallinn.com\/?s={search_term_string}\"},\"query-input\":{\"@type\":\"PropertyValueSpecification\",\"valueRequired\":true,\"valueName\":\"search_term_string\"}}],\"inLanguage\":\"fr-FR\"},{\"@type\":\"Organization\",\"@id\":\"https:\/\/www.swissoteltallinn.com\/#organization\",\"name\":\"Swissotel Tallinn\",\"url\":\"https:\/\/www.swissoteltallinn.com\/\",\"logo\":{\"@type\":\"ImageObject\",\"inLanguage\":\"fr-FR\",\"@id\":\"https:\/\/www.swissoteltallinn.com\/#\/schema\/logo\/image\/\",\"url\":\"https:\/\/www.swissoteltallinn.com\/wp-content\/uploads\/sites\/107\/2024\/07\/Swissotel-Tallinn-logo.jpg\",\"contentUrl\":\"https:\/\/www.swissoteltallinn.com\/wp-content\/uploads\/sites\/107\/2024\/07\/Swissotel-Tallinn-logo.jpg\",\"width\":1800,\"height\":379,\"caption\":\"Swissotel Tallinn\"},\"image\":{\"@id\":\"https:\/\/www.swissoteltallinn.com\/#\/schema\/logo\/image\/\"},\"sameAs\":[\"https:\/\/www.facebook.com\/SwissotelTallinn\",\"https:\/\/ee.linkedin.com\/company\/swiss-tel-tallinn-estonia\",\"https:\/\/www.youtube.com\/channel\/UC-SFkHuVOioVnEI78gVBQrg\",\"https:\/\/www.instagram.com\/swissoteltallinn\/\"]}]}<\/script>\n<!-- \/ Yoast SEO plugin. -->","yoast_head_json":{"title":"Le Swiss\u00f4tel Tallinn, c'est l'\u00e9coluxe et une vue imprenable","description":"Faites l'exp\u00e9rience d'un mode de vie luxueux et respectueux de l'environnement au Swiss\u00f4tel Tallinn, situ\u00e9 dans le plus haut b\u00e2timent d'Estonie. Profitez de vues incomparables et d'un engagement en faveur de la protection de l'environnement.","robots":{"index":"index","follow":"follow","max-snippet":"max-snippet:-1","max-image-preview":"max-image-preview:large","max-video-preview":"max-video-preview:-1"},"canonical":"https:\/\/www.swissoteltallinn.com\/fr\/about-us\/","og_locale":"fr_FR","og_type":"article","og_title":"Le Swiss\u00f4tel Tallinn, c'est l'\u00e9coluxe et une vue imprenable","og_description":"Faites l'exp\u00e9rience d'un mode de vie luxueux et respectueux de l'environnement au Swiss\u00f4tel Tallinn, situ\u00e9 dans le plus haut b\u00e2timent d'Estonie. Profitez de vues incomparables et d'un engagement en faveur de la protection de l'environnement.","og_url":"https:\/\/www.swissoteltallinn.com\/fr\/about-us\/","og_site_name":"Swissotel Tallinn","article_publisher":"https:\/\/www.facebook.com\/SwissotelTallinn","article_modified_time":"2024-11-18T21:19:21+00:00","twitter_card":"summary_large_image","twitter_misc":{"Dur\u00e9e de lecture est.":"1 minute"},"schema":{"@context":"https:\/\/schema.org","@graph":[{"@type":"WebPage","@id":"https:\/\/www.swissoteltallinn.com\/fr\/about-us\/","url":"https:\/\/www.swissoteltallinn.com\/fr\/about-us\/","name":"Le Swiss\u00f4tel Tallinn, c'est l'\u00e9coluxe et une vue imprenable","isPartOf":{"@id":"https:\/\/www.swissoteltallinn.com\/#website"},"datePublished":"2024-05-29T12:10:18+00:00","dateModified":"2024-11-18T21:19:21+00:00","description":"Faites l'exp\u00e9rience d'un mode de vie luxueux et respectueux de l'environnement au Swiss\u00f4tel Tallinn, situ\u00e9 dans le plus haut b\u00e2timent d'Estonie. Profitez de vues incomparables et d'un engagement en faveur de la protection de l'environnement.","breadcrumb":{"@id":"https:\/\/www.swissoteltallinn.com\/fr\/about-us\/#breadcrumb"},"inLanguage":"fr-FR","potentialAction":[{"@type":"ReadAction","target":["https:\/\/www.swissoteltallinn.com\/fr\/about-us\/"]}]},{"@type":"BreadcrumbList","@id":"https:\/\/www.swissoteltallinn.com\/fr\/about-us\/#breadcrumb","itemListElement":[{"@type":"ListItem","position":1,"name":"Home","item":"https:\/\/www.swissoteltallinn.com\/fr\/"},{"@type":"ListItem","position":2,"name":"NOTRE HISTOIRE"}]},{"@type":"WebSite","@id":"https:\/\/www.swissoteltallinn.com\/#website","url":"https:\/\/www.swissoteltallinn.com\/","name":"Swissotel Tallinn","description":"","publisher":{"@id":"https:\/\/www.swissoteltallinn.com\/#organization"},"potentialAction":[{"@type":"SearchAction","target":{"@type":"EntryPoint","urlTemplate":"https:\/\/www.swissoteltallinn.com\/?s={search_term_string}"},"query-input":{"@type":"PropertyValueSpecification","valueRequired":true,"valueName":"search_term_string"}}],"inLanguage":"fr-FR"},{"@type":"Organization","@id":"https:\/\/www.swissoteltallinn.com\/#organization","name":"Swissotel Tallinn","url":"https:\/\/www.swissoteltallinn.com\/","logo":{"@type":"ImageObject","inLanguage":"fr-FR","@id":"https:\/\/www.swissoteltallinn.com\/#\/schema\/logo\/image\/","url":"https:\/\/www.swissoteltallinn.com\/wp-content\/uploads\/sites\/107\/2024\/07\/Swissotel-Tallinn-logo.jpg","contentUrl":"https:\/\/www.swissoteltallinn.com\/wp-content\/uploads\/sites\/107\/2024\/07\/Swissotel-Tallinn-logo.jpg","width":1800,"height":379,"caption":"Swissotel Tallinn"},"image":{"@id":"https:\/\/www.swissoteltallinn.com\/#\/schema\/logo\/image\/"},"sameAs":["https:\/\/www.facebook.com\/SwissotelTallinn","https:\/\/ee.linkedin.com\/company\/swiss-tel-tallinn-estonia","https:\/\/www.youtube.com\/channel\/UC-SFkHuVOioVnEI78gVBQrg","https:\/\/www.instagram.com\/swissoteltallinn\/"]}]}},"_links":{"self":[{"href":"https:\/\/www.swissoteltallinn.com\/fr\/wp-json\/wp\/v2\/pages\/742","targetHints":{"allow":["GET"]}}],"collection":[{"href":"https:\/\/www.swissoteltallinn.com\/fr\/wp-json\/wp\/v2\/pages"}],"about":[{"href":"https:\/\/www.swissoteltallinn.com\/fr\/wp-json\/wp\/v2\/types\/page"}],"author":[{"embeddable":true,"href":"https:\/\/www.swissoteltallinn.com\/fr\/wp-json\/wp\/v2\/users\/98"}],"replies":[{"embeddable":true,"href":"https:\/\/www.swissoteltallinn.com\/fr\/wp-json\/wp\/v2\/comments?post=742"}],"version-history":[{"count":0,"href":"https:\/\/www.swissoteltallinn.com\/fr\/wp-json\/wp\/v2\/pages\/742\/revisions"}],"wp:attachment":[{"href":"https:\/\/www.swissoteltallinn.com\/fr\/wp-json\/wp\/v2\/media?parent=742"}],"wp:term":[{"taxonomy":"category","embeddable":true,"href":"https:\/\/www.swissoteltallinn.com\/fr\/wp-json\/wp\/v2\/categories?post=742"}],"curies":[{"name":"wp","href":"https:\/\/api.w.org\/{rel}","templated":true}]}}