{"id":722,"date":"2024-10-08T09:01:06","date_gmt":"2024-10-08T09:01:06","guid":{"rendered":"https:\/\/swissotel-tallinn.accorv2prod.decms.eu\/things-to-do-in-tallinn\/"},"modified":"2024-11-18T20:59:52","modified_gmt":"2024-11-18T20:59:52","slug":"things-to-do-in-tallinn","status":"publish","type":"page","link":"https:\/\/www.swissoteltallinn.com\/fr\/things-to-do-in-tallinn\/","title":{"rendered":"Choses \u00e0 faire \u00e0 Tallinn"},"content":{"rendered":"<p style=\"text-align: center\"><span data-sheets-root=\"1\">D\u00e9couvrez le charme de la capitale de l&rsquo;Estonie gr\u00e2ce \u00e0 notre guide des meilleures choses \u00e0 faire \u00e0 Tallinn. De la beaut\u00e9 m\u00e9di\u00e9vale de la vieille ville aux centres culturels modernes, Tallinn offre un m\u00e9lange passionnant d&rsquo;histoire, de nature et de vie urbaine anim\u00e9e. Que vous exploriez les mus\u00e9es de la ville, que vous vous laissiez tenter par une cuisine raffin\u00e9e ou que vous profitiez de promenades pittoresques en bord de mer, il y en a pour tous les go\u00fbts. Commencez \u00e0 planifier votre visite gr\u00e2ce \u00e0 notre liste d&rsquo;attractions et d&rsquo;exp\u00e9riences incontournables qui rendront votre s\u00e9jour au Swiss\u00f4tel Tallinn inoubliable.<\/span><\/p>\n","protected":false},"excerpt":{"rendered":"<p>D\u00e9couvrez le charme de la capitale de l&rsquo;Estonie gr\u00e2ce \u00e0 notre guide des meilleures choses \u00e0 faire \u00e0 Tallinn. De la beaut\u00e9 m\u00e9di\u00e9vale de la vieille ville aux centres culturels modernes, Tallinn offre un m\u00e9lange passionnant d&rsquo;histoire, de nature et de vie urbaine anim\u00e9e. Que vous exploriez les mus\u00e9es de la ville, que vous vous [&hellip;]<\/p>\n","protected":false},"author":98,"featured_media":0,"parent":0,"menu_order":8,"comment_status":"closed","ping_status":"closed","template":"template-things-to-do.php","meta":{"footnotes":""},"categories":[],"class_list":["post-722","page","type-page","status-publish","hentry"],"acf":[],"yoast_head":"<!-- This site is optimized with the Yoast SEO plugin v26.9 - https:\/\/yoast.com\/product\/yoast-seo-wordpress\/ -->\n<title>Choses \u00e0 faire \u00e0 Tallinn\u00a0: Principales attractions et exp\u00e9riences Swiss\u00f4tel Tallinn<\/title>\n<meta name=\"description\" content=\"D\u00e9couvrez les meilleures choses \u00e0 faire \u00e0 Tallinn avec notre guide des meilleures exp\u00e9riences, attractions et lieux \u00e0 voir absolument. Explorez l&#039;histoire m\u00e9di\u00e9vale, d\u00e9tendez-vous dans les saunas Iglu, et plus encore.\" \/>\n<meta name=\"robots\" content=\"index, follow, max-snippet:-1, max-image-preview:large, max-video-preview:-1\" \/>\n<link rel=\"canonical\" href=\"https:\/\/www.swissoteltallinn.com\/fr\/things-to-do-in-tallinn\/\" \/>\n<meta property=\"og:locale\" content=\"fr_FR\" \/>\n<meta property=\"og:type\" content=\"article\" \/>\n<meta property=\"og:title\" content=\"Choses \u00e0 faire \u00e0 Tallinn\u00a0: Principales attractions et exp\u00e9riences Swiss\u00f4tel Tallinn\" \/>\n<meta property=\"og:description\" content=\"D\u00e9couvrez les meilleures choses \u00e0 faire \u00e0 Tallinn avec notre guide des meilleures exp\u00e9riences, attractions et lieux \u00e0 voir absolument. Explorez l&#039;histoire m\u00e9di\u00e9vale, d\u00e9tendez-vous dans les saunas Iglu, et plus encore.\" \/>\n<meta property=\"og:url\" content=\"https:\/\/www.swissoteltallinn.com\/fr\/things-to-do-in-tallinn\/\" \/>\n<meta property=\"og:site_name\" content=\"Swissotel Tallinn\" \/>\n<meta property=\"article:publisher\" content=\"https:\/\/www.facebook.com\/SwissotelTallinn\" \/>\n<meta property=\"article:modified_time\" content=\"2024-11-18T20:59:52+00:00\" \/>\n<meta name=\"twitter:card\" content=\"summary_large_image\" \/>\n<meta name=\"twitter:label1\" content=\"Dur\u00e9e de lecture est.\" \/>\n\t<meta name=\"twitter:data1\" content=\"1 minute\" \/>\n<script type=\"application\/ld+json\" class=\"yoast-schema-graph\">{\"@context\":\"https:\/\/schema.org\",\"@graph\":[{\"@type\":\"WebPage\",\"@id\":\"https:\/\/www.swissoteltallinn.com\/fr\/things-to-do-in-tallinn\/\",\"url\":\"https:\/\/www.swissoteltallinn.com\/fr\/things-to-do-in-tallinn\/\",\"name\":\"Choses \u00e0 faire \u00e0 Tallinn\u00a0: Principales attractions et exp\u00e9riences Swiss\u00f4tel Tallinn\",\"isPartOf\":{\"@id\":\"https:\/\/www.swissoteltallinn.com\/#website\"},\"datePublished\":\"2024-10-08T09:01:06+00:00\",\"dateModified\":\"2024-11-18T20:59:52+00:00\",\"description\":\"D\u00e9couvrez les meilleures choses \u00e0 faire \u00e0 Tallinn avec notre guide des meilleures exp\u00e9riences, attractions et lieux \u00e0 voir absolument. Explorez l'histoire m\u00e9di\u00e9vale, d\u00e9tendez-vous dans les saunas Iglu, et plus encore.\",\"breadcrumb\":{\"@id\":\"https:\/\/www.swissoteltallinn.com\/fr\/things-to-do-in-tallinn\/#breadcrumb\"},\"inLanguage\":\"fr-FR\",\"potentialAction\":[{\"@type\":\"ReadAction\",\"target\":[\"https:\/\/www.swissoteltallinn.com\/fr\/things-to-do-in-tallinn\/\"]}]},{\"@type\":\"BreadcrumbList\",\"@id\":\"https:\/\/www.swissoteltallinn.com\/fr\/things-to-do-in-tallinn\/#breadcrumb\",\"itemListElement\":[{\"@type\":\"ListItem\",\"position\":1,\"name\":\"Home\",\"item\":\"https:\/\/www.swissoteltallinn.com\/fr\/\"},{\"@type\":\"ListItem\",\"position\":2,\"name\":\"Choses \u00e0 faire \u00e0 Tallinn\"}]},{\"@type\":\"WebSite\",\"@id\":\"https:\/\/www.swissoteltallinn.com\/#website\",\"url\":\"https:\/\/www.swissoteltallinn.com\/\",\"name\":\"Swissotel Tallinn\",\"description\":\"\",\"publisher\":{\"@id\":\"https:\/\/www.swissoteltallinn.com\/#organization\"},\"potentialAction\":[{\"@type\":\"SearchAction\",\"target\":{\"@type\":\"EntryPoint\",\"urlTemplate\":\"https:\/\/www.swissoteltallinn.com\/?s={search_term_string}\"},\"query-input\":{\"@type\":\"PropertyValueSpecification\",\"valueRequired\":true,\"valueName\":\"search_term_string\"}}],\"inLanguage\":\"fr-FR\"},{\"@type\":\"Organization\",\"@id\":\"https:\/\/www.swissoteltallinn.com\/#organization\",\"name\":\"Swissotel Tallinn\",\"url\":\"https:\/\/www.swissoteltallinn.com\/\",\"logo\":{\"@type\":\"ImageObject\",\"inLanguage\":\"fr-FR\",\"@id\":\"https:\/\/www.swissoteltallinn.com\/#\/schema\/logo\/image\/\",\"url\":\"https:\/\/www.swissoteltallinn.com\/wp-content\/uploads\/sites\/107\/2024\/07\/Swissotel-Tallinn-logo.jpg\",\"contentUrl\":\"https:\/\/www.swissoteltallinn.com\/wp-content\/uploads\/sites\/107\/2024\/07\/Swissotel-Tallinn-logo.jpg\",\"width\":1800,\"height\":379,\"caption\":\"Swissotel Tallinn\"},\"image\":{\"@id\":\"https:\/\/www.swissoteltallinn.com\/#\/schema\/logo\/image\/\"},\"sameAs\":[\"https:\/\/www.facebook.com\/SwissotelTallinn\",\"https:\/\/ee.linkedin.com\/company\/swiss-tel-tallinn-estonia\",\"https:\/\/www.youtube.com\/channel\/UC-SFkHuVOioVnEI78gVBQrg\",\"https:\/\/www.instagram.com\/swissoteltallinn\/\"]}]}<\/script>\n<!-- \/ Yoast SEO plugin. -->","yoast_head_json":{"title":"Choses \u00e0 faire \u00e0 Tallinn\u00a0: Principales attractions et exp\u00e9riences Swiss\u00f4tel Tallinn","description":"D\u00e9couvrez les meilleures choses \u00e0 faire \u00e0 Tallinn avec notre guide des meilleures exp\u00e9riences, attractions et lieux \u00e0 voir absolument. Explorez l'histoire m\u00e9di\u00e9vale, d\u00e9tendez-vous dans les saunas Iglu, et plus encore.","robots":{"index":"index","follow":"follow","max-snippet":"max-snippet:-1","max-image-preview":"max-image-preview:large","max-video-preview":"max-video-preview:-1"},"canonical":"https:\/\/www.swissoteltallinn.com\/fr\/things-to-do-in-tallinn\/","og_locale":"fr_FR","og_type":"article","og_title":"Choses \u00e0 faire \u00e0 Tallinn\u00a0: Principales attractions et exp\u00e9riences Swiss\u00f4tel Tallinn","og_description":"D\u00e9couvrez les meilleures choses \u00e0 faire \u00e0 Tallinn avec notre guide des meilleures exp\u00e9riences, attractions et lieux \u00e0 voir absolument. Explorez l'histoire m\u00e9di\u00e9vale, d\u00e9tendez-vous dans les saunas Iglu, et plus encore.","og_url":"https:\/\/www.swissoteltallinn.com\/fr\/things-to-do-in-tallinn\/","og_site_name":"Swissotel Tallinn","article_publisher":"https:\/\/www.facebook.com\/SwissotelTallinn","article_modified_time":"2024-11-18T20:59:52+00:00","twitter_card":"summary_large_image","twitter_misc":{"Dur\u00e9e de lecture est.":"1 minute"},"schema":{"@context":"https:\/\/schema.org","@graph":[{"@type":"WebPage","@id":"https:\/\/www.swissoteltallinn.com\/fr\/things-to-do-in-tallinn\/","url":"https:\/\/www.swissoteltallinn.com\/fr\/things-to-do-in-tallinn\/","name":"Choses \u00e0 faire \u00e0 Tallinn\u00a0: Principales attractions et exp\u00e9riences Swiss\u00f4tel Tallinn","isPartOf":{"@id":"https:\/\/www.swissoteltallinn.com\/#website"},"datePublished":"2024-10-08T09:01:06+00:00","dateModified":"2024-11-18T20:59:52+00:00","description":"D\u00e9couvrez les meilleures choses \u00e0 faire \u00e0 Tallinn avec notre guide des meilleures exp\u00e9riences, attractions et lieux \u00e0 voir absolument. Explorez l'histoire m\u00e9di\u00e9vale, d\u00e9tendez-vous dans les saunas Iglu, et plus encore.","breadcrumb":{"@id":"https:\/\/www.swissoteltallinn.com\/fr\/things-to-do-in-tallinn\/#breadcrumb"},"inLanguage":"fr-FR","potentialAction":[{"@type":"ReadAction","target":["https:\/\/www.swissoteltallinn.com\/fr\/things-to-do-in-tallinn\/"]}]},{"@type":"BreadcrumbList","@id":"https:\/\/www.swissoteltallinn.com\/fr\/things-to-do-in-tallinn\/#breadcrumb","itemListElement":[{"@type":"ListItem","position":1,"name":"Home","item":"https:\/\/www.swissoteltallinn.com\/fr\/"},{"@type":"ListItem","position":2,"name":"Choses \u00e0 faire \u00e0 Tallinn"}]},{"@type":"WebSite","@id":"https:\/\/www.swissoteltallinn.com\/#website","url":"https:\/\/www.swissoteltallinn.com\/","name":"Swissotel Tallinn","description":"","publisher":{"@id":"https:\/\/www.swissoteltallinn.com\/#organization"},"potentialAction":[{"@type":"SearchAction","target":{"@type":"EntryPoint","urlTemplate":"https:\/\/www.swissoteltallinn.com\/?s={search_term_string}"},"query-input":{"@type":"PropertyValueSpecification","valueRequired":true,"valueName":"search_term_string"}}],"inLanguage":"fr-FR"},{"@type":"Organization","@id":"https:\/\/www.swissoteltallinn.com\/#organization","name":"Swissotel Tallinn","url":"https:\/\/www.swissoteltallinn.com\/","logo":{"@type":"ImageObject","inLanguage":"fr-FR","@id":"https:\/\/www.swissoteltallinn.com\/#\/schema\/logo\/image\/","url":"https:\/\/www.swissoteltallinn.com\/wp-content\/uploads\/sites\/107\/2024\/07\/Swissotel-Tallinn-logo.jpg","contentUrl":"https:\/\/www.swissoteltallinn.com\/wp-content\/uploads\/sites\/107\/2024\/07\/Swissotel-Tallinn-logo.jpg","width":1800,"height":379,"caption":"Swissotel Tallinn"},"image":{"@id":"https:\/\/www.swissoteltallinn.com\/#\/schema\/logo\/image\/"},"sameAs":["https:\/\/www.facebook.com\/SwissotelTallinn","https:\/\/ee.linkedin.com\/company\/swiss-tel-tallinn-estonia","https:\/\/www.youtube.com\/channel\/UC-SFkHuVOioVnEI78gVBQrg","https:\/\/www.instagram.com\/swissoteltallinn\/"]}]}},"_links":{"self":[{"href":"https:\/\/www.swissoteltallinn.com\/fr\/wp-json\/wp\/v2\/pages\/722","targetHints":{"allow":["GET"]}}],"collection":[{"href":"https:\/\/www.swissoteltallinn.com\/fr\/wp-json\/wp\/v2\/pages"}],"about":[{"href":"https:\/\/www.swissoteltallinn.com\/fr\/wp-json\/wp\/v2\/types\/page"}],"author":[{"embeddable":true,"href":"https:\/\/www.swissoteltallinn.com\/fr\/wp-json\/wp\/v2\/users\/98"}],"replies":[{"embeddable":true,"href":"https:\/\/www.swissoteltallinn.com\/fr\/wp-json\/wp\/v2\/comments?post=722"}],"version-history":[{"count":0,"href":"https:\/\/www.swissoteltallinn.com\/fr\/wp-json\/wp\/v2\/pages\/722\/revisions"}],"wp:attachment":[{"href":"https:\/\/www.swissoteltallinn.com\/fr\/wp-json\/wp\/v2\/media?parent=722"}],"wp:term":[{"taxonomy":"category","embeddable":true,"href":"https:\/\/www.swissoteltallinn.com\/fr\/wp-json\/wp\/v2\/categories?post=722"}],"curies":[{"name":"wp","href":"https:\/\/api.w.org\/{rel}","templated":true}]}}