{"id":710,"date":"2024-05-28T14:32:32","date_gmt":"2024-05-28T14:32:32","guid":{"rendered":"https:\/\/swissotel-tallinn.accorv2prod.decms.eu\/dining\/the-quarter-restaurant\/"},"modified":"2024-11-18T20:40:48","modified_gmt":"2024-11-18T20:40:48","slug":"the-quarter-restaurant","status":"publish","type":"page","link":"https:\/\/www.swissoteltallinn.com\/fr\/dining\/the-quarter-restaurant\/","title":{"rendered":"THE QUARTER RESTAURANT"},"content":{"rendered":"<p style=\"text-align: center\"><span data-sheets-root=\"1\">Nich\u00e9 au 8e \u00e9tage du Swiss\u00f4tel Tallinn, le restaurant The Quarter offre plus qu&rsquo;un simple repas\u00a0; il pr\u00e9sente un rituel matinal dynamique avec son buffet de petit-d\u00e9jeuner complet. Ouvert tous les jours, ce lieu de restauration vous promet un d\u00e9but de journ\u00e9e \u00e9nergisant, avec en toile de fond une vue imprenable sur la ville et la mer. Le petit-d\u00e9jeuner est compos\u00e9 d&rsquo;un large \u00e9ventail d&rsquo;options, pour satisfaire tous les palais. Des plats chauds gastronomiques aux classiques continentaux en passant par des s\u00e9lections saines, chaque offre est pr\u00e9par\u00e9e avec les ingr\u00e9dients les plus frais pour donner de l&rsquo;\u00e9nergie \u00e0 votre matin\u00e9e. Lors d&rsquo;occasions sp\u00e9ciales telles que la f\u00eate des M\u00e8res et la f\u00eate des P\u00e8res, le restaurant The Quarter rehausse l&rsquo;exp\u00e9rience gastronomique avec des brunchs exclusifs, c\u00e9l\u00e9brant ces dates importantes avec des menus sp\u00e9ciaux qui ravissent et surprennent.<\/span><\/p>\n","protected":false},"excerpt":{"rendered":"<p>Nich\u00e9 au 8e \u00e9tage du Swiss\u00f4tel Tallinn, le restaurant The Quarter offre plus qu&rsquo;un simple repas\u00a0; il pr\u00e9sente un rituel matinal dynamique avec son buffet de petit-d\u00e9jeuner complet. Ouvert tous les jours, ce lieu de restauration vous promet un d\u00e9but de journ\u00e9e \u00e9nergisant, avec en toile de fond une vue imprenable sur la ville et [&hellip;]<\/p>\n","protected":false},"author":98,"featured_media":0,"parent":693,"menu_order":0,"comment_status":"closed","ping_status":"closed","template":"template-restaurant.php","meta":{"footnotes":""},"categories":[],"class_list":["post-710","page","type-page","status-publish","hentry"],"acf":[],"yoast_head":"<!-- This site is optimized with the Yoast SEO plugin v26.9 - https:\/\/yoast.com\/product\/yoast-seo-wordpress\/ -->\n<title>Petit-d\u00e9jeuner \u00e0 The Quarter<\/title>\n<meta name=\"description\" content=\"Savourez un buffet de petit-d\u00e9jeuner \u00e9nergisant au restaurant The Quarter, situ\u00e9 au 8e \u00e9tage du Swiss\u00f4tel Tallinn, qui offre une vue imprenable sur la ville.\" \/>\n<meta name=\"robots\" content=\"index, follow, max-snippet:-1, max-image-preview:large, max-video-preview:-1\" \/>\n<link rel=\"canonical\" href=\"https:\/\/www.swissoteltallinn.com\/fr\/dining\/the-quarter-restaurant\/\" \/>\n<meta property=\"og:locale\" content=\"fr_FR\" \/>\n<meta property=\"og:type\" content=\"article\" \/>\n<meta property=\"og:title\" content=\"Petit-d\u00e9jeuner \u00e0 The Quarter\" \/>\n<meta property=\"og:description\" content=\"Savourez un buffet de petit-d\u00e9jeuner \u00e9nergisant au restaurant The Quarter, situ\u00e9 au 8e \u00e9tage du Swiss\u00f4tel Tallinn, qui offre une vue imprenable sur la ville.\" \/>\n<meta property=\"og:url\" content=\"https:\/\/www.swissoteltallinn.com\/fr\/dining\/the-quarter-restaurant\/\" \/>\n<meta property=\"og:site_name\" content=\"Swissotel Tallinn\" \/>\n<meta property=\"article:publisher\" content=\"https:\/\/www.facebook.com\/SwissotelTallinn\" \/>\n<meta property=\"article:modified_time\" content=\"2024-11-18T20:40:48+00:00\" \/>\n<meta name=\"twitter:card\" content=\"summary_large_image\" \/>\n<meta name=\"twitter:label1\" content=\"Dur\u00e9e de lecture est.\" \/>\n\t<meta name=\"twitter:data1\" content=\"1 minute\" \/>\n<script type=\"application\/ld+json\" class=\"yoast-schema-graph\">{\"@context\":\"https:\/\/schema.org\",\"@graph\":[{\"@type\":\"WebPage\",\"@id\":\"https:\/\/www.swissoteltallinn.com\/fr\/dining\/the-quarter-restaurant\/\",\"url\":\"https:\/\/www.swissoteltallinn.com\/fr\/dining\/the-quarter-restaurant\/\",\"name\":\"Petit-d\u00e9jeuner \u00e0 The Quarter\",\"isPartOf\":{\"@id\":\"https:\/\/www.swissoteltallinn.com\/#website\"},\"datePublished\":\"2024-05-28T14:32:32+00:00\",\"dateModified\":\"2024-11-18T20:40:48+00:00\",\"description\":\"Savourez un buffet de petit-d\u00e9jeuner \u00e9nergisant au restaurant The Quarter, situ\u00e9 au 8e \u00e9tage du Swiss\u00f4tel Tallinn, qui offre une vue imprenable sur la ville.\",\"breadcrumb\":{\"@id\":\"https:\/\/www.swissoteltallinn.com\/fr\/dining\/the-quarter-restaurant\/#breadcrumb\"},\"inLanguage\":\"fr-FR\",\"potentialAction\":[{\"@type\":\"ReadAction\",\"target\":[\"https:\/\/www.swissoteltallinn.com\/fr\/dining\/the-quarter-restaurant\/\"]}]},{\"@type\":\"BreadcrumbList\",\"@id\":\"https:\/\/www.swissoteltallinn.com\/fr\/dining\/the-quarter-restaurant\/#breadcrumb\",\"itemListElement\":[{\"@type\":\"ListItem\",\"position\":1,\"name\":\"Home\",\"item\":\"https:\/\/www.swissoteltallinn.com\/fr\/\"},{\"@type\":\"ListItem\",\"position\":2,\"name\":\"RESTAURATION\",\"item\":\"https:\/\/www.swissoteltallinn.com\/fr\/dining\/\"},{\"@type\":\"ListItem\",\"position\":3,\"name\":\"THE QUARTER RESTAURANT\"}]},{\"@type\":\"WebSite\",\"@id\":\"https:\/\/www.swissoteltallinn.com\/#website\",\"url\":\"https:\/\/www.swissoteltallinn.com\/\",\"name\":\"Swissotel Tallinn\",\"description\":\"\",\"publisher\":{\"@id\":\"https:\/\/www.swissoteltallinn.com\/#organization\"},\"potentialAction\":[{\"@type\":\"SearchAction\",\"target\":{\"@type\":\"EntryPoint\",\"urlTemplate\":\"https:\/\/www.swissoteltallinn.com\/?s={search_term_string}\"},\"query-input\":{\"@type\":\"PropertyValueSpecification\",\"valueRequired\":true,\"valueName\":\"search_term_string\"}}],\"inLanguage\":\"fr-FR\"},{\"@type\":\"Organization\",\"@id\":\"https:\/\/www.swissoteltallinn.com\/#organization\",\"name\":\"Swissotel Tallinn\",\"url\":\"https:\/\/www.swissoteltallinn.com\/\",\"logo\":{\"@type\":\"ImageObject\",\"inLanguage\":\"fr-FR\",\"@id\":\"https:\/\/www.swissoteltallinn.com\/#\/schema\/logo\/image\/\",\"url\":\"https:\/\/www.swissoteltallinn.com\/wp-content\/uploads\/sites\/107\/2024\/07\/Swissotel-Tallinn-logo.jpg\",\"contentUrl\":\"https:\/\/www.swissoteltallinn.com\/wp-content\/uploads\/sites\/107\/2024\/07\/Swissotel-Tallinn-logo.jpg\",\"width\":1800,\"height\":379,\"caption\":\"Swissotel Tallinn\"},\"image\":{\"@id\":\"https:\/\/www.swissoteltallinn.com\/#\/schema\/logo\/image\/\"},\"sameAs\":[\"https:\/\/www.facebook.com\/SwissotelTallinn\",\"https:\/\/ee.linkedin.com\/company\/swiss-tel-tallinn-estonia\",\"https:\/\/www.youtube.com\/channel\/UC-SFkHuVOioVnEI78gVBQrg\",\"https:\/\/www.instagram.com\/swissoteltallinn\/\"]}]}<\/script>\n<!-- \/ Yoast SEO plugin. -->","yoast_head_json":{"title":"Petit-d\u00e9jeuner \u00e0 The Quarter","description":"Savourez un buffet de petit-d\u00e9jeuner \u00e9nergisant au restaurant The Quarter, situ\u00e9 au 8e \u00e9tage du Swiss\u00f4tel Tallinn, qui offre une vue imprenable sur la ville.","robots":{"index":"index","follow":"follow","max-snippet":"max-snippet:-1","max-image-preview":"max-image-preview:large","max-video-preview":"max-video-preview:-1"},"canonical":"https:\/\/www.swissoteltallinn.com\/fr\/dining\/the-quarter-restaurant\/","og_locale":"fr_FR","og_type":"article","og_title":"Petit-d\u00e9jeuner \u00e0 The Quarter","og_description":"Savourez un buffet de petit-d\u00e9jeuner \u00e9nergisant au restaurant The Quarter, situ\u00e9 au 8e \u00e9tage du Swiss\u00f4tel Tallinn, qui offre une vue imprenable sur la ville.","og_url":"https:\/\/www.swissoteltallinn.com\/fr\/dining\/the-quarter-restaurant\/","og_site_name":"Swissotel Tallinn","article_publisher":"https:\/\/www.facebook.com\/SwissotelTallinn","article_modified_time":"2024-11-18T20:40:48+00:00","twitter_card":"summary_large_image","twitter_misc":{"Dur\u00e9e de lecture est.":"1 minute"},"schema":{"@context":"https:\/\/schema.org","@graph":[{"@type":"WebPage","@id":"https:\/\/www.swissoteltallinn.com\/fr\/dining\/the-quarter-restaurant\/","url":"https:\/\/www.swissoteltallinn.com\/fr\/dining\/the-quarter-restaurant\/","name":"Petit-d\u00e9jeuner \u00e0 The Quarter","isPartOf":{"@id":"https:\/\/www.swissoteltallinn.com\/#website"},"datePublished":"2024-05-28T14:32:32+00:00","dateModified":"2024-11-18T20:40:48+00:00","description":"Savourez un buffet de petit-d\u00e9jeuner \u00e9nergisant au restaurant The Quarter, situ\u00e9 au 8e \u00e9tage du Swiss\u00f4tel Tallinn, qui offre une vue imprenable sur la ville.","breadcrumb":{"@id":"https:\/\/www.swissoteltallinn.com\/fr\/dining\/the-quarter-restaurant\/#breadcrumb"},"inLanguage":"fr-FR","potentialAction":[{"@type":"ReadAction","target":["https:\/\/www.swissoteltallinn.com\/fr\/dining\/the-quarter-restaurant\/"]}]},{"@type":"BreadcrumbList","@id":"https:\/\/www.swissoteltallinn.com\/fr\/dining\/the-quarter-restaurant\/#breadcrumb","itemListElement":[{"@type":"ListItem","position":1,"name":"Home","item":"https:\/\/www.swissoteltallinn.com\/fr\/"},{"@type":"ListItem","position":2,"name":"RESTAURATION","item":"https:\/\/www.swissoteltallinn.com\/fr\/dining\/"},{"@type":"ListItem","position":3,"name":"THE QUARTER RESTAURANT"}]},{"@type":"WebSite","@id":"https:\/\/www.swissoteltallinn.com\/#website","url":"https:\/\/www.swissoteltallinn.com\/","name":"Swissotel Tallinn","description":"","publisher":{"@id":"https:\/\/www.swissoteltallinn.com\/#organization"},"potentialAction":[{"@type":"SearchAction","target":{"@type":"EntryPoint","urlTemplate":"https:\/\/www.swissoteltallinn.com\/?s={search_term_string}"},"query-input":{"@type":"PropertyValueSpecification","valueRequired":true,"valueName":"search_term_string"}}],"inLanguage":"fr-FR"},{"@type":"Organization","@id":"https:\/\/www.swissoteltallinn.com\/#organization","name":"Swissotel Tallinn","url":"https:\/\/www.swissoteltallinn.com\/","logo":{"@type":"ImageObject","inLanguage":"fr-FR","@id":"https:\/\/www.swissoteltallinn.com\/#\/schema\/logo\/image\/","url":"https:\/\/www.swissoteltallinn.com\/wp-content\/uploads\/sites\/107\/2024\/07\/Swissotel-Tallinn-logo.jpg","contentUrl":"https:\/\/www.swissoteltallinn.com\/wp-content\/uploads\/sites\/107\/2024\/07\/Swissotel-Tallinn-logo.jpg","width":1800,"height":379,"caption":"Swissotel Tallinn"},"image":{"@id":"https:\/\/www.swissoteltallinn.com\/#\/schema\/logo\/image\/"},"sameAs":["https:\/\/www.facebook.com\/SwissotelTallinn","https:\/\/ee.linkedin.com\/company\/swiss-tel-tallinn-estonia","https:\/\/www.youtube.com\/channel\/UC-SFkHuVOioVnEI78gVBQrg","https:\/\/www.instagram.com\/swissoteltallinn\/"]}]}},"_links":{"self":[{"href":"https:\/\/www.swissoteltallinn.com\/fr\/wp-json\/wp\/v2\/pages\/710","targetHints":{"allow":["GET"]}}],"collection":[{"href":"https:\/\/www.swissoteltallinn.com\/fr\/wp-json\/wp\/v2\/pages"}],"about":[{"href":"https:\/\/www.swissoteltallinn.com\/fr\/wp-json\/wp\/v2\/types\/page"}],"author":[{"embeddable":true,"href":"https:\/\/www.swissoteltallinn.com\/fr\/wp-json\/wp\/v2\/users\/98"}],"replies":[{"embeddable":true,"href":"https:\/\/www.swissoteltallinn.com\/fr\/wp-json\/wp\/v2\/comments?post=710"}],"version-history":[{"count":0,"href":"https:\/\/www.swissoteltallinn.com\/fr\/wp-json\/wp\/v2\/pages\/710\/revisions"}],"up":[{"embeddable":true,"href":"https:\/\/www.swissoteltallinn.com\/fr\/wp-json\/wp\/v2\/pages\/693"}],"wp:attachment":[{"href":"https:\/\/www.swissoteltallinn.com\/fr\/wp-json\/wp\/v2\/media?parent=710"}],"wp:term":[{"taxonomy":"category","embeddable":true,"href":"https:\/\/www.swissoteltallinn.com\/fr\/wp-json\/wp\/v2\/categories?post=710"}],"curies":[{"name":"wp","href":"https:\/\/api.w.org\/{rel}","templated":true}]}}