{"id":705,"date":"2024-05-28T14:22:38","date_gmt":"2024-05-28T14:22:38","guid":{"rendered":"https:\/\/swissotel-tallinn.accorv2prod.decms.eu\/dining\/no3-lobby-bar-deli\/"},"modified":"2024-12-10T15:15:11","modified_gmt":"2024-12-10T15:15:11","slug":"no3-lobby-bar-deli","status":"publish","type":"page","link":"https:\/\/www.swissoteltallinn.com\/fr\/dining\/no3-lobby-bar-deli\/","title":{"rendered":"NO3 LOBBY BAR &amp; DELI"},"content":{"rendered":"<p style=\"text-align: center;\"><span data-sheets-root=\"1\">D\u00e9couvrez le m\u00e9lange parfait de confort et de commodit\u00e9 au No3 Bar &amp; Deli, nich\u00e9 au premier \u00e9tage du Swissotel Tallinn. Ce vaste espace ouvert est dot\u00e9 d&rsquo;un grand nombre de coins agr\u00e9ables, id\u00e9aux pour les s\u00e9ances de travail et les r\u00e9unions informelles. Au No3 Lobby Bar &amp; Deli, les clients sont accueillis avec une s\u00e9lection all\u00e9chante de p\u00e2tisseries, de sandwichs et de g\u00e2teaux faits maison, ainsi qu&rsquo;une gamme vari\u00e9e de boissons. Que vous cherchiez un endroit pour des r\u00e9unions rapides ou des repas tranquilles, No3 offre une atmosph\u00e8re accueillante pour toutes les occasions.<\/span><\/p>\n","protected":false},"excerpt":{"rendered":"<p>D\u00e9couvrez le m\u00e9lange parfait de confort et de commodit\u00e9 au No3 Bar &amp; Deli, nich\u00e9 au premier \u00e9tage du Swissotel Tallinn. Ce vaste espace ouvert est dot\u00e9 d&rsquo;un grand nombre de coins agr\u00e9ables, id\u00e9aux pour les s\u00e9ances de travail et les r\u00e9unions informelles. Au No3 Lobby Bar &amp; Deli, les clients sont accueillis avec une [&hellip;]<\/p>\n","protected":false},"author":98,"featured_media":0,"parent":693,"menu_order":0,"comment_status":"closed","ping_status":"closed","template":"template-restaurant.php","meta":{"footnotes":""},"categories":[],"class_list":["post-705","page","type-page","status-publish","hentry"],"acf":[],"yoast_head":"<!-- This site is optimized with the Yoast SEO plugin v26.9 - https:\/\/yoast.com\/product\/yoast-seo-wordpress\/ -->\n<title>D\u00e9tendez-vous au No3 Bar &amp; Deli, Swissotel Tallinn<\/title>\n<meta name=\"description\" content=\"Faites l&#039;exp\u00e9rience du confort au No3 Bar &amp; Deli, l&#039;oasis du premier \u00e9tage du Swissotel Tallinn. Savourez des p\u00e2tisseries, des sandwiches et des boissons faits maison dans une atmosph\u00e8re accueillante.\" \/>\n<meta name=\"robots\" content=\"index, follow, max-snippet:-1, max-image-preview:large, max-video-preview:-1\" \/>\n<link rel=\"canonical\" href=\"https:\/\/www.swissoteltallinn.com\/fr\/dining\/no3-lobby-bar-deli\/\" \/>\n<meta property=\"og:locale\" content=\"fr_FR\" \/>\n<meta property=\"og:type\" content=\"article\" \/>\n<meta property=\"og:title\" content=\"D\u00e9tendez-vous au No3 Bar &amp; Deli, Swissotel Tallinn\" \/>\n<meta property=\"og:description\" content=\"Faites l&#039;exp\u00e9rience du confort au No3 Bar &amp; Deli, l&#039;oasis du premier \u00e9tage du Swissotel Tallinn. Savourez des p\u00e2tisseries, des sandwiches et des boissons faits maison dans une atmosph\u00e8re accueillante.\" \/>\n<meta property=\"og:url\" content=\"https:\/\/www.swissoteltallinn.com\/fr\/dining\/no3-lobby-bar-deli\/\" \/>\n<meta property=\"og:site_name\" content=\"Swissotel Tallinn\" \/>\n<meta property=\"article:publisher\" content=\"https:\/\/www.facebook.com\/SwissotelTallinn\" \/>\n<meta property=\"article:modified_time\" content=\"2024-12-10T15:15:11+00:00\" \/>\n<meta name=\"twitter:card\" content=\"summary_large_image\" \/>\n<meta name=\"twitter:label1\" content=\"Dur\u00e9e de lecture est.\" \/>\n\t<meta name=\"twitter:data1\" content=\"1 minute\" \/>\n<script type=\"application\/ld+json\" class=\"yoast-schema-graph\">{\"@context\":\"https:\/\/schema.org\",\"@graph\":[{\"@type\":\"WebPage\",\"@id\":\"https:\/\/www.swissoteltallinn.com\/fr\/dining\/no3-lobby-bar-deli\/\",\"url\":\"https:\/\/www.swissoteltallinn.com\/fr\/dining\/no3-lobby-bar-deli\/\",\"name\":\"D\u00e9tendez-vous au No3 Bar & Deli, Swissotel Tallinn\",\"isPartOf\":{\"@id\":\"https:\/\/www.swissoteltallinn.com\/#website\"},\"datePublished\":\"2024-05-28T14:22:38+00:00\",\"dateModified\":\"2024-12-10T15:15:11+00:00\",\"description\":\"Faites l'exp\u00e9rience du confort au No3 Bar & Deli, l'oasis du premier \u00e9tage du Swissotel Tallinn. Savourez des p\u00e2tisseries, des sandwiches et des boissons faits maison dans une atmosph\u00e8re accueillante.\",\"breadcrumb\":{\"@id\":\"https:\/\/www.swissoteltallinn.com\/fr\/dining\/no3-lobby-bar-deli\/#breadcrumb\"},\"inLanguage\":\"fr-FR\",\"potentialAction\":[{\"@type\":\"ReadAction\",\"target\":[\"https:\/\/www.swissoteltallinn.com\/fr\/dining\/no3-lobby-bar-deli\/\"]}]},{\"@type\":\"BreadcrumbList\",\"@id\":\"https:\/\/www.swissoteltallinn.com\/fr\/dining\/no3-lobby-bar-deli\/#breadcrumb\",\"itemListElement\":[{\"@type\":\"ListItem\",\"position\":1,\"name\":\"Home\",\"item\":\"https:\/\/www.swissoteltallinn.com\/fr\/\"},{\"@type\":\"ListItem\",\"position\":2,\"name\":\"RESTAURATION\",\"item\":\"https:\/\/www.swissoteltallinn.com\/fr\/dining\/\"},{\"@type\":\"ListItem\",\"position\":3,\"name\":\"NO3 LOBBY BAR &amp; DELI\"}]},{\"@type\":\"WebSite\",\"@id\":\"https:\/\/www.swissoteltallinn.com\/#website\",\"url\":\"https:\/\/www.swissoteltallinn.com\/\",\"name\":\"Swissotel Tallinn\",\"description\":\"\",\"publisher\":{\"@id\":\"https:\/\/www.swissoteltallinn.com\/#organization\"},\"potentialAction\":[{\"@type\":\"SearchAction\",\"target\":{\"@type\":\"EntryPoint\",\"urlTemplate\":\"https:\/\/www.swissoteltallinn.com\/?s={search_term_string}\"},\"query-input\":{\"@type\":\"PropertyValueSpecification\",\"valueRequired\":true,\"valueName\":\"search_term_string\"}}],\"inLanguage\":\"fr-FR\"},{\"@type\":\"Organization\",\"@id\":\"https:\/\/www.swissoteltallinn.com\/#organization\",\"name\":\"Swissotel Tallinn\",\"url\":\"https:\/\/www.swissoteltallinn.com\/\",\"logo\":{\"@type\":\"ImageObject\",\"inLanguage\":\"fr-FR\",\"@id\":\"https:\/\/www.swissoteltallinn.com\/#\/schema\/logo\/image\/\",\"url\":\"https:\/\/www.swissoteltallinn.com\/wp-content\/uploads\/sites\/107\/2024\/07\/Swissotel-Tallinn-logo.jpg\",\"contentUrl\":\"https:\/\/www.swissoteltallinn.com\/wp-content\/uploads\/sites\/107\/2024\/07\/Swissotel-Tallinn-logo.jpg\",\"width\":1800,\"height\":379,\"caption\":\"Swissotel Tallinn\"},\"image\":{\"@id\":\"https:\/\/www.swissoteltallinn.com\/#\/schema\/logo\/image\/\"},\"sameAs\":[\"https:\/\/www.facebook.com\/SwissotelTallinn\",\"https:\/\/ee.linkedin.com\/company\/swiss-tel-tallinn-estonia\",\"https:\/\/www.youtube.com\/channel\/UC-SFkHuVOioVnEI78gVBQrg\",\"https:\/\/www.instagram.com\/swissoteltallinn\/\"]}]}<\/script>\n<!-- \/ Yoast SEO plugin. -->","yoast_head_json":{"title":"D\u00e9tendez-vous au No3 Bar & Deli, Swissotel Tallinn","description":"Faites l'exp\u00e9rience du confort au No3 Bar & Deli, l'oasis du premier \u00e9tage du Swissotel Tallinn. Savourez des p\u00e2tisseries, des sandwiches et des boissons faits maison dans une atmosph\u00e8re accueillante.","robots":{"index":"index","follow":"follow","max-snippet":"max-snippet:-1","max-image-preview":"max-image-preview:large","max-video-preview":"max-video-preview:-1"},"canonical":"https:\/\/www.swissoteltallinn.com\/fr\/dining\/no3-lobby-bar-deli\/","og_locale":"fr_FR","og_type":"article","og_title":"D\u00e9tendez-vous au No3 Bar & Deli, Swissotel Tallinn","og_description":"Faites l'exp\u00e9rience du confort au No3 Bar & Deli, l'oasis du premier \u00e9tage du Swissotel Tallinn. Savourez des p\u00e2tisseries, des sandwiches et des boissons faits maison dans une atmosph\u00e8re accueillante.","og_url":"https:\/\/www.swissoteltallinn.com\/fr\/dining\/no3-lobby-bar-deli\/","og_site_name":"Swissotel Tallinn","article_publisher":"https:\/\/www.facebook.com\/SwissotelTallinn","article_modified_time":"2024-12-10T15:15:11+00:00","twitter_card":"summary_large_image","twitter_misc":{"Dur\u00e9e de lecture est.":"1 minute"},"schema":{"@context":"https:\/\/schema.org","@graph":[{"@type":"WebPage","@id":"https:\/\/www.swissoteltallinn.com\/fr\/dining\/no3-lobby-bar-deli\/","url":"https:\/\/www.swissoteltallinn.com\/fr\/dining\/no3-lobby-bar-deli\/","name":"D\u00e9tendez-vous au No3 Bar & Deli, Swissotel Tallinn","isPartOf":{"@id":"https:\/\/www.swissoteltallinn.com\/#website"},"datePublished":"2024-05-28T14:22:38+00:00","dateModified":"2024-12-10T15:15:11+00:00","description":"Faites l'exp\u00e9rience du confort au No3 Bar & Deli, l'oasis du premier \u00e9tage du Swissotel Tallinn. Savourez des p\u00e2tisseries, des sandwiches et des boissons faits maison dans une atmosph\u00e8re accueillante.","breadcrumb":{"@id":"https:\/\/www.swissoteltallinn.com\/fr\/dining\/no3-lobby-bar-deli\/#breadcrumb"},"inLanguage":"fr-FR","potentialAction":[{"@type":"ReadAction","target":["https:\/\/www.swissoteltallinn.com\/fr\/dining\/no3-lobby-bar-deli\/"]}]},{"@type":"BreadcrumbList","@id":"https:\/\/www.swissoteltallinn.com\/fr\/dining\/no3-lobby-bar-deli\/#breadcrumb","itemListElement":[{"@type":"ListItem","position":1,"name":"Home","item":"https:\/\/www.swissoteltallinn.com\/fr\/"},{"@type":"ListItem","position":2,"name":"RESTAURATION","item":"https:\/\/www.swissoteltallinn.com\/fr\/dining\/"},{"@type":"ListItem","position":3,"name":"NO3 LOBBY BAR &amp; DELI"}]},{"@type":"WebSite","@id":"https:\/\/www.swissoteltallinn.com\/#website","url":"https:\/\/www.swissoteltallinn.com\/","name":"Swissotel Tallinn","description":"","publisher":{"@id":"https:\/\/www.swissoteltallinn.com\/#organization"},"potentialAction":[{"@type":"SearchAction","target":{"@type":"EntryPoint","urlTemplate":"https:\/\/www.swissoteltallinn.com\/?s={search_term_string}"},"query-input":{"@type":"PropertyValueSpecification","valueRequired":true,"valueName":"search_term_string"}}],"inLanguage":"fr-FR"},{"@type":"Organization","@id":"https:\/\/www.swissoteltallinn.com\/#organization","name":"Swissotel Tallinn","url":"https:\/\/www.swissoteltallinn.com\/","logo":{"@type":"ImageObject","inLanguage":"fr-FR","@id":"https:\/\/www.swissoteltallinn.com\/#\/schema\/logo\/image\/","url":"https:\/\/www.swissoteltallinn.com\/wp-content\/uploads\/sites\/107\/2024\/07\/Swissotel-Tallinn-logo.jpg","contentUrl":"https:\/\/www.swissoteltallinn.com\/wp-content\/uploads\/sites\/107\/2024\/07\/Swissotel-Tallinn-logo.jpg","width":1800,"height":379,"caption":"Swissotel Tallinn"},"image":{"@id":"https:\/\/www.swissoteltallinn.com\/#\/schema\/logo\/image\/"},"sameAs":["https:\/\/www.facebook.com\/SwissotelTallinn","https:\/\/ee.linkedin.com\/company\/swiss-tel-tallinn-estonia","https:\/\/www.youtube.com\/channel\/UC-SFkHuVOioVnEI78gVBQrg","https:\/\/www.instagram.com\/swissoteltallinn\/"]}]}},"_links":{"self":[{"href":"https:\/\/www.swissoteltallinn.com\/fr\/wp-json\/wp\/v2\/pages\/705","targetHints":{"allow":["GET"]}}],"collection":[{"href":"https:\/\/www.swissoteltallinn.com\/fr\/wp-json\/wp\/v2\/pages"}],"about":[{"href":"https:\/\/www.swissoteltallinn.com\/fr\/wp-json\/wp\/v2\/types\/page"}],"author":[{"embeddable":true,"href":"https:\/\/www.swissoteltallinn.com\/fr\/wp-json\/wp\/v2\/users\/98"}],"replies":[{"embeddable":true,"href":"https:\/\/www.swissoteltallinn.com\/fr\/wp-json\/wp\/v2\/comments?post=705"}],"version-history":[{"count":0,"href":"https:\/\/www.swissoteltallinn.com\/fr\/wp-json\/wp\/v2\/pages\/705\/revisions"}],"up":[{"embeddable":true,"href":"https:\/\/www.swissoteltallinn.com\/fr\/wp-json\/wp\/v2\/pages\/693"}],"wp:attachment":[{"href":"https:\/\/www.swissoteltallinn.com\/fr\/wp-json\/wp\/v2\/media?parent=705"}],"wp:term":[{"taxonomy":"category","embeddable":true,"href":"https:\/\/www.swissoteltallinn.com\/fr\/wp-json\/wp\/v2\/categories?post=705"}],"curies":[{"name":"wp","href":"https:\/\/api.w.org\/{rel}","templated":true}]}}