{"id":697,"date":"2024-05-28T13:21:12","date_gmt":"2024-05-28T13:21:12","guid":{"rendered":"https:\/\/swissotel-tallinn.accorv2prod.decms.eu\/dining\/horisont-restaurant-bar\/"},"modified":"2024-11-17T16:49:22","modified_gmt":"2024-11-17T16:49:22","slug":"horisont-restaurant-bar","status":"publish","type":"page","link":"https:\/\/www.swissoteltallinn.com\/fr\/dining\/horisont-restaurant-bar\/","title":{"rendered":"HORISONT RESTAURANT &amp; BAR"},"content":{"rendered":"<p style=\"text-align: center\"><span data-sheets-root=\"1\">D\u00e9couvrez Horisont, un joyau de la gastronomie au Swiss\u00f4tel Tallinn, o\u00f9 la cuisine fran\u00e7aise rencontre la complexit\u00e9 asiatique. Sous la houlette du talentueux chef Marko S\u00f5mer, d\u00e9couvrez une carte o\u00f9 la qualit\u00e9 des ingr\u00e9dients et les combinaisons innovantes cr\u00e9ent des repas inoubliables. Appr\u00e9ciez l&rsquo;harmonie des textures, des couleurs et des saveurs, perfectionn\u00e9e gr\u00e2ce \u00e0 l&rsquo;expertise internationale de S\u00f5mer. D\u00eenez avec nous au 30e \u00e9tage et profitez d&rsquo;une vue imprenable sur la mer Baltique et la ligne d&rsquo;horizon de Tallinn. <\/span><\/p>\n<p style=\"text-align: center\"><span data-sheets-root=\"1\">Notre menu acclam\u00e9 s&rsquo;associe parfaitement \u00e0 une carte des vins m\u00e9ticuleusement s\u00e9lectionn\u00e9e par le chef sommelier J\u00fcri Viital, garantissant une exp\u00e9rience gastronomique qui ravit tous les sens. Bienvenue \u00e0 Horisont, o\u00f9 chaque plat raconte une histoire.<\/span><\/p>\n<p style=\"text-align: center\"><a href=\"https:\/\/horisontrestoran.ee\/\">D\u00e9couvrez notre site<\/a><\/p>\n","protected":false},"excerpt":{"rendered":"<p>D\u00e9couvrez Horisont, un joyau de la gastronomie au Swiss\u00f4tel Tallinn, o\u00f9 la cuisine fran\u00e7aise rencontre la complexit\u00e9 asiatique. Sous la houlette du talentueux chef Marko S\u00f5mer, d\u00e9couvrez une carte o\u00f9 la qualit\u00e9 des ingr\u00e9dients et les combinaisons innovantes cr\u00e9ent des repas inoubliables. Appr\u00e9ciez l&rsquo;harmonie des textures, des couleurs et des saveurs, perfectionn\u00e9e gr\u00e2ce \u00e0 l&rsquo;expertise [&hellip;]<\/p>\n","protected":false},"author":98,"featured_media":0,"parent":693,"menu_order":0,"comment_status":"closed","ping_status":"closed","template":"template-restaurant.php","meta":{"footnotes":""},"categories":[],"class_list":["post-697","page","type-page","status-publish","hentry"],"acf":[],"yoast_head":"<!-- This site is optimized with the Yoast SEO plugin v26.9 - https:\/\/yoast.com\/product\/yoast-seo-wordpress\/ -->\n<title>D\u00e9couvrez l&#039;excellence Michelin \u00e0 l&#039;Horisont Restaurant &amp; Bar<\/title>\n<meta name=\"description\" content=\"D\u00e9couvrez Horisont, une s\u00e9lection du Guide Michelin pour 2023 &amp; 2022, au sommet du Swiss\u00f4tel Tallinn. Sous la houlette du chef Marko S\u00f5mer, vous pourrez d\u00e9guster une cuisine fran\u00e7aise \u00e0 la complexit\u00e9 asiatique, accompagn\u00e9e d&#039;une vue \u00e0 couper le souffle et d&#039;une carte des vins m\u00e9ticuleusement \u00e9labor\u00e9e.\" \/>\n<meta name=\"robots\" content=\"index, follow, max-snippet:-1, max-image-preview:large, max-video-preview:-1\" \/>\n<link rel=\"canonical\" href=\"https:\/\/www.swissoteltallinn.com\/fr\/dining\/horisont-restaurant-bar\/\" \/>\n<meta property=\"og:locale\" content=\"fr_FR\" \/>\n<meta property=\"og:type\" content=\"article\" \/>\n<meta property=\"og:title\" content=\"D\u00e9couvrez l&#039;excellence Michelin \u00e0 l&#039;Horisont Restaurant &amp; Bar\" \/>\n<meta property=\"og:description\" content=\"D\u00e9couvrez Horisont, une s\u00e9lection du Guide Michelin pour 2023 &amp; 2022, au sommet du Swiss\u00f4tel Tallinn. Sous la houlette du chef Marko S\u00f5mer, vous pourrez d\u00e9guster une cuisine fran\u00e7aise \u00e0 la complexit\u00e9 asiatique, accompagn\u00e9e d&#039;une vue \u00e0 couper le souffle et d&#039;une carte des vins m\u00e9ticuleusement \u00e9labor\u00e9e.\" \/>\n<meta property=\"og:url\" content=\"https:\/\/www.swissoteltallinn.com\/fr\/dining\/horisont-restaurant-bar\/\" \/>\n<meta property=\"og:site_name\" content=\"Swissotel Tallinn\" \/>\n<meta property=\"article:publisher\" content=\"https:\/\/www.facebook.com\/SwissotelTallinn\" \/>\n<meta property=\"article:modified_time\" content=\"2024-11-17T16:49:22+00:00\" \/>\n<meta name=\"twitter:card\" content=\"summary_large_image\" \/>\n<meta name=\"twitter:label1\" content=\"Dur\u00e9e de lecture est.\" \/>\n\t<meta name=\"twitter:data1\" content=\"1 minute\" \/>\n<script type=\"application\/ld+json\" class=\"yoast-schema-graph\">{\"@context\":\"https:\/\/schema.org\",\"@graph\":[{\"@type\":\"WebPage\",\"@id\":\"https:\/\/www.swissoteltallinn.com\/fr\/dining\/horisont-restaurant-bar\/\",\"url\":\"https:\/\/www.swissoteltallinn.com\/fr\/dining\/horisont-restaurant-bar\/\",\"name\":\"D\u00e9couvrez l'excellence Michelin \u00e0 l'Horisont Restaurant & Bar\",\"isPartOf\":{\"@id\":\"https:\/\/www.swissoteltallinn.com\/#website\"},\"datePublished\":\"2024-05-28T13:21:12+00:00\",\"dateModified\":\"2024-11-17T16:49:22+00:00\",\"description\":\"D\u00e9couvrez Horisont, une s\u00e9lection du Guide Michelin pour 2023 & 2022, au sommet du Swiss\u00f4tel Tallinn. Sous la houlette du chef Marko S\u00f5mer, vous pourrez d\u00e9guster une cuisine fran\u00e7aise \u00e0 la complexit\u00e9 asiatique, accompagn\u00e9e d'une vue \u00e0 couper le souffle et d'une carte des vins m\u00e9ticuleusement \u00e9labor\u00e9e.\",\"breadcrumb\":{\"@id\":\"https:\/\/www.swissoteltallinn.com\/fr\/dining\/horisont-restaurant-bar\/#breadcrumb\"},\"inLanguage\":\"fr-FR\",\"potentialAction\":[{\"@type\":\"ReadAction\",\"target\":[\"https:\/\/www.swissoteltallinn.com\/fr\/dining\/horisont-restaurant-bar\/\"]}]},{\"@type\":\"BreadcrumbList\",\"@id\":\"https:\/\/www.swissoteltallinn.com\/fr\/dining\/horisont-restaurant-bar\/#breadcrumb\",\"itemListElement\":[{\"@type\":\"ListItem\",\"position\":1,\"name\":\"Home\",\"item\":\"https:\/\/www.swissoteltallinn.com\/fr\/\"},{\"@type\":\"ListItem\",\"position\":2,\"name\":\"RESTAURATION\",\"item\":\"https:\/\/www.swissoteltallinn.com\/fr\/dining\/\"},{\"@type\":\"ListItem\",\"position\":3,\"name\":\"HORISONT RESTAURANT &amp; BAR\"}]},{\"@type\":\"WebSite\",\"@id\":\"https:\/\/www.swissoteltallinn.com\/#website\",\"url\":\"https:\/\/www.swissoteltallinn.com\/\",\"name\":\"Swissotel Tallinn\",\"description\":\"\",\"publisher\":{\"@id\":\"https:\/\/www.swissoteltallinn.com\/#organization\"},\"potentialAction\":[{\"@type\":\"SearchAction\",\"target\":{\"@type\":\"EntryPoint\",\"urlTemplate\":\"https:\/\/www.swissoteltallinn.com\/?s={search_term_string}\"},\"query-input\":{\"@type\":\"PropertyValueSpecification\",\"valueRequired\":true,\"valueName\":\"search_term_string\"}}],\"inLanguage\":\"fr-FR\"},{\"@type\":\"Organization\",\"@id\":\"https:\/\/www.swissoteltallinn.com\/#organization\",\"name\":\"Swissotel Tallinn\",\"url\":\"https:\/\/www.swissoteltallinn.com\/\",\"logo\":{\"@type\":\"ImageObject\",\"inLanguage\":\"fr-FR\",\"@id\":\"https:\/\/www.swissoteltallinn.com\/#\/schema\/logo\/image\/\",\"url\":\"https:\/\/www.swissoteltallinn.com\/wp-content\/uploads\/sites\/107\/2024\/07\/Swissotel-Tallinn-logo.jpg\",\"contentUrl\":\"https:\/\/www.swissoteltallinn.com\/wp-content\/uploads\/sites\/107\/2024\/07\/Swissotel-Tallinn-logo.jpg\",\"width\":1800,\"height\":379,\"caption\":\"Swissotel Tallinn\"},\"image\":{\"@id\":\"https:\/\/www.swissoteltallinn.com\/#\/schema\/logo\/image\/\"},\"sameAs\":[\"https:\/\/www.facebook.com\/SwissotelTallinn\",\"https:\/\/ee.linkedin.com\/company\/swiss-tel-tallinn-estonia\",\"https:\/\/www.youtube.com\/channel\/UC-SFkHuVOioVnEI78gVBQrg\",\"https:\/\/www.instagram.com\/swissoteltallinn\/\"]}]}<\/script>\n<!-- \/ Yoast SEO plugin. -->","yoast_head_json":{"title":"D\u00e9couvrez l'excellence Michelin \u00e0 l'Horisont Restaurant & Bar","description":"D\u00e9couvrez Horisont, une s\u00e9lection du Guide Michelin pour 2023 & 2022, au sommet du Swiss\u00f4tel Tallinn. Sous la houlette du chef Marko S\u00f5mer, vous pourrez d\u00e9guster une cuisine fran\u00e7aise \u00e0 la complexit\u00e9 asiatique, accompagn\u00e9e d'une vue \u00e0 couper le souffle et d'une carte des vins m\u00e9ticuleusement \u00e9labor\u00e9e.","robots":{"index":"index","follow":"follow","max-snippet":"max-snippet:-1","max-image-preview":"max-image-preview:large","max-video-preview":"max-video-preview:-1"},"canonical":"https:\/\/www.swissoteltallinn.com\/fr\/dining\/horisont-restaurant-bar\/","og_locale":"fr_FR","og_type":"article","og_title":"D\u00e9couvrez l'excellence Michelin \u00e0 l'Horisont Restaurant & Bar","og_description":"D\u00e9couvrez Horisont, une s\u00e9lection du Guide Michelin pour 2023 & 2022, au sommet du Swiss\u00f4tel Tallinn. Sous la houlette du chef Marko S\u00f5mer, vous pourrez d\u00e9guster une cuisine fran\u00e7aise \u00e0 la complexit\u00e9 asiatique, accompagn\u00e9e d'une vue \u00e0 couper le souffle et d'une carte des vins m\u00e9ticuleusement \u00e9labor\u00e9e.","og_url":"https:\/\/www.swissoteltallinn.com\/fr\/dining\/horisont-restaurant-bar\/","og_site_name":"Swissotel Tallinn","article_publisher":"https:\/\/www.facebook.com\/SwissotelTallinn","article_modified_time":"2024-11-17T16:49:22+00:00","twitter_card":"summary_large_image","twitter_misc":{"Dur\u00e9e de lecture est.":"1 minute"},"schema":{"@context":"https:\/\/schema.org","@graph":[{"@type":"WebPage","@id":"https:\/\/www.swissoteltallinn.com\/fr\/dining\/horisont-restaurant-bar\/","url":"https:\/\/www.swissoteltallinn.com\/fr\/dining\/horisont-restaurant-bar\/","name":"D\u00e9couvrez l'excellence Michelin \u00e0 l'Horisont Restaurant & Bar","isPartOf":{"@id":"https:\/\/www.swissoteltallinn.com\/#website"},"datePublished":"2024-05-28T13:21:12+00:00","dateModified":"2024-11-17T16:49:22+00:00","description":"D\u00e9couvrez Horisont, une s\u00e9lection du Guide Michelin pour 2023 & 2022, au sommet du Swiss\u00f4tel Tallinn. Sous la houlette du chef Marko S\u00f5mer, vous pourrez d\u00e9guster une cuisine fran\u00e7aise \u00e0 la complexit\u00e9 asiatique, accompagn\u00e9e d'une vue \u00e0 couper le souffle et d'une carte des vins m\u00e9ticuleusement \u00e9labor\u00e9e.","breadcrumb":{"@id":"https:\/\/www.swissoteltallinn.com\/fr\/dining\/horisont-restaurant-bar\/#breadcrumb"},"inLanguage":"fr-FR","potentialAction":[{"@type":"ReadAction","target":["https:\/\/www.swissoteltallinn.com\/fr\/dining\/horisont-restaurant-bar\/"]}]},{"@type":"BreadcrumbList","@id":"https:\/\/www.swissoteltallinn.com\/fr\/dining\/horisont-restaurant-bar\/#breadcrumb","itemListElement":[{"@type":"ListItem","position":1,"name":"Home","item":"https:\/\/www.swissoteltallinn.com\/fr\/"},{"@type":"ListItem","position":2,"name":"RESTAURATION","item":"https:\/\/www.swissoteltallinn.com\/fr\/dining\/"},{"@type":"ListItem","position":3,"name":"HORISONT RESTAURANT &amp; BAR"}]},{"@type":"WebSite","@id":"https:\/\/www.swissoteltallinn.com\/#website","url":"https:\/\/www.swissoteltallinn.com\/","name":"Swissotel Tallinn","description":"","publisher":{"@id":"https:\/\/www.swissoteltallinn.com\/#organization"},"potentialAction":[{"@type":"SearchAction","target":{"@type":"EntryPoint","urlTemplate":"https:\/\/www.swissoteltallinn.com\/?s={search_term_string}"},"query-input":{"@type":"PropertyValueSpecification","valueRequired":true,"valueName":"search_term_string"}}],"inLanguage":"fr-FR"},{"@type":"Organization","@id":"https:\/\/www.swissoteltallinn.com\/#organization","name":"Swissotel Tallinn","url":"https:\/\/www.swissoteltallinn.com\/","logo":{"@type":"ImageObject","inLanguage":"fr-FR","@id":"https:\/\/www.swissoteltallinn.com\/#\/schema\/logo\/image\/","url":"https:\/\/www.swissoteltallinn.com\/wp-content\/uploads\/sites\/107\/2024\/07\/Swissotel-Tallinn-logo.jpg","contentUrl":"https:\/\/www.swissoteltallinn.com\/wp-content\/uploads\/sites\/107\/2024\/07\/Swissotel-Tallinn-logo.jpg","width":1800,"height":379,"caption":"Swissotel Tallinn"},"image":{"@id":"https:\/\/www.swissoteltallinn.com\/#\/schema\/logo\/image\/"},"sameAs":["https:\/\/www.facebook.com\/SwissotelTallinn","https:\/\/ee.linkedin.com\/company\/swiss-tel-tallinn-estonia","https:\/\/www.youtube.com\/channel\/UC-SFkHuVOioVnEI78gVBQrg","https:\/\/www.instagram.com\/swissoteltallinn\/"]}]}},"_links":{"self":[{"href":"https:\/\/www.swissoteltallinn.com\/fr\/wp-json\/wp\/v2\/pages\/697","targetHints":{"allow":["GET"]}}],"collection":[{"href":"https:\/\/www.swissoteltallinn.com\/fr\/wp-json\/wp\/v2\/pages"}],"about":[{"href":"https:\/\/www.swissoteltallinn.com\/fr\/wp-json\/wp\/v2\/types\/page"}],"author":[{"embeddable":true,"href":"https:\/\/www.swissoteltallinn.com\/fr\/wp-json\/wp\/v2\/users\/98"}],"replies":[{"embeddable":true,"href":"https:\/\/www.swissoteltallinn.com\/fr\/wp-json\/wp\/v2\/comments?post=697"}],"version-history":[{"count":0,"href":"https:\/\/www.swissoteltallinn.com\/fr\/wp-json\/wp\/v2\/pages\/697\/revisions"}],"up":[{"embeddable":true,"href":"https:\/\/www.swissoteltallinn.com\/fr\/wp-json\/wp\/v2\/pages\/693"}],"wp:attachment":[{"href":"https:\/\/www.swissoteltallinn.com\/fr\/wp-json\/wp\/v2\/media?parent=697"}],"wp:term":[{"taxonomy":"category","embeddable":true,"href":"https:\/\/www.swissoteltallinn.com\/fr\/wp-json\/wp\/v2\/categories?post=697"}],"curies":[{"name":"wp","href":"https:\/\/api.w.org\/{rel}","templated":true}]}}