{"id":693,"date":"2024-05-28T12:41:46","date_gmt":"2024-05-28T12:41:46","guid":{"rendered":"https:\/\/swissotel-tallinn.accorv2prod.decms.eu\/dining\/"},"modified":"2024-11-17T16:39:02","modified_gmt":"2024-11-17T16:39:02","slug":"dining","status":"publish","type":"page","link":"https:\/\/www.swissoteltallinn.com\/fr\/dining\/","title":{"rendered":"RESTAURATION"},"content":{"rendered":"<p style=\"text-align: center\"><span data-sheets-root=\"1\">Au Swiss\u00f4tel Tallinn, l&rsquo;acte de manger transcende l&rsquo;ordinaire, se transformant en un voyage exquis qui captive les sens au-del\u00e0 du simple fait de se sustenter. Perch\u00e9 au sommet de l&rsquo;h\u00f4tel, l&rsquo;Horisont Restaurant &amp; Bar propose un menu inspir\u00e9 qui marie la finesse de l&rsquo;art culinaire fran\u00e7ais \u00e0 l&rsquo;attrait de l&rsquo;exotisme asiatique. Guid\u00e9s par le chef distingu\u00e9 Marko S\u00f5mer, qui dirige \u00e9galement l&rsquo;\u00e9quipe culinaire estonienne, les clients s&#8217;embarquent pour une odyss\u00e9e gastronomique, chaque plat \u00e9tant une r\u00e9v\u00e9lation de saveurs sophistiqu\u00e9es et de d\u00e9lices inattendus. <\/span><\/p>\n<p style=\"text-align: center\"><span data-sheets-root=\"1\">C\u00f4t\u00e9 bar, Horisont s\u00e9duit par sa s\u00e9lection de cocktails et son ambiance d\u00e9contract\u00e9e, pour ceux qui souhaitent une exp\u00e9rience plus d\u00e9tendue mais tout aussi raffin\u00e9e. Le No3 Lobby Bar &amp; Deli invite les clients \u00e0 d\u00e9guster des p\u00e2tisseries artisanales, des sandwichs et une vari\u00e9t\u00e9 de boissons, parfaits pour des r\u00e9unions rapides ou des repas tranquilles. Le restaurant The Quarter se distingue quant \u00e0 lui par son somptueux buffet de petit-d\u00e9jeuner et de brunch, qui promet un d\u00e9licieux d\u00e9but de journ\u00e9e. <\/span><\/p>\n","protected":false},"excerpt":{"rendered":"<p>Au Swiss\u00f4tel Tallinn, l&rsquo;acte de manger transcende l&rsquo;ordinaire, se transformant en un voyage exquis qui captive les sens au-del\u00e0 du simple fait de se sustenter. Perch\u00e9 au sommet de l&rsquo;h\u00f4tel, l&rsquo;Horisont Restaurant &amp; Bar propose un menu inspir\u00e9 qui marie la finesse de l&rsquo;art culinaire fran\u00e7ais \u00e0 l&rsquo;attrait de l&rsquo;exotisme asiatique. Guid\u00e9s par le chef [&hellip;]<\/p>\n","protected":false},"author":98,"featured_media":0,"parent":0,"menu_order":3,"comment_status":"closed","ping_status":"closed","template":"template-restaurants.php","meta":{"footnotes":""},"categories":[],"class_list":["post-693","page","type-page","status-publish","hentry"],"acf":[],"yoast_head":"<!-- This site is optimized with the Yoast SEO plugin v26.9 - https:\/\/yoast.com\/product\/yoast-seo-wordpress\/ -->\n<title>Les d\u00e9lices gastronomiques vous attendent au Swiss\u00f4tel Tallinn<\/title>\n<meta name=\"description\" content=\"&quot;Laissez-vous tenter par une cuisine exquise \u00e0 l&#039;Horisont Restaurant &amp; Bar, dirig\u00e9 par le chef Marko S\u00f5mer. Le No3 Lobby Bar &amp; Deli propose des p\u00e2tisseries artisanales, tandis que le restaurant The Quarter sert un buffet de petit-d\u00e9jeuner somptueux.&quot;\" \/>\n<meta name=\"robots\" content=\"index, follow, max-snippet:-1, max-image-preview:large, max-video-preview:-1\" \/>\n<link rel=\"canonical\" href=\"https:\/\/www.swissoteltallinn.com\/fr\/dining\/\" \/>\n<meta property=\"og:locale\" content=\"fr_FR\" \/>\n<meta property=\"og:type\" content=\"article\" \/>\n<meta property=\"og:title\" content=\"Les d\u00e9lices gastronomiques vous attendent au Swiss\u00f4tel Tallinn\" \/>\n<meta property=\"og:description\" content=\"&quot;Laissez-vous tenter par une cuisine exquise \u00e0 l&#039;Horisont Restaurant &amp; Bar, dirig\u00e9 par le chef Marko S\u00f5mer. Le No3 Lobby Bar &amp; Deli propose des p\u00e2tisseries artisanales, tandis que le restaurant The Quarter sert un buffet de petit-d\u00e9jeuner somptueux.&quot;\" \/>\n<meta property=\"og:url\" content=\"https:\/\/www.swissoteltallinn.com\/fr\/dining\/\" \/>\n<meta property=\"og:site_name\" content=\"Swissotel Tallinn\" \/>\n<meta property=\"article:publisher\" content=\"https:\/\/www.facebook.com\/SwissotelTallinn\" \/>\n<meta property=\"article:modified_time\" content=\"2024-11-17T16:39:02+00:00\" \/>\n<meta name=\"twitter:card\" content=\"summary_large_image\" \/>\n<meta name=\"twitter:label1\" content=\"Dur\u00e9e de lecture est.\" \/>\n\t<meta name=\"twitter:data1\" content=\"1 minute\" \/>\n<script type=\"application\/ld+json\" class=\"yoast-schema-graph\">{\"@context\":\"https:\/\/schema.org\",\"@graph\":[{\"@type\":\"WebPage\",\"@id\":\"https:\/\/www.swissoteltallinn.com\/fr\/dining\/\",\"url\":\"https:\/\/www.swissoteltallinn.com\/fr\/dining\/\",\"name\":\"Les d\u00e9lices gastronomiques vous attendent au Swiss\u00f4tel Tallinn\",\"isPartOf\":{\"@id\":\"https:\/\/www.swissoteltallinn.com\/#website\"},\"datePublished\":\"2024-05-28T12:41:46+00:00\",\"dateModified\":\"2024-11-17T16:39:02+00:00\",\"description\":\"\\\"Laissez-vous tenter par une cuisine exquise \u00e0 l'Horisont Restaurant & Bar, dirig\u00e9 par le chef Marko S\u00f5mer. Le No3 Lobby Bar & Deli propose des p\u00e2tisseries artisanales, tandis que le restaurant The Quarter sert un buffet de petit-d\u00e9jeuner somptueux.\\\"\",\"breadcrumb\":{\"@id\":\"https:\/\/www.swissoteltallinn.com\/fr\/dining\/#breadcrumb\"},\"inLanguage\":\"fr-FR\",\"potentialAction\":[{\"@type\":\"ReadAction\",\"target\":[\"https:\/\/www.swissoteltallinn.com\/fr\/dining\/\"]}]},{\"@type\":\"BreadcrumbList\",\"@id\":\"https:\/\/www.swissoteltallinn.com\/fr\/dining\/#breadcrumb\",\"itemListElement\":[{\"@type\":\"ListItem\",\"position\":1,\"name\":\"Home\",\"item\":\"https:\/\/www.swissoteltallinn.com\/fr\/\"},{\"@type\":\"ListItem\",\"position\":2,\"name\":\"RESTAURATION\"}]},{\"@type\":\"WebSite\",\"@id\":\"https:\/\/www.swissoteltallinn.com\/#website\",\"url\":\"https:\/\/www.swissoteltallinn.com\/\",\"name\":\"Swissotel Tallinn\",\"description\":\"\",\"publisher\":{\"@id\":\"https:\/\/www.swissoteltallinn.com\/#organization\"},\"potentialAction\":[{\"@type\":\"SearchAction\",\"target\":{\"@type\":\"EntryPoint\",\"urlTemplate\":\"https:\/\/www.swissoteltallinn.com\/?s={search_term_string}\"},\"query-input\":{\"@type\":\"PropertyValueSpecification\",\"valueRequired\":true,\"valueName\":\"search_term_string\"}}],\"inLanguage\":\"fr-FR\"},{\"@type\":\"Organization\",\"@id\":\"https:\/\/www.swissoteltallinn.com\/#organization\",\"name\":\"Swissotel Tallinn\",\"url\":\"https:\/\/www.swissoteltallinn.com\/\",\"logo\":{\"@type\":\"ImageObject\",\"inLanguage\":\"fr-FR\",\"@id\":\"https:\/\/www.swissoteltallinn.com\/#\/schema\/logo\/image\/\",\"url\":\"https:\/\/www.swissoteltallinn.com\/wp-content\/uploads\/sites\/107\/2024\/07\/Swissotel-Tallinn-logo.jpg\",\"contentUrl\":\"https:\/\/www.swissoteltallinn.com\/wp-content\/uploads\/sites\/107\/2024\/07\/Swissotel-Tallinn-logo.jpg\",\"width\":1800,\"height\":379,\"caption\":\"Swissotel Tallinn\"},\"image\":{\"@id\":\"https:\/\/www.swissoteltallinn.com\/#\/schema\/logo\/image\/\"},\"sameAs\":[\"https:\/\/www.facebook.com\/SwissotelTallinn\",\"https:\/\/ee.linkedin.com\/company\/swiss-tel-tallinn-estonia\",\"https:\/\/www.youtube.com\/channel\/UC-SFkHuVOioVnEI78gVBQrg\",\"https:\/\/www.instagram.com\/swissoteltallinn\/\"]}]}<\/script>\n<!-- \/ Yoast SEO plugin. -->","yoast_head_json":{"title":"Les d\u00e9lices gastronomiques vous attendent au Swiss\u00f4tel Tallinn","description":"\"Laissez-vous tenter par une cuisine exquise \u00e0 l'Horisont Restaurant & Bar, dirig\u00e9 par le chef Marko S\u00f5mer. Le No3 Lobby Bar & Deli propose des p\u00e2tisseries artisanales, tandis que le restaurant The Quarter sert un buffet de petit-d\u00e9jeuner somptueux.\"","robots":{"index":"index","follow":"follow","max-snippet":"max-snippet:-1","max-image-preview":"max-image-preview:large","max-video-preview":"max-video-preview:-1"},"canonical":"https:\/\/www.swissoteltallinn.com\/fr\/dining\/","og_locale":"fr_FR","og_type":"article","og_title":"Les d\u00e9lices gastronomiques vous attendent au Swiss\u00f4tel Tallinn","og_description":"\"Laissez-vous tenter par une cuisine exquise \u00e0 l'Horisont Restaurant & Bar, dirig\u00e9 par le chef Marko S\u00f5mer. Le No3 Lobby Bar & Deli propose des p\u00e2tisseries artisanales, tandis que le restaurant The Quarter sert un buffet de petit-d\u00e9jeuner somptueux.\"","og_url":"https:\/\/www.swissoteltallinn.com\/fr\/dining\/","og_site_name":"Swissotel Tallinn","article_publisher":"https:\/\/www.facebook.com\/SwissotelTallinn","article_modified_time":"2024-11-17T16:39:02+00:00","twitter_card":"summary_large_image","twitter_misc":{"Dur\u00e9e de lecture est.":"1 minute"},"schema":{"@context":"https:\/\/schema.org","@graph":[{"@type":"WebPage","@id":"https:\/\/www.swissoteltallinn.com\/fr\/dining\/","url":"https:\/\/www.swissoteltallinn.com\/fr\/dining\/","name":"Les d\u00e9lices gastronomiques vous attendent au Swiss\u00f4tel Tallinn","isPartOf":{"@id":"https:\/\/www.swissoteltallinn.com\/#website"},"datePublished":"2024-05-28T12:41:46+00:00","dateModified":"2024-11-17T16:39:02+00:00","description":"\"Laissez-vous tenter par une cuisine exquise \u00e0 l'Horisont Restaurant & Bar, dirig\u00e9 par le chef Marko S\u00f5mer. Le No3 Lobby Bar & Deli propose des p\u00e2tisseries artisanales, tandis que le restaurant The Quarter sert un buffet de petit-d\u00e9jeuner somptueux.\"","breadcrumb":{"@id":"https:\/\/www.swissoteltallinn.com\/fr\/dining\/#breadcrumb"},"inLanguage":"fr-FR","potentialAction":[{"@type":"ReadAction","target":["https:\/\/www.swissoteltallinn.com\/fr\/dining\/"]}]},{"@type":"BreadcrumbList","@id":"https:\/\/www.swissoteltallinn.com\/fr\/dining\/#breadcrumb","itemListElement":[{"@type":"ListItem","position":1,"name":"Home","item":"https:\/\/www.swissoteltallinn.com\/fr\/"},{"@type":"ListItem","position":2,"name":"RESTAURATION"}]},{"@type":"WebSite","@id":"https:\/\/www.swissoteltallinn.com\/#website","url":"https:\/\/www.swissoteltallinn.com\/","name":"Swissotel Tallinn","description":"","publisher":{"@id":"https:\/\/www.swissoteltallinn.com\/#organization"},"potentialAction":[{"@type":"SearchAction","target":{"@type":"EntryPoint","urlTemplate":"https:\/\/www.swissoteltallinn.com\/?s={search_term_string}"},"query-input":{"@type":"PropertyValueSpecification","valueRequired":true,"valueName":"search_term_string"}}],"inLanguage":"fr-FR"},{"@type":"Organization","@id":"https:\/\/www.swissoteltallinn.com\/#organization","name":"Swissotel Tallinn","url":"https:\/\/www.swissoteltallinn.com\/","logo":{"@type":"ImageObject","inLanguage":"fr-FR","@id":"https:\/\/www.swissoteltallinn.com\/#\/schema\/logo\/image\/","url":"https:\/\/www.swissoteltallinn.com\/wp-content\/uploads\/sites\/107\/2024\/07\/Swissotel-Tallinn-logo.jpg","contentUrl":"https:\/\/www.swissoteltallinn.com\/wp-content\/uploads\/sites\/107\/2024\/07\/Swissotel-Tallinn-logo.jpg","width":1800,"height":379,"caption":"Swissotel Tallinn"},"image":{"@id":"https:\/\/www.swissoteltallinn.com\/#\/schema\/logo\/image\/"},"sameAs":["https:\/\/www.facebook.com\/SwissotelTallinn","https:\/\/ee.linkedin.com\/company\/swiss-tel-tallinn-estonia","https:\/\/www.youtube.com\/channel\/UC-SFkHuVOioVnEI78gVBQrg","https:\/\/www.instagram.com\/swissoteltallinn\/"]}]}},"_links":{"self":[{"href":"https:\/\/www.swissoteltallinn.com\/fr\/wp-json\/wp\/v2\/pages\/693","targetHints":{"allow":["GET"]}}],"collection":[{"href":"https:\/\/www.swissoteltallinn.com\/fr\/wp-json\/wp\/v2\/pages"}],"about":[{"href":"https:\/\/www.swissoteltallinn.com\/fr\/wp-json\/wp\/v2\/types\/page"}],"author":[{"embeddable":true,"href":"https:\/\/www.swissoteltallinn.com\/fr\/wp-json\/wp\/v2\/users\/98"}],"replies":[{"embeddable":true,"href":"https:\/\/www.swissoteltallinn.com\/fr\/wp-json\/wp\/v2\/comments?post=693"}],"version-history":[{"count":0,"href":"https:\/\/www.swissoteltallinn.com\/fr\/wp-json\/wp\/v2\/pages\/693\/revisions"}],"wp:attachment":[{"href":"https:\/\/www.swissoteltallinn.com\/fr\/wp-json\/wp\/v2\/media?parent=693"}],"wp:term":[{"taxonomy":"category","embeddable":true,"href":"https:\/\/www.swissoteltallinn.com\/fr\/wp-json\/wp\/v2\/categories?post=693"}],"curies":[{"name":"wp","href":"https:\/\/api.w.org\/{rel}","templated":true}]}}