{"id":683,"date":"2024-05-27T13:18:57","date_gmt":"2024-05-27T13:18:57","guid":{"rendered":"https:\/\/swissotel-tallinn.accorv2prod.decms.eu\/rooms-suites\/presidential-suite\/"},"modified":"2024-11-17T16:37:12","modified_gmt":"2024-11-17T16:37:12","slug":"presidential-suite","status":"publish","type":"page","link":"https:\/\/www.swissoteltallinn.com\/fr\/rooms-suites\/presidential-suite\/","title":{"rendered":"SUITE PR\u00c9SIDENTIELLE"},"content":{"rendered":"<p style=\"text-align: center\"><span data-sheets-root=\"1\">Laissez-vous s\u00e9duire par l&rsquo;\u00e9l\u00e9gance in\u00e9gal\u00e9e de la suite pr\u00e9sidentielle du Swiss\u00f4tel Tallinn, o\u00f9 chaque d\u00e9tail a \u00e9t\u00e9 pens\u00e9 pour que votre s\u00e9jour soit tout simplement extraordinaire. De grands lustres ornent le salon et la salle \u00e0 manger, projetant une lueur de sophistication raffin\u00e9e. Une kitchenette enti\u00e8rement \u00e9quip\u00e9e permet de recevoir des invit\u00e9s en toute intimit\u00e9. <\/span><\/p>\n<p style=\"text-align: center\"><span data-sheets-root=\"1\">Cette suite comprend deux chambres meubl\u00e9es de fa\u00e7on opulente, chacune dot\u00e9e d&rsquo;une salle de bains somptueuse et d&rsquo;un acc\u00e8s \u00e0 un sauna priv\u00e9, \u00e9tablissant ainsi une nouvelle norme en mati\u00e8re de luxe. Perch\u00e9e au dernier \u00e9tage de l&rsquo;h\u00f4tel, la suite pr\u00e9sidentielle offre une vue imprenable sur Tallinn et la mer Baltique, promettant une exp\u00e9rience inoubliable d&rsquo;opulence et d&rsquo;exclusivit\u00e9.<\/span><\/p>\n","protected":false},"excerpt":{"rendered":"<p>Laissez-vous s\u00e9duire par l&rsquo;\u00e9l\u00e9gance in\u00e9gal\u00e9e de la suite pr\u00e9sidentielle du Swiss\u00f4tel Tallinn, o\u00f9 chaque d\u00e9tail a \u00e9t\u00e9 pens\u00e9 pour que votre s\u00e9jour soit tout simplement extraordinaire. De grands lustres ornent le salon et la salle \u00e0 manger, projetant une lueur de sophistication raffin\u00e9e. Une kitchenette enti\u00e8rement \u00e9quip\u00e9e permet de recevoir des invit\u00e9s en toute intimit\u00e9. [&hellip;]<\/p>\n","protected":false},"author":98,"featured_media":0,"parent":656,"menu_order":0,"comment_status":"closed","ping_status":"closed","template":"template-room.php","meta":{"footnotes":""},"categories":[59],"class_list":["post-683","page","type-page","status-publish","hentry","category-presidential-suite-fr"],"acf":[],"yoast_head":"<!-- This site is optimized with the Yoast SEO plugin v26.9 - https:\/\/yoast.com\/product\/yoast-seo-wordpress\/ -->\n<title>Laissez-vous s\u00e9duire par l&#039;opulence\u00a0: Suite pr\u00e9sidentielle au Swiss\u00f4tel Tallinn<\/title>\n<meta name=\"description\" content=\"Faites l&#039;exp\u00e9rience d&#039;une sophistication raffin\u00e9e dans la suite pr\u00e9sidentielle du Swiss\u00f4tel Tallinn. Profitez de vues panoramiques, d&#039;une kitchenette enti\u00e8rement \u00e9quip\u00e9e, d&#039;un sauna priv\u00e9 et de chambres opulentes dot\u00e9es de somptueuses salles de bains privatives. Perch\u00e9e au dernier \u00e9tage, elle offre un luxe et une exclusivit\u00e9 in\u00e9gal\u00e9s.\" \/>\n<meta name=\"robots\" content=\"index, follow, max-snippet:-1, max-image-preview:large, max-video-preview:-1\" \/>\n<link rel=\"canonical\" href=\"https:\/\/www.swissoteltallinn.com\/fr\/rooms-suites\/presidential-suite\/\" \/>\n<meta property=\"og:locale\" content=\"fr_FR\" \/>\n<meta property=\"og:type\" content=\"article\" \/>\n<meta property=\"og:title\" content=\"Laissez-vous s\u00e9duire par l&#039;opulence\u00a0: Suite pr\u00e9sidentielle au Swiss\u00f4tel Tallinn\" \/>\n<meta property=\"og:description\" content=\"Faites l&#039;exp\u00e9rience d&#039;une sophistication raffin\u00e9e dans la suite pr\u00e9sidentielle du Swiss\u00f4tel Tallinn. Profitez de vues panoramiques, d&#039;une kitchenette enti\u00e8rement \u00e9quip\u00e9e, d&#039;un sauna priv\u00e9 et de chambres opulentes dot\u00e9es de somptueuses salles de bains privatives. Perch\u00e9e au dernier \u00e9tage, elle offre un luxe et une exclusivit\u00e9 in\u00e9gal\u00e9s.\" \/>\n<meta property=\"og:url\" content=\"https:\/\/www.swissoteltallinn.com\/fr\/rooms-suites\/presidential-suite\/\" \/>\n<meta property=\"og:site_name\" content=\"Swissotel Tallinn\" \/>\n<meta property=\"article:publisher\" content=\"https:\/\/www.facebook.com\/SwissotelTallinn\" \/>\n<meta property=\"article:modified_time\" content=\"2024-11-17T16:37:12+00:00\" \/>\n<meta name=\"twitter:card\" content=\"summary_large_image\" \/>\n<meta name=\"twitter:label1\" content=\"Dur\u00e9e de lecture est.\" \/>\n\t<meta name=\"twitter:data1\" content=\"1 minute\" \/>\n<script type=\"application\/ld+json\" class=\"yoast-schema-graph\">{\"@context\":\"https:\/\/schema.org\",\"@graph\":[{\"@type\":\"WebPage\",\"@id\":\"https:\/\/www.swissoteltallinn.com\/fr\/rooms-suites\/presidential-suite\/\",\"url\":\"https:\/\/www.swissoteltallinn.com\/fr\/rooms-suites\/presidential-suite\/\",\"name\":\"Laissez-vous s\u00e9duire par l'opulence\u00a0: Suite pr\u00e9sidentielle au Swiss\u00f4tel Tallinn\",\"isPartOf\":{\"@id\":\"https:\/\/www.swissoteltallinn.com\/#website\"},\"datePublished\":\"2024-05-27T13:18:57+00:00\",\"dateModified\":\"2024-11-17T16:37:12+00:00\",\"description\":\"Faites l'exp\u00e9rience d'une sophistication raffin\u00e9e dans la suite pr\u00e9sidentielle du Swiss\u00f4tel Tallinn. Profitez de vues panoramiques, d'une kitchenette enti\u00e8rement \u00e9quip\u00e9e, d'un sauna priv\u00e9 et de chambres opulentes dot\u00e9es de somptueuses salles de bains privatives. Perch\u00e9e au dernier \u00e9tage, elle offre un luxe et une exclusivit\u00e9 in\u00e9gal\u00e9s.\",\"breadcrumb\":{\"@id\":\"https:\/\/www.swissoteltallinn.com\/fr\/rooms-suites\/presidential-suite\/#breadcrumb\"},\"inLanguage\":\"fr-FR\",\"potentialAction\":[{\"@type\":\"ReadAction\",\"target\":[\"https:\/\/www.swissoteltallinn.com\/fr\/rooms-suites\/presidential-suite\/\"]}]},{\"@type\":\"BreadcrumbList\",\"@id\":\"https:\/\/www.swissoteltallinn.com\/fr\/rooms-suites\/presidential-suite\/#breadcrumb\",\"itemListElement\":[{\"@type\":\"ListItem\",\"position\":1,\"name\":\"Home\",\"item\":\"https:\/\/www.swissoteltallinn.com\/fr\/\"},{\"@type\":\"ListItem\",\"position\":2,\"name\":\"CHAMBRES &amp; SUITES\",\"item\":\"https:\/\/www.swissoteltallinn.com\/fr\/rooms-suites\/\"},{\"@type\":\"ListItem\",\"position\":3,\"name\":\"SUITE PR\u00c9SIDENTIELLE\"}]},{\"@type\":\"WebSite\",\"@id\":\"https:\/\/www.swissoteltallinn.com\/#website\",\"url\":\"https:\/\/www.swissoteltallinn.com\/\",\"name\":\"Swissotel Tallinn\",\"description\":\"\",\"publisher\":{\"@id\":\"https:\/\/www.swissoteltallinn.com\/#organization\"},\"potentialAction\":[{\"@type\":\"SearchAction\",\"target\":{\"@type\":\"EntryPoint\",\"urlTemplate\":\"https:\/\/www.swissoteltallinn.com\/?s={search_term_string}\"},\"query-input\":{\"@type\":\"PropertyValueSpecification\",\"valueRequired\":true,\"valueName\":\"search_term_string\"}}],\"inLanguage\":\"fr-FR\"},{\"@type\":\"Organization\",\"@id\":\"https:\/\/www.swissoteltallinn.com\/#organization\",\"name\":\"Swissotel Tallinn\",\"url\":\"https:\/\/www.swissoteltallinn.com\/\",\"logo\":{\"@type\":\"ImageObject\",\"inLanguage\":\"fr-FR\",\"@id\":\"https:\/\/www.swissoteltallinn.com\/#\/schema\/logo\/image\/\",\"url\":\"https:\/\/www.swissoteltallinn.com\/wp-content\/uploads\/sites\/107\/2024\/07\/Swissotel-Tallinn-logo.jpg\",\"contentUrl\":\"https:\/\/www.swissoteltallinn.com\/wp-content\/uploads\/sites\/107\/2024\/07\/Swissotel-Tallinn-logo.jpg\",\"width\":1800,\"height\":379,\"caption\":\"Swissotel Tallinn\"},\"image\":{\"@id\":\"https:\/\/www.swissoteltallinn.com\/#\/schema\/logo\/image\/\"},\"sameAs\":[\"https:\/\/www.facebook.com\/SwissotelTallinn\",\"https:\/\/ee.linkedin.com\/company\/swiss-tel-tallinn-estonia\",\"https:\/\/www.youtube.com\/channel\/UC-SFkHuVOioVnEI78gVBQrg\",\"https:\/\/www.instagram.com\/swissoteltallinn\/\"]}]}<\/script>\n<!-- \/ Yoast SEO plugin. -->","yoast_head_json":{"title":"Laissez-vous s\u00e9duire par l'opulence\u00a0: Suite pr\u00e9sidentielle au Swiss\u00f4tel Tallinn","description":"Faites l'exp\u00e9rience d'une sophistication raffin\u00e9e dans la suite pr\u00e9sidentielle du Swiss\u00f4tel Tallinn. Profitez de vues panoramiques, d'une kitchenette enti\u00e8rement \u00e9quip\u00e9e, d'un sauna priv\u00e9 et de chambres opulentes dot\u00e9es de somptueuses salles de bains privatives. Perch\u00e9e au dernier \u00e9tage, elle offre un luxe et une exclusivit\u00e9 in\u00e9gal\u00e9s.","robots":{"index":"index","follow":"follow","max-snippet":"max-snippet:-1","max-image-preview":"max-image-preview:large","max-video-preview":"max-video-preview:-1"},"canonical":"https:\/\/www.swissoteltallinn.com\/fr\/rooms-suites\/presidential-suite\/","og_locale":"fr_FR","og_type":"article","og_title":"Laissez-vous s\u00e9duire par l'opulence\u00a0: Suite pr\u00e9sidentielle au Swiss\u00f4tel Tallinn","og_description":"Faites l'exp\u00e9rience d'une sophistication raffin\u00e9e dans la suite pr\u00e9sidentielle du Swiss\u00f4tel Tallinn. Profitez de vues panoramiques, d'une kitchenette enti\u00e8rement \u00e9quip\u00e9e, d'un sauna priv\u00e9 et de chambres opulentes dot\u00e9es de somptueuses salles de bains privatives. Perch\u00e9e au dernier \u00e9tage, elle offre un luxe et une exclusivit\u00e9 in\u00e9gal\u00e9s.","og_url":"https:\/\/www.swissoteltallinn.com\/fr\/rooms-suites\/presidential-suite\/","og_site_name":"Swissotel Tallinn","article_publisher":"https:\/\/www.facebook.com\/SwissotelTallinn","article_modified_time":"2024-11-17T16:37:12+00:00","twitter_card":"summary_large_image","twitter_misc":{"Dur\u00e9e de lecture est.":"1 minute"},"schema":{"@context":"https:\/\/schema.org","@graph":[{"@type":"WebPage","@id":"https:\/\/www.swissoteltallinn.com\/fr\/rooms-suites\/presidential-suite\/","url":"https:\/\/www.swissoteltallinn.com\/fr\/rooms-suites\/presidential-suite\/","name":"Laissez-vous s\u00e9duire par l'opulence\u00a0: Suite pr\u00e9sidentielle au Swiss\u00f4tel Tallinn","isPartOf":{"@id":"https:\/\/www.swissoteltallinn.com\/#website"},"datePublished":"2024-05-27T13:18:57+00:00","dateModified":"2024-11-17T16:37:12+00:00","description":"Faites l'exp\u00e9rience d'une sophistication raffin\u00e9e dans la suite pr\u00e9sidentielle du Swiss\u00f4tel Tallinn. Profitez de vues panoramiques, d'une kitchenette enti\u00e8rement \u00e9quip\u00e9e, d'un sauna priv\u00e9 et de chambres opulentes dot\u00e9es de somptueuses salles de bains privatives. Perch\u00e9e au dernier \u00e9tage, elle offre un luxe et une exclusivit\u00e9 in\u00e9gal\u00e9s.","breadcrumb":{"@id":"https:\/\/www.swissoteltallinn.com\/fr\/rooms-suites\/presidential-suite\/#breadcrumb"},"inLanguage":"fr-FR","potentialAction":[{"@type":"ReadAction","target":["https:\/\/www.swissoteltallinn.com\/fr\/rooms-suites\/presidential-suite\/"]}]},{"@type":"BreadcrumbList","@id":"https:\/\/www.swissoteltallinn.com\/fr\/rooms-suites\/presidential-suite\/#breadcrumb","itemListElement":[{"@type":"ListItem","position":1,"name":"Home","item":"https:\/\/www.swissoteltallinn.com\/fr\/"},{"@type":"ListItem","position":2,"name":"CHAMBRES &amp; SUITES","item":"https:\/\/www.swissoteltallinn.com\/fr\/rooms-suites\/"},{"@type":"ListItem","position":3,"name":"SUITE PR\u00c9SIDENTIELLE"}]},{"@type":"WebSite","@id":"https:\/\/www.swissoteltallinn.com\/#website","url":"https:\/\/www.swissoteltallinn.com\/","name":"Swissotel Tallinn","description":"","publisher":{"@id":"https:\/\/www.swissoteltallinn.com\/#organization"},"potentialAction":[{"@type":"SearchAction","target":{"@type":"EntryPoint","urlTemplate":"https:\/\/www.swissoteltallinn.com\/?s={search_term_string}"},"query-input":{"@type":"PropertyValueSpecification","valueRequired":true,"valueName":"search_term_string"}}],"inLanguage":"fr-FR"},{"@type":"Organization","@id":"https:\/\/www.swissoteltallinn.com\/#organization","name":"Swissotel Tallinn","url":"https:\/\/www.swissoteltallinn.com\/","logo":{"@type":"ImageObject","inLanguage":"fr-FR","@id":"https:\/\/www.swissoteltallinn.com\/#\/schema\/logo\/image\/","url":"https:\/\/www.swissoteltallinn.com\/wp-content\/uploads\/sites\/107\/2024\/07\/Swissotel-Tallinn-logo.jpg","contentUrl":"https:\/\/www.swissoteltallinn.com\/wp-content\/uploads\/sites\/107\/2024\/07\/Swissotel-Tallinn-logo.jpg","width":1800,"height":379,"caption":"Swissotel Tallinn"},"image":{"@id":"https:\/\/www.swissoteltallinn.com\/#\/schema\/logo\/image\/"},"sameAs":["https:\/\/www.facebook.com\/SwissotelTallinn","https:\/\/ee.linkedin.com\/company\/swiss-tel-tallinn-estonia","https:\/\/www.youtube.com\/channel\/UC-SFkHuVOioVnEI78gVBQrg","https:\/\/www.instagram.com\/swissoteltallinn\/"]}]}},"_links":{"self":[{"href":"https:\/\/www.swissoteltallinn.com\/fr\/wp-json\/wp\/v2\/pages\/683","targetHints":{"allow":["GET"]}}],"collection":[{"href":"https:\/\/www.swissoteltallinn.com\/fr\/wp-json\/wp\/v2\/pages"}],"about":[{"href":"https:\/\/www.swissoteltallinn.com\/fr\/wp-json\/wp\/v2\/types\/page"}],"author":[{"embeddable":true,"href":"https:\/\/www.swissoteltallinn.com\/fr\/wp-json\/wp\/v2\/users\/98"}],"replies":[{"embeddable":true,"href":"https:\/\/www.swissoteltallinn.com\/fr\/wp-json\/wp\/v2\/comments?post=683"}],"version-history":[{"count":0,"href":"https:\/\/www.swissoteltallinn.com\/fr\/wp-json\/wp\/v2\/pages\/683\/revisions"}],"up":[{"embeddable":true,"href":"https:\/\/www.swissoteltallinn.com\/fr\/wp-json\/wp\/v2\/pages\/656"}],"wp:attachment":[{"href":"https:\/\/www.swissoteltallinn.com\/fr\/wp-json\/wp\/v2\/media?parent=683"}],"wp:term":[{"taxonomy":"category","embeddable":true,"href":"https:\/\/www.swissoteltallinn.com\/fr\/wp-json\/wp\/v2\/categories?post=683"}],"curies":[{"name":"wp","href":"https:\/\/api.w.org\/{rel}","templated":true}]}}