{"id":681,"date":"2024-05-27T12:49:01","date_gmt":"2024-05-27T12:49:01","guid":{"rendered":"https:\/\/swissotel-tallinn.accorv2prod.decms.eu\/rooms-suites\/one-bedroom-suite\/"},"modified":"2024-11-17T16:32:20","modified_gmt":"2024-11-17T16:32:20","slug":"one-bedroom-suite","status":"publish","type":"page","link":"https:\/\/www.swissoteltallinn.com\/fr\/rooms-suites\/one-bedroom-suite\/","title":{"rendered":"SUITE \u00c0 UNE CHAMBRE"},"content":{"rendered":"<p style=\"text-align: center\"><span data-sheets-root=\"1\">Perch\u00e9es au dernier \u00e9tage du Swiss\u00f4tel Tallinn, nos suites \u00e0 une chambre offrent une retraite in\u00e9gal\u00e9e, semblable \u00e0 un \u00e9l\u00e9gant nid d&rsquo;aigle surplombant le quartier historique de Tallinn et la sereine mer Baltique. Moderne et sophistiqu\u00e9, le design de ces suites s&rsquo;harmonise pour cr\u00e9er un sanctuaire de tranquillit\u00e9 dans les espaces de vie et de repos. <\/span><\/p>\n<p style=\"text-align: center\"><span data-sheets-root=\"1\">La luxueuse salle de bains, \u00e9quip\u00e9e d&rsquo;une douche \u00e0 effet pluie et d&rsquo;une baignoire, offre un espace somptueux pour se ressourcer. Avec un minibar rempli d&rsquo;articles gratuits et des produits de toilette am\u00e9lior\u00e9s, nos suites \u00e0 une chambre promettent un s\u00e9jour indulgent con\u00e7u pour un confort et une relaxation supr\u00eames.<\/span><\/p>\n","protected":false},"excerpt":{"rendered":"<p>Perch\u00e9es au dernier \u00e9tage du Swiss\u00f4tel Tallinn, nos suites \u00e0 une chambre offrent une retraite in\u00e9gal\u00e9e, semblable \u00e0 un \u00e9l\u00e9gant nid d&rsquo;aigle surplombant le quartier historique de Tallinn et la sereine mer Baltique. Moderne et sophistiqu\u00e9, le design de ces suites s&rsquo;harmonise pour cr\u00e9er un sanctuaire de tranquillit\u00e9 dans les espaces de vie et de [&hellip;]<\/p>\n","protected":false},"author":98,"featured_media":0,"parent":656,"menu_order":0,"comment_status":"closed","ping_status":"closed","template":"template-room.php","meta":{"footnotes":""},"categories":[57],"class_list":["post-681","page","type-page","status-publish","hentry","category-one-bedroom-suite-fr"],"acf":[],"yoast_head":"<!-- This site is optimized with the Yoast SEO plugin v26.9 - https:\/\/yoast.com\/product\/yoast-seo-wordpress\/ -->\n<title>Abandonnez-vous \u00e0 la s\u00e9r\u00e9nit\u00e9\u00a0: Suites \u00e0 une chambre au Swiss\u00f4tel Tallinn<\/title>\n<meta name=\"description\" content=\"Profitez d&#039;une retraite in\u00e9gal\u00e9e dans nos suites \u00e0 une chambre, perch\u00e9es au dernier \u00e9tage du Swiss\u00f4tel Tallinn, offrant des vues panoramiques sur le centre historique de Tallinn et la mer Baltique. Un design moderne, des salles de bains somptueuses, un minibar gratuit et des produits de toilette am\u00e9lior\u00e9s garantissent un confort et une d\u00e9tente supr\u00eames.\" \/>\n<meta name=\"robots\" content=\"index, follow, max-snippet:-1, max-image-preview:large, max-video-preview:-1\" \/>\n<link rel=\"canonical\" href=\"https:\/\/www.swissoteltallinn.com\/fr\/rooms-suites\/one-bedroom-suite\/\" \/>\n<meta property=\"og:locale\" content=\"fr_FR\" \/>\n<meta property=\"og:type\" content=\"article\" \/>\n<meta property=\"og:title\" content=\"Abandonnez-vous \u00e0 la s\u00e9r\u00e9nit\u00e9\u00a0: Suites \u00e0 une chambre au Swiss\u00f4tel Tallinn\" \/>\n<meta property=\"og:description\" content=\"Profitez d&#039;une retraite in\u00e9gal\u00e9e dans nos suites \u00e0 une chambre, perch\u00e9es au dernier \u00e9tage du Swiss\u00f4tel Tallinn, offrant des vues panoramiques sur le centre historique de Tallinn et la mer Baltique. Un design moderne, des salles de bains somptueuses, un minibar gratuit et des produits de toilette am\u00e9lior\u00e9s garantissent un confort et une d\u00e9tente supr\u00eames.\" \/>\n<meta property=\"og:url\" content=\"https:\/\/www.swissoteltallinn.com\/fr\/rooms-suites\/one-bedroom-suite\/\" \/>\n<meta property=\"og:site_name\" content=\"Swissotel Tallinn\" \/>\n<meta property=\"article:publisher\" content=\"https:\/\/www.facebook.com\/SwissotelTallinn\" \/>\n<meta property=\"article:modified_time\" content=\"2024-11-17T16:32:20+00:00\" \/>\n<meta name=\"twitter:card\" content=\"summary_large_image\" \/>\n<meta name=\"twitter:label1\" content=\"Dur\u00e9e de lecture est.\" \/>\n\t<meta name=\"twitter:data1\" content=\"1 minute\" \/>\n<script type=\"application\/ld+json\" class=\"yoast-schema-graph\">{\"@context\":\"https:\/\/schema.org\",\"@graph\":[{\"@type\":\"WebPage\",\"@id\":\"https:\/\/www.swissoteltallinn.com\/fr\/rooms-suites\/one-bedroom-suite\/\",\"url\":\"https:\/\/www.swissoteltallinn.com\/fr\/rooms-suites\/one-bedroom-suite\/\",\"name\":\"Abandonnez-vous \u00e0 la s\u00e9r\u00e9nit\u00e9\u00a0: Suites \u00e0 une chambre au Swiss\u00f4tel Tallinn\",\"isPartOf\":{\"@id\":\"https:\/\/www.swissoteltallinn.com\/#website\"},\"datePublished\":\"2024-05-27T12:49:01+00:00\",\"dateModified\":\"2024-11-17T16:32:20+00:00\",\"description\":\"Profitez d'une retraite in\u00e9gal\u00e9e dans nos suites \u00e0 une chambre, perch\u00e9es au dernier \u00e9tage du Swiss\u00f4tel Tallinn, offrant des vues panoramiques sur le centre historique de Tallinn et la mer Baltique. Un design moderne, des salles de bains somptueuses, un minibar gratuit et des produits de toilette am\u00e9lior\u00e9s garantissent un confort et une d\u00e9tente supr\u00eames.\",\"breadcrumb\":{\"@id\":\"https:\/\/www.swissoteltallinn.com\/fr\/rooms-suites\/one-bedroom-suite\/#breadcrumb\"},\"inLanguage\":\"fr-FR\",\"potentialAction\":[{\"@type\":\"ReadAction\",\"target\":[\"https:\/\/www.swissoteltallinn.com\/fr\/rooms-suites\/one-bedroom-suite\/\"]}]},{\"@type\":\"BreadcrumbList\",\"@id\":\"https:\/\/www.swissoteltallinn.com\/fr\/rooms-suites\/one-bedroom-suite\/#breadcrumb\",\"itemListElement\":[{\"@type\":\"ListItem\",\"position\":1,\"name\":\"Home\",\"item\":\"https:\/\/www.swissoteltallinn.com\/fr\/\"},{\"@type\":\"ListItem\",\"position\":2,\"name\":\"CHAMBRES &amp; SUITES\",\"item\":\"https:\/\/www.swissoteltallinn.com\/fr\/rooms-suites\/\"},{\"@type\":\"ListItem\",\"position\":3,\"name\":\"SUITE \u00c0 UNE CHAMBRE\"}]},{\"@type\":\"WebSite\",\"@id\":\"https:\/\/www.swissoteltallinn.com\/#website\",\"url\":\"https:\/\/www.swissoteltallinn.com\/\",\"name\":\"Swissotel Tallinn\",\"description\":\"\",\"publisher\":{\"@id\":\"https:\/\/www.swissoteltallinn.com\/#organization\"},\"potentialAction\":[{\"@type\":\"SearchAction\",\"target\":{\"@type\":\"EntryPoint\",\"urlTemplate\":\"https:\/\/www.swissoteltallinn.com\/?s={search_term_string}\"},\"query-input\":{\"@type\":\"PropertyValueSpecification\",\"valueRequired\":true,\"valueName\":\"search_term_string\"}}],\"inLanguage\":\"fr-FR\"},{\"@type\":\"Organization\",\"@id\":\"https:\/\/www.swissoteltallinn.com\/#organization\",\"name\":\"Swissotel Tallinn\",\"url\":\"https:\/\/www.swissoteltallinn.com\/\",\"logo\":{\"@type\":\"ImageObject\",\"inLanguage\":\"fr-FR\",\"@id\":\"https:\/\/www.swissoteltallinn.com\/#\/schema\/logo\/image\/\",\"url\":\"https:\/\/www.swissoteltallinn.com\/wp-content\/uploads\/sites\/107\/2024\/07\/Swissotel-Tallinn-logo.jpg\",\"contentUrl\":\"https:\/\/www.swissoteltallinn.com\/wp-content\/uploads\/sites\/107\/2024\/07\/Swissotel-Tallinn-logo.jpg\",\"width\":1800,\"height\":379,\"caption\":\"Swissotel Tallinn\"},\"image\":{\"@id\":\"https:\/\/www.swissoteltallinn.com\/#\/schema\/logo\/image\/\"},\"sameAs\":[\"https:\/\/www.facebook.com\/SwissotelTallinn\",\"https:\/\/ee.linkedin.com\/company\/swiss-tel-tallinn-estonia\",\"https:\/\/www.youtube.com\/channel\/UC-SFkHuVOioVnEI78gVBQrg\",\"https:\/\/www.instagram.com\/swissoteltallinn\/\"]}]}<\/script>\n<!-- \/ Yoast SEO plugin. -->","yoast_head_json":{"title":"Abandonnez-vous \u00e0 la s\u00e9r\u00e9nit\u00e9\u00a0: Suites \u00e0 une chambre au Swiss\u00f4tel Tallinn","description":"Profitez d'une retraite in\u00e9gal\u00e9e dans nos suites \u00e0 une chambre, perch\u00e9es au dernier \u00e9tage du Swiss\u00f4tel Tallinn, offrant des vues panoramiques sur le centre historique de Tallinn et la mer Baltique. Un design moderne, des salles de bains somptueuses, un minibar gratuit et des produits de toilette am\u00e9lior\u00e9s garantissent un confort et une d\u00e9tente supr\u00eames.","robots":{"index":"index","follow":"follow","max-snippet":"max-snippet:-1","max-image-preview":"max-image-preview:large","max-video-preview":"max-video-preview:-1"},"canonical":"https:\/\/www.swissoteltallinn.com\/fr\/rooms-suites\/one-bedroom-suite\/","og_locale":"fr_FR","og_type":"article","og_title":"Abandonnez-vous \u00e0 la s\u00e9r\u00e9nit\u00e9\u00a0: Suites \u00e0 une chambre au Swiss\u00f4tel Tallinn","og_description":"Profitez d'une retraite in\u00e9gal\u00e9e dans nos suites \u00e0 une chambre, perch\u00e9es au dernier \u00e9tage du Swiss\u00f4tel Tallinn, offrant des vues panoramiques sur le centre historique de Tallinn et la mer Baltique. Un design moderne, des salles de bains somptueuses, un minibar gratuit et des produits de toilette am\u00e9lior\u00e9s garantissent un confort et une d\u00e9tente supr\u00eames.","og_url":"https:\/\/www.swissoteltallinn.com\/fr\/rooms-suites\/one-bedroom-suite\/","og_site_name":"Swissotel Tallinn","article_publisher":"https:\/\/www.facebook.com\/SwissotelTallinn","article_modified_time":"2024-11-17T16:32:20+00:00","twitter_card":"summary_large_image","twitter_misc":{"Dur\u00e9e de lecture est.":"1 minute"},"schema":{"@context":"https:\/\/schema.org","@graph":[{"@type":"WebPage","@id":"https:\/\/www.swissoteltallinn.com\/fr\/rooms-suites\/one-bedroom-suite\/","url":"https:\/\/www.swissoteltallinn.com\/fr\/rooms-suites\/one-bedroom-suite\/","name":"Abandonnez-vous \u00e0 la s\u00e9r\u00e9nit\u00e9\u00a0: Suites \u00e0 une chambre au Swiss\u00f4tel Tallinn","isPartOf":{"@id":"https:\/\/www.swissoteltallinn.com\/#website"},"datePublished":"2024-05-27T12:49:01+00:00","dateModified":"2024-11-17T16:32:20+00:00","description":"Profitez d'une retraite in\u00e9gal\u00e9e dans nos suites \u00e0 une chambre, perch\u00e9es au dernier \u00e9tage du Swiss\u00f4tel Tallinn, offrant des vues panoramiques sur le centre historique de Tallinn et la mer Baltique. Un design moderne, des salles de bains somptueuses, un minibar gratuit et des produits de toilette am\u00e9lior\u00e9s garantissent un confort et une d\u00e9tente supr\u00eames.","breadcrumb":{"@id":"https:\/\/www.swissoteltallinn.com\/fr\/rooms-suites\/one-bedroom-suite\/#breadcrumb"},"inLanguage":"fr-FR","potentialAction":[{"@type":"ReadAction","target":["https:\/\/www.swissoteltallinn.com\/fr\/rooms-suites\/one-bedroom-suite\/"]}]},{"@type":"BreadcrumbList","@id":"https:\/\/www.swissoteltallinn.com\/fr\/rooms-suites\/one-bedroom-suite\/#breadcrumb","itemListElement":[{"@type":"ListItem","position":1,"name":"Home","item":"https:\/\/www.swissoteltallinn.com\/fr\/"},{"@type":"ListItem","position":2,"name":"CHAMBRES &amp; SUITES","item":"https:\/\/www.swissoteltallinn.com\/fr\/rooms-suites\/"},{"@type":"ListItem","position":3,"name":"SUITE \u00c0 UNE CHAMBRE"}]},{"@type":"WebSite","@id":"https:\/\/www.swissoteltallinn.com\/#website","url":"https:\/\/www.swissoteltallinn.com\/","name":"Swissotel Tallinn","description":"","publisher":{"@id":"https:\/\/www.swissoteltallinn.com\/#organization"},"potentialAction":[{"@type":"SearchAction","target":{"@type":"EntryPoint","urlTemplate":"https:\/\/www.swissoteltallinn.com\/?s={search_term_string}"},"query-input":{"@type":"PropertyValueSpecification","valueRequired":true,"valueName":"search_term_string"}}],"inLanguage":"fr-FR"},{"@type":"Organization","@id":"https:\/\/www.swissoteltallinn.com\/#organization","name":"Swissotel Tallinn","url":"https:\/\/www.swissoteltallinn.com\/","logo":{"@type":"ImageObject","inLanguage":"fr-FR","@id":"https:\/\/www.swissoteltallinn.com\/#\/schema\/logo\/image\/","url":"https:\/\/www.swissoteltallinn.com\/wp-content\/uploads\/sites\/107\/2024\/07\/Swissotel-Tallinn-logo.jpg","contentUrl":"https:\/\/www.swissoteltallinn.com\/wp-content\/uploads\/sites\/107\/2024\/07\/Swissotel-Tallinn-logo.jpg","width":1800,"height":379,"caption":"Swissotel Tallinn"},"image":{"@id":"https:\/\/www.swissoteltallinn.com\/#\/schema\/logo\/image\/"},"sameAs":["https:\/\/www.facebook.com\/SwissotelTallinn","https:\/\/ee.linkedin.com\/company\/swiss-tel-tallinn-estonia","https:\/\/www.youtube.com\/channel\/UC-SFkHuVOioVnEI78gVBQrg","https:\/\/www.instagram.com\/swissoteltallinn\/"]}]}},"_links":{"self":[{"href":"https:\/\/www.swissoteltallinn.com\/fr\/wp-json\/wp\/v2\/pages\/681","targetHints":{"allow":["GET"]}}],"collection":[{"href":"https:\/\/www.swissoteltallinn.com\/fr\/wp-json\/wp\/v2\/pages"}],"about":[{"href":"https:\/\/www.swissoteltallinn.com\/fr\/wp-json\/wp\/v2\/types\/page"}],"author":[{"embeddable":true,"href":"https:\/\/www.swissoteltallinn.com\/fr\/wp-json\/wp\/v2\/users\/98"}],"replies":[{"embeddable":true,"href":"https:\/\/www.swissoteltallinn.com\/fr\/wp-json\/wp\/v2\/comments?post=681"}],"version-history":[{"count":0,"href":"https:\/\/www.swissoteltallinn.com\/fr\/wp-json\/wp\/v2\/pages\/681\/revisions"}],"up":[{"embeddable":true,"href":"https:\/\/www.swissoteltallinn.com\/fr\/wp-json\/wp\/v2\/pages\/656"}],"wp:attachment":[{"href":"https:\/\/www.swissoteltallinn.com\/fr\/wp-json\/wp\/v2\/media?parent=681"}],"wp:term":[{"taxonomy":"category","embeddable":true,"href":"https:\/\/www.swissoteltallinn.com\/fr\/wp-json\/wp\/v2\/categories?post=681"}],"curies":[{"name":"wp","href":"https:\/\/api.w.org\/{rel}","templated":true}]}}