{"id":667,"date":"2024-05-24T14:21:47","date_gmt":"2024-05-24T14:21:47","guid":{"rendered":"https:\/\/swissotel-tallinn.accorv2prod.decms.eu\/rooms-suites\/grand-room\/"},"modified":"2024-11-17T16:20:12","modified_gmt":"2024-11-17T16:20:12","slug":"grand-room","status":"publish","type":"page","link":"https:\/\/www.swissoteltallinn.com\/fr\/rooms-suites\/grand-room\/","title":{"rendered":"CHAMBRE GRAND"},"content":{"rendered":"<p style=\"text-align: center\"><span data-sheets-root=\"1\">D\u00e9couvrez la chambre Grand du Swiss\u00f4tel Tallinn, o\u00f9 l&rsquo;\u00e9l\u00e9gance et la fonctionnalit\u00e9 se rencontrent pour r\u00e9pondre aux besoins et aux d\u00e9sirs des voyageurs d&rsquo;affaires et d&rsquo;agr\u00e9ment. <\/span><\/p>\n<p style=\"text-align: center\"><span data-sheets-root=\"1\">Con\u00e7ues pour accueillir confortablement jusqu&rsquo;\u00e0 trois adultes, ces grandes chambres t\u00e9moignent d&rsquo;une conception bien pens\u00e9e, avec un mobilier \u00e0 la fois pratique et \u00e9l\u00e9gant comprenant un luxueux lit King-size, des si\u00e8ges confortables et un grand bureau de travail pour les besoins de productivit\u00e9. Le point fort de chaque chambre Grand est sa grande baie vitr\u00e9e allant du sol au plafond, qui offre une vue \u00e0 coupe le souffle sur la vieille ville de Tallinn, site du patrimoine mondial de l&rsquo;UNESCO, ou sur la sereine mer Baltique, garantissant ainsi un s\u00e9jour \u00e0 la fois m\u00e9morable et \u00e9poustouflant.<\/span><\/p>\n","protected":false},"excerpt":{"rendered":"<p>D\u00e9couvrez la chambre Grand du Swiss\u00f4tel Tallinn, o\u00f9 l&rsquo;\u00e9l\u00e9gance et la fonctionnalit\u00e9 se rencontrent pour r\u00e9pondre aux besoins et aux d\u00e9sirs des voyageurs d&rsquo;affaires et d&rsquo;agr\u00e9ment. Con\u00e7ues pour accueillir confortablement jusqu&rsquo;\u00e0 trois adultes, ces grandes chambres t\u00e9moignent d&rsquo;une conception bien pens\u00e9e, avec un mobilier \u00e0 la fois pratique et \u00e9l\u00e9gant comprenant un luxueux lit King-size, [&hellip;]<\/p>\n","protected":false},"author":98,"featured_media":0,"parent":656,"menu_order":0,"comment_status":"closed","ping_status":"closed","template":"template-room.php","meta":{"footnotes":""},"categories":[51],"class_list":["post-667","page","type-page","status-publish","hentry","category-grand-room-fr"],"acf":[],"yoast_head":"<!-- This site is optimized with the Yoast SEO plugin v26.9 - https:\/\/yoast.com\/product\/yoast-seo-wordpress\/ -->\n<title>D\u00e9couvrez l&#039;\u00e9l\u00e9gance de la chambre Grand du Swiss\u00f4tel Tallinn<\/title>\n<meta name=\"description\" content=\"D\u00e9couvrez l&#039;alliance parfaite de l&#039;\u00e9l\u00e9gance et de la fonctionnalit\u00e9 dans la chambre Grand du Swiss\u00f4tel Tallinn. Con\u00e7ue pour accueillir jusqu&#039;\u00e0 3 adultes, cette chambre dispose d&#039;\u00e9quipements luxueux et offre des vues \u00e0 couper le souffle sur la vieille ville de Tallinn ou sur la mer Baltique, garantissant ainsi un s\u00e9jour m\u00e9morable.\" \/>\n<meta name=\"robots\" content=\"index, follow, max-snippet:-1, max-image-preview:large, max-video-preview:-1\" \/>\n<link rel=\"canonical\" href=\"https:\/\/www.swissoteltallinn.com\/fr\/rooms-suites\/grand-room\/\" \/>\n<meta property=\"og:locale\" content=\"fr_FR\" \/>\n<meta property=\"og:type\" content=\"article\" \/>\n<meta property=\"og:title\" content=\"D\u00e9couvrez l&#039;\u00e9l\u00e9gance de la chambre Grand du Swiss\u00f4tel Tallinn\" \/>\n<meta property=\"og:description\" content=\"D\u00e9couvrez l&#039;alliance parfaite de l&#039;\u00e9l\u00e9gance et de la fonctionnalit\u00e9 dans la chambre Grand du Swiss\u00f4tel Tallinn. Con\u00e7ue pour accueillir jusqu&#039;\u00e0 3 adultes, cette chambre dispose d&#039;\u00e9quipements luxueux et offre des vues \u00e0 couper le souffle sur la vieille ville de Tallinn ou sur la mer Baltique, garantissant ainsi un s\u00e9jour m\u00e9morable.\" \/>\n<meta property=\"og:url\" content=\"https:\/\/www.swissoteltallinn.com\/fr\/rooms-suites\/grand-room\/\" \/>\n<meta property=\"og:site_name\" content=\"Swissotel Tallinn\" \/>\n<meta property=\"article:publisher\" content=\"https:\/\/www.facebook.com\/SwissotelTallinn\" \/>\n<meta property=\"article:modified_time\" content=\"2024-11-17T16:20:12+00:00\" \/>\n<meta name=\"twitter:card\" content=\"summary_large_image\" \/>\n<meta name=\"twitter:label1\" content=\"Dur\u00e9e de lecture est.\" \/>\n\t<meta name=\"twitter:data1\" content=\"1 minute\" \/>\n<script type=\"application\/ld+json\" class=\"yoast-schema-graph\">{\"@context\":\"https:\/\/schema.org\",\"@graph\":[{\"@type\":\"WebPage\",\"@id\":\"https:\/\/www.swissoteltallinn.com\/fr\/rooms-suites\/grand-room\/\",\"url\":\"https:\/\/www.swissoteltallinn.com\/fr\/rooms-suites\/grand-room\/\",\"name\":\"D\u00e9couvrez l'\u00e9l\u00e9gance de la chambre Grand du Swiss\u00f4tel Tallinn\",\"isPartOf\":{\"@id\":\"https:\/\/www.swissoteltallinn.com\/#website\"},\"datePublished\":\"2024-05-24T14:21:47+00:00\",\"dateModified\":\"2024-11-17T16:20:12+00:00\",\"description\":\"D\u00e9couvrez l'alliance parfaite de l'\u00e9l\u00e9gance et de la fonctionnalit\u00e9 dans la chambre Grand du Swiss\u00f4tel Tallinn. Con\u00e7ue pour accueillir jusqu'\u00e0 3 adultes, cette chambre dispose d'\u00e9quipements luxueux et offre des vues \u00e0 couper le souffle sur la vieille ville de Tallinn ou sur la mer Baltique, garantissant ainsi un s\u00e9jour m\u00e9morable.\",\"breadcrumb\":{\"@id\":\"https:\/\/www.swissoteltallinn.com\/fr\/rooms-suites\/grand-room\/#breadcrumb\"},\"inLanguage\":\"fr-FR\",\"potentialAction\":[{\"@type\":\"ReadAction\",\"target\":[\"https:\/\/www.swissoteltallinn.com\/fr\/rooms-suites\/grand-room\/\"]}]},{\"@type\":\"BreadcrumbList\",\"@id\":\"https:\/\/www.swissoteltallinn.com\/fr\/rooms-suites\/grand-room\/#breadcrumb\",\"itemListElement\":[{\"@type\":\"ListItem\",\"position\":1,\"name\":\"Home\",\"item\":\"https:\/\/www.swissoteltallinn.com\/fr\/\"},{\"@type\":\"ListItem\",\"position\":2,\"name\":\"CHAMBRES &amp; SUITES\",\"item\":\"https:\/\/www.swissoteltallinn.com\/fr\/rooms-suites\/\"},{\"@type\":\"ListItem\",\"position\":3,\"name\":\"CHAMBRE GRAND\"}]},{\"@type\":\"WebSite\",\"@id\":\"https:\/\/www.swissoteltallinn.com\/#website\",\"url\":\"https:\/\/www.swissoteltallinn.com\/\",\"name\":\"Swissotel Tallinn\",\"description\":\"\",\"publisher\":{\"@id\":\"https:\/\/www.swissoteltallinn.com\/#organization\"},\"potentialAction\":[{\"@type\":\"SearchAction\",\"target\":{\"@type\":\"EntryPoint\",\"urlTemplate\":\"https:\/\/www.swissoteltallinn.com\/?s={search_term_string}\"},\"query-input\":{\"@type\":\"PropertyValueSpecification\",\"valueRequired\":true,\"valueName\":\"search_term_string\"}}],\"inLanguage\":\"fr-FR\"},{\"@type\":\"Organization\",\"@id\":\"https:\/\/www.swissoteltallinn.com\/#organization\",\"name\":\"Swissotel Tallinn\",\"url\":\"https:\/\/www.swissoteltallinn.com\/\",\"logo\":{\"@type\":\"ImageObject\",\"inLanguage\":\"fr-FR\",\"@id\":\"https:\/\/www.swissoteltallinn.com\/#\/schema\/logo\/image\/\",\"url\":\"https:\/\/www.swissoteltallinn.com\/wp-content\/uploads\/sites\/107\/2024\/07\/Swissotel-Tallinn-logo.jpg\",\"contentUrl\":\"https:\/\/www.swissoteltallinn.com\/wp-content\/uploads\/sites\/107\/2024\/07\/Swissotel-Tallinn-logo.jpg\",\"width\":1800,\"height\":379,\"caption\":\"Swissotel Tallinn\"},\"image\":{\"@id\":\"https:\/\/www.swissoteltallinn.com\/#\/schema\/logo\/image\/\"},\"sameAs\":[\"https:\/\/www.facebook.com\/SwissotelTallinn\",\"https:\/\/ee.linkedin.com\/company\/swiss-tel-tallinn-estonia\",\"https:\/\/www.youtube.com\/channel\/UC-SFkHuVOioVnEI78gVBQrg\",\"https:\/\/www.instagram.com\/swissoteltallinn\/\"]}]}<\/script>\n<!-- \/ Yoast SEO plugin. -->","yoast_head_json":{"title":"D\u00e9couvrez l'\u00e9l\u00e9gance de la chambre Grand du Swiss\u00f4tel Tallinn","description":"D\u00e9couvrez l'alliance parfaite de l'\u00e9l\u00e9gance et de la fonctionnalit\u00e9 dans la chambre Grand du Swiss\u00f4tel Tallinn. Con\u00e7ue pour accueillir jusqu'\u00e0 3 adultes, cette chambre dispose d'\u00e9quipements luxueux et offre des vues \u00e0 couper le souffle sur la vieille ville de Tallinn ou sur la mer Baltique, garantissant ainsi un s\u00e9jour m\u00e9morable.","robots":{"index":"index","follow":"follow","max-snippet":"max-snippet:-1","max-image-preview":"max-image-preview:large","max-video-preview":"max-video-preview:-1"},"canonical":"https:\/\/www.swissoteltallinn.com\/fr\/rooms-suites\/grand-room\/","og_locale":"fr_FR","og_type":"article","og_title":"D\u00e9couvrez l'\u00e9l\u00e9gance de la chambre Grand du Swiss\u00f4tel Tallinn","og_description":"D\u00e9couvrez l'alliance parfaite de l'\u00e9l\u00e9gance et de la fonctionnalit\u00e9 dans la chambre Grand du Swiss\u00f4tel Tallinn. Con\u00e7ue pour accueillir jusqu'\u00e0 3 adultes, cette chambre dispose d'\u00e9quipements luxueux et offre des vues \u00e0 couper le souffle sur la vieille ville de Tallinn ou sur la mer Baltique, garantissant ainsi un s\u00e9jour m\u00e9morable.","og_url":"https:\/\/www.swissoteltallinn.com\/fr\/rooms-suites\/grand-room\/","og_site_name":"Swissotel Tallinn","article_publisher":"https:\/\/www.facebook.com\/SwissotelTallinn","article_modified_time":"2024-11-17T16:20:12+00:00","twitter_card":"summary_large_image","twitter_misc":{"Dur\u00e9e de lecture est.":"1 minute"},"schema":{"@context":"https:\/\/schema.org","@graph":[{"@type":"WebPage","@id":"https:\/\/www.swissoteltallinn.com\/fr\/rooms-suites\/grand-room\/","url":"https:\/\/www.swissoteltallinn.com\/fr\/rooms-suites\/grand-room\/","name":"D\u00e9couvrez l'\u00e9l\u00e9gance de la chambre Grand du Swiss\u00f4tel Tallinn","isPartOf":{"@id":"https:\/\/www.swissoteltallinn.com\/#website"},"datePublished":"2024-05-24T14:21:47+00:00","dateModified":"2024-11-17T16:20:12+00:00","description":"D\u00e9couvrez l'alliance parfaite de l'\u00e9l\u00e9gance et de la fonctionnalit\u00e9 dans la chambre Grand du Swiss\u00f4tel Tallinn. Con\u00e7ue pour accueillir jusqu'\u00e0 3 adultes, cette chambre dispose d'\u00e9quipements luxueux et offre des vues \u00e0 couper le souffle sur la vieille ville de Tallinn ou sur la mer Baltique, garantissant ainsi un s\u00e9jour m\u00e9morable.","breadcrumb":{"@id":"https:\/\/www.swissoteltallinn.com\/fr\/rooms-suites\/grand-room\/#breadcrumb"},"inLanguage":"fr-FR","potentialAction":[{"@type":"ReadAction","target":["https:\/\/www.swissoteltallinn.com\/fr\/rooms-suites\/grand-room\/"]}]},{"@type":"BreadcrumbList","@id":"https:\/\/www.swissoteltallinn.com\/fr\/rooms-suites\/grand-room\/#breadcrumb","itemListElement":[{"@type":"ListItem","position":1,"name":"Home","item":"https:\/\/www.swissoteltallinn.com\/fr\/"},{"@type":"ListItem","position":2,"name":"CHAMBRES &amp; SUITES","item":"https:\/\/www.swissoteltallinn.com\/fr\/rooms-suites\/"},{"@type":"ListItem","position":3,"name":"CHAMBRE GRAND"}]},{"@type":"WebSite","@id":"https:\/\/www.swissoteltallinn.com\/#website","url":"https:\/\/www.swissoteltallinn.com\/","name":"Swissotel Tallinn","description":"","publisher":{"@id":"https:\/\/www.swissoteltallinn.com\/#organization"},"potentialAction":[{"@type":"SearchAction","target":{"@type":"EntryPoint","urlTemplate":"https:\/\/www.swissoteltallinn.com\/?s={search_term_string}"},"query-input":{"@type":"PropertyValueSpecification","valueRequired":true,"valueName":"search_term_string"}}],"inLanguage":"fr-FR"},{"@type":"Organization","@id":"https:\/\/www.swissoteltallinn.com\/#organization","name":"Swissotel Tallinn","url":"https:\/\/www.swissoteltallinn.com\/","logo":{"@type":"ImageObject","inLanguage":"fr-FR","@id":"https:\/\/www.swissoteltallinn.com\/#\/schema\/logo\/image\/","url":"https:\/\/www.swissoteltallinn.com\/wp-content\/uploads\/sites\/107\/2024\/07\/Swissotel-Tallinn-logo.jpg","contentUrl":"https:\/\/www.swissoteltallinn.com\/wp-content\/uploads\/sites\/107\/2024\/07\/Swissotel-Tallinn-logo.jpg","width":1800,"height":379,"caption":"Swissotel Tallinn"},"image":{"@id":"https:\/\/www.swissoteltallinn.com\/#\/schema\/logo\/image\/"},"sameAs":["https:\/\/www.facebook.com\/SwissotelTallinn","https:\/\/ee.linkedin.com\/company\/swiss-tel-tallinn-estonia","https:\/\/www.youtube.com\/channel\/UC-SFkHuVOioVnEI78gVBQrg","https:\/\/www.instagram.com\/swissoteltallinn\/"]}]}},"_links":{"self":[{"href":"https:\/\/www.swissoteltallinn.com\/fr\/wp-json\/wp\/v2\/pages\/667","targetHints":{"allow":["GET"]}}],"collection":[{"href":"https:\/\/www.swissoteltallinn.com\/fr\/wp-json\/wp\/v2\/pages"}],"about":[{"href":"https:\/\/www.swissoteltallinn.com\/fr\/wp-json\/wp\/v2\/types\/page"}],"author":[{"embeddable":true,"href":"https:\/\/www.swissoteltallinn.com\/fr\/wp-json\/wp\/v2\/users\/98"}],"replies":[{"embeddable":true,"href":"https:\/\/www.swissoteltallinn.com\/fr\/wp-json\/wp\/v2\/comments?post=667"}],"version-history":[{"count":0,"href":"https:\/\/www.swissoteltallinn.com\/fr\/wp-json\/wp\/v2\/pages\/667\/revisions"}],"up":[{"embeddable":true,"href":"https:\/\/www.swissoteltallinn.com\/fr\/wp-json\/wp\/v2\/pages\/656"}],"wp:attachment":[{"href":"https:\/\/www.swissoteltallinn.com\/fr\/wp-json\/wp\/v2\/media?parent=667"}],"wp:term":[{"taxonomy":"category","embeddable":true,"href":"https:\/\/www.swissoteltallinn.com\/fr\/wp-json\/wp\/v2\/categories?post=667"}],"curies":[{"name":"wp","href":"https:\/\/api.w.org\/{rel}","templated":true}]}}