{"id":660,"date":"2024-05-24T14:01:35","date_gmt":"2024-05-24T14:01:35","guid":{"rendered":"https:\/\/swissotel-tallinn.accorv2prod.decms.eu\/rooms-suites\/swiss-advantage-room\/"},"modified":"2024-11-17T16:11:10","modified_gmt":"2024-11-17T16:11:10","slug":"swiss-advantage-room","status":"publish","type":"page","link":"https:\/\/www.swissoteltallinn.com\/fr\/rooms-suites\/swiss-advantage-room\/","title":{"rendered":"Chambre Swiss Advantage"},"content":{"rendered":"<p style=\"text-align: center\"><span data-sheets-root=\"1\">La chambre Swiss Advantage du Swiss\u00f4tel Tallinn est l&rsquo;exemple m\u00eame d&rsquo;un mode de vie sophistiqu\u00e9, alliant \u00e9l\u00e9gance intemporelle et \u00e9quipements contemporains. Avec ses couleurs apaisantes et ses parquets, elle offre un environnement spacieux m\u00ealant tranquillit\u00e9 et fonctionnalit\u00e9. <\/span><\/p>\n<p style=\"text-align: center\"><span data-sheets-root=\"1\">De grandes fen\u00eatres offrent une vue imprenable sur le port de Tallinn ou sur sa vieille ville historique, class\u00e9e au patrimoine mondial de l&rsquo;UNESCO. Vous pouvez choisir entre un lit King-size ou des lits jumeaux pour un repos optimal. Les \u00e9quipements comprennent un bureau spacieux, une chaise ergonomique, une machine \u00e0 expresso personnelle et une connexion WiFi gratuite, garantissant un s\u00e9jour alliant d\u00e9tente et productivit\u00e9.<\/span><\/p>\n","protected":false},"excerpt":{"rendered":"<p>La chambre Swiss Advantage du Swiss\u00f4tel Tallinn est l&rsquo;exemple m\u00eame d&rsquo;un mode de vie sophistiqu\u00e9, alliant \u00e9l\u00e9gance intemporelle et \u00e9quipements contemporains. Avec ses couleurs apaisantes et ses parquets, elle offre un environnement spacieux m\u00ealant tranquillit\u00e9 et fonctionnalit\u00e9. De grandes fen\u00eatres offrent une vue imprenable sur le port de Tallinn ou sur sa vieille ville historique, [&hellip;]<\/p>\n","protected":false},"author":98,"featured_media":0,"parent":656,"menu_order":0,"comment_status":"closed","ping_status":"closed","template":"template-room.php","meta":{"footnotes":""},"categories":[49],"class_list":["post-660","page","type-page","status-publish","hentry","category-advantage-room-fr"],"acf":[],"yoast_head":"<!-- This site is optimized with the Yoast SEO plugin v26.9 - https:\/\/yoast.com\/product\/yoast-seo-wordpress\/ -->\n<title>Faites l&#039;exp\u00e9rience de la tranquillit\u00e9 dans les chambres Swiss Advantage<\/title>\n<meta name=\"description\" content=\"D\u00e9couvrez un mode de vie sophistiqu\u00e9 dans les chambres Swiss Advantage du Swiss\u00f4tel Tallinn, qui allient \u00e9l\u00e9gance intemporelle et \u00e9quipements contemporains. Profitez de couleurs apaisantes, de vues imprenables et d&#039;un confort fonctionnel pour un s\u00e9jour \u00e9quilibr\u00e9.\" \/>\n<meta name=\"robots\" content=\"index, follow, max-snippet:-1, max-image-preview:large, max-video-preview:-1\" \/>\n<link rel=\"canonical\" href=\"https:\/\/www.swissoteltallinn.com\/fr\/rooms-suites\/swiss-advantage-room\/\" \/>\n<meta property=\"og:locale\" content=\"fr_FR\" \/>\n<meta property=\"og:type\" content=\"article\" \/>\n<meta property=\"og:title\" content=\"Faites l&#039;exp\u00e9rience de la tranquillit\u00e9 dans les chambres Swiss Advantage\" \/>\n<meta property=\"og:description\" content=\"D\u00e9couvrez un mode de vie sophistiqu\u00e9 dans les chambres Swiss Advantage du Swiss\u00f4tel Tallinn, qui allient \u00e9l\u00e9gance intemporelle et \u00e9quipements contemporains. Profitez de couleurs apaisantes, de vues imprenables et d&#039;un confort fonctionnel pour un s\u00e9jour \u00e9quilibr\u00e9.\" \/>\n<meta property=\"og:url\" content=\"https:\/\/www.swissoteltallinn.com\/fr\/rooms-suites\/swiss-advantage-room\/\" \/>\n<meta property=\"og:site_name\" content=\"Swissotel Tallinn\" \/>\n<meta property=\"article:publisher\" content=\"https:\/\/www.facebook.com\/SwissotelTallinn\" \/>\n<meta property=\"article:modified_time\" content=\"2024-11-17T16:11:10+00:00\" \/>\n<meta name=\"twitter:card\" content=\"summary_large_image\" \/>\n<meta name=\"twitter:label1\" content=\"Dur\u00e9e de lecture est.\" \/>\n\t<meta name=\"twitter:data1\" content=\"1 minute\" \/>\n<script type=\"application\/ld+json\" class=\"yoast-schema-graph\">{\"@context\":\"https:\/\/schema.org\",\"@graph\":[{\"@type\":\"WebPage\",\"@id\":\"https:\/\/www.swissoteltallinn.com\/fr\/rooms-suites\/swiss-advantage-room\/\",\"url\":\"https:\/\/www.swissoteltallinn.com\/fr\/rooms-suites\/swiss-advantage-room\/\",\"name\":\"Faites l'exp\u00e9rience de la tranquillit\u00e9 dans les chambres Swiss Advantage\",\"isPartOf\":{\"@id\":\"https:\/\/www.swissoteltallinn.com\/#website\"},\"datePublished\":\"2024-05-24T14:01:35+00:00\",\"dateModified\":\"2024-11-17T16:11:10+00:00\",\"description\":\"D\u00e9couvrez un mode de vie sophistiqu\u00e9 dans les chambres Swiss Advantage du Swiss\u00f4tel Tallinn, qui allient \u00e9l\u00e9gance intemporelle et \u00e9quipements contemporains. Profitez de couleurs apaisantes, de vues imprenables et d'un confort fonctionnel pour un s\u00e9jour \u00e9quilibr\u00e9.\",\"breadcrumb\":{\"@id\":\"https:\/\/www.swissoteltallinn.com\/fr\/rooms-suites\/swiss-advantage-room\/#breadcrumb\"},\"inLanguage\":\"fr-FR\",\"potentialAction\":[{\"@type\":\"ReadAction\",\"target\":[\"https:\/\/www.swissoteltallinn.com\/fr\/rooms-suites\/swiss-advantage-room\/\"]}]},{\"@type\":\"BreadcrumbList\",\"@id\":\"https:\/\/www.swissoteltallinn.com\/fr\/rooms-suites\/swiss-advantage-room\/#breadcrumb\",\"itemListElement\":[{\"@type\":\"ListItem\",\"position\":1,\"name\":\"Home\",\"item\":\"https:\/\/www.swissoteltallinn.com\/fr\/\"},{\"@type\":\"ListItem\",\"position\":2,\"name\":\"CHAMBRES &amp; SUITES\",\"item\":\"https:\/\/www.swissoteltallinn.com\/fr\/rooms-suites\/\"},{\"@type\":\"ListItem\",\"position\":3,\"name\":\"Chambre Swiss Advantage\"}]},{\"@type\":\"WebSite\",\"@id\":\"https:\/\/www.swissoteltallinn.com\/#website\",\"url\":\"https:\/\/www.swissoteltallinn.com\/\",\"name\":\"Swissotel Tallinn\",\"description\":\"\",\"publisher\":{\"@id\":\"https:\/\/www.swissoteltallinn.com\/#organization\"},\"potentialAction\":[{\"@type\":\"SearchAction\",\"target\":{\"@type\":\"EntryPoint\",\"urlTemplate\":\"https:\/\/www.swissoteltallinn.com\/?s={search_term_string}\"},\"query-input\":{\"@type\":\"PropertyValueSpecification\",\"valueRequired\":true,\"valueName\":\"search_term_string\"}}],\"inLanguage\":\"fr-FR\"},{\"@type\":\"Organization\",\"@id\":\"https:\/\/www.swissoteltallinn.com\/#organization\",\"name\":\"Swissotel Tallinn\",\"url\":\"https:\/\/www.swissoteltallinn.com\/\",\"logo\":{\"@type\":\"ImageObject\",\"inLanguage\":\"fr-FR\",\"@id\":\"https:\/\/www.swissoteltallinn.com\/#\/schema\/logo\/image\/\",\"url\":\"https:\/\/www.swissoteltallinn.com\/wp-content\/uploads\/sites\/107\/2024\/07\/Swissotel-Tallinn-logo.jpg\",\"contentUrl\":\"https:\/\/www.swissoteltallinn.com\/wp-content\/uploads\/sites\/107\/2024\/07\/Swissotel-Tallinn-logo.jpg\",\"width\":1800,\"height\":379,\"caption\":\"Swissotel Tallinn\"},\"image\":{\"@id\":\"https:\/\/www.swissoteltallinn.com\/#\/schema\/logo\/image\/\"},\"sameAs\":[\"https:\/\/www.facebook.com\/SwissotelTallinn\",\"https:\/\/ee.linkedin.com\/company\/swiss-tel-tallinn-estonia\",\"https:\/\/www.youtube.com\/channel\/UC-SFkHuVOioVnEI78gVBQrg\",\"https:\/\/www.instagram.com\/swissoteltallinn\/\"]}]}<\/script>\n<!-- \/ Yoast SEO plugin. -->","yoast_head_json":{"title":"Faites l'exp\u00e9rience de la tranquillit\u00e9 dans les chambres Swiss Advantage","description":"D\u00e9couvrez un mode de vie sophistiqu\u00e9 dans les chambres Swiss Advantage du Swiss\u00f4tel Tallinn, qui allient \u00e9l\u00e9gance intemporelle et \u00e9quipements contemporains. Profitez de couleurs apaisantes, de vues imprenables et d'un confort fonctionnel pour un s\u00e9jour \u00e9quilibr\u00e9.","robots":{"index":"index","follow":"follow","max-snippet":"max-snippet:-1","max-image-preview":"max-image-preview:large","max-video-preview":"max-video-preview:-1"},"canonical":"https:\/\/www.swissoteltallinn.com\/fr\/rooms-suites\/swiss-advantage-room\/","og_locale":"fr_FR","og_type":"article","og_title":"Faites l'exp\u00e9rience de la tranquillit\u00e9 dans les chambres Swiss Advantage","og_description":"D\u00e9couvrez un mode de vie sophistiqu\u00e9 dans les chambres Swiss Advantage du Swiss\u00f4tel Tallinn, qui allient \u00e9l\u00e9gance intemporelle et \u00e9quipements contemporains. Profitez de couleurs apaisantes, de vues imprenables et d'un confort fonctionnel pour un s\u00e9jour \u00e9quilibr\u00e9.","og_url":"https:\/\/www.swissoteltallinn.com\/fr\/rooms-suites\/swiss-advantage-room\/","og_site_name":"Swissotel Tallinn","article_publisher":"https:\/\/www.facebook.com\/SwissotelTallinn","article_modified_time":"2024-11-17T16:11:10+00:00","twitter_card":"summary_large_image","twitter_misc":{"Dur\u00e9e de lecture est.":"1 minute"},"schema":{"@context":"https:\/\/schema.org","@graph":[{"@type":"WebPage","@id":"https:\/\/www.swissoteltallinn.com\/fr\/rooms-suites\/swiss-advantage-room\/","url":"https:\/\/www.swissoteltallinn.com\/fr\/rooms-suites\/swiss-advantage-room\/","name":"Faites l'exp\u00e9rience de la tranquillit\u00e9 dans les chambres Swiss Advantage","isPartOf":{"@id":"https:\/\/www.swissoteltallinn.com\/#website"},"datePublished":"2024-05-24T14:01:35+00:00","dateModified":"2024-11-17T16:11:10+00:00","description":"D\u00e9couvrez un mode de vie sophistiqu\u00e9 dans les chambres Swiss Advantage du Swiss\u00f4tel Tallinn, qui allient \u00e9l\u00e9gance intemporelle et \u00e9quipements contemporains. Profitez de couleurs apaisantes, de vues imprenables et d'un confort fonctionnel pour un s\u00e9jour \u00e9quilibr\u00e9.","breadcrumb":{"@id":"https:\/\/www.swissoteltallinn.com\/fr\/rooms-suites\/swiss-advantage-room\/#breadcrumb"},"inLanguage":"fr-FR","potentialAction":[{"@type":"ReadAction","target":["https:\/\/www.swissoteltallinn.com\/fr\/rooms-suites\/swiss-advantage-room\/"]}]},{"@type":"BreadcrumbList","@id":"https:\/\/www.swissoteltallinn.com\/fr\/rooms-suites\/swiss-advantage-room\/#breadcrumb","itemListElement":[{"@type":"ListItem","position":1,"name":"Home","item":"https:\/\/www.swissoteltallinn.com\/fr\/"},{"@type":"ListItem","position":2,"name":"CHAMBRES &amp; SUITES","item":"https:\/\/www.swissoteltallinn.com\/fr\/rooms-suites\/"},{"@type":"ListItem","position":3,"name":"Chambre Swiss Advantage"}]},{"@type":"WebSite","@id":"https:\/\/www.swissoteltallinn.com\/#website","url":"https:\/\/www.swissoteltallinn.com\/","name":"Swissotel Tallinn","description":"","publisher":{"@id":"https:\/\/www.swissoteltallinn.com\/#organization"},"potentialAction":[{"@type":"SearchAction","target":{"@type":"EntryPoint","urlTemplate":"https:\/\/www.swissoteltallinn.com\/?s={search_term_string}"},"query-input":{"@type":"PropertyValueSpecification","valueRequired":true,"valueName":"search_term_string"}}],"inLanguage":"fr-FR"},{"@type":"Organization","@id":"https:\/\/www.swissoteltallinn.com\/#organization","name":"Swissotel Tallinn","url":"https:\/\/www.swissoteltallinn.com\/","logo":{"@type":"ImageObject","inLanguage":"fr-FR","@id":"https:\/\/www.swissoteltallinn.com\/#\/schema\/logo\/image\/","url":"https:\/\/www.swissoteltallinn.com\/wp-content\/uploads\/sites\/107\/2024\/07\/Swissotel-Tallinn-logo.jpg","contentUrl":"https:\/\/www.swissoteltallinn.com\/wp-content\/uploads\/sites\/107\/2024\/07\/Swissotel-Tallinn-logo.jpg","width":1800,"height":379,"caption":"Swissotel Tallinn"},"image":{"@id":"https:\/\/www.swissoteltallinn.com\/#\/schema\/logo\/image\/"},"sameAs":["https:\/\/www.facebook.com\/SwissotelTallinn","https:\/\/ee.linkedin.com\/company\/swiss-tel-tallinn-estonia","https:\/\/www.youtube.com\/channel\/UC-SFkHuVOioVnEI78gVBQrg","https:\/\/www.instagram.com\/swissoteltallinn\/"]}]}},"_links":{"self":[{"href":"https:\/\/www.swissoteltallinn.com\/fr\/wp-json\/wp\/v2\/pages\/660","targetHints":{"allow":["GET"]}}],"collection":[{"href":"https:\/\/www.swissoteltallinn.com\/fr\/wp-json\/wp\/v2\/pages"}],"about":[{"href":"https:\/\/www.swissoteltallinn.com\/fr\/wp-json\/wp\/v2\/types\/page"}],"author":[{"embeddable":true,"href":"https:\/\/www.swissoteltallinn.com\/fr\/wp-json\/wp\/v2\/users\/98"}],"replies":[{"embeddable":true,"href":"https:\/\/www.swissoteltallinn.com\/fr\/wp-json\/wp\/v2\/comments?post=660"}],"version-history":[{"count":0,"href":"https:\/\/www.swissoteltallinn.com\/fr\/wp-json\/wp\/v2\/pages\/660\/revisions"}],"up":[{"embeddable":true,"href":"https:\/\/www.swissoteltallinn.com\/fr\/wp-json\/wp\/v2\/pages\/656"}],"wp:attachment":[{"href":"https:\/\/www.swissoteltallinn.com\/fr\/wp-json\/wp\/v2\/media?parent=660"}],"wp:term":[{"taxonomy":"category","embeddable":true,"href":"https:\/\/www.swissoteltallinn.com\/fr\/wp-json\/wp\/v2\/categories?post=660"}],"curies":[{"name":"wp","href":"https:\/\/api.w.org\/{rel}","templated":true}]}}