{"id":656,"date":"2024-05-24T13:51:41","date_gmt":"2024-05-24T13:51:41","guid":{"rendered":"https:\/\/swissotel-tallinn.accorv2prod.decms.eu\/rooms-suites\/"},"modified":"2024-11-17T15:59:17","modified_gmt":"2024-11-17T15:59:17","slug":"rooms-suites","status":"publish","type":"page","link":"https:\/\/www.swissoteltallinn.com\/fr\/rooms-suites\/","title":{"rendered":"CHAMBRES &amp; SUITES"},"content":{"rendered":"<p style=\"text-align: center\"><span data-sheets-root=\"1\">D\u00e9couvrez le m\u00e9lange parfait de tradition et d&rsquo;innovation au Swiss\u00f4tel Tallinn, situ\u00e9 dans la dynamique capitale estonienne. Les chambres spacieuses et lumineuses de l&rsquo;h\u00f4tel offrent des \u00e9quipements contemporains et une vue imprenable sur la ville et la mer Baltique. Con\u00e7ues pour le confort et la productivit\u00e9, les chambres disposent de lits King-size, d&rsquo;un menu d&rsquo;oreillers, d&rsquo;espaces de travail ergonomiques et de luxueux produits de toilette P\u00fcrovel dans la salle de bains. Profitez du service en chambre, de salles de bains spacieuses et restez connect\u00e9 gr\u00e2ce au WiFi gratuit. Le Swiss\u00f4tel Tallinn est votre porte d&rsquo;entr\u00e9e pour explorer cette ville dynamique et vous offrir un s\u00e9jour inoubliable.<\/span><\/p>\n","protected":false},"excerpt":{"rendered":"<p>D\u00e9couvrez le m\u00e9lange parfait de tradition et d&rsquo;innovation au Swiss\u00f4tel Tallinn, situ\u00e9 dans la dynamique capitale estonienne. Les chambres spacieuses et lumineuses de l&rsquo;h\u00f4tel offrent des \u00e9quipements contemporains et une vue imprenable sur la ville et la mer Baltique. Con\u00e7ues pour le confort et la productivit\u00e9, les chambres disposent de lits King-size, d&rsquo;un menu d&rsquo;oreillers, [&hellip;]<\/p>\n","protected":false},"author":98,"featured_media":0,"parent":0,"menu_order":2,"comment_status":"closed","ping_status":"closed","template":"template-rooms.php","meta":{"footnotes":""},"categories":[],"class_list":["post-656","page","type-page","status-publish","hentry"],"acf":[],"yoast_head":"<!-- This site is optimized with the Yoast SEO plugin v26.9 - https:\/\/yoast.com\/product\/yoast-seo-wordpress\/ -->\n<title>Le Swiss\u00f4tel Tallinn offre des vues \u00e0 couper le souffle<\/title>\n<meta name=\"description\" content=\"Le Swiss\u00f4tel Tallinn, capitale dynamique de l&#039;Estonie, vous offre un s\u00e9jour inoubliable. Profitez d&#039;installations contemporaines, de vues imprenables sur la ville et la mer Baltique, de chambres spacieuses avec des lits King-size et d&#039;\u00e9quipements luxueux.\" \/>\n<meta name=\"robots\" content=\"index, follow, max-snippet:-1, max-image-preview:large, max-video-preview:-1\" \/>\n<link rel=\"canonical\" href=\"https:\/\/www.swissoteltallinn.com\/fr\/rooms-suites\/\" \/>\n<meta property=\"og:locale\" content=\"fr_FR\" \/>\n<meta property=\"og:type\" content=\"article\" \/>\n<meta property=\"og:title\" content=\"Le Swiss\u00f4tel Tallinn offre des vues \u00e0 couper le souffle\" \/>\n<meta property=\"og:description\" content=\"Le Swiss\u00f4tel Tallinn, capitale dynamique de l&#039;Estonie, vous offre un s\u00e9jour inoubliable. Profitez d&#039;installations contemporaines, de vues imprenables sur la ville et la mer Baltique, de chambres spacieuses avec des lits King-size et d&#039;\u00e9quipements luxueux.\" \/>\n<meta property=\"og:url\" content=\"https:\/\/www.swissoteltallinn.com\/fr\/rooms-suites\/\" \/>\n<meta property=\"og:site_name\" content=\"Swissotel Tallinn\" \/>\n<meta property=\"article:publisher\" content=\"https:\/\/www.facebook.com\/SwissotelTallinn\" \/>\n<meta property=\"article:modified_time\" content=\"2024-11-17T15:59:17+00:00\" \/>\n<meta name=\"twitter:card\" content=\"summary_large_image\" \/>\n<meta name=\"twitter:label1\" content=\"Dur\u00e9e de lecture est.\" \/>\n\t<meta name=\"twitter:data1\" content=\"1 minute\" \/>\n<script type=\"application\/ld+json\" class=\"yoast-schema-graph\">{\"@context\":\"https:\/\/schema.org\",\"@graph\":[{\"@type\":\"WebPage\",\"@id\":\"https:\/\/www.swissoteltallinn.com\/fr\/rooms-suites\/\",\"url\":\"https:\/\/www.swissoteltallinn.com\/fr\/rooms-suites\/\",\"name\":\"Le Swiss\u00f4tel Tallinn offre des vues \u00e0 couper le souffle\",\"isPartOf\":{\"@id\":\"https:\/\/www.swissoteltallinn.com\/#website\"},\"datePublished\":\"2024-05-24T13:51:41+00:00\",\"dateModified\":\"2024-11-17T15:59:17+00:00\",\"description\":\"Le Swiss\u00f4tel Tallinn, capitale dynamique de l'Estonie, vous offre un s\u00e9jour inoubliable. Profitez d'installations contemporaines, de vues imprenables sur la ville et la mer Baltique, de chambres spacieuses avec des lits King-size et d'\u00e9quipements luxueux.\",\"breadcrumb\":{\"@id\":\"https:\/\/www.swissoteltallinn.com\/fr\/rooms-suites\/#breadcrumb\"},\"inLanguage\":\"fr-FR\",\"potentialAction\":[{\"@type\":\"ReadAction\",\"target\":[\"https:\/\/www.swissoteltallinn.com\/fr\/rooms-suites\/\"]}]},{\"@type\":\"BreadcrumbList\",\"@id\":\"https:\/\/www.swissoteltallinn.com\/fr\/rooms-suites\/#breadcrumb\",\"itemListElement\":[{\"@type\":\"ListItem\",\"position\":1,\"name\":\"Home\",\"item\":\"https:\/\/www.swissoteltallinn.com\/fr\/\"},{\"@type\":\"ListItem\",\"position\":2,\"name\":\"CHAMBRES &amp; SUITES\"}]},{\"@type\":\"WebSite\",\"@id\":\"https:\/\/www.swissoteltallinn.com\/#website\",\"url\":\"https:\/\/www.swissoteltallinn.com\/\",\"name\":\"Swissotel Tallinn\",\"description\":\"\",\"publisher\":{\"@id\":\"https:\/\/www.swissoteltallinn.com\/#organization\"},\"potentialAction\":[{\"@type\":\"SearchAction\",\"target\":{\"@type\":\"EntryPoint\",\"urlTemplate\":\"https:\/\/www.swissoteltallinn.com\/?s={search_term_string}\"},\"query-input\":{\"@type\":\"PropertyValueSpecification\",\"valueRequired\":true,\"valueName\":\"search_term_string\"}}],\"inLanguage\":\"fr-FR\"},{\"@type\":\"Organization\",\"@id\":\"https:\/\/www.swissoteltallinn.com\/#organization\",\"name\":\"Swissotel Tallinn\",\"url\":\"https:\/\/www.swissoteltallinn.com\/\",\"logo\":{\"@type\":\"ImageObject\",\"inLanguage\":\"fr-FR\",\"@id\":\"https:\/\/www.swissoteltallinn.com\/#\/schema\/logo\/image\/\",\"url\":\"https:\/\/www.swissoteltallinn.com\/wp-content\/uploads\/sites\/107\/2024\/07\/Swissotel-Tallinn-logo.jpg\",\"contentUrl\":\"https:\/\/www.swissoteltallinn.com\/wp-content\/uploads\/sites\/107\/2024\/07\/Swissotel-Tallinn-logo.jpg\",\"width\":1800,\"height\":379,\"caption\":\"Swissotel Tallinn\"},\"image\":{\"@id\":\"https:\/\/www.swissoteltallinn.com\/#\/schema\/logo\/image\/\"},\"sameAs\":[\"https:\/\/www.facebook.com\/SwissotelTallinn\",\"https:\/\/ee.linkedin.com\/company\/swiss-tel-tallinn-estonia\",\"https:\/\/www.youtube.com\/channel\/UC-SFkHuVOioVnEI78gVBQrg\",\"https:\/\/www.instagram.com\/swissoteltallinn\/\"]}]}<\/script>\n<!-- \/ Yoast SEO plugin. -->","yoast_head_json":{"title":"Le Swiss\u00f4tel Tallinn offre des vues \u00e0 couper le souffle","description":"Le Swiss\u00f4tel Tallinn, capitale dynamique de l'Estonie, vous offre un s\u00e9jour inoubliable. Profitez d'installations contemporaines, de vues imprenables sur la ville et la mer Baltique, de chambres spacieuses avec des lits King-size et d'\u00e9quipements luxueux.","robots":{"index":"index","follow":"follow","max-snippet":"max-snippet:-1","max-image-preview":"max-image-preview:large","max-video-preview":"max-video-preview:-1"},"canonical":"https:\/\/www.swissoteltallinn.com\/fr\/rooms-suites\/","og_locale":"fr_FR","og_type":"article","og_title":"Le Swiss\u00f4tel Tallinn offre des vues \u00e0 couper le souffle","og_description":"Le Swiss\u00f4tel Tallinn, capitale dynamique de l'Estonie, vous offre un s\u00e9jour inoubliable. Profitez d'installations contemporaines, de vues imprenables sur la ville et la mer Baltique, de chambres spacieuses avec des lits King-size et d'\u00e9quipements luxueux.","og_url":"https:\/\/www.swissoteltallinn.com\/fr\/rooms-suites\/","og_site_name":"Swissotel Tallinn","article_publisher":"https:\/\/www.facebook.com\/SwissotelTallinn","article_modified_time":"2024-11-17T15:59:17+00:00","twitter_card":"summary_large_image","twitter_misc":{"Dur\u00e9e de lecture est.":"1 minute"},"schema":{"@context":"https:\/\/schema.org","@graph":[{"@type":"WebPage","@id":"https:\/\/www.swissoteltallinn.com\/fr\/rooms-suites\/","url":"https:\/\/www.swissoteltallinn.com\/fr\/rooms-suites\/","name":"Le Swiss\u00f4tel Tallinn offre des vues \u00e0 couper le souffle","isPartOf":{"@id":"https:\/\/www.swissoteltallinn.com\/#website"},"datePublished":"2024-05-24T13:51:41+00:00","dateModified":"2024-11-17T15:59:17+00:00","description":"Le Swiss\u00f4tel Tallinn, capitale dynamique de l'Estonie, vous offre un s\u00e9jour inoubliable. Profitez d'installations contemporaines, de vues imprenables sur la ville et la mer Baltique, de chambres spacieuses avec des lits King-size et d'\u00e9quipements luxueux.","breadcrumb":{"@id":"https:\/\/www.swissoteltallinn.com\/fr\/rooms-suites\/#breadcrumb"},"inLanguage":"fr-FR","potentialAction":[{"@type":"ReadAction","target":["https:\/\/www.swissoteltallinn.com\/fr\/rooms-suites\/"]}]},{"@type":"BreadcrumbList","@id":"https:\/\/www.swissoteltallinn.com\/fr\/rooms-suites\/#breadcrumb","itemListElement":[{"@type":"ListItem","position":1,"name":"Home","item":"https:\/\/www.swissoteltallinn.com\/fr\/"},{"@type":"ListItem","position":2,"name":"CHAMBRES &amp; SUITES"}]},{"@type":"WebSite","@id":"https:\/\/www.swissoteltallinn.com\/#website","url":"https:\/\/www.swissoteltallinn.com\/","name":"Swissotel Tallinn","description":"","publisher":{"@id":"https:\/\/www.swissoteltallinn.com\/#organization"},"potentialAction":[{"@type":"SearchAction","target":{"@type":"EntryPoint","urlTemplate":"https:\/\/www.swissoteltallinn.com\/?s={search_term_string}"},"query-input":{"@type":"PropertyValueSpecification","valueRequired":true,"valueName":"search_term_string"}}],"inLanguage":"fr-FR"},{"@type":"Organization","@id":"https:\/\/www.swissoteltallinn.com\/#organization","name":"Swissotel Tallinn","url":"https:\/\/www.swissoteltallinn.com\/","logo":{"@type":"ImageObject","inLanguage":"fr-FR","@id":"https:\/\/www.swissoteltallinn.com\/#\/schema\/logo\/image\/","url":"https:\/\/www.swissoteltallinn.com\/wp-content\/uploads\/sites\/107\/2024\/07\/Swissotel-Tallinn-logo.jpg","contentUrl":"https:\/\/www.swissoteltallinn.com\/wp-content\/uploads\/sites\/107\/2024\/07\/Swissotel-Tallinn-logo.jpg","width":1800,"height":379,"caption":"Swissotel Tallinn"},"image":{"@id":"https:\/\/www.swissoteltallinn.com\/#\/schema\/logo\/image\/"},"sameAs":["https:\/\/www.facebook.com\/SwissotelTallinn","https:\/\/ee.linkedin.com\/company\/swiss-tel-tallinn-estonia","https:\/\/www.youtube.com\/channel\/UC-SFkHuVOioVnEI78gVBQrg","https:\/\/www.instagram.com\/swissoteltallinn\/"]}]}},"_links":{"self":[{"href":"https:\/\/www.swissoteltallinn.com\/fr\/wp-json\/wp\/v2\/pages\/656","targetHints":{"allow":["GET"]}}],"collection":[{"href":"https:\/\/www.swissoteltallinn.com\/fr\/wp-json\/wp\/v2\/pages"}],"about":[{"href":"https:\/\/www.swissoteltallinn.com\/fr\/wp-json\/wp\/v2\/types\/page"}],"author":[{"embeddable":true,"href":"https:\/\/www.swissoteltallinn.com\/fr\/wp-json\/wp\/v2\/users\/98"}],"replies":[{"embeddable":true,"href":"https:\/\/www.swissoteltallinn.com\/fr\/wp-json\/wp\/v2\/comments?post=656"}],"version-history":[{"count":0,"href":"https:\/\/www.swissoteltallinn.com\/fr\/wp-json\/wp\/v2\/pages\/656\/revisions"}],"wp:attachment":[{"href":"https:\/\/www.swissoteltallinn.com\/fr\/wp-json\/wp\/v2\/media?parent=656"}],"wp:term":[{"taxonomy":"category","embeddable":true,"href":"https:\/\/www.swissoteltallinn.com\/fr\/wp-json\/wp\/v2\/categories?post=656"}],"curies":[{"name":"wp","href":"https:\/\/api.w.org\/{rel}","templated":true}]}}