{"id":649,"date":"2024-05-23T14:15:53","date_gmt":"2024-05-23T14:15:53","guid":{"rendered":"https:\/\/swissotel-tallinn.accorv2prod.decms.eu\/swissotel-tallinn\/"},"modified":"2024-11-17T15:54:27","modified_gmt":"2024-11-17T15:54:27","slug":"swissotel-tallinn","status":"publish","type":"page","link":"https:\/\/www.swissoteltallinn.com\/fr\/","title":{"rendered":"SWISS\u00d4TEL TALLINN"},"content":{"rendered":"<p style=\"text-align: center\">D\u00e9couvrez un raffinement in\u00e9gal\u00e9 au Swiss\u00f4tel Tallinn, le symbole du luxe en Estonie. Nich\u00e9 au c\u0153ur de la ville, notre h\u00f4tel offre des vues sublimes, une cuisine exquise au restaurant Horisont, class\u00e9 au guide Michelin, ainsi que le calme et serein spa et centre de sport P\u00fcrovel, le tout \u00e0 quelques pas de la vieille ville m\u00e9di\u00e9vale de Tallinn.<\/p>\n","protected":false},"excerpt":{"rendered":"<p>D\u00e9couvrez un raffinement in\u00e9gal\u00e9 au Swiss\u00f4tel Tallinn, le symbole du luxe en Estonie. Nich\u00e9 au c\u0153ur de la ville, notre h\u00f4tel offre des vues sublimes, une cuisine exquise au restaurant Horisont, class\u00e9 au guide Michelin, ainsi que le calme et serein spa et centre de sport P\u00fcrovel, le tout \u00e0 quelques pas de la vieille [&hellip;]<\/p>\n","protected":false},"author":98,"featured_media":0,"parent":0,"menu_order":1,"comment_status":"closed","ping_status":"closed","template":"","meta":{"footnotes":""},"categories":[],"class_list":["post-649","page","type-page","status-publish","hentry"],"acf":[],"yoast_head":"<!-- This site is optimized with the Yoast SEO plugin v26.9 - https:\/\/yoast.com\/product\/yoast-seo-wordpress\/ -->\n<title>Le Swiss\u00f4tel Tallinn vous accueille dans un cadre paisible et sophistiqu\u00e9<\/title>\n<meta name=\"description\" content=\"Immergez-vous dans la sophistication tranquille du Swiss\u00f4tel Tallinn, avec des vues sereines, la cuisine reconnue par le guide Michelin \u00e0 Horisont, &amp; ressourcez-vous au spa &amp; centre de sport P\u00fcrovel. Une retraite sereine au c\u0153ur de Tallinn.\" \/>\n<meta name=\"robots\" content=\"index, follow, max-snippet:-1, max-image-preview:large, max-video-preview:-1\" \/>\n<link rel=\"canonical\" href=\"https:\/\/www.swissoteltallinn.com\/fr\/\" \/>\n<meta property=\"og:locale\" content=\"fr_FR\" \/>\n<meta property=\"og:type\" content=\"article\" \/>\n<meta property=\"og:title\" content=\"Le Swiss\u00f4tel Tallinn vous accueille dans un cadre paisible et sophistiqu\u00e9\" \/>\n<meta property=\"og:description\" content=\"Immergez-vous dans la sophistication tranquille du Swiss\u00f4tel Tallinn, avec des vues sereines, la cuisine reconnue par le guide Michelin \u00e0 Horisont, &amp; ressourcez-vous au spa &amp; centre de sport P\u00fcrovel. Une retraite sereine au c\u0153ur de Tallinn.\" \/>\n<meta property=\"og:url\" content=\"https:\/\/www.swissoteltallinn.com\/fr\/\" \/>\n<meta property=\"og:site_name\" content=\"Swissotel Tallinn\" \/>\n<meta property=\"article:publisher\" content=\"https:\/\/www.facebook.com\/SwissotelTallinn\" \/>\n<meta property=\"article:modified_time\" content=\"2024-11-17T15:54:27+00:00\" \/>\n<meta name=\"twitter:card\" content=\"summary_large_image\" \/>\n<meta name=\"twitter:label1\" content=\"Dur\u00e9e de lecture est.\" \/>\n\t<meta name=\"twitter:data1\" content=\"1 minute\" \/>\n<script type=\"application\/ld+json\" class=\"yoast-schema-graph\">{\"@context\":\"https:\/\/schema.org\",\"@graph\":[{\"@type\":\"WebPage\",\"@id\":\"https:\/\/www.swissoteltallinn.com\/fr\/\",\"url\":\"https:\/\/www.swissoteltallinn.com\/fr\/\",\"name\":\"Le Swiss\u00f4tel Tallinn vous accueille dans un cadre paisible et sophistiqu\u00e9\",\"isPartOf\":{\"@id\":\"https:\/\/www.swissoteltallinn.com\/#website\"},\"datePublished\":\"2024-05-23T14:15:53+00:00\",\"dateModified\":\"2024-11-17T15:54:27+00:00\",\"description\":\"Immergez-vous dans la sophistication tranquille du Swiss\u00f4tel Tallinn, avec des vues sereines, la cuisine reconnue par le guide Michelin \u00e0 Horisont, & ressourcez-vous au spa & centre de sport P\u00fcrovel. Une retraite sereine au c\u0153ur de Tallinn.\",\"breadcrumb\":{\"@id\":\"https:\/\/www.swissoteltallinn.com\/fr\/#breadcrumb\"},\"inLanguage\":\"fr-FR\",\"potentialAction\":[{\"@type\":\"ReadAction\",\"target\":[\"https:\/\/www.swissoteltallinn.com\/fr\/\"]}]},{\"@type\":\"BreadcrumbList\",\"@id\":\"https:\/\/www.swissoteltallinn.com\/fr\/#breadcrumb\",\"itemListElement\":[{\"@type\":\"ListItem\",\"position\":1,\"name\":\"Home\",\"item\":\"https:\/\/www.swissoteltallinn.com\/fr\/\"},{\"@type\":\"ListItem\",\"position\":2,\"name\":\"SWISS\u00d4TEL TALLINN\"}]},{\"@type\":\"WebSite\",\"@id\":\"https:\/\/www.swissoteltallinn.com\/#website\",\"url\":\"https:\/\/www.swissoteltallinn.com\/\",\"name\":\"Swissotel Tallinn\",\"description\":\"\",\"publisher\":{\"@id\":\"https:\/\/www.swissoteltallinn.com\/#organization\"},\"potentialAction\":[{\"@type\":\"SearchAction\",\"target\":{\"@type\":\"EntryPoint\",\"urlTemplate\":\"https:\/\/www.swissoteltallinn.com\/?s={search_term_string}\"},\"query-input\":{\"@type\":\"PropertyValueSpecification\",\"valueRequired\":true,\"valueName\":\"search_term_string\"}}],\"inLanguage\":\"fr-FR\"},{\"@type\":\"Organization\",\"@id\":\"https:\/\/www.swissoteltallinn.com\/#organization\",\"name\":\"Swissotel Tallinn\",\"url\":\"https:\/\/www.swissoteltallinn.com\/\",\"logo\":{\"@type\":\"ImageObject\",\"inLanguage\":\"fr-FR\",\"@id\":\"https:\/\/www.swissoteltallinn.com\/#\/schema\/logo\/image\/\",\"url\":\"https:\/\/www.swissoteltallinn.com\/wp-content\/uploads\/sites\/107\/2024\/07\/Swissotel-Tallinn-logo.jpg\",\"contentUrl\":\"https:\/\/www.swissoteltallinn.com\/wp-content\/uploads\/sites\/107\/2024\/07\/Swissotel-Tallinn-logo.jpg\",\"width\":1800,\"height\":379,\"caption\":\"Swissotel Tallinn\"},\"image\":{\"@id\":\"https:\/\/www.swissoteltallinn.com\/#\/schema\/logo\/image\/\"},\"sameAs\":[\"https:\/\/www.facebook.com\/SwissotelTallinn\",\"https:\/\/ee.linkedin.com\/company\/swiss-tel-tallinn-estonia\",\"https:\/\/www.youtube.com\/channel\/UC-SFkHuVOioVnEI78gVBQrg\",\"https:\/\/www.instagram.com\/swissoteltallinn\/\"]}]}<\/script>\n<!-- \/ Yoast SEO plugin. -->","yoast_head_json":{"title":"Le Swiss\u00f4tel Tallinn vous accueille dans un cadre paisible et sophistiqu\u00e9","description":"Immergez-vous dans la sophistication tranquille du Swiss\u00f4tel Tallinn, avec des vues sereines, la cuisine reconnue par le guide Michelin \u00e0 Horisont, & ressourcez-vous au spa & centre de sport P\u00fcrovel. Une retraite sereine au c\u0153ur de Tallinn.","robots":{"index":"index","follow":"follow","max-snippet":"max-snippet:-1","max-image-preview":"max-image-preview:large","max-video-preview":"max-video-preview:-1"},"canonical":"https:\/\/www.swissoteltallinn.com\/fr\/","og_locale":"fr_FR","og_type":"article","og_title":"Le Swiss\u00f4tel Tallinn vous accueille dans un cadre paisible et sophistiqu\u00e9","og_description":"Immergez-vous dans la sophistication tranquille du Swiss\u00f4tel Tallinn, avec des vues sereines, la cuisine reconnue par le guide Michelin \u00e0 Horisont, & ressourcez-vous au spa & centre de sport P\u00fcrovel. Une retraite sereine au c\u0153ur de Tallinn.","og_url":"https:\/\/www.swissoteltallinn.com\/fr\/","og_site_name":"Swissotel Tallinn","article_publisher":"https:\/\/www.facebook.com\/SwissotelTallinn","article_modified_time":"2024-11-17T15:54:27+00:00","twitter_card":"summary_large_image","twitter_misc":{"Dur\u00e9e de lecture est.":"1 minute"},"schema":{"@context":"https:\/\/schema.org","@graph":[{"@type":"WebPage","@id":"https:\/\/www.swissoteltallinn.com\/fr\/","url":"https:\/\/www.swissoteltallinn.com\/fr\/","name":"Le Swiss\u00f4tel Tallinn vous accueille dans un cadre paisible et sophistiqu\u00e9","isPartOf":{"@id":"https:\/\/www.swissoteltallinn.com\/#website"},"datePublished":"2024-05-23T14:15:53+00:00","dateModified":"2024-11-17T15:54:27+00:00","description":"Immergez-vous dans la sophistication tranquille du Swiss\u00f4tel Tallinn, avec des vues sereines, la cuisine reconnue par le guide Michelin \u00e0 Horisont, & ressourcez-vous au spa & centre de sport P\u00fcrovel. Une retraite sereine au c\u0153ur de Tallinn.","breadcrumb":{"@id":"https:\/\/www.swissoteltallinn.com\/fr\/#breadcrumb"},"inLanguage":"fr-FR","potentialAction":[{"@type":"ReadAction","target":["https:\/\/www.swissoteltallinn.com\/fr\/"]}]},{"@type":"BreadcrumbList","@id":"https:\/\/www.swissoteltallinn.com\/fr\/#breadcrumb","itemListElement":[{"@type":"ListItem","position":1,"name":"Home","item":"https:\/\/www.swissoteltallinn.com\/fr\/"},{"@type":"ListItem","position":2,"name":"SWISS\u00d4TEL TALLINN"}]},{"@type":"WebSite","@id":"https:\/\/www.swissoteltallinn.com\/#website","url":"https:\/\/www.swissoteltallinn.com\/","name":"Swissotel Tallinn","description":"","publisher":{"@id":"https:\/\/www.swissoteltallinn.com\/#organization"},"potentialAction":[{"@type":"SearchAction","target":{"@type":"EntryPoint","urlTemplate":"https:\/\/www.swissoteltallinn.com\/?s={search_term_string}"},"query-input":{"@type":"PropertyValueSpecification","valueRequired":true,"valueName":"search_term_string"}}],"inLanguage":"fr-FR"},{"@type":"Organization","@id":"https:\/\/www.swissoteltallinn.com\/#organization","name":"Swissotel Tallinn","url":"https:\/\/www.swissoteltallinn.com\/","logo":{"@type":"ImageObject","inLanguage":"fr-FR","@id":"https:\/\/www.swissoteltallinn.com\/#\/schema\/logo\/image\/","url":"https:\/\/www.swissoteltallinn.com\/wp-content\/uploads\/sites\/107\/2024\/07\/Swissotel-Tallinn-logo.jpg","contentUrl":"https:\/\/www.swissoteltallinn.com\/wp-content\/uploads\/sites\/107\/2024\/07\/Swissotel-Tallinn-logo.jpg","width":1800,"height":379,"caption":"Swissotel Tallinn"},"image":{"@id":"https:\/\/www.swissoteltallinn.com\/#\/schema\/logo\/image\/"},"sameAs":["https:\/\/www.facebook.com\/SwissotelTallinn","https:\/\/ee.linkedin.com\/company\/swiss-tel-tallinn-estonia","https:\/\/www.youtube.com\/channel\/UC-SFkHuVOioVnEI78gVBQrg","https:\/\/www.instagram.com\/swissoteltallinn\/"]}]}},"_links":{"self":[{"href":"https:\/\/www.swissoteltallinn.com\/fr\/wp-json\/wp\/v2\/pages\/649","targetHints":{"allow":["GET"]}}],"collection":[{"href":"https:\/\/www.swissoteltallinn.com\/fr\/wp-json\/wp\/v2\/pages"}],"about":[{"href":"https:\/\/www.swissoteltallinn.com\/fr\/wp-json\/wp\/v2\/types\/page"}],"author":[{"embeddable":true,"href":"https:\/\/www.swissoteltallinn.com\/fr\/wp-json\/wp\/v2\/users\/98"}],"replies":[{"embeddable":true,"href":"https:\/\/www.swissoteltallinn.com\/fr\/wp-json\/wp\/v2\/comments?post=649"}],"version-history":[{"count":0,"href":"https:\/\/www.swissoteltallinn.com\/fr\/wp-json\/wp\/v2\/pages\/649\/revisions"}],"wp:attachment":[{"href":"https:\/\/www.swissoteltallinn.com\/fr\/wp-json\/wp\/v2\/media?parent=649"}],"wp:term":[{"taxonomy":"category","embeddable":true,"href":"https:\/\/www.swissoteltallinn.com\/fr\/wp-json\/wp\/v2\/categories?post=649"}],"curies":[{"name":"wp","href":"https:\/\/api.w.org\/{rel}","templated":true}]}}