{"id":760,"date":"2024-06-05T14:29:22","date_gmt":"2024-06-05T14:29:22","guid":{"rendered":"https:\/\/swissotel-tallinn.accorv2prod.decms.eu\/conference-center\/"},"modified":"2024-11-22T14:02:42","modified_gmt":"2024-11-22T14:02:42","slug":"conference-center","status":"publish","type":"page","link":"https:\/\/www.swissoteltallinn.com\/fi\/conference-center\/","title":{"rendered":"Konferenssikeskus"},"content":{"rendered":"<p style=\"text-align: center;\"><span data-sheets-root=\"1\">J\u00e4rjest\u00e4mme erilaiset tapahtumat taidolla aina korkean turvallisuustason kokouksista suuriin konferensseihin ja juhlatilaisuuksiin. Muunneltavat tilamme sopivat juhlaviin tilaisuuksiin, kuten gaaloihin ja juhlap\u00e4ivien viettoon, ja luovat unohtumattoman tunnelman tilaisuudellesi sen koosta ja teemasta riippumatta. <\/span><\/p>\n<p style=\"text-align: center;\"><span data-sheets-root=\"1\">Ammattitaitoinen keitti\u00f6mme laatii kuratoidut menut, jotka ilahduttavat varmasti kaikkia vieraita ja tekev\u00e4t jokaisesta tilaisuudesta mieliinpainuvan.<\/span><\/p>\n<p style=\"text-align: center;\"><strong>Ota yhteytt\u00e4 : <a href=\"mailto:events.tallinn@swissotel.com\" target=\"_blank\" rel=\"noopener\">events.tallinn@swissotel.com<\/a><\/strong><\/p>\n<p style=\"text-align: center;\"><strong>Puhelinnumero :<\/strong> +372 624 2446<\/p>\n","protected":false},"excerpt":{"rendered":"<p>J\u00e4rjest\u00e4mme erilaiset tapahtumat taidolla aina korkean turvallisuustason kokouksista suuriin konferensseihin ja juhlatilaisuuksiin. Muunneltavat tilamme sopivat juhlaviin tilaisuuksiin, kuten gaaloihin ja juhlap\u00e4ivien viettoon, ja luovat unohtumattoman tunnelman tilaisuudellesi sen koosta ja teemasta riippumatta. Ammattitaitoinen keitti\u00f6mme laatii kuratoidut menut, jotka ilahduttavat varmasti kaikkia vieraita ja tekev\u00e4t jokaisesta tilaisuudesta mieliinpainuvan. Ota yhteytt\u00e4 : events.tallinn@swissotel.com Puhelinnumero : +372 624 [&hellip;]<\/p>\n","protected":false},"author":98,"featured_media":0,"parent":0,"menu_order":5,"comment_status":"closed","ping_status":"closed","template":"template-meetings.php","meta":{"footnotes":""},"categories":[],"class_list":["post-760","page","type-page","status-publish","hentry"],"acf":[],"yoast_head":"<!-- This site is optimized with the Yoast SEO plugin v26.9 - https:\/\/yoast.com\/product\/yoast-seo-wordpress\/ -->\n<title>Swissotel Tallinnan konferenssikeskus<\/title>\n<meta name=\"description\" content=\"J\u00e4rjest\u00e4 erilaiset tapahtumat helposti meill\u00e4. Muunneltavat tilamme sopivat yht\u00e4 lailla korkean turvallisuustason kokouksiin kuin suuriin konferensseihin ja juhlatilaisuuksiin.\" \/>\n<meta name=\"robots\" content=\"index, follow, max-snippet:-1, max-image-preview:large, max-video-preview:-1\" \/>\n<link rel=\"canonical\" href=\"https:\/\/www.swissoteltallinn.com\/fi\/conference-center\/\" \/>\n<meta property=\"og:locale\" content=\"fi_FI\" \/>\n<meta property=\"og:type\" content=\"article\" \/>\n<meta property=\"og:title\" content=\"Swissotel Tallinnan konferenssikeskus\" \/>\n<meta property=\"og:description\" content=\"J\u00e4rjest\u00e4 erilaiset tapahtumat helposti meill\u00e4. Muunneltavat tilamme sopivat yht\u00e4 lailla korkean turvallisuustason kokouksiin kuin suuriin konferensseihin ja juhlatilaisuuksiin.\" \/>\n<meta property=\"og:url\" content=\"https:\/\/www.swissoteltallinn.com\/fi\/conference-center\/\" \/>\n<meta property=\"og:site_name\" content=\"Swissotel Tallinn\" \/>\n<meta property=\"article:publisher\" content=\"https:\/\/www.facebook.com\/SwissotelTallinn\" \/>\n<meta property=\"article:modified_time\" content=\"2024-11-22T14:02:42+00:00\" \/>\n<meta name=\"twitter:card\" content=\"summary_large_image\" \/>\n<meta name=\"twitter:label1\" content=\"Est. reading time\" \/>\n\t<meta name=\"twitter:data1\" content=\"1 minuutti\" \/>\n<script type=\"application\/ld+json\" class=\"yoast-schema-graph\">{\"@context\":\"https:\/\/schema.org\",\"@graph\":[{\"@type\":\"WebPage\",\"@id\":\"https:\/\/www.swissoteltallinn.com\/fi\/conference-center\/\",\"url\":\"https:\/\/www.swissoteltallinn.com\/fi\/conference-center\/\",\"name\":\"Swissotel Tallinnan konferenssikeskus\",\"isPartOf\":{\"@id\":\"https:\/\/www.swissoteltallinn.com\/#website\"},\"datePublished\":\"2024-06-05T14:29:22+00:00\",\"dateModified\":\"2024-11-22T14:02:42+00:00\",\"description\":\"J\u00e4rjest\u00e4 erilaiset tapahtumat helposti meill\u00e4. Muunneltavat tilamme sopivat yht\u00e4 lailla korkean turvallisuustason kokouksiin kuin suuriin konferensseihin ja juhlatilaisuuksiin.\",\"breadcrumb\":{\"@id\":\"https:\/\/www.swissoteltallinn.com\/fi\/conference-center\/#breadcrumb\"},\"inLanguage\":\"fi\",\"potentialAction\":[{\"@type\":\"ReadAction\",\"target\":[\"https:\/\/www.swissoteltallinn.com\/fi\/conference-center\/\"]}]},{\"@type\":\"BreadcrumbList\",\"@id\":\"https:\/\/www.swissoteltallinn.com\/fi\/conference-center\/#breadcrumb\",\"itemListElement\":[{\"@type\":\"ListItem\",\"position\":1,\"name\":\"Home\",\"item\":\"https:\/\/www.swissoteltallinn.com\/fi\/\"},{\"@type\":\"ListItem\",\"position\":2,\"name\":\"Konferenssikeskus\"}]},{\"@type\":\"WebSite\",\"@id\":\"https:\/\/www.swissoteltallinn.com\/#website\",\"url\":\"https:\/\/www.swissoteltallinn.com\/\",\"name\":\"Swissotel Tallinn\",\"description\":\"\",\"publisher\":{\"@id\":\"https:\/\/www.swissoteltallinn.com\/#organization\"},\"potentialAction\":[{\"@type\":\"SearchAction\",\"target\":{\"@type\":\"EntryPoint\",\"urlTemplate\":\"https:\/\/www.swissoteltallinn.com\/?s={search_term_string}\"},\"query-input\":{\"@type\":\"PropertyValueSpecification\",\"valueRequired\":true,\"valueName\":\"search_term_string\"}}],\"inLanguage\":\"fi\"},{\"@type\":\"Organization\",\"@id\":\"https:\/\/www.swissoteltallinn.com\/#organization\",\"name\":\"Swissotel Tallinn\",\"url\":\"https:\/\/www.swissoteltallinn.com\/\",\"logo\":{\"@type\":\"ImageObject\",\"inLanguage\":\"fi\",\"@id\":\"https:\/\/www.swissoteltallinn.com\/#\/schema\/logo\/image\/\",\"url\":\"https:\/\/www.swissoteltallinn.com\/wp-content\/uploads\/sites\/107\/2024\/07\/Swissotel-Tallinn-logo.jpg\",\"contentUrl\":\"https:\/\/www.swissoteltallinn.com\/wp-content\/uploads\/sites\/107\/2024\/07\/Swissotel-Tallinn-logo.jpg\",\"width\":1800,\"height\":379,\"caption\":\"Swissotel Tallinn\"},\"image\":{\"@id\":\"https:\/\/www.swissoteltallinn.com\/#\/schema\/logo\/image\/\"},\"sameAs\":[\"https:\/\/www.facebook.com\/SwissotelTallinn\",\"https:\/\/ee.linkedin.com\/company\/swiss-tel-tallinn-estonia\",\"https:\/\/www.youtube.com\/channel\/UC-SFkHuVOioVnEI78gVBQrg\",\"https:\/\/www.instagram.com\/swissoteltallinn\/\"]}]}<\/script>\n<!-- \/ Yoast SEO plugin. -->","yoast_head_json":{"title":"Swissotel Tallinnan konferenssikeskus","description":"J\u00e4rjest\u00e4 erilaiset tapahtumat helposti meill\u00e4. Muunneltavat tilamme sopivat yht\u00e4 lailla korkean turvallisuustason kokouksiin kuin suuriin konferensseihin ja juhlatilaisuuksiin.","robots":{"index":"index","follow":"follow","max-snippet":"max-snippet:-1","max-image-preview":"max-image-preview:large","max-video-preview":"max-video-preview:-1"},"canonical":"https:\/\/www.swissoteltallinn.com\/fi\/conference-center\/","og_locale":"fi_FI","og_type":"article","og_title":"Swissotel Tallinnan konferenssikeskus","og_description":"J\u00e4rjest\u00e4 erilaiset tapahtumat helposti meill\u00e4. Muunneltavat tilamme sopivat yht\u00e4 lailla korkean turvallisuustason kokouksiin kuin suuriin konferensseihin ja juhlatilaisuuksiin.","og_url":"https:\/\/www.swissoteltallinn.com\/fi\/conference-center\/","og_site_name":"Swissotel Tallinn","article_publisher":"https:\/\/www.facebook.com\/SwissotelTallinn","article_modified_time":"2024-11-22T14:02:42+00:00","twitter_card":"summary_large_image","twitter_misc":{"Est. reading time":"1 minuutti"},"schema":{"@context":"https:\/\/schema.org","@graph":[{"@type":"WebPage","@id":"https:\/\/www.swissoteltallinn.com\/fi\/conference-center\/","url":"https:\/\/www.swissoteltallinn.com\/fi\/conference-center\/","name":"Swissotel Tallinnan konferenssikeskus","isPartOf":{"@id":"https:\/\/www.swissoteltallinn.com\/#website"},"datePublished":"2024-06-05T14:29:22+00:00","dateModified":"2024-11-22T14:02:42+00:00","description":"J\u00e4rjest\u00e4 erilaiset tapahtumat helposti meill\u00e4. Muunneltavat tilamme sopivat yht\u00e4 lailla korkean turvallisuustason kokouksiin kuin suuriin konferensseihin ja juhlatilaisuuksiin.","breadcrumb":{"@id":"https:\/\/www.swissoteltallinn.com\/fi\/conference-center\/#breadcrumb"},"inLanguage":"fi","potentialAction":[{"@type":"ReadAction","target":["https:\/\/www.swissoteltallinn.com\/fi\/conference-center\/"]}]},{"@type":"BreadcrumbList","@id":"https:\/\/www.swissoteltallinn.com\/fi\/conference-center\/#breadcrumb","itemListElement":[{"@type":"ListItem","position":1,"name":"Home","item":"https:\/\/www.swissoteltallinn.com\/fi\/"},{"@type":"ListItem","position":2,"name":"Konferenssikeskus"}]},{"@type":"WebSite","@id":"https:\/\/www.swissoteltallinn.com\/#website","url":"https:\/\/www.swissoteltallinn.com\/","name":"Swissotel Tallinn","description":"","publisher":{"@id":"https:\/\/www.swissoteltallinn.com\/#organization"},"potentialAction":[{"@type":"SearchAction","target":{"@type":"EntryPoint","urlTemplate":"https:\/\/www.swissoteltallinn.com\/?s={search_term_string}"},"query-input":{"@type":"PropertyValueSpecification","valueRequired":true,"valueName":"search_term_string"}}],"inLanguage":"fi"},{"@type":"Organization","@id":"https:\/\/www.swissoteltallinn.com\/#organization","name":"Swissotel Tallinn","url":"https:\/\/www.swissoteltallinn.com\/","logo":{"@type":"ImageObject","inLanguage":"fi","@id":"https:\/\/www.swissoteltallinn.com\/#\/schema\/logo\/image\/","url":"https:\/\/www.swissoteltallinn.com\/wp-content\/uploads\/sites\/107\/2024\/07\/Swissotel-Tallinn-logo.jpg","contentUrl":"https:\/\/www.swissoteltallinn.com\/wp-content\/uploads\/sites\/107\/2024\/07\/Swissotel-Tallinn-logo.jpg","width":1800,"height":379,"caption":"Swissotel Tallinn"},"image":{"@id":"https:\/\/www.swissoteltallinn.com\/#\/schema\/logo\/image\/"},"sameAs":["https:\/\/www.facebook.com\/SwissotelTallinn","https:\/\/ee.linkedin.com\/company\/swiss-tel-tallinn-estonia","https:\/\/www.youtube.com\/channel\/UC-SFkHuVOioVnEI78gVBQrg","https:\/\/www.instagram.com\/swissoteltallinn\/"]}]}},"_links":{"self":[{"href":"https:\/\/www.swissoteltallinn.com\/fi\/wp-json\/wp\/v2\/pages\/760","targetHints":{"allow":["GET"]}}],"collection":[{"href":"https:\/\/www.swissoteltallinn.com\/fi\/wp-json\/wp\/v2\/pages"}],"about":[{"href":"https:\/\/www.swissoteltallinn.com\/fi\/wp-json\/wp\/v2\/types\/page"}],"author":[{"embeddable":true,"href":"https:\/\/www.swissoteltallinn.com\/fi\/wp-json\/wp\/v2\/users\/98"}],"replies":[{"embeddable":true,"href":"https:\/\/www.swissoteltallinn.com\/fi\/wp-json\/wp\/v2\/comments?post=760"}],"version-history":[{"count":0,"href":"https:\/\/www.swissoteltallinn.com\/fi\/wp-json\/wp\/v2\/pages\/760\/revisions"}],"wp:attachment":[{"href":"https:\/\/www.swissoteltallinn.com\/fi\/wp-json\/wp\/v2\/media?parent=760"}],"wp:term":[{"taxonomy":"category","embeddable":true,"href":"https:\/\/www.swissoteltallinn.com\/fi\/wp-json\/wp\/v2\/categories?post=760"}],"curies":[{"name":"wp","href":"https:\/\/api.w.org\/{rel}","templated":true}]}}