{"id":750,"date":"2024-06-05T14:38:15","date_gmt":"2024-06-05T14:38:15","guid":{"rendered":"https:\/\/swissotel-tallinn.accorv2prod.decms.eu\/swissotel-weddings\/"},"modified":"2024-11-18T21:32:15","modified_gmt":"2024-11-18T21:32:15","slug":"swissotel-weddings","status":"publish","type":"page","link":"https:\/\/www.swissoteltallinn.com\/fi\/swissotel-weddings\/","title":{"rendered":"H\u00e4\u00e4t Swiss\u00f4telissa"},"content":{"rendered":"<p style=\"text-align: center\"><span data-sheets-root=\"1\">H\u00e4\u00e4p\u00e4iv\u00e4si on ainutlaatuinen ja tulvillaan erityisi\u00e4 hetki\u00e4 sek\u00e4 unohtumattomia muistoja. Swiss\u00f4tel Tallinnassa teemme kaikkemme, jotta unelmiesi h\u00e4\u00e4t toteutuisivat. Muunneltavat tilamme luovat suorastaan taianomaisen tunnelman kooltaan ja tyylilt\u00e4\u00e4n erilaisiin tilaisuuksiin. Keitti\u00f6mestari tiimeineen laatii ja tarjoilee huolella valitut kulinaariset herkut, jotka varmasti vastaavat mieltymyksi\u00e4si. Juhlien j\u00e4lkeen voit nauttia maagisista n\u00e4kymist\u00e4 ja ylellisyydest\u00e4 Swiss Executive -huoneissamme.<\/span><\/p>\n","protected":false},"excerpt":{"rendered":"<p>H\u00e4\u00e4p\u00e4iv\u00e4si on ainutlaatuinen ja tulvillaan erityisi\u00e4 hetki\u00e4 sek\u00e4 unohtumattomia muistoja. Swiss\u00f4tel Tallinnassa teemme kaikkemme, jotta unelmiesi h\u00e4\u00e4t toteutuisivat. Muunneltavat tilamme luovat suorastaan taianomaisen tunnelman kooltaan ja tyylilt\u00e4\u00e4n erilaisiin tilaisuuksiin. Keitti\u00f6mestari tiimeineen laatii ja tarjoilee huolella valitut kulinaariset herkut, jotka varmasti vastaavat mieltymyksi\u00e4si. Juhlien j\u00e4lkeen voit nauttia maagisista n\u00e4kymist\u00e4 ja ylellisyydest\u00e4 Swiss Executive -huoneissamme.<\/p>\n","protected":false},"author":98,"featured_media":0,"parent":0,"menu_order":6,"comment_status":"closed","ping_status":"closed","template":"template-wedding.php","meta":{"footnotes":""},"categories":[],"class_list":["post-750","page","type-page","status-publish","hentry"],"acf":[],"yoast_head":"<!-- This site is optimized with the Yoast SEO plugin v26.9 - https:\/\/yoast.com\/product\/yoast-seo-wordpress\/ -->\n<title>Unohtumattomat h\u00e4\u00e4t Swiss\u00f4tel Tallinnassa<\/title>\n<meta name=\"description\" content=\"Suunnittele unelmiesi h\u00e4\u00e4t Swiss\u00f4tel Tallinnassa. Tilaisuuden mukaan muuntuvat tilat, huolella valitut tarjoilut ja ylellinen majoitus.\" \/>\n<meta name=\"robots\" content=\"index, follow, max-snippet:-1, max-image-preview:large, max-video-preview:-1\" \/>\n<link rel=\"canonical\" href=\"https:\/\/www.swissoteltallinn.com\/fi\/swissotel-weddings\/\" \/>\n<meta property=\"og:locale\" content=\"fi_FI\" \/>\n<meta property=\"og:type\" content=\"article\" \/>\n<meta property=\"og:title\" content=\"Unohtumattomat h\u00e4\u00e4t Swiss\u00f4tel Tallinnassa\" \/>\n<meta property=\"og:description\" content=\"Suunnittele unelmiesi h\u00e4\u00e4t Swiss\u00f4tel Tallinnassa. Tilaisuuden mukaan muuntuvat tilat, huolella valitut tarjoilut ja ylellinen majoitus.\" \/>\n<meta property=\"og:url\" content=\"https:\/\/www.swissoteltallinn.com\/fi\/swissotel-weddings\/\" \/>\n<meta property=\"og:site_name\" content=\"Swissotel Tallinn\" \/>\n<meta property=\"article:publisher\" content=\"https:\/\/www.facebook.com\/SwissotelTallinn\" \/>\n<meta property=\"article:modified_time\" content=\"2024-11-18T21:32:15+00:00\" \/>\n<meta name=\"twitter:card\" content=\"summary_large_image\" \/>\n<meta name=\"twitter:label1\" content=\"Est. reading time\" \/>\n\t<meta name=\"twitter:data1\" content=\"1 minuutti\" \/>\n<script type=\"application\/ld+json\" class=\"yoast-schema-graph\">{\"@context\":\"https:\/\/schema.org\",\"@graph\":[{\"@type\":\"WebPage\",\"@id\":\"https:\/\/www.swissoteltallinn.com\/fi\/swissotel-weddings\/\",\"url\":\"https:\/\/www.swissoteltallinn.com\/fi\/swissotel-weddings\/\",\"name\":\"Unohtumattomat h\u00e4\u00e4t Swiss\u00f4tel Tallinnassa\",\"isPartOf\":{\"@id\":\"https:\/\/www.swissoteltallinn.com\/#website\"},\"datePublished\":\"2024-06-05T14:38:15+00:00\",\"dateModified\":\"2024-11-18T21:32:15+00:00\",\"description\":\"Suunnittele unelmiesi h\u00e4\u00e4t Swiss\u00f4tel Tallinnassa. Tilaisuuden mukaan muuntuvat tilat, huolella valitut tarjoilut ja ylellinen majoitus.\",\"breadcrumb\":{\"@id\":\"https:\/\/www.swissoteltallinn.com\/fi\/swissotel-weddings\/#breadcrumb\"},\"inLanguage\":\"fi\",\"potentialAction\":[{\"@type\":\"ReadAction\",\"target\":[\"https:\/\/www.swissoteltallinn.com\/fi\/swissotel-weddings\/\"]}]},{\"@type\":\"BreadcrumbList\",\"@id\":\"https:\/\/www.swissoteltallinn.com\/fi\/swissotel-weddings\/#breadcrumb\",\"itemListElement\":[{\"@type\":\"ListItem\",\"position\":1,\"name\":\"Home\",\"item\":\"https:\/\/www.swissoteltallinn.com\/fi\/\"},{\"@type\":\"ListItem\",\"position\":2,\"name\":\"H\u00e4\u00e4t Swiss\u00f4telissa\"}]},{\"@type\":\"WebSite\",\"@id\":\"https:\/\/www.swissoteltallinn.com\/#website\",\"url\":\"https:\/\/www.swissoteltallinn.com\/\",\"name\":\"Swissotel Tallinn\",\"description\":\"\",\"publisher\":{\"@id\":\"https:\/\/www.swissoteltallinn.com\/#organization\"},\"potentialAction\":[{\"@type\":\"SearchAction\",\"target\":{\"@type\":\"EntryPoint\",\"urlTemplate\":\"https:\/\/www.swissoteltallinn.com\/?s={search_term_string}\"},\"query-input\":{\"@type\":\"PropertyValueSpecification\",\"valueRequired\":true,\"valueName\":\"search_term_string\"}}],\"inLanguage\":\"fi\"},{\"@type\":\"Organization\",\"@id\":\"https:\/\/www.swissoteltallinn.com\/#organization\",\"name\":\"Swissotel Tallinn\",\"url\":\"https:\/\/www.swissoteltallinn.com\/\",\"logo\":{\"@type\":\"ImageObject\",\"inLanguage\":\"fi\",\"@id\":\"https:\/\/www.swissoteltallinn.com\/#\/schema\/logo\/image\/\",\"url\":\"https:\/\/www.swissoteltallinn.com\/wp-content\/uploads\/sites\/107\/2024\/07\/Swissotel-Tallinn-logo.jpg\",\"contentUrl\":\"https:\/\/www.swissoteltallinn.com\/wp-content\/uploads\/sites\/107\/2024\/07\/Swissotel-Tallinn-logo.jpg\",\"width\":1800,\"height\":379,\"caption\":\"Swissotel Tallinn\"},\"image\":{\"@id\":\"https:\/\/www.swissoteltallinn.com\/#\/schema\/logo\/image\/\"},\"sameAs\":[\"https:\/\/www.facebook.com\/SwissotelTallinn\",\"https:\/\/ee.linkedin.com\/company\/swiss-tel-tallinn-estonia\",\"https:\/\/www.youtube.com\/channel\/UC-SFkHuVOioVnEI78gVBQrg\",\"https:\/\/www.instagram.com\/swissoteltallinn\/\"]}]}<\/script>\n<!-- \/ Yoast SEO plugin. -->","yoast_head_json":{"title":"Unohtumattomat h\u00e4\u00e4t Swiss\u00f4tel Tallinnassa","description":"Suunnittele unelmiesi h\u00e4\u00e4t Swiss\u00f4tel Tallinnassa. Tilaisuuden mukaan muuntuvat tilat, huolella valitut tarjoilut ja ylellinen majoitus.","robots":{"index":"index","follow":"follow","max-snippet":"max-snippet:-1","max-image-preview":"max-image-preview:large","max-video-preview":"max-video-preview:-1"},"canonical":"https:\/\/www.swissoteltallinn.com\/fi\/swissotel-weddings\/","og_locale":"fi_FI","og_type":"article","og_title":"Unohtumattomat h\u00e4\u00e4t Swiss\u00f4tel Tallinnassa","og_description":"Suunnittele unelmiesi h\u00e4\u00e4t Swiss\u00f4tel Tallinnassa. Tilaisuuden mukaan muuntuvat tilat, huolella valitut tarjoilut ja ylellinen majoitus.","og_url":"https:\/\/www.swissoteltallinn.com\/fi\/swissotel-weddings\/","og_site_name":"Swissotel Tallinn","article_publisher":"https:\/\/www.facebook.com\/SwissotelTallinn","article_modified_time":"2024-11-18T21:32:15+00:00","twitter_card":"summary_large_image","twitter_misc":{"Est. reading time":"1 minuutti"},"schema":{"@context":"https:\/\/schema.org","@graph":[{"@type":"WebPage","@id":"https:\/\/www.swissoteltallinn.com\/fi\/swissotel-weddings\/","url":"https:\/\/www.swissoteltallinn.com\/fi\/swissotel-weddings\/","name":"Unohtumattomat h\u00e4\u00e4t Swiss\u00f4tel Tallinnassa","isPartOf":{"@id":"https:\/\/www.swissoteltallinn.com\/#website"},"datePublished":"2024-06-05T14:38:15+00:00","dateModified":"2024-11-18T21:32:15+00:00","description":"Suunnittele unelmiesi h\u00e4\u00e4t Swiss\u00f4tel Tallinnassa. Tilaisuuden mukaan muuntuvat tilat, huolella valitut tarjoilut ja ylellinen majoitus.","breadcrumb":{"@id":"https:\/\/www.swissoteltallinn.com\/fi\/swissotel-weddings\/#breadcrumb"},"inLanguage":"fi","potentialAction":[{"@type":"ReadAction","target":["https:\/\/www.swissoteltallinn.com\/fi\/swissotel-weddings\/"]}]},{"@type":"BreadcrumbList","@id":"https:\/\/www.swissoteltallinn.com\/fi\/swissotel-weddings\/#breadcrumb","itemListElement":[{"@type":"ListItem","position":1,"name":"Home","item":"https:\/\/www.swissoteltallinn.com\/fi\/"},{"@type":"ListItem","position":2,"name":"H\u00e4\u00e4t Swiss\u00f4telissa"}]},{"@type":"WebSite","@id":"https:\/\/www.swissoteltallinn.com\/#website","url":"https:\/\/www.swissoteltallinn.com\/","name":"Swissotel Tallinn","description":"","publisher":{"@id":"https:\/\/www.swissoteltallinn.com\/#organization"},"potentialAction":[{"@type":"SearchAction","target":{"@type":"EntryPoint","urlTemplate":"https:\/\/www.swissoteltallinn.com\/?s={search_term_string}"},"query-input":{"@type":"PropertyValueSpecification","valueRequired":true,"valueName":"search_term_string"}}],"inLanguage":"fi"},{"@type":"Organization","@id":"https:\/\/www.swissoteltallinn.com\/#organization","name":"Swissotel Tallinn","url":"https:\/\/www.swissoteltallinn.com\/","logo":{"@type":"ImageObject","inLanguage":"fi","@id":"https:\/\/www.swissoteltallinn.com\/#\/schema\/logo\/image\/","url":"https:\/\/www.swissoteltallinn.com\/wp-content\/uploads\/sites\/107\/2024\/07\/Swissotel-Tallinn-logo.jpg","contentUrl":"https:\/\/www.swissoteltallinn.com\/wp-content\/uploads\/sites\/107\/2024\/07\/Swissotel-Tallinn-logo.jpg","width":1800,"height":379,"caption":"Swissotel Tallinn"},"image":{"@id":"https:\/\/www.swissoteltallinn.com\/#\/schema\/logo\/image\/"},"sameAs":["https:\/\/www.facebook.com\/SwissotelTallinn","https:\/\/ee.linkedin.com\/company\/swiss-tel-tallinn-estonia","https:\/\/www.youtube.com\/channel\/UC-SFkHuVOioVnEI78gVBQrg","https:\/\/www.instagram.com\/swissoteltallinn\/"]}]}},"_links":{"self":[{"href":"https:\/\/www.swissoteltallinn.com\/fi\/wp-json\/wp\/v2\/pages\/750","targetHints":{"allow":["GET"]}}],"collection":[{"href":"https:\/\/www.swissoteltallinn.com\/fi\/wp-json\/wp\/v2\/pages"}],"about":[{"href":"https:\/\/www.swissoteltallinn.com\/fi\/wp-json\/wp\/v2\/types\/page"}],"author":[{"embeddable":true,"href":"https:\/\/www.swissoteltallinn.com\/fi\/wp-json\/wp\/v2\/users\/98"}],"replies":[{"embeddable":true,"href":"https:\/\/www.swissoteltallinn.com\/fi\/wp-json\/wp\/v2\/comments?post=750"}],"version-history":[{"count":0,"href":"https:\/\/www.swissoteltallinn.com\/fi\/wp-json\/wp\/v2\/pages\/750\/revisions"}],"wp:attachment":[{"href":"https:\/\/www.swissoteltallinn.com\/fi\/wp-json\/wp\/v2\/media?parent=750"}],"wp:term":[{"taxonomy":"category","embeddable":true,"href":"https:\/\/www.swissoteltallinn.com\/fi\/wp-json\/wp\/v2\/categories?post=750"}],"curies":[{"name":"wp","href":"https:\/\/api.w.org\/{rel}","templated":true}]}}