{"id":748,"date":"2024-05-30T11:55:35","date_gmt":"2024-05-30T11:55:35","guid":{"rendered":"https:\/\/swissotel-tallinn.accorv2prod.decms.eu\/purovel-spa-sport\/"},"modified":"2026-05-04T11:03:01","modified_gmt":"2026-05-04T11:03:01","slug":"purovel-spa-sport","status":"publish","type":"page","link":"https:\/\/www.swissoteltallinn.com\/fi\/purovel-spa-sport\/","title":{"rendered":"P\u00dcROVEL SPA &amp; SPORT"},"content":{"rendered":"<p style=\"text-align: center\"><span data-sheets-root=\"1\">L\u00f6yd\u00e4 hyvinvoinnin keidas Swiss\u00f4tel Tallinnan P\u00fcrovel Spa &amp; Sportista, jossa perinteet ja moderni el\u00e4m\u00e4ntapa kohtaavat hyvinvointiasi varten. Aivan ydinkeskustassa sijaitsevassa hotellissamme voit nauttia huippuluokan puitteista, kuten kuntosalista, uima-altaasta ja virkist\u00e4vist\u00e4 saunoista. Alppien inspiroimissa hoitotuotteissamme k\u00e4ytet\u00e4\u00e4n luonnollisia ainesosia, jotka asiantunteva henkil\u00f6st\u00f6mme r\u00e4\u00e4t\u00e4l\u00f6i t\u00e4ydellist\u00e4 rentoutumista varten. Nauti ylellisyydest\u00e4 ja vaali hyvinvointiasi P\u00fcrovel Spassa.<\/span><\/p>\n","protected":false},"excerpt":{"rendered":"<p>L\u00f6yd\u00e4 hyvinvoinnin keidas Swiss\u00f4tel Tallinnan P\u00fcrovel Spa &amp; Sportista, jossa perinteet ja moderni el\u00e4m\u00e4ntapa kohtaavat hyvinvointiasi varten. Aivan ydinkeskustassa sijaitsevassa hotellissamme voit nauttia huippuluokan puitteista, kuten kuntosalista, uima-altaasta ja virkist\u00e4vist\u00e4 saunoista. Alppien inspiroimissa hoitotuotteissamme k\u00e4ytet\u00e4\u00e4n luonnollisia ainesosia, jotka asiantunteva henkil\u00f6st\u00f6mme r\u00e4\u00e4t\u00e4l\u00f6i t\u00e4ydellist\u00e4 rentoutumista varten. Nauti ylellisyydest\u00e4 ja vaali hyvinvointiasi P\u00fcrovel Spassa.<\/p>\n","protected":false},"author":98,"featured_media":0,"parent":0,"menu_order":4,"comment_status":"closed","ping_status":"closed","template":"template-spa.php","meta":{"footnotes":""},"categories":[],"class_list":["post-748","page","type-page","status-publish","hentry"],"acf":[],"yoast_head":"<!-- This site is optimized with the Yoast SEO plugin v26.9 - https:\/\/yoast.com\/product\/yoast-seo-wordpress\/ -->\n<title>Rauhallinen keidas: P\u00fcrovel Spa &amp; Sport Swiss\u00f4tel Tallinnassa (Swiss\u00f4tel Tallinn)<\/title>\n<meta name=\"description\" content=\"Nauti hyvinvoinnista ja rentoudu P\u00fcrovel Spa &amp; Sportissa Swiss\u00f4tel Tallinnassa. Alppien inspiroimat hoidot ja huippuluokan puitteet odottavat sinua rentoutumaan.\" \/>\n<meta name=\"robots\" content=\"index, follow, max-snippet:-1, max-image-preview:large, max-video-preview:-1\" \/>\n<link rel=\"canonical\" href=\"https:\/\/www.swissoteltallinn.com\/fi\/purovel-spa-sport\/\" \/>\n<meta property=\"og:locale\" content=\"fi_FI\" \/>\n<meta property=\"og:type\" content=\"article\" \/>\n<meta property=\"og:title\" content=\"Rauhallinen keidas: P\u00fcrovel Spa &amp; Sport Swiss\u00f4tel Tallinnassa (Swiss\u00f4tel Tallinn)\" \/>\n<meta property=\"og:description\" content=\"Nauti hyvinvoinnista ja rentoudu P\u00fcrovel Spa &amp; Sportissa Swiss\u00f4tel Tallinnassa. Alppien inspiroimat hoidot ja huippuluokan puitteet odottavat sinua rentoutumaan.\" \/>\n<meta property=\"og:url\" content=\"https:\/\/www.swissoteltallinn.com\/fi\/purovel-spa-sport\/\" \/>\n<meta property=\"og:site_name\" content=\"Swissotel Tallinn\" \/>\n<meta property=\"article:publisher\" content=\"https:\/\/www.facebook.com\/SwissotelTallinn\" \/>\n<meta property=\"article:modified_time\" content=\"2026-05-04T11:03:01+00:00\" \/>\n<meta name=\"twitter:card\" content=\"summary_large_image\" \/>\n<meta name=\"twitter:label1\" content=\"Est. reading time\" \/>\n\t<meta name=\"twitter:data1\" content=\"1 minuutti\" \/>\n<script type=\"application\/ld+json\" class=\"yoast-schema-graph\">{\"@context\":\"https:\/\/schema.org\",\"@graph\":[{\"@type\":\"WebPage\",\"@id\":\"https:\/\/www.swissoteltallinn.com\/fi\/purovel-spa-sport\/\",\"url\":\"https:\/\/www.swissoteltallinn.com\/fi\/purovel-spa-sport\/\",\"name\":\"Rauhallinen keidas: P\u00fcrovel Spa & Sport Swiss\u00f4tel Tallinnassa (Swiss\u00f4tel Tallinn)\",\"isPartOf\":{\"@id\":\"https:\/\/www.swissoteltallinn.com\/#website\"},\"datePublished\":\"2024-05-30T11:55:35+00:00\",\"dateModified\":\"2026-05-04T11:03:01+00:00\",\"description\":\"Nauti hyvinvoinnista ja rentoudu P\u00fcrovel Spa & Sportissa Swiss\u00f4tel Tallinnassa. Alppien inspiroimat hoidot ja huippuluokan puitteet odottavat sinua rentoutumaan.\",\"breadcrumb\":{\"@id\":\"https:\/\/www.swissoteltallinn.com\/fi\/purovel-spa-sport\/#breadcrumb\"},\"inLanguage\":\"fi\",\"potentialAction\":[{\"@type\":\"ReadAction\",\"target\":[\"https:\/\/www.swissoteltallinn.com\/fi\/purovel-spa-sport\/\"]}]},{\"@type\":\"BreadcrumbList\",\"@id\":\"https:\/\/www.swissoteltallinn.com\/fi\/purovel-spa-sport\/#breadcrumb\",\"itemListElement\":[{\"@type\":\"ListItem\",\"position\":1,\"name\":\"Home\",\"item\":\"https:\/\/www.swissoteltallinn.com\/fi\/\"},{\"@type\":\"ListItem\",\"position\":2,\"name\":\"P\u00dcROVEL SPA &amp; SPORT\"}]},{\"@type\":\"WebSite\",\"@id\":\"https:\/\/www.swissoteltallinn.com\/#website\",\"url\":\"https:\/\/www.swissoteltallinn.com\/\",\"name\":\"Swissotel Tallinn\",\"description\":\"\",\"publisher\":{\"@id\":\"https:\/\/www.swissoteltallinn.com\/#organization\"},\"potentialAction\":[{\"@type\":\"SearchAction\",\"target\":{\"@type\":\"EntryPoint\",\"urlTemplate\":\"https:\/\/www.swissoteltallinn.com\/?s={search_term_string}\"},\"query-input\":{\"@type\":\"PropertyValueSpecification\",\"valueRequired\":true,\"valueName\":\"search_term_string\"}}],\"inLanguage\":\"fi\"},{\"@type\":\"Organization\",\"@id\":\"https:\/\/www.swissoteltallinn.com\/#organization\",\"name\":\"Swissotel Tallinn\",\"url\":\"https:\/\/www.swissoteltallinn.com\/\",\"logo\":{\"@type\":\"ImageObject\",\"inLanguage\":\"fi\",\"@id\":\"https:\/\/www.swissoteltallinn.com\/#\/schema\/logo\/image\/\",\"url\":\"https:\/\/www.swissoteltallinn.com\/wp-content\/uploads\/sites\/107\/2024\/07\/Swissotel-Tallinn-logo.jpg\",\"contentUrl\":\"https:\/\/www.swissoteltallinn.com\/wp-content\/uploads\/sites\/107\/2024\/07\/Swissotel-Tallinn-logo.jpg\",\"width\":1800,\"height\":379,\"caption\":\"Swissotel Tallinn\"},\"image\":{\"@id\":\"https:\/\/www.swissoteltallinn.com\/#\/schema\/logo\/image\/\"},\"sameAs\":[\"https:\/\/www.facebook.com\/SwissotelTallinn\",\"https:\/\/ee.linkedin.com\/company\/swiss-tel-tallinn-estonia\",\"https:\/\/www.youtube.com\/channel\/UC-SFkHuVOioVnEI78gVBQrg\",\"https:\/\/www.instagram.com\/swissoteltallinn\/\"]}]}<\/script>\n<!-- \/ Yoast SEO plugin. -->","yoast_head_json":{"title":"Rauhallinen keidas: P\u00fcrovel Spa & Sport Swiss\u00f4tel Tallinnassa (Swiss\u00f4tel Tallinn)","description":"Nauti hyvinvoinnista ja rentoudu P\u00fcrovel Spa & Sportissa Swiss\u00f4tel Tallinnassa. Alppien inspiroimat hoidot ja huippuluokan puitteet odottavat sinua rentoutumaan.","robots":{"index":"index","follow":"follow","max-snippet":"max-snippet:-1","max-image-preview":"max-image-preview:large","max-video-preview":"max-video-preview:-1"},"canonical":"https:\/\/www.swissoteltallinn.com\/fi\/purovel-spa-sport\/","og_locale":"fi_FI","og_type":"article","og_title":"Rauhallinen keidas: P\u00fcrovel Spa & Sport Swiss\u00f4tel Tallinnassa (Swiss\u00f4tel Tallinn)","og_description":"Nauti hyvinvoinnista ja rentoudu P\u00fcrovel Spa & Sportissa Swiss\u00f4tel Tallinnassa. Alppien inspiroimat hoidot ja huippuluokan puitteet odottavat sinua rentoutumaan.","og_url":"https:\/\/www.swissoteltallinn.com\/fi\/purovel-spa-sport\/","og_site_name":"Swissotel Tallinn","article_publisher":"https:\/\/www.facebook.com\/SwissotelTallinn","article_modified_time":"2026-05-04T11:03:01+00:00","twitter_card":"summary_large_image","twitter_misc":{"Est. reading time":"1 minuutti"},"schema":{"@context":"https:\/\/schema.org","@graph":[{"@type":"WebPage","@id":"https:\/\/www.swissoteltallinn.com\/fi\/purovel-spa-sport\/","url":"https:\/\/www.swissoteltallinn.com\/fi\/purovel-spa-sport\/","name":"Rauhallinen keidas: P\u00fcrovel Spa & Sport Swiss\u00f4tel Tallinnassa (Swiss\u00f4tel Tallinn)","isPartOf":{"@id":"https:\/\/www.swissoteltallinn.com\/#website"},"datePublished":"2024-05-30T11:55:35+00:00","dateModified":"2026-05-04T11:03:01+00:00","description":"Nauti hyvinvoinnista ja rentoudu P\u00fcrovel Spa & Sportissa Swiss\u00f4tel Tallinnassa. Alppien inspiroimat hoidot ja huippuluokan puitteet odottavat sinua rentoutumaan.","breadcrumb":{"@id":"https:\/\/www.swissoteltallinn.com\/fi\/purovel-spa-sport\/#breadcrumb"},"inLanguage":"fi","potentialAction":[{"@type":"ReadAction","target":["https:\/\/www.swissoteltallinn.com\/fi\/purovel-spa-sport\/"]}]},{"@type":"BreadcrumbList","@id":"https:\/\/www.swissoteltallinn.com\/fi\/purovel-spa-sport\/#breadcrumb","itemListElement":[{"@type":"ListItem","position":1,"name":"Home","item":"https:\/\/www.swissoteltallinn.com\/fi\/"},{"@type":"ListItem","position":2,"name":"P\u00dcROVEL SPA &amp; SPORT"}]},{"@type":"WebSite","@id":"https:\/\/www.swissoteltallinn.com\/#website","url":"https:\/\/www.swissoteltallinn.com\/","name":"Swissotel Tallinn","description":"","publisher":{"@id":"https:\/\/www.swissoteltallinn.com\/#organization"},"potentialAction":[{"@type":"SearchAction","target":{"@type":"EntryPoint","urlTemplate":"https:\/\/www.swissoteltallinn.com\/?s={search_term_string}"},"query-input":{"@type":"PropertyValueSpecification","valueRequired":true,"valueName":"search_term_string"}}],"inLanguage":"fi"},{"@type":"Organization","@id":"https:\/\/www.swissoteltallinn.com\/#organization","name":"Swissotel Tallinn","url":"https:\/\/www.swissoteltallinn.com\/","logo":{"@type":"ImageObject","inLanguage":"fi","@id":"https:\/\/www.swissoteltallinn.com\/#\/schema\/logo\/image\/","url":"https:\/\/www.swissoteltallinn.com\/wp-content\/uploads\/sites\/107\/2024\/07\/Swissotel-Tallinn-logo.jpg","contentUrl":"https:\/\/www.swissoteltallinn.com\/wp-content\/uploads\/sites\/107\/2024\/07\/Swissotel-Tallinn-logo.jpg","width":1800,"height":379,"caption":"Swissotel Tallinn"},"image":{"@id":"https:\/\/www.swissoteltallinn.com\/#\/schema\/logo\/image\/"},"sameAs":["https:\/\/www.facebook.com\/SwissotelTallinn","https:\/\/ee.linkedin.com\/company\/swiss-tel-tallinn-estonia","https:\/\/www.youtube.com\/channel\/UC-SFkHuVOioVnEI78gVBQrg","https:\/\/www.instagram.com\/swissoteltallinn\/"]}]}},"_links":{"self":[{"href":"https:\/\/www.swissoteltallinn.com\/fi\/wp-json\/wp\/v2\/pages\/748","targetHints":{"allow":["GET"]}}],"collection":[{"href":"https:\/\/www.swissoteltallinn.com\/fi\/wp-json\/wp\/v2\/pages"}],"about":[{"href":"https:\/\/www.swissoteltallinn.com\/fi\/wp-json\/wp\/v2\/types\/page"}],"author":[{"embeddable":true,"href":"https:\/\/www.swissoteltallinn.com\/fi\/wp-json\/wp\/v2\/users\/98"}],"replies":[{"embeddable":true,"href":"https:\/\/www.swissoteltallinn.com\/fi\/wp-json\/wp\/v2\/comments?post=748"}],"version-history":[{"count":1,"href":"https:\/\/www.swissoteltallinn.com\/fi\/wp-json\/wp\/v2\/pages\/748\/revisions"}],"predecessor-version":[{"id":1238,"href":"https:\/\/www.swissoteltallinn.com\/fi\/wp-json\/wp\/v2\/pages\/748\/revisions\/1238"}],"wp:attachment":[{"href":"https:\/\/www.swissoteltallinn.com\/fi\/wp-json\/wp\/v2\/media?parent=748"}],"wp:term":[{"taxonomy":"category","embeddable":true,"href":"https:\/\/www.swissoteltallinn.com\/fi\/wp-json\/wp\/v2\/categories?post=748"}],"curies":[{"name":"wp","href":"https:\/\/api.w.org\/{rel}","templated":true}]}}