{"id":741,"date":"2024-05-29T12:10:18","date_gmt":"2024-05-29T12:10:18","guid":{"rendered":"https:\/\/swissotel-tallinn.accorv2prod.decms.eu\/about-us\/"},"modified":"2024-11-18T21:16:44","modified_gmt":"2024-11-18T21:16:44","slug":"about-us","status":"publish","type":"page","link":"https:\/\/www.swissoteltallinn.com\/fi\/about-us\/","title":{"rendered":"TARINAMME"},"content":{"rendered":"<p style=\"text-align: center\">\u00a0Swiss\u00f4tel Tallinn kutsuu sinut nauttimaan ylellisest\u00e4 mukavuudesta ja ymp\u00e4rist\u00f6tietoisen hotellimajoituksen yhdistelm\u00e4st\u00e4 Viron kiehtovan p\u00e4\u00e4kaupungin syd\u00e4mess\u00e4. Kaupungin korkeimmassa rakennuksessa toimiva hotellimme tarjoaa paitsi vertaansa vailla olevat n\u00e4kym\u00e4t my\u00f6s vieraanvaraisuutta, jossa hemmottelu ja sitoutuminen ymp\u00e4rist\u00f6nsuojeluun yhdistyv\u00e4t.<\/p>\n<p style=\"text-align: center\">Jo ensihetkest\u00e4 l\u00e4htien tyylikk\u00e4\u00e4sti sisustetussa aulassamme olet tervetullut maailmaan, jossa jokainen yksityiskohta on suunniteltu huomioimaan \u00e4\u00e4rimm\u00e4inen mukavuutesi planeettamme hyvinvoinnista tinkim\u00e4tt\u00e4.<\/p>\n","protected":false},"excerpt":{"rendered":"<p>\u00a0Swiss\u00f4tel Tallinn kutsuu sinut nauttimaan ylellisest\u00e4 mukavuudesta ja ymp\u00e4rist\u00f6tietoisen hotellimajoituksen yhdistelm\u00e4st\u00e4 Viron kiehtovan p\u00e4\u00e4kaupungin syd\u00e4mess\u00e4. Kaupungin korkeimmassa rakennuksessa toimiva hotellimme tarjoaa paitsi vertaansa vailla olevat n\u00e4kym\u00e4t my\u00f6s vieraanvaraisuutta, jossa hemmottelu ja sitoutuminen ymp\u00e4rist\u00f6nsuojeluun yhdistyv\u00e4t. Jo ensihetkest\u00e4 l\u00e4htien tyylikk\u00e4\u00e4sti sisustetussa aulassamme olet tervetullut maailmaan, jossa jokainen yksityiskohta on suunniteltu huomioimaan \u00e4\u00e4rimm\u00e4inen mukavuutesi planeettamme hyvinvoinnista tinkim\u00e4tt\u00e4.<\/p>\n","protected":false},"author":98,"featured_media":0,"parent":0,"menu_order":1,"comment_status":"closed","ping_status":"closed","template":"","meta":{"footnotes":""},"categories":[],"class_list":["post-741","page","type-page","status-publish","hentry"],"acf":[],"yoast_head":"<!-- This site is optimized with the Yoast SEO plugin v26.9 - https:\/\/yoast.com\/product\/yoast-seo-wordpress\/ -->\n<title>Ekologista ylellisyytt\u00e4 ja upeat n\u00e4kym\u00e4t Swiss\u00f4tel Tallinnassa<\/title>\n<meta name=\"description\" content=\"Ylellist\u00e4 ja ymp\u00e4rist\u00f6tietoista asumista Swiss\u00f4tel Tallinnassa, joka sijaitsee Viron korkeimmassa rakennuksessa. Nauti vertaansa vailla olevista n\u00e4k\u00f6aloista ja sitoutumisesta ymp\u00e4rist\u00f6st\u00e4 huolehtimiseen.\" \/>\n<meta name=\"robots\" content=\"index, follow, max-snippet:-1, max-image-preview:large, max-video-preview:-1\" \/>\n<link rel=\"canonical\" href=\"https:\/\/www.swissoteltallinn.com\/fi\/about-us\/\" \/>\n<meta property=\"og:locale\" content=\"fi_FI\" \/>\n<meta property=\"og:type\" content=\"article\" \/>\n<meta property=\"og:title\" content=\"Ekologista ylellisyytt\u00e4 ja upeat n\u00e4kym\u00e4t Swiss\u00f4tel Tallinnassa\" \/>\n<meta property=\"og:description\" content=\"Ylellist\u00e4 ja ymp\u00e4rist\u00f6tietoista asumista Swiss\u00f4tel Tallinnassa, joka sijaitsee Viron korkeimmassa rakennuksessa. Nauti vertaansa vailla olevista n\u00e4k\u00f6aloista ja sitoutumisesta ymp\u00e4rist\u00f6st\u00e4 huolehtimiseen.\" \/>\n<meta property=\"og:url\" content=\"https:\/\/www.swissoteltallinn.com\/fi\/about-us\/\" \/>\n<meta property=\"og:site_name\" content=\"Swissotel Tallinn\" \/>\n<meta property=\"article:publisher\" content=\"https:\/\/www.facebook.com\/SwissotelTallinn\" \/>\n<meta property=\"article:modified_time\" content=\"2024-11-18T21:16:44+00:00\" \/>\n<meta name=\"twitter:card\" content=\"summary_large_image\" \/>\n<meta name=\"twitter:label1\" content=\"Est. reading time\" \/>\n\t<meta name=\"twitter:data1\" content=\"1 minuutti\" \/>\n<script type=\"application\/ld+json\" class=\"yoast-schema-graph\">{\"@context\":\"https:\/\/schema.org\",\"@graph\":[{\"@type\":\"WebPage\",\"@id\":\"https:\/\/www.swissoteltallinn.com\/fi\/about-us\/\",\"url\":\"https:\/\/www.swissoteltallinn.com\/fi\/about-us\/\",\"name\":\"Ekologista ylellisyytt\u00e4 ja upeat n\u00e4kym\u00e4t Swiss\u00f4tel Tallinnassa\",\"isPartOf\":{\"@id\":\"https:\/\/www.swissoteltallinn.com\/#website\"},\"datePublished\":\"2024-05-29T12:10:18+00:00\",\"dateModified\":\"2024-11-18T21:16:44+00:00\",\"description\":\"Ylellist\u00e4 ja ymp\u00e4rist\u00f6tietoista asumista Swiss\u00f4tel Tallinnassa, joka sijaitsee Viron korkeimmassa rakennuksessa. Nauti vertaansa vailla olevista n\u00e4k\u00f6aloista ja sitoutumisesta ymp\u00e4rist\u00f6st\u00e4 huolehtimiseen.\",\"breadcrumb\":{\"@id\":\"https:\/\/www.swissoteltallinn.com\/fi\/about-us\/#breadcrumb\"},\"inLanguage\":\"fi\",\"potentialAction\":[{\"@type\":\"ReadAction\",\"target\":[\"https:\/\/www.swissoteltallinn.com\/fi\/about-us\/\"]}]},{\"@type\":\"BreadcrumbList\",\"@id\":\"https:\/\/www.swissoteltallinn.com\/fi\/about-us\/#breadcrumb\",\"itemListElement\":[{\"@type\":\"ListItem\",\"position\":1,\"name\":\"Home\",\"item\":\"https:\/\/www.swissoteltallinn.com\/fi\/\"},{\"@type\":\"ListItem\",\"position\":2,\"name\":\"TARINAMME\"}]},{\"@type\":\"WebSite\",\"@id\":\"https:\/\/www.swissoteltallinn.com\/#website\",\"url\":\"https:\/\/www.swissoteltallinn.com\/\",\"name\":\"Swissotel Tallinn\",\"description\":\"\",\"publisher\":{\"@id\":\"https:\/\/www.swissoteltallinn.com\/#organization\"},\"potentialAction\":[{\"@type\":\"SearchAction\",\"target\":{\"@type\":\"EntryPoint\",\"urlTemplate\":\"https:\/\/www.swissoteltallinn.com\/?s={search_term_string}\"},\"query-input\":{\"@type\":\"PropertyValueSpecification\",\"valueRequired\":true,\"valueName\":\"search_term_string\"}}],\"inLanguage\":\"fi\"},{\"@type\":\"Organization\",\"@id\":\"https:\/\/www.swissoteltallinn.com\/#organization\",\"name\":\"Swissotel Tallinn\",\"url\":\"https:\/\/www.swissoteltallinn.com\/\",\"logo\":{\"@type\":\"ImageObject\",\"inLanguage\":\"fi\",\"@id\":\"https:\/\/www.swissoteltallinn.com\/#\/schema\/logo\/image\/\",\"url\":\"https:\/\/www.swissoteltallinn.com\/wp-content\/uploads\/sites\/107\/2024\/07\/Swissotel-Tallinn-logo.jpg\",\"contentUrl\":\"https:\/\/www.swissoteltallinn.com\/wp-content\/uploads\/sites\/107\/2024\/07\/Swissotel-Tallinn-logo.jpg\",\"width\":1800,\"height\":379,\"caption\":\"Swissotel Tallinn\"},\"image\":{\"@id\":\"https:\/\/www.swissoteltallinn.com\/#\/schema\/logo\/image\/\"},\"sameAs\":[\"https:\/\/www.facebook.com\/SwissotelTallinn\",\"https:\/\/ee.linkedin.com\/company\/swiss-tel-tallinn-estonia\",\"https:\/\/www.youtube.com\/channel\/UC-SFkHuVOioVnEI78gVBQrg\",\"https:\/\/www.instagram.com\/swissoteltallinn\/\"]}]}<\/script>\n<!-- \/ Yoast SEO plugin. -->","yoast_head_json":{"title":"Ekologista ylellisyytt\u00e4 ja upeat n\u00e4kym\u00e4t Swiss\u00f4tel Tallinnassa","description":"Ylellist\u00e4 ja ymp\u00e4rist\u00f6tietoista asumista Swiss\u00f4tel Tallinnassa, joka sijaitsee Viron korkeimmassa rakennuksessa. Nauti vertaansa vailla olevista n\u00e4k\u00f6aloista ja sitoutumisesta ymp\u00e4rist\u00f6st\u00e4 huolehtimiseen.","robots":{"index":"index","follow":"follow","max-snippet":"max-snippet:-1","max-image-preview":"max-image-preview:large","max-video-preview":"max-video-preview:-1"},"canonical":"https:\/\/www.swissoteltallinn.com\/fi\/about-us\/","og_locale":"fi_FI","og_type":"article","og_title":"Ekologista ylellisyytt\u00e4 ja upeat n\u00e4kym\u00e4t Swiss\u00f4tel Tallinnassa","og_description":"Ylellist\u00e4 ja ymp\u00e4rist\u00f6tietoista asumista Swiss\u00f4tel Tallinnassa, joka sijaitsee Viron korkeimmassa rakennuksessa. Nauti vertaansa vailla olevista n\u00e4k\u00f6aloista ja sitoutumisesta ymp\u00e4rist\u00f6st\u00e4 huolehtimiseen.","og_url":"https:\/\/www.swissoteltallinn.com\/fi\/about-us\/","og_site_name":"Swissotel Tallinn","article_publisher":"https:\/\/www.facebook.com\/SwissotelTallinn","article_modified_time":"2024-11-18T21:16:44+00:00","twitter_card":"summary_large_image","twitter_misc":{"Est. reading time":"1 minuutti"},"schema":{"@context":"https:\/\/schema.org","@graph":[{"@type":"WebPage","@id":"https:\/\/www.swissoteltallinn.com\/fi\/about-us\/","url":"https:\/\/www.swissoteltallinn.com\/fi\/about-us\/","name":"Ekologista ylellisyytt\u00e4 ja upeat n\u00e4kym\u00e4t Swiss\u00f4tel Tallinnassa","isPartOf":{"@id":"https:\/\/www.swissoteltallinn.com\/#website"},"datePublished":"2024-05-29T12:10:18+00:00","dateModified":"2024-11-18T21:16:44+00:00","description":"Ylellist\u00e4 ja ymp\u00e4rist\u00f6tietoista asumista Swiss\u00f4tel Tallinnassa, joka sijaitsee Viron korkeimmassa rakennuksessa. Nauti vertaansa vailla olevista n\u00e4k\u00f6aloista ja sitoutumisesta ymp\u00e4rist\u00f6st\u00e4 huolehtimiseen.","breadcrumb":{"@id":"https:\/\/www.swissoteltallinn.com\/fi\/about-us\/#breadcrumb"},"inLanguage":"fi","potentialAction":[{"@type":"ReadAction","target":["https:\/\/www.swissoteltallinn.com\/fi\/about-us\/"]}]},{"@type":"BreadcrumbList","@id":"https:\/\/www.swissoteltallinn.com\/fi\/about-us\/#breadcrumb","itemListElement":[{"@type":"ListItem","position":1,"name":"Home","item":"https:\/\/www.swissoteltallinn.com\/fi\/"},{"@type":"ListItem","position":2,"name":"TARINAMME"}]},{"@type":"WebSite","@id":"https:\/\/www.swissoteltallinn.com\/#website","url":"https:\/\/www.swissoteltallinn.com\/","name":"Swissotel Tallinn","description":"","publisher":{"@id":"https:\/\/www.swissoteltallinn.com\/#organization"},"potentialAction":[{"@type":"SearchAction","target":{"@type":"EntryPoint","urlTemplate":"https:\/\/www.swissoteltallinn.com\/?s={search_term_string}"},"query-input":{"@type":"PropertyValueSpecification","valueRequired":true,"valueName":"search_term_string"}}],"inLanguage":"fi"},{"@type":"Organization","@id":"https:\/\/www.swissoteltallinn.com\/#organization","name":"Swissotel Tallinn","url":"https:\/\/www.swissoteltallinn.com\/","logo":{"@type":"ImageObject","inLanguage":"fi","@id":"https:\/\/www.swissoteltallinn.com\/#\/schema\/logo\/image\/","url":"https:\/\/www.swissoteltallinn.com\/wp-content\/uploads\/sites\/107\/2024\/07\/Swissotel-Tallinn-logo.jpg","contentUrl":"https:\/\/www.swissoteltallinn.com\/wp-content\/uploads\/sites\/107\/2024\/07\/Swissotel-Tallinn-logo.jpg","width":1800,"height":379,"caption":"Swissotel Tallinn"},"image":{"@id":"https:\/\/www.swissoteltallinn.com\/#\/schema\/logo\/image\/"},"sameAs":["https:\/\/www.facebook.com\/SwissotelTallinn","https:\/\/ee.linkedin.com\/company\/swiss-tel-tallinn-estonia","https:\/\/www.youtube.com\/channel\/UC-SFkHuVOioVnEI78gVBQrg","https:\/\/www.instagram.com\/swissoteltallinn\/"]}]}},"_links":{"self":[{"href":"https:\/\/www.swissoteltallinn.com\/fi\/wp-json\/wp\/v2\/pages\/741","targetHints":{"allow":["GET"]}}],"collection":[{"href":"https:\/\/www.swissoteltallinn.com\/fi\/wp-json\/wp\/v2\/pages"}],"about":[{"href":"https:\/\/www.swissoteltallinn.com\/fi\/wp-json\/wp\/v2\/types\/page"}],"author":[{"embeddable":true,"href":"https:\/\/www.swissoteltallinn.com\/fi\/wp-json\/wp\/v2\/users\/98"}],"replies":[{"embeddable":true,"href":"https:\/\/www.swissoteltallinn.com\/fi\/wp-json\/wp\/v2\/comments?post=741"}],"version-history":[{"count":0,"href":"https:\/\/www.swissoteltallinn.com\/fi\/wp-json\/wp\/v2\/pages\/741\/revisions"}],"wp:attachment":[{"href":"https:\/\/www.swissoteltallinn.com\/fi\/wp-json\/wp\/v2\/media?parent=741"}],"wp:term":[{"taxonomy":"category","embeddable":true,"href":"https:\/\/www.swissoteltallinn.com\/fi\/wp-json\/wp\/v2\/categories?post=741"}],"curies":[{"name":"wp","href":"https:\/\/api.w.org\/{rel}","templated":true}]}}