{"id":721,"date":"2024-10-08T09:01:06","date_gmt":"2024-10-08T09:01:06","guid":{"rendered":"https:\/\/swissotel-tallinn.accorv2prod.decms.eu\/things-to-do-in-tallinn\/"},"modified":"2024-11-18T20:57:40","modified_gmt":"2024-11-18T20:57:40","slug":"things-to-do-in-tallinn","status":"publish","type":"page","link":"https:\/\/www.swissoteltallinn.com\/fi\/things-to-do-in-tallinn\/","title":{"rendered":"Tekemist\u00e4 Tallinnassa"},"content":{"rendered":"<p style=\"text-align: center\"><span data-sheets-root=\"1\">Tutustu Viron vieh\u00e4tt\u00e4v\u00e4\u00e4n p\u00e4\u00e4kaupunkiin Tallinnan parhaiden oppaiden johdolla. Tallinna tarjoaa j\u00e4nnitt\u00e4v\u00e4n yhdistelm\u00e4n historiaa, luontoa ja vilkasta kaupunkiel\u00e4m\u00e4\u00e4 Vanhakaupungin keskiaikaisesta kauneudesta nykyaikaisiin kulttuurikeskittymiin. Jokaiselle l\u00f6ytyy jotakin mieleist\u00e4, halusitpa sitten tutustua kaupungin museoihin, herkutella upealla illallisella tai nauttia luonnonkauniista k\u00e4velyretkist\u00e4 merenrannalla. Aloita suunnittelu huolella kootun listallamme n\u00e4ht\u00e4vyyksist\u00e4 ja el\u00e4myksist\u00e4, jotka tekev\u00e4t vierailustasi Swiss\u00f4tel Tallinnassa unohtumattoman.<\/span><\/p>\n","protected":false},"excerpt":{"rendered":"<p>Tutustu Viron vieh\u00e4tt\u00e4v\u00e4\u00e4n p\u00e4\u00e4kaupunkiin Tallinnan parhaiden oppaiden johdolla. Tallinna tarjoaa j\u00e4nnitt\u00e4v\u00e4n yhdistelm\u00e4n historiaa, luontoa ja vilkasta kaupunkiel\u00e4m\u00e4\u00e4 Vanhakaupungin keskiaikaisesta kauneudesta nykyaikaisiin kulttuurikeskittymiin. Jokaiselle l\u00f6ytyy jotakin mieleist\u00e4, halusitpa sitten tutustua kaupungin museoihin, herkutella upealla illallisella tai nauttia luonnonkauniista k\u00e4velyretkist\u00e4 merenrannalla. Aloita suunnittelu huolella kootun listallamme n\u00e4ht\u00e4vyyksist\u00e4 ja el\u00e4myksist\u00e4, jotka tekev\u00e4t vierailustasi Swiss\u00f4tel Tallinnassa unohtumattoman.<\/p>\n","protected":false},"author":98,"featured_media":0,"parent":0,"menu_order":8,"comment_status":"closed","ping_status":"closed","template":"template-things-to-do.php","meta":{"footnotes":""},"categories":[],"class_list":["post-721","page","type-page","status-publish","hentry"],"acf":[],"yoast_head":"<!-- This site is optimized with the Yoast SEO plugin v26.9 - https:\/\/yoast.com\/product\/yoast-seo-wordpress\/ -->\n<title>Tekemist\u00e4 Tallinnassa: suosituimmat n\u00e4ht\u00e4vyydet ja el\u00e4mykset Swiss\u00f4tel Tallinna<\/title>\n<meta name=\"description\" content=\"Tutustu Tallinnan parhaimpiin n\u00e4ht\u00e4vyyksiin ja el\u00e4myksiin oppaamme johdolla. Tutustu keskiaikaiseen historiaan, rentoudu Igluparkin saunassa ja paljon muuta.\" \/>\n<meta name=\"robots\" content=\"index, follow, max-snippet:-1, max-image-preview:large, max-video-preview:-1\" \/>\n<link rel=\"canonical\" href=\"https:\/\/www.swissoteltallinn.com\/fi\/things-to-do-in-tallinn\/\" \/>\n<meta property=\"og:locale\" content=\"fi_FI\" \/>\n<meta property=\"og:type\" content=\"article\" \/>\n<meta property=\"og:title\" content=\"Tekemist\u00e4 Tallinnassa: suosituimmat n\u00e4ht\u00e4vyydet ja el\u00e4mykset Swiss\u00f4tel Tallinna\" \/>\n<meta property=\"og:description\" content=\"Tutustu Tallinnan parhaimpiin n\u00e4ht\u00e4vyyksiin ja el\u00e4myksiin oppaamme johdolla. Tutustu keskiaikaiseen historiaan, rentoudu Igluparkin saunassa ja paljon muuta.\" \/>\n<meta property=\"og:url\" content=\"https:\/\/www.swissoteltallinn.com\/fi\/things-to-do-in-tallinn\/\" \/>\n<meta property=\"og:site_name\" content=\"Swissotel Tallinn\" \/>\n<meta property=\"article:publisher\" content=\"https:\/\/www.facebook.com\/SwissotelTallinn\" \/>\n<meta property=\"article:modified_time\" content=\"2024-11-18T20:57:40+00:00\" \/>\n<meta name=\"twitter:card\" content=\"summary_large_image\" \/>\n<meta name=\"twitter:label1\" content=\"Est. reading time\" \/>\n\t<meta name=\"twitter:data1\" content=\"1 minuutti\" \/>\n<script type=\"application\/ld+json\" class=\"yoast-schema-graph\">{\"@context\":\"https:\/\/schema.org\",\"@graph\":[{\"@type\":\"WebPage\",\"@id\":\"https:\/\/www.swissoteltallinn.com\/fi\/things-to-do-in-tallinn\/\",\"url\":\"https:\/\/www.swissoteltallinn.com\/fi\/things-to-do-in-tallinn\/\",\"name\":\"Tekemist\u00e4 Tallinnassa: suosituimmat n\u00e4ht\u00e4vyydet ja el\u00e4mykset Swiss\u00f4tel Tallinna\",\"isPartOf\":{\"@id\":\"https:\/\/www.swissoteltallinn.com\/#website\"},\"datePublished\":\"2024-10-08T09:01:06+00:00\",\"dateModified\":\"2024-11-18T20:57:40+00:00\",\"description\":\"Tutustu Tallinnan parhaimpiin n\u00e4ht\u00e4vyyksiin ja el\u00e4myksiin oppaamme johdolla. Tutustu keskiaikaiseen historiaan, rentoudu Igluparkin saunassa ja paljon muuta.\",\"breadcrumb\":{\"@id\":\"https:\/\/www.swissoteltallinn.com\/fi\/things-to-do-in-tallinn\/#breadcrumb\"},\"inLanguage\":\"fi\",\"potentialAction\":[{\"@type\":\"ReadAction\",\"target\":[\"https:\/\/www.swissoteltallinn.com\/fi\/things-to-do-in-tallinn\/\"]}]},{\"@type\":\"BreadcrumbList\",\"@id\":\"https:\/\/www.swissoteltallinn.com\/fi\/things-to-do-in-tallinn\/#breadcrumb\",\"itemListElement\":[{\"@type\":\"ListItem\",\"position\":1,\"name\":\"Home\",\"item\":\"https:\/\/www.swissoteltallinn.com\/fi\/\"},{\"@type\":\"ListItem\",\"position\":2,\"name\":\"Tekemist\u00e4 Tallinnassa\"}]},{\"@type\":\"WebSite\",\"@id\":\"https:\/\/www.swissoteltallinn.com\/#website\",\"url\":\"https:\/\/www.swissoteltallinn.com\/\",\"name\":\"Swissotel Tallinn\",\"description\":\"\",\"publisher\":{\"@id\":\"https:\/\/www.swissoteltallinn.com\/#organization\"},\"potentialAction\":[{\"@type\":\"SearchAction\",\"target\":{\"@type\":\"EntryPoint\",\"urlTemplate\":\"https:\/\/www.swissoteltallinn.com\/?s={search_term_string}\"},\"query-input\":{\"@type\":\"PropertyValueSpecification\",\"valueRequired\":true,\"valueName\":\"search_term_string\"}}],\"inLanguage\":\"fi\"},{\"@type\":\"Organization\",\"@id\":\"https:\/\/www.swissoteltallinn.com\/#organization\",\"name\":\"Swissotel Tallinn\",\"url\":\"https:\/\/www.swissoteltallinn.com\/\",\"logo\":{\"@type\":\"ImageObject\",\"inLanguage\":\"fi\",\"@id\":\"https:\/\/www.swissoteltallinn.com\/#\/schema\/logo\/image\/\",\"url\":\"https:\/\/www.swissoteltallinn.com\/wp-content\/uploads\/sites\/107\/2024\/07\/Swissotel-Tallinn-logo.jpg\",\"contentUrl\":\"https:\/\/www.swissoteltallinn.com\/wp-content\/uploads\/sites\/107\/2024\/07\/Swissotel-Tallinn-logo.jpg\",\"width\":1800,\"height\":379,\"caption\":\"Swissotel Tallinn\"},\"image\":{\"@id\":\"https:\/\/www.swissoteltallinn.com\/#\/schema\/logo\/image\/\"},\"sameAs\":[\"https:\/\/www.facebook.com\/SwissotelTallinn\",\"https:\/\/ee.linkedin.com\/company\/swiss-tel-tallinn-estonia\",\"https:\/\/www.youtube.com\/channel\/UC-SFkHuVOioVnEI78gVBQrg\",\"https:\/\/www.instagram.com\/swissoteltallinn\/\"]}]}<\/script>\n<!-- \/ Yoast SEO plugin. -->","yoast_head_json":{"title":"Tekemist\u00e4 Tallinnassa: suosituimmat n\u00e4ht\u00e4vyydet ja el\u00e4mykset Swiss\u00f4tel Tallinna","description":"Tutustu Tallinnan parhaimpiin n\u00e4ht\u00e4vyyksiin ja el\u00e4myksiin oppaamme johdolla. Tutustu keskiaikaiseen historiaan, rentoudu Igluparkin saunassa ja paljon muuta.","robots":{"index":"index","follow":"follow","max-snippet":"max-snippet:-1","max-image-preview":"max-image-preview:large","max-video-preview":"max-video-preview:-1"},"canonical":"https:\/\/www.swissoteltallinn.com\/fi\/things-to-do-in-tallinn\/","og_locale":"fi_FI","og_type":"article","og_title":"Tekemist\u00e4 Tallinnassa: suosituimmat n\u00e4ht\u00e4vyydet ja el\u00e4mykset Swiss\u00f4tel Tallinna","og_description":"Tutustu Tallinnan parhaimpiin n\u00e4ht\u00e4vyyksiin ja el\u00e4myksiin oppaamme johdolla. Tutustu keskiaikaiseen historiaan, rentoudu Igluparkin saunassa ja paljon muuta.","og_url":"https:\/\/www.swissoteltallinn.com\/fi\/things-to-do-in-tallinn\/","og_site_name":"Swissotel Tallinn","article_publisher":"https:\/\/www.facebook.com\/SwissotelTallinn","article_modified_time":"2024-11-18T20:57:40+00:00","twitter_card":"summary_large_image","twitter_misc":{"Est. reading time":"1 minuutti"},"schema":{"@context":"https:\/\/schema.org","@graph":[{"@type":"WebPage","@id":"https:\/\/www.swissoteltallinn.com\/fi\/things-to-do-in-tallinn\/","url":"https:\/\/www.swissoteltallinn.com\/fi\/things-to-do-in-tallinn\/","name":"Tekemist\u00e4 Tallinnassa: suosituimmat n\u00e4ht\u00e4vyydet ja el\u00e4mykset Swiss\u00f4tel Tallinna","isPartOf":{"@id":"https:\/\/www.swissoteltallinn.com\/#website"},"datePublished":"2024-10-08T09:01:06+00:00","dateModified":"2024-11-18T20:57:40+00:00","description":"Tutustu Tallinnan parhaimpiin n\u00e4ht\u00e4vyyksiin ja el\u00e4myksiin oppaamme johdolla. Tutustu keskiaikaiseen historiaan, rentoudu Igluparkin saunassa ja paljon muuta.","breadcrumb":{"@id":"https:\/\/www.swissoteltallinn.com\/fi\/things-to-do-in-tallinn\/#breadcrumb"},"inLanguage":"fi","potentialAction":[{"@type":"ReadAction","target":["https:\/\/www.swissoteltallinn.com\/fi\/things-to-do-in-tallinn\/"]}]},{"@type":"BreadcrumbList","@id":"https:\/\/www.swissoteltallinn.com\/fi\/things-to-do-in-tallinn\/#breadcrumb","itemListElement":[{"@type":"ListItem","position":1,"name":"Home","item":"https:\/\/www.swissoteltallinn.com\/fi\/"},{"@type":"ListItem","position":2,"name":"Tekemist\u00e4 Tallinnassa"}]},{"@type":"WebSite","@id":"https:\/\/www.swissoteltallinn.com\/#website","url":"https:\/\/www.swissoteltallinn.com\/","name":"Swissotel Tallinn","description":"","publisher":{"@id":"https:\/\/www.swissoteltallinn.com\/#organization"},"potentialAction":[{"@type":"SearchAction","target":{"@type":"EntryPoint","urlTemplate":"https:\/\/www.swissoteltallinn.com\/?s={search_term_string}"},"query-input":{"@type":"PropertyValueSpecification","valueRequired":true,"valueName":"search_term_string"}}],"inLanguage":"fi"},{"@type":"Organization","@id":"https:\/\/www.swissoteltallinn.com\/#organization","name":"Swissotel Tallinn","url":"https:\/\/www.swissoteltallinn.com\/","logo":{"@type":"ImageObject","inLanguage":"fi","@id":"https:\/\/www.swissoteltallinn.com\/#\/schema\/logo\/image\/","url":"https:\/\/www.swissoteltallinn.com\/wp-content\/uploads\/sites\/107\/2024\/07\/Swissotel-Tallinn-logo.jpg","contentUrl":"https:\/\/www.swissoteltallinn.com\/wp-content\/uploads\/sites\/107\/2024\/07\/Swissotel-Tallinn-logo.jpg","width":1800,"height":379,"caption":"Swissotel Tallinn"},"image":{"@id":"https:\/\/www.swissoteltallinn.com\/#\/schema\/logo\/image\/"},"sameAs":["https:\/\/www.facebook.com\/SwissotelTallinn","https:\/\/ee.linkedin.com\/company\/swiss-tel-tallinn-estonia","https:\/\/www.youtube.com\/channel\/UC-SFkHuVOioVnEI78gVBQrg","https:\/\/www.instagram.com\/swissoteltallinn\/"]}]}},"_links":{"self":[{"href":"https:\/\/www.swissoteltallinn.com\/fi\/wp-json\/wp\/v2\/pages\/721","targetHints":{"allow":["GET"]}}],"collection":[{"href":"https:\/\/www.swissoteltallinn.com\/fi\/wp-json\/wp\/v2\/pages"}],"about":[{"href":"https:\/\/www.swissoteltallinn.com\/fi\/wp-json\/wp\/v2\/types\/page"}],"author":[{"embeddable":true,"href":"https:\/\/www.swissoteltallinn.com\/fi\/wp-json\/wp\/v2\/users\/98"}],"replies":[{"embeddable":true,"href":"https:\/\/www.swissoteltallinn.com\/fi\/wp-json\/wp\/v2\/comments?post=721"}],"version-history":[{"count":0,"href":"https:\/\/www.swissoteltallinn.com\/fi\/wp-json\/wp\/v2\/pages\/721\/revisions"}],"wp:attachment":[{"href":"https:\/\/www.swissoteltallinn.com\/fi\/wp-json\/wp\/v2\/media?parent=721"}],"wp:term":[{"taxonomy":"category","embeddable":true,"href":"https:\/\/www.swissoteltallinn.com\/fi\/wp-json\/wp\/v2\/categories?post=721"}],"curies":[{"name":"wp","href":"https:\/\/api.w.org\/{rel}","templated":true}]}}