{"id":709,"date":"2024-05-28T14:32:32","date_gmt":"2024-05-28T14:32:32","guid":{"rendered":"https:\/\/swissotel-tallinn.accorv2prod.decms.eu\/dining\/the-quarter-restaurant\/"},"modified":"2026-04-06T10:55:52","modified_gmt":"2026-04-06T10:55:52","slug":"the-quarter-restaurant","status":"publish","type":"page","link":"https:\/\/www.swissoteltallinn.com\/fi\/dining\/the-quarter-restaurant\/","title":{"rendered":"THE QUARTER RESTAURANT"},"content":{"rendered":"<p style=\"text-align: center\"><span data-sheets-root=\"1\">Swiss\u00f4tel Tallinnan 8. kerroksessa sijaitseva The Quarter-ravintola tarjoaa muutakin kuin ruokaa, sill\u00e4 nimenomaan siell\u00e4 voit aloittaa p\u00e4iv\u00e4n upean runsaalla buffetaamiaisella. P\u00e4ivitt\u00e4in avoinna oleva ravintolamme tarjoaa energisen alun p\u00e4iv\u00e4llesi keskell\u00e4 henke\u00e4salpaavaa n\u00e4k\u00f6alaa kaupungin ylitse ja merelle. Aamiaisemme on todella runsas, joten aivan jokaista makuhermoa hellit\u00e4\u00e4n huolella. L\u00e4mpim\u00e4st\u00e4 gourmet-tarjonnasta ja mannermaisista klassikoista terveellisiin vaihtoehtoihin \u2013 jokainen buffetaamiaisen ruokalaji on valmistettu tuoreimmista raaka-aineista, jotta p\u00e4iv\u00e4si alkaisi mahdollisimman onnistuneesti. \u00c4itien- ja is\u00e4np\u00e4iv\u00e4n kaltaisina juhlap\u00e4ivin\u00e4 The Quarter -ravintolassamme on tarjolla ylellinen ja ilahduttavan yll\u00e4tt\u00e4v\u00e4 brunssi n\u00e4iden t\u00e4rkeiden hetkien juhlistamiseen.<\/span><\/p>\n","protected":false},"excerpt":{"rendered":"<p>Swiss\u00f4tel Tallinnan 8. kerroksessa sijaitseva The Quarter-ravintola tarjoaa muutakin kuin ruokaa, sill\u00e4 nimenomaan siell\u00e4 voit aloittaa p\u00e4iv\u00e4n upean runsaalla buffetaamiaisella. P\u00e4ivitt\u00e4in avoinna oleva ravintolamme tarjoaa energisen alun p\u00e4iv\u00e4llesi keskell\u00e4 henke\u00e4salpaavaa n\u00e4k\u00f6alaa kaupungin ylitse ja merelle. Aamiaisemme on todella runsas, joten aivan jokaista makuhermoa hellit\u00e4\u00e4n huolella. L\u00e4mpim\u00e4st\u00e4 gourmet-tarjonnasta ja mannermaisista klassikoista terveellisiin vaihtoehtoihin \u2013 jokainen buffetaamiaisen [&hellip;]<\/p>\n","protected":false},"author":98,"featured_media":0,"parent":692,"menu_order":0,"comment_status":"closed","ping_status":"closed","template":"template-restaurant.php","meta":{"footnotes":""},"categories":[],"class_list":["post-709","page","type-page","status-publish","hentry"],"acf":[],"yoast_head":"<!-- This site is optimized with the Yoast SEO plugin v26.9 - https:\/\/yoast.com\/product\/yoast-seo-wordpress\/ -->\n<title>The Quarterin aamiainen<\/title>\n<meta name=\"description\" content=\"Nauti runsas buffetaamiainen The Quarter -ravintolassa Swiss\u00f4tel Tallinnan 8. kerroksessa, josta avautuu henke\u00e4salpaava n\u00e4k\u00f6ala Tallinnaan.\" \/>\n<meta name=\"robots\" content=\"index, follow, max-snippet:-1, max-image-preview:large, max-video-preview:-1\" \/>\n<link rel=\"canonical\" href=\"https:\/\/www.swissoteltallinn.com\/fi\/dining\/the-quarter-restaurant\/\" \/>\n<meta property=\"og:locale\" content=\"fi_FI\" \/>\n<meta property=\"og:type\" content=\"article\" \/>\n<meta property=\"og:title\" content=\"The Quarterin aamiainen\" \/>\n<meta property=\"og:description\" content=\"Nauti runsas buffetaamiainen The Quarter -ravintolassa Swiss\u00f4tel Tallinnan 8. kerroksessa, josta avautuu henke\u00e4salpaava n\u00e4k\u00f6ala Tallinnaan.\" \/>\n<meta property=\"og:url\" content=\"https:\/\/www.swissoteltallinn.com\/fi\/dining\/the-quarter-restaurant\/\" \/>\n<meta property=\"og:site_name\" content=\"Swissotel Tallinn\" \/>\n<meta property=\"article:publisher\" content=\"https:\/\/www.facebook.com\/SwissotelTallinn\" \/>\n<meta property=\"article:modified_time\" content=\"2026-04-06T10:55:52+00:00\" \/>\n<meta name=\"twitter:card\" content=\"summary_large_image\" \/>\n<meta name=\"twitter:label1\" content=\"Est. reading time\" \/>\n\t<meta name=\"twitter:data1\" content=\"1 minuutti\" \/>\n<script type=\"application\/ld+json\" class=\"yoast-schema-graph\">{\"@context\":\"https:\/\/schema.org\",\"@graph\":[{\"@type\":\"WebPage\",\"@id\":\"https:\/\/www.swissoteltallinn.com\/fi\/dining\/the-quarter-restaurant\/\",\"url\":\"https:\/\/www.swissoteltallinn.com\/fi\/dining\/the-quarter-restaurant\/\",\"name\":\"The Quarterin aamiainen\",\"isPartOf\":{\"@id\":\"https:\/\/www.swissoteltallinn.com\/#website\"},\"datePublished\":\"2024-05-28T14:32:32+00:00\",\"dateModified\":\"2026-04-06T10:55:52+00:00\",\"description\":\"Nauti runsas buffetaamiainen The Quarter -ravintolassa Swiss\u00f4tel Tallinnan 8. kerroksessa, josta avautuu henke\u00e4salpaava n\u00e4k\u00f6ala Tallinnaan.\",\"breadcrumb\":{\"@id\":\"https:\/\/www.swissoteltallinn.com\/fi\/dining\/the-quarter-restaurant\/#breadcrumb\"},\"inLanguage\":\"fi\",\"potentialAction\":[{\"@type\":\"ReadAction\",\"target\":[\"https:\/\/www.swissoteltallinn.com\/fi\/dining\/the-quarter-restaurant\/\"]}]},{\"@type\":\"BreadcrumbList\",\"@id\":\"https:\/\/www.swissoteltallinn.com\/fi\/dining\/the-quarter-restaurant\/#breadcrumb\",\"itemListElement\":[{\"@type\":\"ListItem\",\"position\":1,\"name\":\"Home\",\"item\":\"https:\/\/www.swissoteltallinn.com\/fi\/\"},{\"@type\":\"ListItem\",\"position\":2,\"name\":\"MAKUEL\u00c4MYKSET\",\"item\":\"https:\/\/www.swissoteltallinn.com\/fi\/dining\/\"},{\"@type\":\"ListItem\",\"position\":3,\"name\":\"THE QUARTER RESTAURANT\"}]},{\"@type\":\"WebSite\",\"@id\":\"https:\/\/www.swissoteltallinn.com\/#website\",\"url\":\"https:\/\/www.swissoteltallinn.com\/\",\"name\":\"Swissotel Tallinn\",\"description\":\"\",\"publisher\":{\"@id\":\"https:\/\/www.swissoteltallinn.com\/#organization\"},\"potentialAction\":[{\"@type\":\"SearchAction\",\"target\":{\"@type\":\"EntryPoint\",\"urlTemplate\":\"https:\/\/www.swissoteltallinn.com\/?s={search_term_string}\"},\"query-input\":{\"@type\":\"PropertyValueSpecification\",\"valueRequired\":true,\"valueName\":\"search_term_string\"}}],\"inLanguage\":\"fi\"},{\"@type\":\"Organization\",\"@id\":\"https:\/\/www.swissoteltallinn.com\/#organization\",\"name\":\"Swissotel Tallinn\",\"url\":\"https:\/\/www.swissoteltallinn.com\/\",\"logo\":{\"@type\":\"ImageObject\",\"inLanguage\":\"fi\",\"@id\":\"https:\/\/www.swissoteltallinn.com\/#\/schema\/logo\/image\/\",\"url\":\"https:\/\/www.swissoteltallinn.com\/wp-content\/uploads\/sites\/107\/2024\/07\/Swissotel-Tallinn-logo.jpg\",\"contentUrl\":\"https:\/\/www.swissoteltallinn.com\/wp-content\/uploads\/sites\/107\/2024\/07\/Swissotel-Tallinn-logo.jpg\",\"width\":1800,\"height\":379,\"caption\":\"Swissotel Tallinn\"},\"image\":{\"@id\":\"https:\/\/www.swissoteltallinn.com\/#\/schema\/logo\/image\/\"},\"sameAs\":[\"https:\/\/www.facebook.com\/SwissotelTallinn\",\"https:\/\/ee.linkedin.com\/company\/swiss-tel-tallinn-estonia\",\"https:\/\/www.youtube.com\/channel\/UC-SFkHuVOioVnEI78gVBQrg\",\"https:\/\/www.instagram.com\/swissoteltallinn\/\"]}]}<\/script>\n<!-- \/ Yoast SEO plugin. -->","yoast_head_json":{"title":"The Quarterin aamiainen","description":"Nauti runsas buffetaamiainen The Quarter -ravintolassa Swiss\u00f4tel Tallinnan 8. kerroksessa, josta avautuu henke\u00e4salpaava n\u00e4k\u00f6ala Tallinnaan.","robots":{"index":"index","follow":"follow","max-snippet":"max-snippet:-1","max-image-preview":"max-image-preview:large","max-video-preview":"max-video-preview:-1"},"canonical":"https:\/\/www.swissoteltallinn.com\/fi\/dining\/the-quarter-restaurant\/","og_locale":"fi_FI","og_type":"article","og_title":"The Quarterin aamiainen","og_description":"Nauti runsas buffetaamiainen The Quarter -ravintolassa Swiss\u00f4tel Tallinnan 8. kerroksessa, josta avautuu henke\u00e4salpaava n\u00e4k\u00f6ala Tallinnaan.","og_url":"https:\/\/www.swissoteltallinn.com\/fi\/dining\/the-quarter-restaurant\/","og_site_name":"Swissotel Tallinn","article_publisher":"https:\/\/www.facebook.com\/SwissotelTallinn","article_modified_time":"2026-04-06T10:55:52+00:00","twitter_card":"summary_large_image","twitter_misc":{"Est. reading time":"1 minuutti"},"schema":{"@context":"https:\/\/schema.org","@graph":[{"@type":"WebPage","@id":"https:\/\/www.swissoteltallinn.com\/fi\/dining\/the-quarter-restaurant\/","url":"https:\/\/www.swissoteltallinn.com\/fi\/dining\/the-quarter-restaurant\/","name":"The Quarterin aamiainen","isPartOf":{"@id":"https:\/\/www.swissoteltallinn.com\/#website"},"datePublished":"2024-05-28T14:32:32+00:00","dateModified":"2026-04-06T10:55:52+00:00","description":"Nauti runsas buffetaamiainen The Quarter -ravintolassa Swiss\u00f4tel Tallinnan 8. kerroksessa, josta avautuu henke\u00e4salpaava n\u00e4k\u00f6ala Tallinnaan.","breadcrumb":{"@id":"https:\/\/www.swissoteltallinn.com\/fi\/dining\/the-quarter-restaurant\/#breadcrumb"},"inLanguage":"fi","potentialAction":[{"@type":"ReadAction","target":["https:\/\/www.swissoteltallinn.com\/fi\/dining\/the-quarter-restaurant\/"]}]},{"@type":"BreadcrumbList","@id":"https:\/\/www.swissoteltallinn.com\/fi\/dining\/the-quarter-restaurant\/#breadcrumb","itemListElement":[{"@type":"ListItem","position":1,"name":"Home","item":"https:\/\/www.swissoteltallinn.com\/fi\/"},{"@type":"ListItem","position":2,"name":"MAKUEL\u00c4MYKSET","item":"https:\/\/www.swissoteltallinn.com\/fi\/dining\/"},{"@type":"ListItem","position":3,"name":"THE QUARTER RESTAURANT"}]},{"@type":"WebSite","@id":"https:\/\/www.swissoteltallinn.com\/#website","url":"https:\/\/www.swissoteltallinn.com\/","name":"Swissotel Tallinn","description":"","publisher":{"@id":"https:\/\/www.swissoteltallinn.com\/#organization"},"potentialAction":[{"@type":"SearchAction","target":{"@type":"EntryPoint","urlTemplate":"https:\/\/www.swissoteltallinn.com\/?s={search_term_string}"},"query-input":{"@type":"PropertyValueSpecification","valueRequired":true,"valueName":"search_term_string"}}],"inLanguage":"fi"},{"@type":"Organization","@id":"https:\/\/www.swissoteltallinn.com\/#organization","name":"Swissotel Tallinn","url":"https:\/\/www.swissoteltallinn.com\/","logo":{"@type":"ImageObject","inLanguage":"fi","@id":"https:\/\/www.swissoteltallinn.com\/#\/schema\/logo\/image\/","url":"https:\/\/www.swissoteltallinn.com\/wp-content\/uploads\/sites\/107\/2024\/07\/Swissotel-Tallinn-logo.jpg","contentUrl":"https:\/\/www.swissoteltallinn.com\/wp-content\/uploads\/sites\/107\/2024\/07\/Swissotel-Tallinn-logo.jpg","width":1800,"height":379,"caption":"Swissotel Tallinn"},"image":{"@id":"https:\/\/www.swissoteltallinn.com\/#\/schema\/logo\/image\/"},"sameAs":["https:\/\/www.facebook.com\/SwissotelTallinn","https:\/\/ee.linkedin.com\/company\/swiss-tel-tallinn-estonia","https:\/\/www.youtube.com\/channel\/UC-SFkHuVOioVnEI78gVBQrg","https:\/\/www.instagram.com\/swissoteltallinn\/"]}]}},"_links":{"self":[{"href":"https:\/\/www.swissoteltallinn.com\/fi\/wp-json\/wp\/v2\/pages\/709","targetHints":{"allow":["GET"]}}],"collection":[{"href":"https:\/\/www.swissoteltallinn.com\/fi\/wp-json\/wp\/v2\/pages"}],"about":[{"href":"https:\/\/www.swissoteltallinn.com\/fi\/wp-json\/wp\/v2\/types\/page"}],"author":[{"embeddable":true,"href":"https:\/\/www.swissoteltallinn.com\/fi\/wp-json\/wp\/v2\/users\/98"}],"replies":[{"embeddable":true,"href":"https:\/\/www.swissoteltallinn.com\/fi\/wp-json\/wp\/v2\/comments?post=709"}],"version-history":[{"count":3,"href":"https:\/\/www.swissoteltallinn.com\/fi\/wp-json\/wp\/v2\/pages\/709\/revisions"}],"predecessor-version":[{"id":1215,"href":"https:\/\/www.swissoteltallinn.com\/fi\/wp-json\/wp\/v2\/pages\/709\/revisions\/1215"}],"up":[{"embeddable":true,"href":"https:\/\/www.swissoteltallinn.com\/fi\/wp-json\/wp\/v2\/pages\/692"}],"wp:attachment":[{"href":"https:\/\/www.swissoteltallinn.com\/fi\/wp-json\/wp\/v2\/media?parent=709"}],"wp:term":[{"taxonomy":"category","embeddable":true,"href":"https:\/\/www.swissoteltallinn.com\/fi\/wp-json\/wp\/v2\/categories?post=709"}],"curies":[{"name":"wp","href":"https:\/\/api.w.org\/{rel}","templated":true}]}}