{"id":704,"date":"2024-05-28T14:22:38","date_gmt":"2024-05-28T14:22:38","guid":{"rendered":"https:\/\/swissotel-tallinn.accorv2prod.decms.eu\/dining\/no3-lobby-bar-deli\/"},"modified":"2024-12-10T15:14:44","modified_gmt":"2024-12-10T15:14:44","slug":"no3-lobby-bar-deli","status":"publish","type":"page","link":"https:\/\/www.swissoteltallinn.com\/fi\/dining\/no3-lobby-bar-deli\/","title":{"rendered":"NO3 LOBBY BAR &amp; DELI"},"content":{"rendered":"<p style=\"text-align: center;\"><span data-sheets-root=\"1\" data-sheets-value=\"{&quot;1&quot;:2,&quot;2&quot;:&quot;Discover the perfect blend of comfort and convenience at No3 Bar &amp; Deli, nestled on the first floor of Swissotel Tallinn. This expansive open space boasts an array of cozy corners, ideal for both working sessions and informal meetings. At No3 Lobby Bar &amp; Deli, guests are welcomed with an enticing selection of house-made pastries, sandwiches, cakes, and a diverse range of beverages. Whether you're looking for a spot for quick meetings or leisurely meals, No3 offers an inviting atmosphere for every occasion.&quot;}\" data-sheets-userformat=\"{&quot;2&quot;:13311,&quot;3&quot;:{&quot;1&quot;:0},&quot;4&quot;:{&quot;1&quot;:2,&quot;2&quot;:16773836},&quot;5&quot;:{&quot;1&quot;:[{&quot;1&quot;:2,&quot;2&quot;:0,&quot;5&quot;:{&quot;1&quot;:2,&quot;2&quot;:14277081}},{&quot;1&quot;:0,&quot;2&quot;:0,&quot;3&quot;:3},{&quot;1&quot;:1,&quot;2&quot;:0,&quot;4&quot;:1}]},&quot;6&quot;:{&quot;1&quot;:[{&quot;1&quot;:2,&quot;2&quot;:0,&quot;5&quot;:{&quot;1&quot;:2,&quot;2&quot;:14277081}},{&quot;1&quot;:0,&quot;2&quot;:0,&quot;3&quot;:3},{&quot;1&quot;:1,&quot;2&quot;:0,&quot;4&quot;:1}]},&quot;7&quot;:{&quot;1&quot;:[{&quot;1&quot;:2,&quot;2&quot;:0,&quot;5&quot;:{&quot;1&quot;:2,&quot;2&quot;:14277081}},{&quot;1&quot;:0,&quot;2&quot;:0,&quot;3&quot;:3},{&quot;1&quot;:1,&quot;2&quot;:0,&quot;4&quot;:1}]},&quot;8&quot;:{&quot;1&quot;:[{&quot;1&quot;:2,&quot;2&quot;:0,&quot;5&quot;:{&quot;1&quot;:2,&quot;2&quot;:14277081}},{&quot;1&quot;:0,&quot;2&quot;:0,&quot;3&quot;:3},{&quot;1&quot;:1,&quot;2&quot;:0,&quot;4&quot;:1}]},&quot;9&quot;:0,&quot;10&quot;:1,&quot;11&quot;:4,&quot;12&quot;:0,&quot;15&quot;:&quot;Montserrat&quot;,&quot;16&quot;:10}\">Discover the perfect blend of comfort and convenience at No3 Bar &amp; Deli, nestled on the first floor of Swissotel Tallinn. This expansive open space boasts an array of cozy corners, ideal for both working sessions and informal meetings. At No3 Lobby Bar &amp; Deli, guests are welcomed with an enticing selection of house-made pastries, sandwiches, cakes, and a diverse range of beverages. Whether you&#8217;re looking for a spot for quick meetings or leisurely meals, No3 offers an inviting atmosphere for every occasion.<\/span><\/p>\n","protected":false},"excerpt":{"rendered":"<p>Discover the perfect blend of comfort and convenience at No3 Bar &amp; Deli, nestled on the first floor of Swissotel Tallinn. This expansive open space boasts an array of cozy corners, ideal for both working sessions and informal meetings. At No3 Lobby Bar &amp; Deli, guests are welcomed with an enticing selection of house-made pastries, [&hellip;]<\/p>\n","protected":false},"author":98,"featured_media":0,"parent":692,"menu_order":0,"comment_status":"closed","ping_status":"closed","template":"template-restaurant.php","meta":{"footnotes":""},"categories":[],"class_list":["post-704","page","type-page","status-publish","hentry"],"acf":[],"yoast_head":"<!-- This site is optimized with the Yoast SEO plugin v26.9 - https:\/\/yoast.com\/product\/yoast-seo-wordpress\/ -->\n<title>Rentoudu ja nauti hetkest\u00e4 No3 Bar &amp; Deliss\u00e4 Swissotel Tallinnassa<\/title>\n<meta name=\"description\" content=\"Pist\u00e4ydy k\u00e4tev\u00e4sti No3 Bar &amp; Deliss\u00e4 Swissotel Tallinnan ensimm\u00e4isess\u00e4 kerroksessa ja herkuttele paikan p\u00e4\u00e4ll\u00e4 valmistetuilla leivonnaisilla, voileivill\u00e4 ja juomilla rennon tyylikk\u00e4\u00e4ss\u00e4 tunnelmassa.\" \/>\n<meta name=\"robots\" content=\"index, follow, max-snippet:-1, max-image-preview:large, max-video-preview:-1\" \/>\n<link rel=\"canonical\" href=\"https:\/\/www.swissoteltallinn.com\/fi\/dining\/no3-lobby-bar-deli\/\" \/>\n<meta property=\"og:locale\" content=\"fi_FI\" \/>\n<meta property=\"og:type\" content=\"article\" \/>\n<meta property=\"og:title\" content=\"Rentoudu ja nauti hetkest\u00e4 No3 Bar &amp; Deliss\u00e4 Swissotel Tallinnassa\" \/>\n<meta property=\"og:description\" content=\"Pist\u00e4ydy k\u00e4tev\u00e4sti No3 Bar &amp; Deliss\u00e4 Swissotel Tallinnan ensimm\u00e4isess\u00e4 kerroksessa ja herkuttele paikan p\u00e4\u00e4ll\u00e4 valmistetuilla leivonnaisilla, voileivill\u00e4 ja juomilla rennon tyylikk\u00e4\u00e4ss\u00e4 tunnelmassa.\" \/>\n<meta property=\"og:url\" content=\"https:\/\/www.swissoteltallinn.com\/fi\/dining\/no3-lobby-bar-deli\/\" \/>\n<meta property=\"og:site_name\" content=\"Swissotel Tallinn\" \/>\n<meta property=\"article:publisher\" content=\"https:\/\/www.facebook.com\/SwissotelTallinn\" \/>\n<meta property=\"article:modified_time\" content=\"2024-12-10T15:14:44+00:00\" \/>\n<meta name=\"twitter:card\" content=\"summary_large_image\" \/>\n<meta name=\"twitter:label1\" content=\"Est. reading time\" \/>\n\t<meta name=\"twitter:data1\" content=\"1 minuutti\" \/>\n<script type=\"application\/ld+json\" class=\"yoast-schema-graph\">{\"@context\":\"https:\/\/schema.org\",\"@graph\":[{\"@type\":\"WebPage\",\"@id\":\"https:\/\/www.swissoteltallinn.com\/fi\/dining\/no3-lobby-bar-deli\/\",\"url\":\"https:\/\/www.swissoteltallinn.com\/fi\/dining\/no3-lobby-bar-deli\/\",\"name\":\"Rentoudu ja nauti hetkest\u00e4 No3 Bar & Deliss\u00e4 Swissotel Tallinnassa\",\"isPartOf\":{\"@id\":\"https:\/\/www.swissoteltallinn.com\/#website\"},\"datePublished\":\"2024-05-28T14:22:38+00:00\",\"dateModified\":\"2024-12-10T15:14:44+00:00\",\"description\":\"Pist\u00e4ydy k\u00e4tev\u00e4sti No3 Bar & Deliss\u00e4 Swissotel Tallinnan ensimm\u00e4isess\u00e4 kerroksessa ja herkuttele paikan p\u00e4\u00e4ll\u00e4 valmistetuilla leivonnaisilla, voileivill\u00e4 ja juomilla rennon tyylikk\u00e4\u00e4ss\u00e4 tunnelmassa.\",\"breadcrumb\":{\"@id\":\"https:\/\/www.swissoteltallinn.com\/fi\/dining\/no3-lobby-bar-deli\/#breadcrumb\"},\"inLanguage\":\"fi\",\"potentialAction\":[{\"@type\":\"ReadAction\",\"target\":[\"https:\/\/www.swissoteltallinn.com\/fi\/dining\/no3-lobby-bar-deli\/\"]}]},{\"@type\":\"BreadcrumbList\",\"@id\":\"https:\/\/www.swissoteltallinn.com\/fi\/dining\/no3-lobby-bar-deli\/#breadcrumb\",\"itemListElement\":[{\"@type\":\"ListItem\",\"position\":1,\"name\":\"Home\",\"item\":\"https:\/\/www.swissoteltallinn.com\/fi\/\"},{\"@type\":\"ListItem\",\"position\":2,\"name\":\"MAKUEL\u00c4MYKSET\",\"item\":\"https:\/\/www.swissoteltallinn.com\/fi\/dining\/\"},{\"@type\":\"ListItem\",\"position\":3,\"name\":\"NO3 LOBBY BAR &amp; DELI\"}]},{\"@type\":\"WebSite\",\"@id\":\"https:\/\/www.swissoteltallinn.com\/#website\",\"url\":\"https:\/\/www.swissoteltallinn.com\/\",\"name\":\"Swissotel Tallinn\",\"description\":\"\",\"publisher\":{\"@id\":\"https:\/\/www.swissoteltallinn.com\/#organization\"},\"potentialAction\":[{\"@type\":\"SearchAction\",\"target\":{\"@type\":\"EntryPoint\",\"urlTemplate\":\"https:\/\/www.swissoteltallinn.com\/?s={search_term_string}\"},\"query-input\":{\"@type\":\"PropertyValueSpecification\",\"valueRequired\":true,\"valueName\":\"search_term_string\"}}],\"inLanguage\":\"fi\"},{\"@type\":\"Organization\",\"@id\":\"https:\/\/www.swissoteltallinn.com\/#organization\",\"name\":\"Swissotel Tallinn\",\"url\":\"https:\/\/www.swissoteltallinn.com\/\",\"logo\":{\"@type\":\"ImageObject\",\"inLanguage\":\"fi\",\"@id\":\"https:\/\/www.swissoteltallinn.com\/#\/schema\/logo\/image\/\",\"url\":\"https:\/\/www.swissoteltallinn.com\/wp-content\/uploads\/sites\/107\/2024\/07\/Swissotel-Tallinn-logo.jpg\",\"contentUrl\":\"https:\/\/www.swissoteltallinn.com\/wp-content\/uploads\/sites\/107\/2024\/07\/Swissotel-Tallinn-logo.jpg\",\"width\":1800,\"height\":379,\"caption\":\"Swissotel Tallinn\"},\"image\":{\"@id\":\"https:\/\/www.swissoteltallinn.com\/#\/schema\/logo\/image\/\"},\"sameAs\":[\"https:\/\/www.facebook.com\/SwissotelTallinn\",\"https:\/\/ee.linkedin.com\/company\/swiss-tel-tallinn-estonia\",\"https:\/\/www.youtube.com\/channel\/UC-SFkHuVOioVnEI78gVBQrg\",\"https:\/\/www.instagram.com\/swissoteltallinn\/\"]}]}<\/script>\n<!-- \/ Yoast SEO plugin. -->","yoast_head_json":{"title":"Rentoudu ja nauti hetkest\u00e4 No3 Bar & Deliss\u00e4 Swissotel Tallinnassa","description":"Pist\u00e4ydy k\u00e4tev\u00e4sti No3 Bar & Deliss\u00e4 Swissotel Tallinnan ensimm\u00e4isess\u00e4 kerroksessa ja herkuttele paikan p\u00e4\u00e4ll\u00e4 valmistetuilla leivonnaisilla, voileivill\u00e4 ja juomilla rennon tyylikk\u00e4\u00e4ss\u00e4 tunnelmassa.","robots":{"index":"index","follow":"follow","max-snippet":"max-snippet:-1","max-image-preview":"max-image-preview:large","max-video-preview":"max-video-preview:-1"},"canonical":"https:\/\/www.swissoteltallinn.com\/fi\/dining\/no3-lobby-bar-deli\/","og_locale":"fi_FI","og_type":"article","og_title":"Rentoudu ja nauti hetkest\u00e4 No3 Bar & Deliss\u00e4 Swissotel Tallinnassa","og_description":"Pist\u00e4ydy k\u00e4tev\u00e4sti No3 Bar & Deliss\u00e4 Swissotel Tallinnan ensimm\u00e4isess\u00e4 kerroksessa ja herkuttele paikan p\u00e4\u00e4ll\u00e4 valmistetuilla leivonnaisilla, voileivill\u00e4 ja juomilla rennon tyylikk\u00e4\u00e4ss\u00e4 tunnelmassa.","og_url":"https:\/\/www.swissoteltallinn.com\/fi\/dining\/no3-lobby-bar-deli\/","og_site_name":"Swissotel Tallinn","article_publisher":"https:\/\/www.facebook.com\/SwissotelTallinn","article_modified_time":"2024-12-10T15:14:44+00:00","twitter_card":"summary_large_image","twitter_misc":{"Est. reading time":"1 minuutti"},"schema":{"@context":"https:\/\/schema.org","@graph":[{"@type":"WebPage","@id":"https:\/\/www.swissoteltallinn.com\/fi\/dining\/no3-lobby-bar-deli\/","url":"https:\/\/www.swissoteltallinn.com\/fi\/dining\/no3-lobby-bar-deli\/","name":"Rentoudu ja nauti hetkest\u00e4 No3 Bar & Deliss\u00e4 Swissotel Tallinnassa","isPartOf":{"@id":"https:\/\/www.swissoteltallinn.com\/#website"},"datePublished":"2024-05-28T14:22:38+00:00","dateModified":"2024-12-10T15:14:44+00:00","description":"Pist\u00e4ydy k\u00e4tev\u00e4sti No3 Bar & Deliss\u00e4 Swissotel Tallinnan ensimm\u00e4isess\u00e4 kerroksessa ja herkuttele paikan p\u00e4\u00e4ll\u00e4 valmistetuilla leivonnaisilla, voileivill\u00e4 ja juomilla rennon tyylikk\u00e4\u00e4ss\u00e4 tunnelmassa.","breadcrumb":{"@id":"https:\/\/www.swissoteltallinn.com\/fi\/dining\/no3-lobby-bar-deli\/#breadcrumb"},"inLanguage":"fi","potentialAction":[{"@type":"ReadAction","target":["https:\/\/www.swissoteltallinn.com\/fi\/dining\/no3-lobby-bar-deli\/"]}]},{"@type":"BreadcrumbList","@id":"https:\/\/www.swissoteltallinn.com\/fi\/dining\/no3-lobby-bar-deli\/#breadcrumb","itemListElement":[{"@type":"ListItem","position":1,"name":"Home","item":"https:\/\/www.swissoteltallinn.com\/fi\/"},{"@type":"ListItem","position":2,"name":"MAKUEL\u00c4MYKSET","item":"https:\/\/www.swissoteltallinn.com\/fi\/dining\/"},{"@type":"ListItem","position":3,"name":"NO3 LOBBY BAR &amp; DELI"}]},{"@type":"WebSite","@id":"https:\/\/www.swissoteltallinn.com\/#website","url":"https:\/\/www.swissoteltallinn.com\/","name":"Swissotel Tallinn","description":"","publisher":{"@id":"https:\/\/www.swissoteltallinn.com\/#organization"},"potentialAction":[{"@type":"SearchAction","target":{"@type":"EntryPoint","urlTemplate":"https:\/\/www.swissoteltallinn.com\/?s={search_term_string}"},"query-input":{"@type":"PropertyValueSpecification","valueRequired":true,"valueName":"search_term_string"}}],"inLanguage":"fi"},{"@type":"Organization","@id":"https:\/\/www.swissoteltallinn.com\/#organization","name":"Swissotel Tallinn","url":"https:\/\/www.swissoteltallinn.com\/","logo":{"@type":"ImageObject","inLanguage":"fi","@id":"https:\/\/www.swissoteltallinn.com\/#\/schema\/logo\/image\/","url":"https:\/\/www.swissoteltallinn.com\/wp-content\/uploads\/sites\/107\/2024\/07\/Swissotel-Tallinn-logo.jpg","contentUrl":"https:\/\/www.swissoteltallinn.com\/wp-content\/uploads\/sites\/107\/2024\/07\/Swissotel-Tallinn-logo.jpg","width":1800,"height":379,"caption":"Swissotel Tallinn"},"image":{"@id":"https:\/\/www.swissoteltallinn.com\/#\/schema\/logo\/image\/"},"sameAs":["https:\/\/www.facebook.com\/SwissotelTallinn","https:\/\/ee.linkedin.com\/company\/swiss-tel-tallinn-estonia","https:\/\/www.youtube.com\/channel\/UC-SFkHuVOioVnEI78gVBQrg","https:\/\/www.instagram.com\/swissoteltallinn\/"]}]}},"_links":{"self":[{"href":"https:\/\/www.swissoteltallinn.com\/fi\/wp-json\/wp\/v2\/pages\/704","targetHints":{"allow":["GET"]}}],"collection":[{"href":"https:\/\/www.swissoteltallinn.com\/fi\/wp-json\/wp\/v2\/pages"}],"about":[{"href":"https:\/\/www.swissoteltallinn.com\/fi\/wp-json\/wp\/v2\/types\/page"}],"author":[{"embeddable":true,"href":"https:\/\/www.swissoteltallinn.com\/fi\/wp-json\/wp\/v2\/users\/98"}],"replies":[{"embeddable":true,"href":"https:\/\/www.swissoteltallinn.com\/fi\/wp-json\/wp\/v2\/comments?post=704"}],"version-history":[{"count":0,"href":"https:\/\/www.swissoteltallinn.com\/fi\/wp-json\/wp\/v2\/pages\/704\/revisions"}],"up":[{"embeddable":true,"href":"https:\/\/www.swissoteltallinn.com\/fi\/wp-json\/wp\/v2\/pages\/692"}],"wp:attachment":[{"href":"https:\/\/www.swissoteltallinn.com\/fi\/wp-json\/wp\/v2\/media?parent=704"}],"wp:term":[{"taxonomy":"category","embeddable":true,"href":"https:\/\/www.swissoteltallinn.com\/fi\/wp-json\/wp\/v2\/categories?post=704"}],"curies":[{"name":"wp","href":"https:\/\/api.w.org\/{rel}","templated":true}]}}