{"id":696,"date":"2024-05-28T13:21:12","date_gmt":"2024-05-28T13:21:12","guid":{"rendered":"https:\/\/swissotel-tallinn.accorv2prod.decms.eu\/dining\/horisont-restaurant-bar\/"},"modified":"2026-04-06T10:55:08","modified_gmt":"2026-04-06T10:55:08","slug":"horisont-restaurant-bar","status":"publish","type":"page","link":"https:\/\/www.swissoteltallinn.com\/fi\/dining\/horisont-restaurant-bar\/","title":{"rendered":"HORSIONT RESTAURANT &amp; BAR"},"content":{"rendered":"<p style=\"text-align: center\">Horisont on todellinen fine dining -helmi Swiss\u00f4tel Tallinnan ylimm\u00e4ss\u00e4 kerroksessa, miss\u00e4 ranskalainen keitti\u00f6 kohtaa aasialaiset maut. Nauti lahjakkaan keitti\u00f6mestarimme Marko S\u00f5merin huolella kuratoimasta menusta, jossa laadukkaat raaka-aineet ja innovatiiviset yhdistelm\u00e4t luovat unohtumattomia makuel\u00e4myksi\u00e4. Nauti tekstuurien, v\u00e4rien ja makujen harmoniasta, jolle keitti\u00f6mestarimme kansainv\u00e4lisen asiantuntemus ja kokemus antavat viimeisen silauksen. Ruokaile kanssamme 30. kerroksessa, josta avautuvat henke\u00e4salpaavat n\u00e4kym\u00e4t Suomenlahdelle ja Tallinnan ylitse.<\/p>\n<p style=\"text-align: center\">Kehutun ruokalistamme t\u00e4ydent\u00e4\u00e4 suorastaan moitteeton viinilistamme, jonka on huolella koonnut johtava sommelier J\u00fcri Vital \u2013 sinua odottaa kaikkia aisteja ilahduttava makuel\u00e4mys. Olet tervetullut Horisont-ravintolaamme, jossa jokaisella ruoalla on oma tarinansa.<\/p>\n<p style=\"text-align: center\"><a href=\"https:\/\/horisontrestoran.ee\/\">Tutustu verkkosivustoomme<\/a><\/p>\n<p style=\"text-align: center\">\n","protected":false},"excerpt":{"rendered":"<p>Horisont on todellinen fine dining -helmi Swiss\u00f4tel Tallinnan ylimm\u00e4ss\u00e4 kerroksessa, miss\u00e4 ranskalainen keitti\u00f6 kohtaa aasialaiset maut. Nauti lahjakkaan keitti\u00f6mestarimme Marko S\u00f5merin huolella kuratoimasta menusta, jossa laadukkaat raaka-aineet ja innovatiiviset yhdistelm\u00e4t luovat unohtumattomia makuel\u00e4myksi\u00e4. Nauti tekstuurien, v\u00e4rien ja makujen harmoniasta, jolle keitti\u00f6mestarimme kansainv\u00e4lisen asiantuntemus ja kokemus antavat viimeisen silauksen. Ruokaile kanssamme 30. kerroksessa, josta avautuvat henke\u00e4salpaavat [&hellip;]<\/p>\n","protected":false},"author":98,"featured_media":0,"parent":692,"menu_order":0,"comment_status":"closed","ping_status":"closed","template":"template-restaurant.php","meta":{"footnotes":""},"categories":[],"class_list":["post-696","page","type-page","status-publish","hentry"],"acf":[],"yoast_head":"<!-- This site is optimized with the Yoast SEO plugin v26.9 - https:\/\/yoast.com\/product\/yoast-seo-wordpress\/ -->\n<title>Koe Michelin-tasoinen el\u00e4mys Horisont Restaurant &amp; Bar -ravintolassamme<\/title>\n<meta name=\"description\" content=\"Tutustu Swiss\u00f4tel Tallinnan yl\u00e4kerroksen Horisont-ravintolaamme, joka valittiin Michelin Guide Selection -listalle 2023 ja 2022. Nauti keitti\u00f6mestari Marko S\u00f5merin johdolla ranskalaisesta keitti\u00f6st\u00e4, jossa on aasialaista s\u00e4v\u00e4kkyytt\u00e4, sek\u00e4 henke\u00e4salpaavasta n\u00e4k\u00f6alasta ja huolella kuratoidusta viinilistastamme.\" \/>\n<meta name=\"robots\" content=\"index, follow, max-snippet:-1, max-image-preview:large, max-video-preview:-1\" \/>\n<link rel=\"canonical\" href=\"https:\/\/www.swissoteltallinn.com\/fi\/dining\/horisont-restaurant-bar\/\" \/>\n<meta property=\"og:locale\" content=\"fi_FI\" \/>\n<meta property=\"og:type\" content=\"article\" \/>\n<meta property=\"og:title\" content=\"Koe Michelin-tasoinen el\u00e4mys Horisont Restaurant &amp; Bar -ravintolassamme\" \/>\n<meta property=\"og:description\" content=\"Tutustu Swiss\u00f4tel Tallinnan yl\u00e4kerroksen Horisont-ravintolaamme, joka valittiin Michelin Guide Selection -listalle 2023 ja 2022. Nauti keitti\u00f6mestari Marko S\u00f5merin johdolla ranskalaisesta keitti\u00f6st\u00e4, jossa on aasialaista s\u00e4v\u00e4kkyytt\u00e4, sek\u00e4 henke\u00e4salpaavasta n\u00e4k\u00f6alasta ja huolella kuratoidusta viinilistastamme.\" \/>\n<meta property=\"og:url\" content=\"https:\/\/www.swissoteltallinn.com\/fi\/dining\/horisont-restaurant-bar\/\" \/>\n<meta property=\"og:site_name\" content=\"Swissotel Tallinn\" \/>\n<meta property=\"article:publisher\" content=\"https:\/\/www.facebook.com\/SwissotelTallinn\" \/>\n<meta property=\"article:modified_time\" content=\"2026-04-06T10:55:08+00:00\" \/>\n<meta name=\"twitter:card\" content=\"summary_large_image\" \/>\n<meta name=\"twitter:label1\" content=\"Est. reading time\" \/>\n\t<meta name=\"twitter:data1\" content=\"1 minuutti\" \/>\n<script type=\"application\/ld+json\" class=\"yoast-schema-graph\">{\"@context\":\"https:\/\/schema.org\",\"@graph\":[{\"@type\":\"WebPage\",\"@id\":\"https:\/\/www.swissoteltallinn.com\/fi\/dining\/horisont-restaurant-bar\/\",\"url\":\"https:\/\/www.swissoteltallinn.com\/fi\/dining\/horisont-restaurant-bar\/\",\"name\":\"Koe Michelin-tasoinen el\u00e4mys Horisont Restaurant & Bar -ravintolassamme\",\"isPartOf\":{\"@id\":\"https:\/\/www.swissoteltallinn.com\/#website\"},\"datePublished\":\"2024-05-28T13:21:12+00:00\",\"dateModified\":\"2026-04-06T10:55:08+00:00\",\"description\":\"Tutustu Swiss\u00f4tel Tallinnan yl\u00e4kerroksen Horisont-ravintolaamme, joka valittiin Michelin Guide Selection -listalle 2023 ja 2022. Nauti keitti\u00f6mestari Marko S\u00f5merin johdolla ranskalaisesta keitti\u00f6st\u00e4, jossa on aasialaista s\u00e4v\u00e4kkyytt\u00e4, sek\u00e4 henke\u00e4salpaavasta n\u00e4k\u00f6alasta ja huolella kuratoidusta viinilistastamme.\",\"breadcrumb\":{\"@id\":\"https:\/\/www.swissoteltallinn.com\/fi\/dining\/horisont-restaurant-bar\/#breadcrumb\"},\"inLanguage\":\"fi\",\"potentialAction\":[{\"@type\":\"ReadAction\",\"target\":[\"https:\/\/www.swissoteltallinn.com\/fi\/dining\/horisont-restaurant-bar\/\"]}]},{\"@type\":\"BreadcrumbList\",\"@id\":\"https:\/\/www.swissoteltallinn.com\/fi\/dining\/horisont-restaurant-bar\/#breadcrumb\",\"itemListElement\":[{\"@type\":\"ListItem\",\"position\":1,\"name\":\"Home\",\"item\":\"https:\/\/www.swissoteltallinn.com\/fi\/\"},{\"@type\":\"ListItem\",\"position\":2,\"name\":\"MAKUEL\u00c4MYKSET\",\"item\":\"https:\/\/www.swissoteltallinn.com\/fi\/dining\/\"},{\"@type\":\"ListItem\",\"position\":3,\"name\":\"HORSIONT RESTAURANT &amp; BAR\"}]},{\"@type\":\"WebSite\",\"@id\":\"https:\/\/www.swissoteltallinn.com\/#website\",\"url\":\"https:\/\/www.swissoteltallinn.com\/\",\"name\":\"Swissotel Tallinn\",\"description\":\"\",\"publisher\":{\"@id\":\"https:\/\/www.swissoteltallinn.com\/#organization\"},\"potentialAction\":[{\"@type\":\"SearchAction\",\"target\":{\"@type\":\"EntryPoint\",\"urlTemplate\":\"https:\/\/www.swissoteltallinn.com\/?s={search_term_string}\"},\"query-input\":{\"@type\":\"PropertyValueSpecification\",\"valueRequired\":true,\"valueName\":\"search_term_string\"}}],\"inLanguage\":\"fi\"},{\"@type\":\"Organization\",\"@id\":\"https:\/\/www.swissoteltallinn.com\/#organization\",\"name\":\"Swissotel Tallinn\",\"url\":\"https:\/\/www.swissoteltallinn.com\/\",\"logo\":{\"@type\":\"ImageObject\",\"inLanguage\":\"fi\",\"@id\":\"https:\/\/www.swissoteltallinn.com\/#\/schema\/logo\/image\/\",\"url\":\"https:\/\/www.swissoteltallinn.com\/wp-content\/uploads\/sites\/107\/2024\/07\/Swissotel-Tallinn-logo.jpg\",\"contentUrl\":\"https:\/\/www.swissoteltallinn.com\/wp-content\/uploads\/sites\/107\/2024\/07\/Swissotel-Tallinn-logo.jpg\",\"width\":1800,\"height\":379,\"caption\":\"Swissotel Tallinn\"},\"image\":{\"@id\":\"https:\/\/www.swissoteltallinn.com\/#\/schema\/logo\/image\/\"},\"sameAs\":[\"https:\/\/www.facebook.com\/SwissotelTallinn\",\"https:\/\/ee.linkedin.com\/company\/swiss-tel-tallinn-estonia\",\"https:\/\/www.youtube.com\/channel\/UC-SFkHuVOioVnEI78gVBQrg\",\"https:\/\/www.instagram.com\/swissoteltallinn\/\"]}]}<\/script>\n<!-- \/ Yoast SEO plugin. -->","yoast_head_json":{"title":"Koe Michelin-tasoinen el\u00e4mys Horisont Restaurant & Bar -ravintolassamme","description":"Tutustu Swiss\u00f4tel Tallinnan yl\u00e4kerroksen Horisont-ravintolaamme, joka valittiin Michelin Guide Selection -listalle 2023 ja 2022. Nauti keitti\u00f6mestari Marko S\u00f5merin johdolla ranskalaisesta keitti\u00f6st\u00e4, jossa on aasialaista s\u00e4v\u00e4kkyytt\u00e4, sek\u00e4 henke\u00e4salpaavasta n\u00e4k\u00f6alasta ja huolella kuratoidusta viinilistastamme.","robots":{"index":"index","follow":"follow","max-snippet":"max-snippet:-1","max-image-preview":"max-image-preview:large","max-video-preview":"max-video-preview:-1"},"canonical":"https:\/\/www.swissoteltallinn.com\/fi\/dining\/horisont-restaurant-bar\/","og_locale":"fi_FI","og_type":"article","og_title":"Koe Michelin-tasoinen el\u00e4mys Horisont Restaurant & Bar -ravintolassamme","og_description":"Tutustu Swiss\u00f4tel Tallinnan yl\u00e4kerroksen Horisont-ravintolaamme, joka valittiin Michelin Guide Selection -listalle 2023 ja 2022. Nauti keitti\u00f6mestari Marko S\u00f5merin johdolla ranskalaisesta keitti\u00f6st\u00e4, jossa on aasialaista s\u00e4v\u00e4kkyytt\u00e4, sek\u00e4 henke\u00e4salpaavasta n\u00e4k\u00f6alasta ja huolella kuratoidusta viinilistastamme.","og_url":"https:\/\/www.swissoteltallinn.com\/fi\/dining\/horisont-restaurant-bar\/","og_site_name":"Swissotel Tallinn","article_publisher":"https:\/\/www.facebook.com\/SwissotelTallinn","article_modified_time":"2026-04-06T10:55:08+00:00","twitter_card":"summary_large_image","twitter_misc":{"Est. reading time":"1 minuutti"},"schema":{"@context":"https:\/\/schema.org","@graph":[{"@type":"WebPage","@id":"https:\/\/www.swissoteltallinn.com\/fi\/dining\/horisont-restaurant-bar\/","url":"https:\/\/www.swissoteltallinn.com\/fi\/dining\/horisont-restaurant-bar\/","name":"Koe Michelin-tasoinen el\u00e4mys Horisont Restaurant & Bar -ravintolassamme","isPartOf":{"@id":"https:\/\/www.swissoteltallinn.com\/#website"},"datePublished":"2024-05-28T13:21:12+00:00","dateModified":"2026-04-06T10:55:08+00:00","description":"Tutustu Swiss\u00f4tel Tallinnan yl\u00e4kerroksen Horisont-ravintolaamme, joka valittiin Michelin Guide Selection -listalle 2023 ja 2022. Nauti keitti\u00f6mestari Marko S\u00f5merin johdolla ranskalaisesta keitti\u00f6st\u00e4, jossa on aasialaista s\u00e4v\u00e4kkyytt\u00e4, sek\u00e4 henke\u00e4salpaavasta n\u00e4k\u00f6alasta ja huolella kuratoidusta viinilistastamme.","breadcrumb":{"@id":"https:\/\/www.swissoteltallinn.com\/fi\/dining\/horisont-restaurant-bar\/#breadcrumb"},"inLanguage":"fi","potentialAction":[{"@type":"ReadAction","target":["https:\/\/www.swissoteltallinn.com\/fi\/dining\/horisont-restaurant-bar\/"]}]},{"@type":"BreadcrumbList","@id":"https:\/\/www.swissoteltallinn.com\/fi\/dining\/horisont-restaurant-bar\/#breadcrumb","itemListElement":[{"@type":"ListItem","position":1,"name":"Home","item":"https:\/\/www.swissoteltallinn.com\/fi\/"},{"@type":"ListItem","position":2,"name":"MAKUEL\u00c4MYKSET","item":"https:\/\/www.swissoteltallinn.com\/fi\/dining\/"},{"@type":"ListItem","position":3,"name":"HORSIONT RESTAURANT &amp; BAR"}]},{"@type":"WebSite","@id":"https:\/\/www.swissoteltallinn.com\/#website","url":"https:\/\/www.swissoteltallinn.com\/","name":"Swissotel Tallinn","description":"","publisher":{"@id":"https:\/\/www.swissoteltallinn.com\/#organization"},"potentialAction":[{"@type":"SearchAction","target":{"@type":"EntryPoint","urlTemplate":"https:\/\/www.swissoteltallinn.com\/?s={search_term_string}"},"query-input":{"@type":"PropertyValueSpecification","valueRequired":true,"valueName":"search_term_string"}}],"inLanguage":"fi"},{"@type":"Organization","@id":"https:\/\/www.swissoteltallinn.com\/#organization","name":"Swissotel Tallinn","url":"https:\/\/www.swissoteltallinn.com\/","logo":{"@type":"ImageObject","inLanguage":"fi","@id":"https:\/\/www.swissoteltallinn.com\/#\/schema\/logo\/image\/","url":"https:\/\/www.swissoteltallinn.com\/wp-content\/uploads\/sites\/107\/2024\/07\/Swissotel-Tallinn-logo.jpg","contentUrl":"https:\/\/www.swissoteltallinn.com\/wp-content\/uploads\/sites\/107\/2024\/07\/Swissotel-Tallinn-logo.jpg","width":1800,"height":379,"caption":"Swissotel Tallinn"},"image":{"@id":"https:\/\/www.swissoteltallinn.com\/#\/schema\/logo\/image\/"},"sameAs":["https:\/\/www.facebook.com\/SwissotelTallinn","https:\/\/ee.linkedin.com\/company\/swiss-tel-tallinn-estonia","https:\/\/www.youtube.com\/channel\/UC-SFkHuVOioVnEI78gVBQrg","https:\/\/www.instagram.com\/swissoteltallinn\/"]}]}},"_links":{"self":[{"href":"https:\/\/www.swissoteltallinn.com\/fi\/wp-json\/wp\/v2\/pages\/696","targetHints":{"allow":["GET"]}}],"collection":[{"href":"https:\/\/www.swissoteltallinn.com\/fi\/wp-json\/wp\/v2\/pages"}],"about":[{"href":"https:\/\/www.swissoteltallinn.com\/fi\/wp-json\/wp\/v2\/types\/page"}],"author":[{"embeddable":true,"href":"https:\/\/www.swissoteltallinn.com\/fi\/wp-json\/wp\/v2\/users\/98"}],"replies":[{"embeddable":true,"href":"https:\/\/www.swissoteltallinn.com\/fi\/wp-json\/wp\/v2\/comments?post=696"}],"version-history":[{"count":3,"href":"https:\/\/www.swissoteltallinn.com\/fi\/wp-json\/wp\/v2\/pages\/696\/revisions"}],"predecessor-version":[{"id":1214,"href":"https:\/\/www.swissoteltallinn.com\/fi\/wp-json\/wp\/v2\/pages\/696\/revisions\/1214"}],"up":[{"embeddable":true,"href":"https:\/\/www.swissoteltallinn.com\/fi\/wp-json\/wp\/v2\/pages\/692"}],"wp:attachment":[{"href":"https:\/\/www.swissoteltallinn.com\/fi\/wp-json\/wp\/v2\/media?parent=696"}],"wp:term":[{"taxonomy":"category","embeddable":true,"href":"https:\/\/www.swissoteltallinn.com\/fi\/wp-json\/wp\/v2\/categories?post=696"}],"curies":[{"name":"wp","href":"https:\/\/api.w.org\/{rel}","templated":true}]}}