{"id":692,"date":"2024-05-28T12:41:46","date_gmt":"2024-05-28T12:41:46","guid":{"rendered":"https:\/\/swissotel-tallinn.accorv2prod.decms.eu\/dining\/"},"modified":"2024-11-17T16:41:10","modified_gmt":"2024-11-17T16:41:10","slug":"dining","status":"publish","type":"page","link":"https:\/\/www.swissoteltallinn.com\/fi\/dining\/","title":{"rendered":"MAKUEL\u00c4MYKSET"},"content":{"rendered":"<p style=\"text-align: center\">Swiss\u00f4tel Tallinnassa herkuttelu on aivan omaa luokkaansa ja tarjoaa ylellisen aistiel\u00e4myksen pelk\u00e4n ruokailun sijasta. Hotellin huipulla sijaitseva Horisont &amp; Bar -ravintolan inspiroivalla ruokalistalla yhdistyv\u00e4t ranskalaisen keitti\u00f6n hienous ja aasialaisen eksotiikan vieh\u00e4tysvoima. Arvostettu keitti\u00f6mestarimme Marko S\u00f5mer, joka johtaa my\u00f6s Estonian Culinary Team -tiimi\u00e4, johdattelee asiakkaat gastronomiselle matkalle, miss\u00e4 jokainen ruokalaji on hienostuneiden ja yll\u00e4tt\u00e4vien makujen luoma onnistunut kokonaisuus.<\/p>\n<p style=\"text-align: center\">Horisont-ravintolan baarista l\u00f6yd\u00e4t huolella kuratoidun valikoiman inspiroivia signature-drinkkej\u00e4 silloin, kun kaipaat hiukan rennompaa mutta kuitenkin hienostunutta tunnelmaa. No3 Lobby Bar &amp; Deli houkuttelee itse leivotuilla leivonnaisilla, voileivill\u00e4 ja laajalla juomavalikoimalla \u2013 t\u00e4ydellinen valinta nopeisiin tapaamisiin tai pieneen n\u00e4lk\u00e4\u00e4n. The Quarter-ravintola erottuu edukseen runsaalla buffetaamiaisellaan sek\u00e4 brunssilla, joka on suorastaan ihastuttava tapa aloittaa p\u00e4iv\u00e4.<\/p>\n","protected":false},"excerpt":{"rendered":"<p>Swiss\u00f4tel Tallinnassa herkuttelu on aivan omaa luokkaansa ja tarjoaa ylellisen aistiel\u00e4myksen pelk\u00e4n ruokailun sijasta. Hotellin huipulla sijaitseva Horisont &amp; Bar -ravintolan inspiroivalla ruokalistalla yhdistyv\u00e4t ranskalaisen keitti\u00f6n hienous ja aasialaisen eksotiikan vieh\u00e4tysvoima. Arvostettu keitti\u00f6mestarimme Marko S\u00f5mer, joka johtaa my\u00f6s Estonian Culinary Team -tiimi\u00e4, johdattelee asiakkaat gastronomiselle matkalle, miss\u00e4 jokainen ruokalaji on hienostuneiden ja yll\u00e4tt\u00e4vien makujen luoma [&hellip;]<\/p>\n","protected":false},"author":98,"featured_media":0,"parent":0,"menu_order":3,"comment_status":"closed","ping_status":"closed","template":"template-restaurants.php","meta":{"footnotes":""},"categories":[],"class_list":["post-692","page","type-page","status-publish","hentry"],"acf":[],"yoast_head":"<!-- This site is optimized with the Yoast SEO plugin v26.9 - https:\/\/yoast.com\/product\/yoast-seo-wordpress\/ -->\n<title>Gastronomiset el\u00e4mykset odottavat sinua Swiss\u00f4tel Tallinnassa<\/title>\n<meta name=\"description\" content=\"&quot;Hemmottele itse\u00e4si ylellisell\u00e4 illallisella keitti\u00f6mestari Marko S\u00f5merin johtamassa Horisont &amp; Bar -ravintolassamme. No3 Lobby Bar &amp; Deliss\u00e4 nautit itse leivotuista herkuista ja The Quarter-ravintolassa puolestaan runsaasta buffet-aamiaisesta.&quot;\" \/>\n<meta name=\"robots\" content=\"index, follow, max-snippet:-1, max-image-preview:large, max-video-preview:-1\" \/>\n<link rel=\"canonical\" href=\"https:\/\/www.swissoteltallinn.com\/fi\/dining\/\" \/>\n<meta property=\"og:locale\" content=\"fi_FI\" \/>\n<meta property=\"og:type\" content=\"article\" \/>\n<meta property=\"og:title\" content=\"Gastronomiset el\u00e4mykset odottavat sinua Swiss\u00f4tel Tallinnassa\" \/>\n<meta property=\"og:description\" content=\"&quot;Hemmottele itse\u00e4si ylellisell\u00e4 illallisella keitti\u00f6mestari Marko S\u00f5merin johtamassa Horisont &amp; Bar -ravintolassamme. No3 Lobby Bar &amp; Deliss\u00e4 nautit itse leivotuista herkuista ja The Quarter-ravintolassa puolestaan runsaasta buffet-aamiaisesta.&quot;\" \/>\n<meta property=\"og:url\" content=\"https:\/\/www.swissoteltallinn.com\/fi\/dining\/\" \/>\n<meta property=\"og:site_name\" content=\"Swissotel Tallinn\" \/>\n<meta property=\"article:publisher\" content=\"https:\/\/www.facebook.com\/SwissotelTallinn\" \/>\n<meta property=\"article:modified_time\" content=\"2024-11-17T16:41:10+00:00\" \/>\n<meta name=\"twitter:card\" content=\"summary_large_image\" \/>\n<meta name=\"twitter:label1\" content=\"Est. reading time\" \/>\n\t<meta name=\"twitter:data1\" content=\"1 minuutti\" \/>\n<script type=\"application\/ld+json\" class=\"yoast-schema-graph\">{\"@context\":\"https:\/\/schema.org\",\"@graph\":[{\"@type\":\"WebPage\",\"@id\":\"https:\/\/www.swissoteltallinn.com\/fi\/dining\/\",\"url\":\"https:\/\/www.swissoteltallinn.com\/fi\/dining\/\",\"name\":\"Gastronomiset el\u00e4mykset odottavat sinua Swiss\u00f4tel Tallinnassa\",\"isPartOf\":{\"@id\":\"https:\/\/www.swissoteltallinn.com\/#website\"},\"datePublished\":\"2024-05-28T12:41:46+00:00\",\"dateModified\":\"2024-11-17T16:41:10+00:00\",\"description\":\"\\\"Hemmottele itse\u00e4si ylellisell\u00e4 illallisella keitti\u00f6mestari Marko S\u00f5merin johtamassa Horisont & Bar -ravintolassamme. No3 Lobby Bar & Deliss\u00e4 nautit itse leivotuista herkuista ja The Quarter-ravintolassa puolestaan runsaasta buffet-aamiaisesta.\\\"\",\"breadcrumb\":{\"@id\":\"https:\/\/www.swissoteltallinn.com\/fi\/dining\/#breadcrumb\"},\"inLanguage\":\"fi\",\"potentialAction\":[{\"@type\":\"ReadAction\",\"target\":[\"https:\/\/www.swissoteltallinn.com\/fi\/dining\/\"]}]},{\"@type\":\"BreadcrumbList\",\"@id\":\"https:\/\/www.swissoteltallinn.com\/fi\/dining\/#breadcrumb\",\"itemListElement\":[{\"@type\":\"ListItem\",\"position\":1,\"name\":\"Home\",\"item\":\"https:\/\/www.swissoteltallinn.com\/fi\/\"},{\"@type\":\"ListItem\",\"position\":2,\"name\":\"MAKUEL\u00c4MYKSET\"}]},{\"@type\":\"WebSite\",\"@id\":\"https:\/\/www.swissoteltallinn.com\/#website\",\"url\":\"https:\/\/www.swissoteltallinn.com\/\",\"name\":\"Swissotel Tallinn\",\"description\":\"\",\"publisher\":{\"@id\":\"https:\/\/www.swissoteltallinn.com\/#organization\"},\"potentialAction\":[{\"@type\":\"SearchAction\",\"target\":{\"@type\":\"EntryPoint\",\"urlTemplate\":\"https:\/\/www.swissoteltallinn.com\/?s={search_term_string}\"},\"query-input\":{\"@type\":\"PropertyValueSpecification\",\"valueRequired\":true,\"valueName\":\"search_term_string\"}}],\"inLanguage\":\"fi\"},{\"@type\":\"Organization\",\"@id\":\"https:\/\/www.swissoteltallinn.com\/#organization\",\"name\":\"Swissotel Tallinn\",\"url\":\"https:\/\/www.swissoteltallinn.com\/\",\"logo\":{\"@type\":\"ImageObject\",\"inLanguage\":\"fi\",\"@id\":\"https:\/\/www.swissoteltallinn.com\/#\/schema\/logo\/image\/\",\"url\":\"https:\/\/www.swissoteltallinn.com\/wp-content\/uploads\/sites\/107\/2024\/07\/Swissotel-Tallinn-logo.jpg\",\"contentUrl\":\"https:\/\/www.swissoteltallinn.com\/wp-content\/uploads\/sites\/107\/2024\/07\/Swissotel-Tallinn-logo.jpg\",\"width\":1800,\"height\":379,\"caption\":\"Swissotel Tallinn\"},\"image\":{\"@id\":\"https:\/\/www.swissoteltallinn.com\/#\/schema\/logo\/image\/\"},\"sameAs\":[\"https:\/\/www.facebook.com\/SwissotelTallinn\",\"https:\/\/ee.linkedin.com\/company\/swiss-tel-tallinn-estonia\",\"https:\/\/www.youtube.com\/channel\/UC-SFkHuVOioVnEI78gVBQrg\",\"https:\/\/www.instagram.com\/swissoteltallinn\/\"]}]}<\/script>\n<!-- \/ Yoast SEO plugin. -->","yoast_head_json":{"title":"Gastronomiset el\u00e4mykset odottavat sinua Swiss\u00f4tel Tallinnassa","description":"\"Hemmottele itse\u00e4si ylellisell\u00e4 illallisella keitti\u00f6mestari Marko S\u00f5merin johtamassa Horisont & Bar -ravintolassamme. No3 Lobby Bar & Deliss\u00e4 nautit itse leivotuista herkuista ja The Quarter-ravintolassa puolestaan runsaasta buffet-aamiaisesta.\"","robots":{"index":"index","follow":"follow","max-snippet":"max-snippet:-1","max-image-preview":"max-image-preview:large","max-video-preview":"max-video-preview:-1"},"canonical":"https:\/\/www.swissoteltallinn.com\/fi\/dining\/","og_locale":"fi_FI","og_type":"article","og_title":"Gastronomiset el\u00e4mykset odottavat sinua Swiss\u00f4tel Tallinnassa","og_description":"\"Hemmottele itse\u00e4si ylellisell\u00e4 illallisella keitti\u00f6mestari Marko S\u00f5merin johtamassa Horisont & Bar -ravintolassamme. No3 Lobby Bar & Deliss\u00e4 nautit itse leivotuista herkuista ja The Quarter-ravintolassa puolestaan runsaasta buffet-aamiaisesta.\"","og_url":"https:\/\/www.swissoteltallinn.com\/fi\/dining\/","og_site_name":"Swissotel Tallinn","article_publisher":"https:\/\/www.facebook.com\/SwissotelTallinn","article_modified_time":"2024-11-17T16:41:10+00:00","twitter_card":"summary_large_image","twitter_misc":{"Est. reading time":"1 minuutti"},"schema":{"@context":"https:\/\/schema.org","@graph":[{"@type":"WebPage","@id":"https:\/\/www.swissoteltallinn.com\/fi\/dining\/","url":"https:\/\/www.swissoteltallinn.com\/fi\/dining\/","name":"Gastronomiset el\u00e4mykset odottavat sinua Swiss\u00f4tel Tallinnassa","isPartOf":{"@id":"https:\/\/www.swissoteltallinn.com\/#website"},"datePublished":"2024-05-28T12:41:46+00:00","dateModified":"2024-11-17T16:41:10+00:00","description":"\"Hemmottele itse\u00e4si ylellisell\u00e4 illallisella keitti\u00f6mestari Marko S\u00f5merin johtamassa Horisont & Bar -ravintolassamme. No3 Lobby Bar & Deliss\u00e4 nautit itse leivotuista herkuista ja The Quarter-ravintolassa puolestaan runsaasta buffet-aamiaisesta.\"","breadcrumb":{"@id":"https:\/\/www.swissoteltallinn.com\/fi\/dining\/#breadcrumb"},"inLanguage":"fi","potentialAction":[{"@type":"ReadAction","target":["https:\/\/www.swissoteltallinn.com\/fi\/dining\/"]}]},{"@type":"BreadcrumbList","@id":"https:\/\/www.swissoteltallinn.com\/fi\/dining\/#breadcrumb","itemListElement":[{"@type":"ListItem","position":1,"name":"Home","item":"https:\/\/www.swissoteltallinn.com\/fi\/"},{"@type":"ListItem","position":2,"name":"MAKUEL\u00c4MYKSET"}]},{"@type":"WebSite","@id":"https:\/\/www.swissoteltallinn.com\/#website","url":"https:\/\/www.swissoteltallinn.com\/","name":"Swissotel Tallinn","description":"","publisher":{"@id":"https:\/\/www.swissoteltallinn.com\/#organization"},"potentialAction":[{"@type":"SearchAction","target":{"@type":"EntryPoint","urlTemplate":"https:\/\/www.swissoteltallinn.com\/?s={search_term_string}"},"query-input":{"@type":"PropertyValueSpecification","valueRequired":true,"valueName":"search_term_string"}}],"inLanguage":"fi"},{"@type":"Organization","@id":"https:\/\/www.swissoteltallinn.com\/#organization","name":"Swissotel Tallinn","url":"https:\/\/www.swissoteltallinn.com\/","logo":{"@type":"ImageObject","inLanguage":"fi","@id":"https:\/\/www.swissoteltallinn.com\/#\/schema\/logo\/image\/","url":"https:\/\/www.swissoteltallinn.com\/wp-content\/uploads\/sites\/107\/2024\/07\/Swissotel-Tallinn-logo.jpg","contentUrl":"https:\/\/www.swissoteltallinn.com\/wp-content\/uploads\/sites\/107\/2024\/07\/Swissotel-Tallinn-logo.jpg","width":1800,"height":379,"caption":"Swissotel Tallinn"},"image":{"@id":"https:\/\/www.swissoteltallinn.com\/#\/schema\/logo\/image\/"},"sameAs":["https:\/\/www.facebook.com\/SwissotelTallinn","https:\/\/ee.linkedin.com\/company\/swiss-tel-tallinn-estonia","https:\/\/www.youtube.com\/channel\/UC-SFkHuVOioVnEI78gVBQrg","https:\/\/www.instagram.com\/swissoteltallinn\/"]}]}},"_links":{"self":[{"href":"https:\/\/www.swissoteltallinn.com\/fi\/wp-json\/wp\/v2\/pages\/692","targetHints":{"allow":["GET"]}}],"collection":[{"href":"https:\/\/www.swissoteltallinn.com\/fi\/wp-json\/wp\/v2\/pages"}],"about":[{"href":"https:\/\/www.swissoteltallinn.com\/fi\/wp-json\/wp\/v2\/types\/page"}],"author":[{"embeddable":true,"href":"https:\/\/www.swissoteltallinn.com\/fi\/wp-json\/wp\/v2\/users\/98"}],"replies":[{"embeddable":true,"href":"https:\/\/www.swissoteltallinn.com\/fi\/wp-json\/wp\/v2\/comments?post=692"}],"version-history":[{"count":0,"href":"https:\/\/www.swissoteltallinn.com\/fi\/wp-json\/wp\/v2\/pages\/692\/revisions"}],"wp:attachment":[{"href":"https:\/\/www.swissoteltallinn.com\/fi\/wp-json\/wp\/v2\/media?parent=692"}],"wp:term":[{"taxonomy":"category","embeddable":true,"href":"https:\/\/www.swissoteltallinn.com\/fi\/wp-json\/wp\/v2\/categories?post=692"}],"curies":[{"name":"wp","href":"https:\/\/api.w.org\/{rel}","templated":true}]}}