{"id":682,"date":"2024-05-27T13:18:57","date_gmt":"2024-05-27T13:18:57","guid":{"rendered":"https:\/\/swissotel-tallinn.accorv2prod.decms.eu\/rooms-suites\/presidential-suite\/"},"modified":"2024-11-17T16:35:00","modified_gmt":"2024-11-17T16:35:00","slug":"presidential-suite","status":"publish","type":"page","link":"https:\/\/www.swissoteltallinn.com\/fi\/rooms-suites\/presidential-suite\/","title":{"rendered":"PRESIDENTIAL SUITE"},"content":{"rendered":"<p style=\"text-align: center\">Nauti Swiss\u00f4tel Tallinnan presidenttisviitin vertaistaan hakevasta tyylikkyydest\u00e4, jossa jokainen yksityiskohta on suunniteltu varmistamaan t\u00e4ysin poikkeuksellinen vierailu. Oleskelu- ett\u00e4 ruokailutiloissa on n\u00e4ytt\u00e4v\u00e4t kattokruunut, joiden harkittu valaistus luo tilaan ylellisen hienostuneen tunnelman. T\u00e4ysin varustellun pienkeitti\u00f6n avulla j\u00e4rjest\u00e4t pienet ja yksityiset tapaamiset k\u00e4tev\u00e4sti.<\/p>\n<p style=\"text-align: center\">T\u00e4ss\u00e4 sviitiss\u00e4 on kaksi tyylikk\u00e4\u00e4sti kalustettua makuuhuonetta, joissa molemmissa on ylelliset kylpyhuoneet ja p\u00e4\u00e4sy yksityiseen saunaan, mik\u00e4 vie luksuksen aivan uudelle tasolle. Hotellin ylimm\u00e4ss\u00e4 kerroksessa sijaitsevasta presidenttisviitist\u00e4 avautuvat henke\u00e4salpaavat n\u00e4kym\u00e4t Tallinnaan ja Suomenlahdelle \u2013 y\u00f6pyminen t\u00e4ss\u00e4 sviitiss\u00e4 on mieliinpainuvan ylellinen ja yksityinen el\u00e4mys.<\/p>\n","protected":false},"excerpt":{"rendered":"<p>Nauti Swiss\u00f4tel Tallinnan presidenttisviitin vertaistaan hakevasta tyylikkyydest\u00e4, jossa jokainen yksityiskohta on suunniteltu varmistamaan t\u00e4ysin poikkeuksellinen vierailu. Oleskelu- ett\u00e4 ruokailutiloissa on n\u00e4ytt\u00e4v\u00e4t kattokruunut, joiden harkittu valaistus luo tilaan ylellisen hienostuneen tunnelman. T\u00e4ysin varustellun pienkeitti\u00f6n avulla j\u00e4rjest\u00e4t pienet ja yksityiset tapaamiset k\u00e4tev\u00e4sti. T\u00e4ss\u00e4 sviitiss\u00e4 on kaksi tyylikk\u00e4\u00e4sti kalustettua makuuhuonetta, joissa molemmissa on ylelliset kylpyhuoneet ja p\u00e4\u00e4sy yksityiseen [&hellip;]<\/p>\n","protected":false},"author":98,"featured_media":0,"parent":655,"menu_order":0,"comment_status":"closed","ping_status":"closed","template":"template-room.php","meta":{"footnotes":""},"categories":[58],"class_list":["post-682","page","type-page","status-publish","hentry","category-presidential-suite-fi"],"acf":[],"yoast_head":"<!-- This site is optimized with the Yoast SEO plugin v26.9 - https:\/\/yoast.com\/product\/yoast-seo-wordpress\/ -->\n<title>Ylellist\u00e4 hemmottelua: Swiss\u00f4tel Tallinnan Presidential Suite<\/title>\n<meta name=\"description\" content=\"Koe Swiss\u00f4tel Tallinnan presidenttisviitin ylellisen hienostunut tunnelma. Nauti panoraaman\u00e4kymist\u00e4, t\u00e4ysin varustetusta pienkeitti\u00f6st\u00e4, omasta saunasta ja ylellisist\u00e4 makuuhuoneista, joissa on tyylikk\u00e4\u00e4t kylpyhuoneet. Ylimm\u00e4ss\u00e4 kerroksessa sijaitseva sviitti tarjoaa vertaansa vailla olevaa ylellisyytt\u00e4 ja yksityisyytt\u00e4.\" \/>\n<meta name=\"robots\" content=\"index, follow, max-snippet:-1, max-image-preview:large, max-video-preview:-1\" \/>\n<link rel=\"canonical\" href=\"https:\/\/www.swissoteltallinn.com\/fi\/rooms-suites\/presidential-suite\/\" \/>\n<meta property=\"og:locale\" content=\"fi_FI\" \/>\n<meta property=\"og:type\" content=\"article\" \/>\n<meta property=\"og:title\" content=\"Ylellist\u00e4 hemmottelua: Swiss\u00f4tel Tallinnan Presidential Suite\" \/>\n<meta property=\"og:description\" content=\"Koe Swiss\u00f4tel Tallinnan presidenttisviitin ylellisen hienostunut tunnelma. Nauti panoraaman\u00e4kymist\u00e4, t\u00e4ysin varustetusta pienkeitti\u00f6st\u00e4, omasta saunasta ja ylellisist\u00e4 makuuhuoneista, joissa on tyylikk\u00e4\u00e4t kylpyhuoneet. Ylimm\u00e4ss\u00e4 kerroksessa sijaitseva sviitti tarjoaa vertaansa vailla olevaa ylellisyytt\u00e4 ja yksityisyytt\u00e4.\" \/>\n<meta property=\"og:url\" content=\"https:\/\/www.swissoteltallinn.com\/fi\/rooms-suites\/presidential-suite\/\" \/>\n<meta property=\"og:site_name\" content=\"Swissotel Tallinn\" \/>\n<meta property=\"article:publisher\" content=\"https:\/\/www.facebook.com\/SwissotelTallinn\" \/>\n<meta property=\"article:modified_time\" content=\"2024-11-17T16:35:00+00:00\" \/>\n<meta name=\"twitter:card\" content=\"summary_large_image\" \/>\n<meta name=\"twitter:label1\" content=\"Est. reading time\" \/>\n\t<meta name=\"twitter:data1\" content=\"1 minuutti\" \/>\n<script type=\"application\/ld+json\" class=\"yoast-schema-graph\">{\"@context\":\"https:\/\/schema.org\",\"@graph\":[{\"@type\":\"WebPage\",\"@id\":\"https:\/\/www.swissoteltallinn.com\/fi\/rooms-suites\/presidential-suite\/\",\"url\":\"https:\/\/www.swissoteltallinn.com\/fi\/rooms-suites\/presidential-suite\/\",\"name\":\"Ylellist\u00e4 hemmottelua: Swiss\u00f4tel Tallinnan Presidential Suite\",\"isPartOf\":{\"@id\":\"https:\/\/www.swissoteltallinn.com\/#website\"},\"datePublished\":\"2024-05-27T13:18:57+00:00\",\"dateModified\":\"2024-11-17T16:35:00+00:00\",\"description\":\"Koe Swiss\u00f4tel Tallinnan presidenttisviitin ylellisen hienostunut tunnelma. Nauti panoraaman\u00e4kymist\u00e4, t\u00e4ysin varustetusta pienkeitti\u00f6st\u00e4, omasta saunasta ja ylellisist\u00e4 makuuhuoneista, joissa on tyylikk\u00e4\u00e4t kylpyhuoneet. Ylimm\u00e4ss\u00e4 kerroksessa sijaitseva sviitti tarjoaa vertaansa vailla olevaa ylellisyytt\u00e4 ja yksityisyytt\u00e4.\",\"breadcrumb\":{\"@id\":\"https:\/\/www.swissoteltallinn.com\/fi\/rooms-suites\/presidential-suite\/#breadcrumb\"},\"inLanguage\":\"fi\",\"potentialAction\":[{\"@type\":\"ReadAction\",\"target\":[\"https:\/\/www.swissoteltallinn.com\/fi\/rooms-suites\/presidential-suite\/\"]}]},{\"@type\":\"BreadcrumbList\",\"@id\":\"https:\/\/www.swissoteltallinn.com\/fi\/rooms-suites\/presidential-suite\/#breadcrumb\",\"itemListElement\":[{\"@type\":\"ListItem\",\"position\":1,\"name\":\"Home\",\"item\":\"https:\/\/www.swissoteltallinn.com\/fi\/\"},{\"@type\":\"ListItem\",\"position\":2,\"name\":\"HUONEET &amp; SVIITIT\",\"item\":\"https:\/\/www.swissoteltallinn.com\/fi\/rooms-suites\/\"},{\"@type\":\"ListItem\",\"position\":3,\"name\":\"PRESIDENTIAL SUITE\"}]},{\"@type\":\"WebSite\",\"@id\":\"https:\/\/www.swissoteltallinn.com\/#website\",\"url\":\"https:\/\/www.swissoteltallinn.com\/\",\"name\":\"Swissotel Tallinn\",\"description\":\"\",\"publisher\":{\"@id\":\"https:\/\/www.swissoteltallinn.com\/#organization\"},\"potentialAction\":[{\"@type\":\"SearchAction\",\"target\":{\"@type\":\"EntryPoint\",\"urlTemplate\":\"https:\/\/www.swissoteltallinn.com\/?s={search_term_string}\"},\"query-input\":{\"@type\":\"PropertyValueSpecification\",\"valueRequired\":true,\"valueName\":\"search_term_string\"}}],\"inLanguage\":\"fi\"},{\"@type\":\"Organization\",\"@id\":\"https:\/\/www.swissoteltallinn.com\/#organization\",\"name\":\"Swissotel Tallinn\",\"url\":\"https:\/\/www.swissoteltallinn.com\/\",\"logo\":{\"@type\":\"ImageObject\",\"inLanguage\":\"fi\",\"@id\":\"https:\/\/www.swissoteltallinn.com\/#\/schema\/logo\/image\/\",\"url\":\"https:\/\/www.swissoteltallinn.com\/wp-content\/uploads\/sites\/107\/2024\/07\/Swissotel-Tallinn-logo.jpg\",\"contentUrl\":\"https:\/\/www.swissoteltallinn.com\/wp-content\/uploads\/sites\/107\/2024\/07\/Swissotel-Tallinn-logo.jpg\",\"width\":1800,\"height\":379,\"caption\":\"Swissotel Tallinn\"},\"image\":{\"@id\":\"https:\/\/www.swissoteltallinn.com\/#\/schema\/logo\/image\/\"},\"sameAs\":[\"https:\/\/www.facebook.com\/SwissotelTallinn\",\"https:\/\/ee.linkedin.com\/company\/swiss-tel-tallinn-estonia\",\"https:\/\/www.youtube.com\/channel\/UC-SFkHuVOioVnEI78gVBQrg\",\"https:\/\/www.instagram.com\/swissoteltallinn\/\"]}]}<\/script>\n<!-- \/ Yoast SEO plugin. -->","yoast_head_json":{"title":"Ylellist\u00e4 hemmottelua: Swiss\u00f4tel Tallinnan Presidential Suite","description":"Koe Swiss\u00f4tel Tallinnan presidenttisviitin ylellisen hienostunut tunnelma. Nauti panoraaman\u00e4kymist\u00e4, t\u00e4ysin varustetusta pienkeitti\u00f6st\u00e4, omasta saunasta ja ylellisist\u00e4 makuuhuoneista, joissa on tyylikk\u00e4\u00e4t kylpyhuoneet. Ylimm\u00e4ss\u00e4 kerroksessa sijaitseva sviitti tarjoaa vertaansa vailla olevaa ylellisyytt\u00e4 ja yksityisyytt\u00e4.","robots":{"index":"index","follow":"follow","max-snippet":"max-snippet:-1","max-image-preview":"max-image-preview:large","max-video-preview":"max-video-preview:-1"},"canonical":"https:\/\/www.swissoteltallinn.com\/fi\/rooms-suites\/presidential-suite\/","og_locale":"fi_FI","og_type":"article","og_title":"Ylellist\u00e4 hemmottelua: Swiss\u00f4tel Tallinnan Presidential Suite","og_description":"Koe Swiss\u00f4tel Tallinnan presidenttisviitin ylellisen hienostunut tunnelma. Nauti panoraaman\u00e4kymist\u00e4, t\u00e4ysin varustetusta pienkeitti\u00f6st\u00e4, omasta saunasta ja ylellisist\u00e4 makuuhuoneista, joissa on tyylikk\u00e4\u00e4t kylpyhuoneet. Ylimm\u00e4ss\u00e4 kerroksessa sijaitseva sviitti tarjoaa vertaansa vailla olevaa ylellisyytt\u00e4 ja yksityisyytt\u00e4.","og_url":"https:\/\/www.swissoteltallinn.com\/fi\/rooms-suites\/presidential-suite\/","og_site_name":"Swissotel Tallinn","article_publisher":"https:\/\/www.facebook.com\/SwissotelTallinn","article_modified_time":"2024-11-17T16:35:00+00:00","twitter_card":"summary_large_image","twitter_misc":{"Est. reading time":"1 minuutti"},"schema":{"@context":"https:\/\/schema.org","@graph":[{"@type":"WebPage","@id":"https:\/\/www.swissoteltallinn.com\/fi\/rooms-suites\/presidential-suite\/","url":"https:\/\/www.swissoteltallinn.com\/fi\/rooms-suites\/presidential-suite\/","name":"Ylellist\u00e4 hemmottelua: Swiss\u00f4tel Tallinnan Presidential Suite","isPartOf":{"@id":"https:\/\/www.swissoteltallinn.com\/#website"},"datePublished":"2024-05-27T13:18:57+00:00","dateModified":"2024-11-17T16:35:00+00:00","description":"Koe Swiss\u00f4tel Tallinnan presidenttisviitin ylellisen hienostunut tunnelma. Nauti panoraaman\u00e4kymist\u00e4, t\u00e4ysin varustetusta pienkeitti\u00f6st\u00e4, omasta saunasta ja ylellisist\u00e4 makuuhuoneista, joissa on tyylikk\u00e4\u00e4t kylpyhuoneet. Ylimm\u00e4ss\u00e4 kerroksessa sijaitseva sviitti tarjoaa vertaansa vailla olevaa ylellisyytt\u00e4 ja yksityisyytt\u00e4.","breadcrumb":{"@id":"https:\/\/www.swissoteltallinn.com\/fi\/rooms-suites\/presidential-suite\/#breadcrumb"},"inLanguage":"fi","potentialAction":[{"@type":"ReadAction","target":["https:\/\/www.swissoteltallinn.com\/fi\/rooms-suites\/presidential-suite\/"]}]},{"@type":"BreadcrumbList","@id":"https:\/\/www.swissoteltallinn.com\/fi\/rooms-suites\/presidential-suite\/#breadcrumb","itemListElement":[{"@type":"ListItem","position":1,"name":"Home","item":"https:\/\/www.swissoteltallinn.com\/fi\/"},{"@type":"ListItem","position":2,"name":"HUONEET &amp; SVIITIT","item":"https:\/\/www.swissoteltallinn.com\/fi\/rooms-suites\/"},{"@type":"ListItem","position":3,"name":"PRESIDENTIAL SUITE"}]},{"@type":"WebSite","@id":"https:\/\/www.swissoteltallinn.com\/#website","url":"https:\/\/www.swissoteltallinn.com\/","name":"Swissotel Tallinn","description":"","publisher":{"@id":"https:\/\/www.swissoteltallinn.com\/#organization"},"potentialAction":[{"@type":"SearchAction","target":{"@type":"EntryPoint","urlTemplate":"https:\/\/www.swissoteltallinn.com\/?s={search_term_string}"},"query-input":{"@type":"PropertyValueSpecification","valueRequired":true,"valueName":"search_term_string"}}],"inLanguage":"fi"},{"@type":"Organization","@id":"https:\/\/www.swissoteltallinn.com\/#organization","name":"Swissotel Tallinn","url":"https:\/\/www.swissoteltallinn.com\/","logo":{"@type":"ImageObject","inLanguage":"fi","@id":"https:\/\/www.swissoteltallinn.com\/#\/schema\/logo\/image\/","url":"https:\/\/www.swissoteltallinn.com\/wp-content\/uploads\/sites\/107\/2024\/07\/Swissotel-Tallinn-logo.jpg","contentUrl":"https:\/\/www.swissoteltallinn.com\/wp-content\/uploads\/sites\/107\/2024\/07\/Swissotel-Tallinn-logo.jpg","width":1800,"height":379,"caption":"Swissotel Tallinn"},"image":{"@id":"https:\/\/www.swissoteltallinn.com\/#\/schema\/logo\/image\/"},"sameAs":["https:\/\/www.facebook.com\/SwissotelTallinn","https:\/\/ee.linkedin.com\/company\/swiss-tel-tallinn-estonia","https:\/\/www.youtube.com\/channel\/UC-SFkHuVOioVnEI78gVBQrg","https:\/\/www.instagram.com\/swissoteltallinn\/"]}]}},"_links":{"self":[{"href":"https:\/\/www.swissoteltallinn.com\/fi\/wp-json\/wp\/v2\/pages\/682","targetHints":{"allow":["GET"]}}],"collection":[{"href":"https:\/\/www.swissoteltallinn.com\/fi\/wp-json\/wp\/v2\/pages"}],"about":[{"href":"https:\/\/www.swissoteltallinn.com\/fi\/wp-json\/wp\/v2\/types\/page"}],"author":[{"embeddable":true,"href":"https:\/\/www.swissoteltallinn.com\/fi\/wp-json\/wp\/v2\/users\/98"}],"replies":[{"embeddable":true,"href":"https:\/\/www.swissoteltallinn.com\/fi\/wp-json\/wp\/v2\/comments?post=682"}],"version-history":[{"count":0,"href":"https:\/\/www.swissoteltallinn.com\/fi\/wp-json\/wp\/v2\/pages\/682\/revisions"}],"up":[{"embeddable":true,"href":"https:\/\/www.swissoteltallinn.com\/fi\/wp-json\/wp\/v2\/pages\/655"}],"wp:attachment":[{"href":"https:\/\/www.swissoteltallinn.com\/fi\/wp-json\/wp\/v2\/media?parent=682"}],"wp:term":[{"taxonomy":"category","embeddable":true,"href":"https:\/\/www.swissoteltallinn.com\/fi\/wp-json\/wp\/v2\/categories?post=682"}],"curies":[{"name":"wp","href":"https:\/\/api.w.org\/{rel}","templated":true}]}}