{"id":680,"date":"2024-05-27T12:49:01","date_gmt":"2024-05-27T12:49:01","guid":{"rendered":"https:\/\/swissotel-tallinn.accorv2prod.decms.eu\/rooms-suites\/one-bedroom-suite\/"},"modified":"2024-11-17T16:30:14","modified_gmt":"2024-11-17T16:30:14","slug":"one-bedroom-suite","status":"publish","type":"page","link":"https:\/\/www.swissoteltallinn.com\/fi\/rooms-suites\/one-bedroom-suite\/","title":{"rendered":"YHDEN MAKUUHUONEEN SVIITTI"},"content":{"rendered":"<p style=\"text-align: center\">Swiss\u00f4tel Tallinnan ylimm\u00e4n kerroksen kulmahuoneissa sijaitsevat yhden makuuhuoneen sviittimme tarjoavat vertaansa vailla olevan pakopaikan, joka on ik\u00e4\u00e4n kuin huipputyylik\u00e4s kotkanpes\u00e4, josta avautuu upeat n\u00e4kym\u00e4t historialliseen Tallinnaan ja kauniille Suomenlahdelle. N\u00e4iden sviittien moderni ja hienostunut sisustus luo rauhallisen tunnelman sek\u00e4 oleskelu- ett\u00e4 makuutiloihin.<\/p>\n<p style=\"text-align: center\">Ylellinen kylpyhuone, jossa on sadesuihku ja kylpyamme, on ihana paikka rentoutua. Yhden makuuhuoneen sviitiss\u00e4mme on ilmainen minibaari sek\u00e4 ylelliset kylpyhuonetuotteet \u2013 sviittimme on suunniteltu \u00e4\u00e4rimm\u00e4ist\u00e4 mukavuutta ja rentoutumista silm\u00e4ll\u00e4 pit\u00e4en.<\/p>\n","protected":false},"excerpt":{"rendered":"<p>Swiss\u00f4tel Tallinnan ylimm\u00e4n kerroksen kulmahuoneissa sijaitsevat yhden makuuhuoneen sviittimme tarjoavat vertaansa vailla olevan pakopaikan, joka on ik\u00e4\u00e4n kuin huipputyylik\u00e4s kotkanpes\u00e4, josta avautuu upeat n\u00e4kym\u00e4t historialliseen Tallinnaan ja kauniille Suomenlahdelle. N\u00e4iden sviittien moderni ja hienostunut sisustus luo rauhallisen tunnelman sek\u00e4 oleskelu- ett\u00e4 makuutiloihin. Ylellinen kylpyhuone, jossa on sadesuihku ja kylpyamme, on ihana paikka rentoutua. Yhden makuuhuoneen [&hellip;]<\/p>\n","protected":false},"author":98,"featured_media":0,"parent":655,"menu_order":0,"comment_status":"closed","ping_status":"closed","template":"template-room.php","meta":{"footnotes":""},"categories":[56],"class_list":["post-680","page","type-page","status-publish","hentry","category-one-bedroom-suite-fi"],"acf":[],"yoast_head":"<!-- This site is optimized with the Yoast SEO plugin v26.9 - https:\/\/yoast.com\/product\/yoast-seo-wordpress\/ -->\n<title>Nauti ylellisest\u00e4 tunnelmasta: Swiss\u00f4tel Tallinnan yhden makuuhuoneen sviitit<\/title>\n<meta name=\"description\" content=\"Nauti ylellisyydest\u00e4 Swiss\u00f4tel Tallinnan ylimm\u00e4n kerroksen sviitiss\u00e4, josta avautuu silmi\u00e4 hivelev\u00e4n kaunis panoraaman\u00e4kym\u00e4 Tallinnaan ja Suomenlahdelle. Moderni muotoilu, ylelliset kylpyhuoneet, ilmainen minibaari ja t\u00e4ydellisyytt\u00e4 hipovat mukavuudet tekev\u00e4t pys\u00e4hdyksest\u00e4si hotellissamme todella miellytt\u00e4v\u00e4n ja rentouttavan.\" \/>\n<meta name=\"robots\" content=\"index, follow, max-snippet:-1, max-image-preview:large, max-video-preview:-1\" \/>\n<link rel=\"canonical\" href=\"https:\/\/www.swissoteltallinn.com\/fi\/rooms-suites\/one-bedroom-suite\/\" \/>\n<meta property=\"og:locale\" content=\"fi_FI\" \/>\n<meta property=\"og:type\" content=\"article\" \/>\n<meta property=\"og:title\" content=\"Nauti ylellisest\u00e4 tunnelmasta: Swiss\u00f4tel Tallinnan yhden makuuhuoneen sviitit\" \/>\n<meta property=\"og:description\" content=\"Nauti ylellisyydest\u00e4 Swiss\u00f4tel Tallinnan ylimm\u00e4n kerroksen sviitiss\u00e4, josta avautuu silmi\u00e4 hivelev\u00e4n kaunis panoraaman\u00e4kym\u00e4 Tallinnaan ja Suomenlahdelle. Moderni muotoilu, ylelliset kylpyhuoneet, ilmainen minibaari ja t\u00e4ydellisyytt\u00e4 hipovat mukavuudet tekev\u00e4t pys\u00e4hdyksest\u00e4si hotellissamme todella miellytt\u00e4v\u00e4n ja rentouttavan.\" \/>\n<meta property=\"og:url\" content=\"https:\/\/www.swissoteltallinn.com\/fi\/rooms-suites\/one-bedroom-suite\/\" \/>\n<meta property=\"og:site_name\" content=\"Swissotel Tallinn\" \/>\n<meta property=\"article:publisher\" content=\"https:\/\/www.facebook.com\/SwissotelTallinn\" \/>\n<meta property=\"article:modified_time\" content=\"2024-11-17T16:30:14+00:00\" \/>\n<meta name=\"twitter:card\" content=\"summary_large_image\" \/>\n<meta name=\"twitter:label1\" content=\"Est. reading time\" \/>\n\t<meta name=\"twitter:data1\" content=\"1 minuutti\" \/>\n<script type=\"application\/ld+json\" class=\"yoast-schema-graph\">{\"@context\":\"https:\/\/schema.org\",\"@graph\":[{\"@type\":\"WebPage\",\"@id\":\"https:\/\/www.swissoteltallinn.com\/fi\/rooms-suites\/one-bedroom-suite\/\",\"url\":\"https:\/\/www.swissoteltallinn.com\/fi\/rooms-suites\/one-bedroom-suite\/\",\"name\":\"Nauti ylellisest\u00e4 tunnelmasta: Swiss\u00f4tel Tallinnan yhden makuuhuoneen sviitit\",\"isPartOf\":{\"@id\":\"https:\/\/www.swissoteltallinn.com\/#website\"},\"datePublished\":\"2024-05-27T12:49:01+00:00\",\"dateModified\":\"2024-11-17T16:30:14+00:00\",\"description\":\"Nauti ylellisyydest\u00e4 Swiss\u00f4tel Tallinnan ylimm\u00e4n kerroksen sviitiss\u00e4, josta avautuu silmi\u00e4 hivelev\u00e4n kaunis panoraaman\u00e4kym\u00e4 Tallinnaan ja Suomenlahdelle. Moderni muotoilu, ylelliset kylpyhuoneet, ilmainen minibaari ja t\u00e4ydellisyytt\u00e4 hipovat mukavuudet tekev\u00e4t pys\u00e4hdyksest\u00e4si hotellissamme todella miellytt\u00e4v\u00e4n ja rentouttavan.\",\"breadcrumb\":{\"@id\":\"https:\/\/www.swissoteltallinn.com\/fi\/rooms-suites\/one-bedroom-suite\/#breadcrumb\"},\"inLanguage\":\"fi\",\"potentialAction\":[{\"@type\":\"ReadAction\",\"target\":[\"https:\/\/www.swissoteltallinn.com\/fi\/rooms-suites\/one-bedroom-suite\/\"]}]},{\"@type\":\"BreadcrumbList\",\"@id\":\"https:\/\/www.swissoteltallinn.com\/fi\/rooms-suites\/one-bedroom-suite\/#breadcrumb\",\"itemListElement\":[{\"@type\":\"ListItem\",\"position\":1,\"name\":\"Home\",\"item\":\"https:\/\/www.swissoteltallinn.com\/fi\/\"},{\"@type\":\"ListItem\",\"position\":2,\"name\":\"HUONEET &amp; SVIITIT\",\"item\":\"https:\/\/www.swissoteltallinn.com\/fi\/rooms-suites\/\"},{\"@type\":\"ListItem\",\"position\":3,\"name\":\"YHDEN MAKUUHUONEEN SVIITTI\"}]},{\"@type\":\"WebSite\",\"@id\":\"https:\/\/www.swissoteltallinn.com\/#website\",\"url\":\"https:\/\/www.swissoteltallinn.com\/\",\"name\":\"Swissotel Tallinn\",\"description\":\"\",\"publisher\":{\"@id\":\"https:\/\/www.swissoteltallinn.com\/#organization\"},\"potentialAction\":[{\"@type\":\"SearchAction\",\"target\":{\"@type\":\"EntryPoint\",\"urlTemplate\":\"https:\/\/www.swissoteltallinn.com\/?s={search_term_string}\"},\"query-input\":{\"@type\":\"PropertyValueSpecification\",\"valueRequired\":true,\"valueName\":\"search_term_string\"}}],\"inLanguage\":\"fi\"},{\"@type\":\"Organization\",\"@id\":\"https:\/\/www.swissoteltallinn.com\/#organization\",\"name\":\"Swissotel Tallinn\",\"url\":\"https:\/\/www.swissoteltallinn.com\/\",\"logo\":{\"@type\":\"ImageObject\",\"inLanguage\":\"fi\",\"@id\":\"https:\/\/www.swissoteltallinn.com\/#\/schema\/logo\/image\/\",\"url\":\"https:\/\/www.swissoteltallinn.com\/wp-content\/uploads\/sites\/107\/2024\/07\/Swissotel-Tallinn-logo.jpg\",\"contentUrl\":\"https:\/\/www.swissoteltallinn.com\/wp-content\/uploads\/sites\/107\/2024\/07\/Swissotel-Tallinn-logo.jpg\",\"width\":1800,\"height\":379,\"caption\":\"Swissotel Tallinn\"},\"image\":{\"@id\":\"https:\/\/www.swissoteltallinn.com\/#\/schema\/logo\/image\/\"},\"sameAs\":[\"https:\/\/www.facebook.com\/SwissotelTallinn\",\"https:\/\/ee.linkedin.com\/company\/swiss-tel-tallinn-estonia\",\"https:\/\/www.youtube.com\/channel\/UC-SFkHuVOioVnEI78gVBQrg\",\"https:\/\/www.instagram.com\/swissoteltallinn\/\"]}]}<\/script>\n<!-- \/ Yoast SEO plugin. -->","yoast_head_json":{"title":"Nauti ylellisest\u00e4 tunnelmasta: Swiss\u00f4tel Tallinnan yhden makuuhuoneen sviitit","description":"Nauti ylellisyydest\u00e4 Swiss\u00f4tel Tallinnan ylimm\u00e4n kerroksen sviitiss\u00e4, josta avautuu silmi\u00e4 hivelev\u00e4n kaunis panoraaman\u00e4kym\u00e4 Tallinnaan ja Suomenlahdelle. Moderni muotoilu, ylelliset kylpyhuoneet, ilmainen minibaari ja t\u00e4ydellisyytt\u00e4 hipovat mukavuudet tekev\u00e4t pys\u00e4hdyksest\u00e4si hotellissamme todella miellytt\u00e4v\u00e4n ja rentouttavan.","robots":{"index":"index","follow":"follow","max-snippet":"max-snippet:-1","max-image-preview":"max-image-preview:large","max-video-preview":"max-video-preview:-1"},"canonical":"https:\/\/www.swissoteltallinn.com\/fi\/rooms-suites\/one-bedroom-suite\/","og_locale":"fi_FI","og_type":"article","og_title":"Nauti ylellisest\u00e4 tunnelmasta: Swiss\u00f4tel Tallinnan yhden makuuhuoneen sviitit","og_description":"Nauti ylellisyydest\u00e4 Swiss\u00f4tel Tallinnan ylimm\u00e4n kerroksen sviitiss\u00e4, josta avautuu silmi\u00e4 hivelev\u00e4n kaunis panoraaman\u00e4kym\u00e4 Tallinnaan ja Suomenlahdelle. Moderni muotoilu, ylelliset kylpyhuoneet, ilmainen minibaari ja t\u00e4ydellisyytt\u00e4 hipovat mukavuudet tekev\u00e4t pys\u00e4hdyksest\u00e4si hotellissamme todella miellytt\u00e4v\u00e4n ja rentouttavan.","og_url":"https:\/\/www.swissoteltallinn.com\/fi\/rooms-suites\/one-bedroom-suite\/","og_site_name":"Swissotel Tallinn","article_publisher":"https:\/\/www.facebook.com\/SwissotelTallinn","article_modified_time":"2024-11-17T16:30:14+00:00","twitter_card":"summary_large_image","twitter_misc":{"Est. reading time":"1 minuutti"},"schema":{"@context":"https:\/\/schema.org","@graph":[{"@type":"WebPage","@id":"https:\/\/www.swissoteltallinn.com\/fi\/rooms-suites\/one-bedroom-suite\/","url":"https:\/\/www.swissoteltallinn.com\/fi\/rooms-suites\/one-bedroom-suite\/","name":"Nauti ylellisest\u00e4 tunnelmasta: Swiss\u00f4tel Tallinnan yhden makuuhuoneen sviitit","isPartOf":{"@id":"https:\/\/www.swissoteltallinn.com\/#website"},"datePublished":"2024-05-27T12:49:01+00:00","dateModified":"2024-11-17T16:30:14+00:00","description":"Nauti ylellisyydest\u00e4 Swiss\u00f4tel Tallinnan ylimm\u00e4n kerroksen sviitiss\u00e4, josta avautuu silmi\u00e4 hivelev\u00e4n kaunis panoraaman\u00e4kym\u00e4 Tallinnaan ja Suomenlahdelle. Moderni muotoilu, ylelliset kylpyhuoneet, ilmainen minibaari ja t\u00e4ydellisyytt\u00e4 hipovat mukavuudet tekev\u00e4t pys\u00e4hdyksest\u00e4si hotellissamme todella miellytt\u00e4v\u00e4n ja rentouttavan.","breadcrumb":{"@id":"https:\/\/www.swissoteltallinn.com\/fi\/rooms-suites\/one-bedroom-suite\/#breadcrumb"},"inLanguage":"fi","potentialAction":[{"@type":"ReadAction","target":["https:\/\/www.swissoteltallinn.com\/fi\/rooms-suites\/one-bedroom-suite\/"]}]},{"@type":"BreadcrumbList","@id":"https:\/\/www.swissoteltallinn.com\/fi\/rooms-suites\/one-bedroom-suite\/#breadcrumb","itemListElement":[{"@type":"ListItem","position":1,"name":"Home","item":"https:\/\/www.swissoteltallinn.com\/fi\/"},{"@type":"ListItem","position":2,"name":"HUONEET &amp; SVIITIT","item":"https:\/\/www.swissoteltallinn.com\/fi\/rooms-suites\/"},{"@type":"ListItem","position":3,"name":"YHDEN MAKUUHUONEEN SVIITTI"}]},{"@type":"WebSite","@id":"https:\/\/www.swissoteltallinn.com\/#website","url":"https:\/\/www.swissoteltallinn.com\/","name":"Swissotel Tallinn","description":"","publisher":{"@id":"https:\/\/www.swissoteltallinn.com\/#organization"},"potentialAction":[{"@type":"SearchAction","target":{"@type":"EntryPoint","urlTemplate":"https:\/\/www.swissoteltallinn.com\/?s={search_term_string}"},"query-input":{"@type":"PropertyValueSpecification","valueRequired":true,"valueName":"search_term_string"}}],"inLanguage":"fi"},{"@type":"Organization","@id":"https:\/\/www.swissoteltallinn.com\/#organization","name":"Swissotel Tallinn","url":"https:\/\/www.swissoteltallinn.com\/","logo":{"@type":"ImageObject","inLanguage":"fi","@id":"https:\/\/www.swissoteltallinn.com\/#\/schema\/logo\/image\/","url":"https:\/\/www.swissoteltallinn.com\/wp-content\/uploads\/sites\/107\/2024\/07\/Swissotel-Tallinn-logo.jpg","contentUrl":"https:\/\/www.swissoteltallinn.com\/wp-content\/uploads\/sites\/107\/2024\/07\/Swissotel-Tallinn-logo.jpg","width":1800,"height":379,"caption":"Swissotel Tallinn"},"image":{"@id":"https:\/\/www.swissoteltallinn.com\/#\/schema\/logo\/image\/"},"sameAs":["https:\/\/www.facebook.com\/SwissotelTallinn","https:\/\/ee.linkedin.com\/company\/swiss-tel-tallinn-estonia","https:\/\/www.youtube.com\/channel\/UC-SFkHuVOioVnEI78gVBQrg","https:\/\/www.instagram.com\/swissoteltallinn\/"]}]}},"_links":{"self":[{"href":"https:\/\/www.swissoteltallinn.com\/fi\/wp-json\/wp\/v2\/pages\/680","targetHints":{"allow":["GET"]}}],"collection":[{"href":"https:\/\/www.swissoteltallinn.com\/fi\/wp-json\/wp\/v2\/pages"}],"about":[{"href":"https:\/\/www.swissoteltallinn.com\/fi\/wp-json\/wp\/v2\/types\/page"}],"author":[{"embeddable":true,"href":"https:\/\/www.swissoteltallinn.com\/fi\/wp-json\/wp\/v2\/users\/98"}],"replies":[{"embeddable":true,"href":"https:\/\/www.swissoteltallinn.com\/fi\/wp-json\/wp\/v2\/comments?post=680"}],"version-history":[{"count":0,"href":"https:\/\/www.swissoteltallinn.com\/fi\/wp-json\/wp\/v2\/pages\/680\/revisions"}],"up":[{"embeddable":true,"href":"https:\/\/www.swissoteltallinn.com\/fi\/wp-json\/wp\/v2\/pages\/655"}],"wp:attachment":[{"href":"https:\/\/www.swissoteltallinn.com\/fi\/wp-json\/wp\/v2\/media?parent=680"}],"wp:term":[{"taxonomy":"category","embeddable":true,"href":"https:\/\/www.swissoteltallinn.com\/fi\/wp-json\/wp\/v2\/categories?post=680"}],"curies":[{"name":"wp","href":"https:\/\/api.w.org\/{rel}","templated":true}]}}