{"id":666,"date":"2024-05-24T14:21:47","date_gmt":"2024-05-24T14:21:47","guid":{"rendered":"https:\/\/swissotel-tallinn.accorv2prod.decms.eu\/rooms-suites\/grand-room\/"},"modified":"2024-11-17T16:15:59","modified_gmt":"2024-11-17T16:15:59","slug":"grand-room","status":"publish","type":"page","link":"https:\/\/www.swissoteltallinn.com\/fi\/rooms-suites\/grand-room\/","title":{"rendered":"Grand Room"},"content":{"rendered":"<p style=\"text-align: center\">Tutustu Swiss\u00f4tel Tallinnan Grand Room -huoneeseen, jossa eleganssi ja toimivuus kohtaavat ja joka vastaa sek\u00e4 lomailijan ett\u00e4 liikematkustajan tarpeisiin ja toiveisiin.<\/p>\n<p style=\"text-align: center\">N\u00e4m\u00e4 tilavat huoneet on r\u00e4\u00e4t\u00e4l\u00f6ity majoittamaan mukavasti jopa kolme aikuista ja sisustus kertoo harkitusta suunnittelusta. Huoneissa on k\u00e4yt\u00e4nn\u00f6lliset mutta tyylikk\u00e4\u00e4t kalusteet, kuten pehme\u00e4 kingsize-vuode, mukavat tuolit ja tilava ty\u00f6p\u00f6yt\u00e4 tehokkaaseen ty\u00f6skentelyyn. Jokaisen Grand Room -huoneen kohokohta ovat valtavat lattiasta kattoon ulottuvat ikkunat, joista avautuu lumoava n\u00e4kym\u00e4 Tallinnan vanhaankaupunkiin, joka kuuluu Unescon maailmanperint\u00f6kohteisiin, tai vaihtoehtoisesti kauniille Suomenlahdelle, joten jokainen vierailu on sek\u00e4 ikimuistoinen ett\u00e4 suorastaan henke\u00e4salpaava.<\/p>\n","protected":false},"excerpt":{"rendered":"<p>Tutustu Swiss\u00f4tel Tallinnan Grand Room -huoneeseen, jossa eleganssi ja toimivuus kohtaavat ja joka vastaa sek\u00e4 lomailijan ett\u00e4 liikematkustajan tarpeisiin ja toiveisiin. N\u00e4m\u00e4 tilavat huoneet on r\u00e4\u00e4t\u00e4l\u00f6ity majoittamaan mukavasti jopa kolme aikuista ja sisustus kertoo harkitusta suunnittelusta. Huoneissa on k\u00e4yt\u00e4nn\u00f6lliset mutta tyylikk\u00e4\u00e4t kalusteet, kuten pehme\u00e4 kingsize-vuode, mukavat tuolit ja tilava ty\u00f6p\u00f6yt\u00e4 tehokkaaseen ty\u00f6skentelyyn. Jokaisen Grand Room [&hellip;]<\/p>\n","protected":false},"author":98,"featured_media":0,"parent":655,"menu_order":0,"comment_status":"closed","ping_status":"closed","template":"template-room.php","meta":{"footnotes":""},"categories":[50],"class_list":["post-666","page","type-page","status-publish","hentry","category-grand-room-fi"],"acf":[],"yoast_head":"<!-- This site is optimized with the Yoast SEO plugin v26.9 - https:\/\/yoast.com\/product\/yoast-seo-wordpress\/ -->\n<title>Elegantit Swiss\u00f4tel Tallinnan Grand Room -huoneet<\/title>\n<meta name=\"description\" content=\"Swiss\u00f4tel Tallinnan Grand Room -huoneissa eleganssi ja toimivuus yhdistyv\u00e4t saumattomaksi el\u00e4mykseksi. Suunniteltu enint\u00e4\u00e4n kolmelle aikuiselle. Huoneessa on aivan kaikki mukavuudet ja upeat n\u00e4kym\u00e4t Tallinnan Vanhaankaupunkiin tai It\u00e4merelle, mik\u00e4 tekee vierailustasi ikimuistoisen.\" \/>\n<meta name=\"robots\" content=\"index, follow, max-snippet:-1, max-image-preview:large, max-video-preview:-1\" \/>\n<link rel=\"canonical\" href=\"https:\/\/www.swissoteltallinn.com\/fi\/rooms-suites\/grand-room\/\" \/>\n<meta property=\"og:locale\" content=\"fi_FI\" \/>\n<meta property=\"og:type\" content=\"article\" \/>\n<meta property=\"og:title\" content=\"Elegantit Swiss\u00f4tel Tallinnan Grand Room -huoneet\" \/>\n<meta property=\"og:description\" content=\"Swiss\u00f4tel Tallinnan Grand Room -huoneissa eleganssi ja toimivuus yhdistyv\u00e4t saumattomaksi el\u00e4mykseksi. Suunniteltu enint\u00e4\u00e4n kolmelle aikuiselle. Huoneessa on aivan kaikki mukavuudet ja upeat n\u00e4kym\u00e4t Tallinnan Vanhaankaupunkiin tai It\u00e4merelle, mik\u00e4 tekee vierailustasi ikimuistoisen.\" \/>\n<meta property=\"og:url\" content=\"https:\/\/www.swissoteltallinn.com\/fi\/rooms-suites\/grand-room\/\" \/>\n<meta property=\"og:site_name\" content=\"Swissotel Tallinn\" \/>\n<meta property=\"article:publisher\" content=\"https:\/\/www.facebook.com\/SwissotelTallinn\" \/>\n<meta property=\"article:modified_time\" content=\"2024-11-17T16:15:59+00:00\" \/>\n<meta name=\"twitter:card\" content=\"summary_large_image\" \/>\n<meta name=\"twitter:label1\" content=\"Est. reading time\" \/>\n\t<meta name=\"twitter:data1\" content=\"1 minuutti\" \/>\n<script type=\"application\/ld+json\" class=\"yoast-schema-graph\">{\"@context\":\"https:\/\/schema.org\",\"@graph\":[{\"@type\":\"WebPage\",\"@id\":\"https:\/\/www.swissoteltallinn.com\/fi\/rooms-suites\/grand-room\/\",\"url\":\"https:\/\/www.swissoteltallinn.com\/fi\/rooms-suites\/grand-room\/\",\"name\":\"Elegantit Swiss\u00f4tel Tallinnan Grand Room -huoneet\",\"isPartOf\":{\"@id\":\"https:\/\/www.swissoteltallinn.com\/#website\"},\"datePublished\":\"2024-05-24T14:21:47+00:00\",\"dateModified\":\"2024-11-17T16:15:59+00:00\",\"description\":\"Swiss\u00f4tel Tallinnan Grand Room -huoneissa eleganssi ja toimivuus yhdistyv\u00e4t saumattomaksi el\u00e4mykseksi. Suunniteltu enint\u00e4\u00e4n kolmelle aikuiselle. Huoneessa on aivan kaikki mukavuudet ja upeat n\u00e4kym\u00e4t Tallinnan Vanhaankaupunkiin tai It\u00e4merelle, mik\u00e4 tekee vierailustasi ikimuistoisen.\",\"breadcrumb\":{\"@id\":\"https:\/\/www.swissoteltallinn.com\/fi\/rooms-suites\/grand-room\/#breadcrumb\"},\"inLanguage\":\"fi\",\"potentialAction\":[{\"@type\":\"ReadAction\",\"target\":[\"https:\/\/www.swissoteltallinn.com\/fi\/rooms-suites\/grand-room\/\"]}]},{\"@type\":\"BreadcrumbList\",\"@id\":\"https:\/\/www.swissoteltallinn.com\/fi\/rooms-suites\/grand-room\/#breadcrumb\",\"itemListElement\":[{\"@type\":\"ListItem\",\"position\":1,\"name\":\"Home\",\"item\":\"https:\/\/www.swissoteltallinn.com\/fi\/\"},{\"@type\":\"ListItem\",\"position\":2,\"name\":\"HUONEET &amp; SVIITIT\",\"item\":\"https:\/\/www.swissoteltallinn.com\/fi\/rooms-suites\/\"},{\"@type\":\"ListItem\",\"position\":3,\"name\":\"Grand Room\"}]},{\"@type\":\"WebSite\",\"@id\":\"https:\/\/www.swissoteltallinn.com\/#website\",\"url\":\"https:\/\/www.swissoteltallinn.com\/\",\"name\":\"Swissotel Tallinn\",\"description\":\"\",\"publisher\":{\"@id\":\"https:\/\/www.swissoteltallinn.com\/#organization\"},\"potentialAction\":[{\"@type\":\"SearchAction\",\"target\":{\"@type\":\"EntryPoint\",\"urlTemplate\":\"https:\/\/www.swissoteltallinn.com\/?s={search_term_string}\"},\"query-input\":{\"@type\":\"PropertyValueSpecification\",\"valueRequired\":true,\"valueName\":\"search_term_string\"}}],\"inLanguage\":\"fi\"},{\"@type\":\"Organization\",\"@id\":\"https:\/\/www.swissoteltallinn.com\/#organization\",\"name\":\"Swissotel Tallinn\",\"url\":\"https:\/\/www.swissoteltallinn.com\/\",\"logo\":{\"@type\":\"ImageObject\",\"inLanguage\":\"fi\",\"@id\":\"https:\/\/www.swissoteltallinn.com\/#\/schema\/logo\/image\/\",\"url\":\"https:\/\/www.swissoteltallinn.com\/wp-content\/uploads\/sites\/107\/2024\/07\/Swissotel-Tallinn-logo.jpg\",\"contentUrl\":\"https:\/\/www.swissoteltallinn.com\/wp-content\/uploads\/sites\/107\/2024\/07\/Swissotel-Tallinn-logo.jpg\",\"width\":1800,\"height\":379,\"caption\":\"Swissotel Tallinn\"},\"image\":{\"@id\":\"https:\/\/www.swissoteltallinn.com\/#\/schema\/logo\/image\/\"},\"sameAs\":[\"https:\/\/www.facebook.com\/SwissotelTallinn\",\"https:\/\/ee.linkedin.com\/company\/swiss-tel-tallinn-estonia\",\"https:\/\/www.youtube.com\/channel\/UC-SFkHuVOioVnEI78gVBQrg\",\"https:\/\/www.instagram.com\/swissoteltallinn\/\"]}]}<\/script>\n<!-- \/ Yoast SEO plugin. -->","yoast_head_json":{"title":"Elegantit Swiss\u00f4tel Tallinnan Grand Room -huoneet","description":"Swiss\u00f4tel Tallinnan Grand Room -huoneissa eleganssi ja toimivuus yhdistyv\u00e4t saumattomaksi el\u00e4mykseksi. Suunniteltu enint\u00e4\u00e4n kolmelle aikuiselle. Huoneessa on aivan kaikki mukavuudet ja upeat n\u00e4kym\u00e4t Tallinnan Vanhaankaupunkiin tai It\u00e4merelle, mik\u00e4 tekee vierailustasi ikimuistoisen.","robots":{"index":"index","follow":"follow","max-snippet":"max-snippet:-1","max-image-preview":"max-image-preview:large","max-video-preview":"max-video-preview:-1"},"canonical":"https:\/\/www.swissoteltallinn.com\/fi\/rooms-suites\/grand-room\/","og_locale":"fi_FI","og_type":"article","og_title":"Elegantit Swiss\u00f4tel Tallinnan Grand Room -huoneet","og_description":"Swiss\u00f4tel Tallinnan Grand Room -huoneissa eleganssi ja toimivuus yhdistyv\u00e4t saumattomaksi el\u00e4mykseksi. Suunniteltu enint\u00e4\u00e4n kolmelle aikuiselle. Huoneessa on aivan kaikki mukavuudet ja upeat n\u00e4kym\u00e4t Tallinnan Vanhaankaupunkiin tai It\u00e4merelle, mik\u00e4 tekee vierailustasi ikimuistoisen.","og_url":"https:\/\/www.swissoteltallinn.com\/fi\/rooms-suites\/grand-room\/","og_site_name":"Swissotel Tallinn","article_publisher":"https:\/\/www.facebook.com\/SwissotelTallinn","article_modified_time":"2024-11-17T16:15:59+00:00","twitter_card":"summary_large_image","twitter_misc":{"Est. reading time":"1 minuutti"},"schema":{"@context":"https:\/\/schema.org","@graph":[{"@type":"WebPage","@id":"https:\/\/www.swissoteltallinn.com\/fi\/rooms-suites\/grand-room\/","url":"https:\/\/www.swissoteltallinn.com\/fi\/rooms-suites\/grand-room\/","name":"Elegantit Swiss\u00f4tel Tallinnan Grand Room -huoneet","isPartOf":{"@id":"https:\/\/www.swissoteltallinn.com\/#website"},"datePublished":"2024-05-24T14:21:47+00:00","dateModified":"2024-11-17T16:15:59+00:00","description":"Swiss\u00f4tel Tallinnan Grand Room -huoneissa eleganssi ja toimivuus yhdistyv\u00e4t saumattomaksi el\u00e4mykseksi. Suunniteltu enint\u00e4\u00e4n kolmelle aikuiselle. Huoneessa on aivan kaikki mukavuudet ja upeat n\u00e4kym\u00e4t Tallinnan Vanhaankaupunkiin tai It\u00e4merelle, mik\u00e4 tekee vierailustasi ikimuistoisen.","breadcrumb":{"@id":"https:\/\/www.swissoteltallinn.com\/fi\/rooms-suites\/grand-room\/#breadcrumb"},"inLanguage":"fi","potentialAction":[{"@type":"ReadAction","target":["https:\/\/www.swissoteltallinn.com\/fi\/rooms-suites\/grand-room\/"]}]},{"@type":"BreadcrumbList","@id":"https:\/\/www.swissoteltallinn.com\/fi\/rooms-suites\/grand-room\/#breadcrumb","itemListElement":[{"@type":"ListItem","position":1,"name":"Home","item":"https:\/\/www.swissoteltallinn.com\/fi\/"},{"@type":"ListItem","position":2,"name":"HUONEET &amp; SVIITIT","item":"https:\/\/www.swissoteltallinn.com\/fi\/rooms-suites\/"},{"@type":"ListItem","position":3,"name":"Grand Room"}]},{"@type":"WebSite","@id":"https:\/\/www.swissoteltallinn.com\/#website","url":"https:\/\/www.swissoteltallinn.com\/","name":"Swissotel Tallinn","description":"","publisher":{"@id":"https:\/\/www.swissoteltallinn.com\/#organization"},"potentialAction":[{"@type":"SearchAction","target":{"@type":"EntryPoint","urlTemplate":"https:\/\/www.swissoteltallinn.com\/?s={search_term_string}"},"query-input":{"@type":"PropertyValueSpecification","valueRequired":true,"valueName":"search_term_string"}}],"inLanguage":"fi"},{"@type":"Organization","@id":"https:\/\/www.swissoteltallinn.com\/#organization","name":"Swissotel Tallinn","url":"https:\/\/www.swissoteltallinn.com\/","logo":{"@type":"ImageObject","inLanguage":"fi","@id":"https:\/\/www.swissoteltallinn.com\/#\/schema\/logo\/image\/","url":"https:\/\/www.swissoteltallinn.com\/wp-content\/uploads\/sites\/107\/2024\/07\/Swissotel-Tallinn-logo.jpg","contentUrl":"https:\/\/www.swissoteltallinn.com\/wp-content\/uploads\/sites\/107\/2024\/07\/Swissotel-Tallinn-logo.jpg","width":1800,"height":379,"caption":"Swissotel Tallinn"},"image":{"@id":"https:\/\/www.swissoteltallinn.com\/#\/schema\/logo\/image\/"},"sameAs":["https:\/\/www.facebook.com\/SwissotelTallinn","https:\/\/ee.linkedin.com\/company\/swiss-tel-tallinn-estonia","https:\/\/www.youtube.com\/channel\/UC-SFkHuVOioVnEI78gVBQrg","https:\/\/www.instagram.com\/swissoteltallinn\/"]}]}},"_links":{"self":[{"href":"https:\/\/www.swissoteltallinn.com\/fi\/wp-json\/wp\/v2\/pages\/666","targetHints":{"allow":["GET"]}}],"collection":[{"href":"https:\/\/www.swissoteltallinn.com\/fi\/wp-json\/wp\/v2\/pages"}],"about":[{"href":"https:\/\/www.swissoteltallinn.com\/fi\/wp-json\/wp\/v2\/types\/page"}],"author":[{"embeddable":true,"href":"https:\/\/www.swissoteltallinn.com\/fi\/wp-json\/wp\/v2\/users\/98"}],"replies":[{"embeddable":true,"href":"https:\/\/www.swissoteltallinn.com\/fi\/wp-json\/wp\/v2\/comments?post=666"}],"version-history":[{"count":0,"href":"https:\/\/www.swissoteltallinn.com\/fi\/wp-json\/wp\/v2\/pages\/666\/revisions"}],"up":[{"embeddable":true,"href":"https:\/\/www.swissoteltallinn.com\/fi\/wp-json\/wp\/v2\/pages\/655"}],"wp:attachment":[{"href":"https:\/\/www.swissoteltallinn.com\/fi\/wp-json\/wp\/v2\/media?parent=666"}],"wp:term":[{"taxonomy":"category","embeddable":true,"href":"https:\/\/www.swissoteltallinn.com\/fi\/wp-json\/wp\/v2\/categories?post=666"}],"curies":[{"name":"wp","href":"https:\/\/api.w.org\/{rel}","templated":true}]}}