{"id":659,"date":"2024-05-24T14:01:35","date_gmt":"2024-05-24T14:01:35","guid":{"rendered":"https:\/\/swissotel-tallinn.accorv2prod.decms.eu\/rooms-suites\/swiss-advantage-room\/"},"modified":"2024-11-17T16:11:58","modified_gmt":"2024-11-17T16:11:58","slug":"swiss-advantage-room","status":"publish","type":"page","link":"https:\/\/www.swissoteltallinn.com\/fi\/rooms-suites\/swiss-advantage-room\/","title":{"rendered":"Swiss Advantage -huone"},"content":{"rendered":"<p style=\"text-align: center\">Swiss\u00f4tel Tallinnan Swiss Advantage -huone on suoranainen hienostuneen asumisen ruumiillistuma, jossa ajaton eleganssi ja nykyaikaiset mukavuudet yhdistyv\u00e4t. Seesteisten v\u00e4rien ja puulattioiden ansiosta huone on sek\u00e4 toimiva, tilava ett\u00e4 rauhallinen.<\/p>\n<p style=\"text-align: center\">Suurista ikkunoista avautuvat ihanat n\u00e4kym\u00e4t Tallinnan satamaan tai historialliseen vanhaankaupunkiin, joka on Unescon maailmanperint\u00f6kohde. Valittavissa on joko kingsize-vuode tai parivuode optimaalista y\u00f6unta varten. Huoneessa on tilava ty\u00f6p\u00f6yt\u00e4, ergonominen tuoli, oma espressokone ja ilmaiseen WiFi, jotta vierailusi olisi yht\u00e4lailla sek\u00e4 rentouttava ett\u00e4 tehokas.<\/p>\n","protected":false},"excerpt":{"rendered":"<p>Swiss\u00f4tel Tallinnan Swiss Advantage -huone on suoranainen hienostuneen asumisen ruumiillistuma, jossa ajaton eleganssi ja nykyaikaiset mukavuudet yhdistyv\u00e4t. Seesteisten v\u00e4rien ja puulattioiden ansiosta huone on sek\u00e4 toimiva, tilava ett\u00e4 rauhallinen. Suurista ikkunoista avautuvat ihanat n\u00e4kym\u00e4t Tallinnan satamaan tai historialliseen vanhaankaupunkiin, joka on Unescon maailmanperint\u00f6kohde. Valittavissa on joko kingsize-vuode tai parivuode optimaalista y\u00f6unta varten. Huoneessa on tilava [&hellip;]<\/p>\n","protected":false},"author":98,"featured_media":0,"parent":655,"menu_order":0,"comment_status":"closed","ping_status":"closed","template":"template-room.php","meta":{"footnotes":""},"categories":[48],"class_list":["post-659","page","type-page","status-publish","hentry","category-advantage-room-fi"],"acf":[],"yoast_head":"<!-- This site is optimized with the Yoast SEO plugin v26.9 - https:\/\/yoast.com\/product\/yoast-seo-wordpress\/ -->\n<title>Nauti rauhasta Swiss Advantage -huoneissa<\/title>\n<meta name=\"description\" content=\"Tutustu hienostuneeseen asumiseen Swiss\u00f4tel Tallinnan Swiss Advantage -huoneissa, joissa ajaton tyylikkyys ja nykyaikaiset mukavuudet yhdistyv\u00e4t. Nauti seesteisist\u00e4 v\u00e4reist\u00e4, upeista n\u00e4kymist\u00e4 ja k\u00e4tevist\u00e4 mukavuuksista rauhaisalla viiv\u00e4hdyksell\u00e4 Tallinnassa.\" \/>\n<meta name=\"robots\" content=\"index, follow, max-snippet:-1, max-image-preview:large, max-video-preview:-1\" \/>\n<link rel=\"canonical\" href=\"https:\/\/www.swissoteltallinn.com\/fi\/rooms-suites\/swiss-advantage-room\/\" \/>\n<meta property=\"og:locale\" content=\"fi_FI\" \/>\n<meta property=\"og:type\" content=\"article\" \/>\n<meta property=\"og:title\" content=\"Nauti rauhasta Swiss Advantage -huoneissa\" \/>\n<meta property=\"og:description\" content=\"Tutustu hienostuneeseen asumiseen Swiss\u00f4tel Tallinnan Swiss Advantage -huoneissa, joissa ajaton tyylikkyys ja nykyaikaiset mukavuudet yhdistyv\u00e4t. Nauti seesteisist\u00e4 v\u00e4reist\u00e4, upeista n\u00e4kymist\u00e4 ja k\u00e4tevist\u00e4 mukavuuksista rauhaisalla viiv\u00e4hdyksell\u00e4 Tallinnassa.\" \/>\n<meta property=\"og:url\" content=\"https:\/\/www.swissoteltallinn.com\/fi\/rooms-suites\/swiss-advantage-room\/\" \/>\n<meta property=\"og:site_name\" content=\"Swissotel Tallinn\" \/>\n<meta property=\"article:publisher\" content=\"https:\/\/www.facebook.com\/SwissotelTallinn\" \/>\n<meta property=\"article:modified_time\" content=\"2024-11-17T16:11:58+00:00\" \/>\n<meta name=\"twitter:card\" content=\"summary_large_image\" \/>\n<meta name=\"twitter:label1\" content=\"Est. reading time\" \/>\n\t<meta name=\"twitter:data1\" content=\"1 minuutti\" \/>\n<script type=\"application\/ld+json\" class=\"yoast-schema-graph\">{\"@context\":\"https:\/\/schema.org\",\"@graph\":[{\"@type\":\"WebPage\",\"@id\":\"https:\/\/www.swissoteltallinn.com\/fi\/rooms-suites\/swiss-advantage-room\/\",\"url\":\"https:\/\/www.swissoteltallinn.com\/fi\/rooms-suites\/swiss-advantage-room\/\",\"name\":\"Nauti rauhasta Swiss Advantage -huoneissa\",\"isPartOf\":{\"@id\":\"https:\/\/www.swissoteltallinn.com\/#website\"},\"datePublished\":\"2024-05-24T14:01:35+00:00\",\"dateModified\":\"2024-11-17T16:11:58+00:00\",\"description\":\"Tutustu hienostuneeseen asumiseen Swiss\u00f4tel Tallinnan Swiss Advantage -huoneissa, joissa ajaton tyylikkyys ja nykyaikaiset mukavuudet yhdistyv\u00e4t. Nauti seesteisist\u00e4 v\u00e4reist\u00e4, upeista n\u00e4kymist\u00e4 ja k\u00e4tevist\u00e4 mukavuuksista rauhaisalla viiv\u00e4hdyksell\u00e4 Tallinnassa.\",\"breadcrumb\":{\"@id\":\"https:\/\/www.swissoteltallinn.com\/fi\/rooms-suites\/swiss-advantage-room\/#breadcrumb\"},\"inLanguage\":\"fi\",\"potentialAction\":[{\"@type\":\"ReadAction\",\"target\":[\"https:\/\/www.swissoteltallinn.com\/fi\/rooms-suites\/swiss-advantage-room\/\"]}]},{\"@type\":\"BreadcrumbList\",\"@id\":\"https:\/\/www.swissoteltallinn.com\/fi\/rooms-suites\/swiss-advantage-room\/#breadcrumb\",\"itemListElement\":[{\"@type\":\"ListItem\",\"position\":1,\"name\":\"Home\",\"item\":\"https:\/\/www.swissoteltallinn.com\/fi\/\"},{\"@type\":\"ListItem\",\"position\":2,\"name\":\"HUONEET &amp; SVIITIT\",\"item\":\"https:\/\/www.swissoteltallinn.com\/fi\/rooms-suites\/\"},{\"@type\":\"ListItem\",\"position\":3,\"name\":\"Swiss Advantage -huone\"}]},{\"@type\":\"WebSite\",\"@id\":\"https:\/\/www.swissoteltallinn.com\/#website\",\"url\":\"https:\/\/www.swissoteltallinn.com\/\",\"name\":\"Swissotel Tallinn\",\"description\":\"\",\"publisher\":{\"@id\":\"https:\/\/www.swissoteltallinn.com\/#organization\"},\"potentialAction\":[{\"@type\":\"SearchAction\",\"target\":{\"@type\":\"EntryPoint\",\"urlTemplate\":\"https:\/\/www.swissoteltallinn.com\/?s={search_term_string}\"},\"query-input\":{\"@type\":\"PropertyValueSpecification\",\"valueRequired\":true,\"valueName\":\"search_term_string\"}}],\"inLanguage\":\"fi\"},{\"@type\":\"Organization\",\"@id\":\"https:\/\/www.swissoteltallinn.com\/#organization\",\"name\":\"Swissotel Tallinn\",\"url\":\"https:\/\/www.swissoteltallinn.com\/\",\"logo\":{\"@type\":\"ImageObject\",\"inLanguage\":\"fi\",\"@id\":\"https:\/\/www.swissoteltallinn.com\/#\/schema\/logo\/image\/\",\"url\":\"https:\/\/www.swissoteltallinn.com\/wp-content\/uploads\/sites\/107\/2024\/07\/Swissotel-Tallinn-logo.jpg\",\"contentUrl\":\"https:\/\/www.swissoteltallinn.com\/wp-content\/uploads\/sites\/107\/2024\/07\/Swissotel-Tallinn-logo.jpg\",\"width\":1800,\"height\":379,\"caption\":\"Swissotel Tallinn\"},\"image\":{\"@id\":\"https:\/\/www.swissoteltallinn.com\/#\/schema\/logo\/image\/\"},\"sameAs\":[\"https:\/\/www.facebook.com\/SwissotelTallinn\",\"https:\/\/ee.linkedin.com\/company\/swiss-tel-tallinn-estonia\",\"https:\/\/www.youtube.com\/channel\/UC-SFkHuVOioVnEI78gVBQrg\",\"https:\/\/www.instagram.com\/swissoteltallinn\/\"]}]}<\/script>\n<!-- \/ Yoast SEO plugin. -->","yoast_head_json":{"title":"Nauti rauhasta Swiss Advantage -huoneissa","description":"Tutustu hienostuneeseen asumiseen Swiss\u00f4tel Tallinnan Swiss Advantage -huoneissa, joissa ajaton tyylikkyys ja nykyaikaiset mukavuudet yhdistyv\u00e4t. Nauti seesteisist\u00e4 v\u00e4reist\u00e4, upeista n\u00e4kymist\u00e4 ja k\u00e4tevist\u00e4 mukavuuksista rauhaisalla viiv\u00e4hdyksell\u00e4 Tallinnassa.","robots":{"index":"index","follow":"follow","max-snippet":"max-snippet:-1","max-image-preview":"max-image-preview:large","max-video-preview":"max-video-preview:-1"},"canonical":"https:\/\/www.swissoteltallinn.com\/fi\/rooms-suites\/swiss-advantage-room\/","og_locale":"fi_FI","og_type":"article","og_title":"Nauti rauhasta Swiss Advantage -huoneissa","og_description":"Tutustu hienostuneeseen asumiseen Swiss\u00f4tel Tallinnan Swiss Advantage -huoneissa, joissa ajaton tyylikkyys ja nykyaikaiset mukavuudet yhdistyv\u00e4t. Nauti seesteisist\u00e4 v\u00e4reist\u00e4, upeista n\u00e4kymist\u00e4 ja k\u00e4tevist\u00e4 mukavuuksista rauhaisalla viiv\u00e4hdyksell\u00e4 Tallinnassa.","og_url":"https:\/\/www.swissoteltallinn.com\/fi\/rooms-suites\/swiss-advantage-room\/","og_site_name":"Swissotel Tallinn","article_publisher":"https:\/\/www.facebook.com\/SwissotelTallinn","article_modified_time":"2024-11-17T16:11:58+00:00","twitter_card":"summary_large_image","twitter_misc":{"Est. reading time":"1 minuutti"},"schema":{"@context":"https:\/\/schema.org","@graph":[{"@type":"WebPage","@id":"https:\/\/www.swissoteltallinn.com\/fi\/rooms-suites\/swiss-advantage-room\/","url":"https:\/\/www.swissoteltallinn.com\/fi\/rooms-suites\/swiss-advantage-room\/","name":"Nauti rauhasta Swiss Advantage -huoneissa","isPartOf":{"@id":"https:\/\/www.swissoteltallinn.com\/#website"},"datePublished":"2024-05-24T14:01:35+00:00","dateModified":"2024-11-17T16:11:58+00:00","description":"Tutustu hienostuneeseen asumiseen Swiss\u00f4tel Tallinnan Swiss Advantage -huoneissa, joissa ajaton tyylikkyys ja nykyaikaiset mukavuudet yhdistyv\u00e4t. Nauti seesteisist\u00e4 v\u00e4reist\u00e4, upeista n\u00e4kymist\u00e4 ja k\u00e4tevist\u00e4 mukavuuksista rauhaisalla viiv\u00e4hdyksell\u00e4 Tallinnassa.","breadcrumb":{"@id":"https:\/\/www.swissoteltallinn.com\/fi\/rooms-suites\/swiss-advantage-room\/#breadcrumb"},"inLanguage":"fi","potentialAction":[{"@type":"ReadAction","target":["https:\/\/www.swissoteltallinn.com\/fi\/rooms-suites\/swiss-advantage-room\/"]}]},{"@type":"BreadcrumbList","@id":"https:\/\/www.swissoteltallinn.com\/fi\/rooms-suites\/swiss-advantage-room\/#breadcrumb","itemListElement":[{"@type":"ListItem","position":1,"name":"Home","item":"https:\/\/www.swissoteltallinn.com\/fi\/"},{"@type":"ListItem","position":2,"name":"HUONEET &amp; SVIITIT","item":"https:\/\/www.swissoteltallinn.com\/fi\/rooms-suites\/"},{"@type":"ListItem","position":3,"name":"Swiss Advantage -huone"}]},{"@type":"WebSite","@id":"https:\/\/www.swissoteltallinn.com\/#website","url":"https:\/\/www.swissoteltallinn.com\/","name":"Swissotel Tallinn","description":"","publisher":{"@id":"https:\/\/www.swissoteltallinn.com\/#organization"},"potentialAction":[{"@type":"SearchAction","target":{"@type":"EntryPoint","urlTemplate":"https:\/\/www.swissoteltallinn.com\/?s={search_term_string}"},"query-input":{"@type":"PropertyValueSpecification","valueRequired":true,"valueName":"search_term_string"}}],"inLanguage":"fi"},{"@type":"Organization","@id":"https:\/\/www.swissoteltallinn.com\/#organization","name":"Swissotel Tallinn","url":"https:\/\/www.swissoteltallinn.com\/","logo":{"@type":"ImageObject","inLanguage":"fi","@id":"https:\/\/www.swissoteltallinn.com\/#\/schema\/logo\/image\/","url":"https:\/\/www.swissoteltallinn.com\/wp-content\/uploads\/sites\/107\/2024\/07\/Swissotel-Tallinn-logo.jpg","contentUrl":"https:\/\/www.swissoteltallinn.com\/wp-content\/uploads\/sites\/107\/2024\/07\/Swissotel-Tallinn-logo.jpg","width":1800,"height":379,"caption":"Swissotel Tallinn"},"image":{"@id":"https:\/\/www.swissoteltallinn.com\/#\/schema\/logo\/image\/"},"sameAs":["https:\/\/www.facebook.com\/SwissotelTallinn","https:\/\/ee.linkedin.com\/company\/swiss-tel-tallinn-estonia","https:\/\/www.youtube.com\/channel\/UC-SFkHuVOioVnEI78gVBQrg","https:\/\/www.instagram.com\/swissoteltallinn\/"]}]}},"_links":{"self":[{"href":"https:\/\/www.swissoteltallinn.com\/fi\/wp-json\/wp\/v2\/pages\/659","targetHints":{"allow":["GET"]}}],"collection":[{"href":"https:\/\/www.swissoteltallinn.com\/fi\/wp-json\/wp\/v2\/pages"}],"about":[{"href":"https:\/\/www.swissoteltallinn.com\/fi\/wp-json\/wp\/v2\/types\/page"}],"author":[{"embeddable":true,"href":"https:\/\/www.swissoteltallinn.com\/fi\/wp-json\/wp\/v2\/users\/98"}],"replies":[{"embeddable":true,"href":"https:\/\/www.swissoteltallinn.com\/fi\/wp-json\/wp\/v2\/comments?post=659"}],"version-history":[{"count":0,"href":"https:\/\/www.swissoteltallinn.com\/fi\/wp-json\/wp\/v2\/pages\/659\/revisions"}],"up":[{"embeddable":true,"href":"https:\/\/www.swissoteltallinn.com\/fi\/wp-json\/wp\/v2\/pages\/655"}],"wp:attachment":[{"href":"https:\/\/www.swissoteltallinn.com\/fi\/wp-json\/wp\/v2\/media?parent=659"}],"wp:term":[{"taxonomy":"category","embeddable":true,"href":"https:\/\/www.swissoteltallinn.com\/fi\/wp-json\/wp\/v2\/categories?post=659"}],"curies":[{"name":"wp","href":"https:\/\/api.w.org\/{rel}","templated":true}]}}