{"id":655,"date":"2024-05-24T13:51:41","date_gmt":"2024-05-24T13:51:41","guid":{"rendered":"https:\/\/swissotel-tallinn.accorv2prod.decms.eu\/rooms-suites\/"},"modified":"2024-11-17T15:57:25","modified_gmt":"2024-11-17T15:57:25","slug":"rooms-suites","status":"publish","type":"page","link":"https:\/\/www.swissoteltallinn.com\/fi\/rooms-suites\/","title":{"rendered":"HUONEET &amp; SVIITIT"},"content":{"rendered":"<p style=\"text-align: center\"><span data-sheets-root=\"1\">Koe miten perinteet ja innovaatio yhdistyv\u00e4t saumattomasti Swiss\u00f4tel Tallinnassa Viron vilkkaassa p\u00e4\u00e4kaupungissa. Nauti tilavien huoneidemme nykyiaikaisista palveluista sek\u00e4 upeista n\u00e4kymist\u00e4 kaupunkiin ja Suomenlahdelle. Mukavuutta ja my\u00f6s ty\u00f6skentely\u00e4 silm\u00e4ll\u00e4 pit\u00e4en suunnitelluissa huoneissa on kingsize-vuoteet, useita erilaisia tyynyj\u00e4, ergonomiset ty\u00f6tilat ja ylelliset P\u00fcrovelin kylpyhuonetuotteet. Hotellissamme on tietysti huonepalvelu, tilavat kylpyhuoneet ja ilmainen WiFi. Swiss\u00f4tel Tallinn on ovi tutkimusmatkoille t\u00e4h\u00e4n dynaamiseen kaupunkiin ja tekee matkastasi unohtumattoman.<\/span><\/p>\n","protected":false},"excerpt":{"rendered":"<p>Koe miten perinteet ja innovaatio yhdistyv\u00e4t saumattomasti Swiss\u00f4tel Tallinnassa Viron vilkkaassa p\u00e4\u00e4kaupungissa. Nauti tilavien huoneidemme nykyiaikaisista palveluista sek\u00e4 upeista n\u00e4kymist\u00e4 kaupunkiin ja Suomenlahdelle. Mukavuutta ja my\u00f6s ty\u00f6skentely\u00e4 silm\u00e4ll\u00e4 pit\u00e4en suunnitelluissa huoneissa on kingsize-vuoteet, useita erilaisia tyynyj\u00e4, ergonomiset ty\u00f6tilat ja ylelliset P\u00fcrovelin kylpyhuonetuotteet. Hotellissamme on tietysti huonepalvelu, tilavat kylpyhuoneet ja ilmainen WiFi. Swiss\u00f4tel Tallinn on ovi [&hellip;]<\/p>\n","protected":false},"author":98,"featured_media":0,"parent":0,"menu_order":2,"comment_status":"closed","ping_status":"closed","template":"template-rooms.php","meta":{"footnotes":""},"categories":[],"class_list":["post-655","page","type-page","status-publish","hentry"],"acf":[],"yoast_head":"<!-- This site is optimized with the Yoast SEO plugin v26.9 - https:\/\/yoast.com\/product\/yoast-seo-wordpress\/ -->\n<title>Koe henke\u00e4salpaavat n\u00e4kym\u00e4t Swiss\u00f4tel Tallinnassa<\/title>\n<meta name=\"description\" content=\"Viimeistele el\u00e4mys majoittumalla Swiss\u00f4tel Tallinnan huoneissa Viron eloisassa p\u00e4\u00e4kaupungissa. Nauti nykyaikaisista palveluista, upeista n\u00e4kymist\u00e4 kaupunkiin ja Suomenlahdelle sek\u00e4 tilavista huoneistamme, joissa on kingsize-vuoteet ja hemmottelevat mukavuudet.\" \/>\n<meta name=\"robots\" content=\"index, follow, max-snippet:-1, max-image-preview:large, max-video-preview:-1\" \/>\n<link rel=\"canonical\" href=\"https:\/\/www.swissoteltallinn.com\/fi\/rooms-suites\/\" \/>\n<meta property=\"og:locale\" content=\"fi_FI\" \/>\n<meta property=\"og:type\" content=\"article\" \/>\n<meta property=\"og:title\" content=\"Koe henke\u00e4salpaavat n\u00e4kym\u00e4t Swiss\u00f4tel Tallinnassa\" \/>\n<meta property=\"og:description\" content=\"Viimeistele el\u00e4mys majoittumalla Swiss\u00f4tel Tallinnan huoneissa Viron eloisassa p\u00e4\u00e4kaupungissa. Nauti nykyaikaisista palveluista, upeista n\u00e4kymist\u00e4 kaupunkiin ja Suomenlahdelle sek\u00e4 tilavista huoneistamme, joissa on kingsize-vuoteet ja hemmottelevat mukavuudet.\" \/>\n<meta property=\"og:url\" content=\"https:\/\/www.swissoteltallinn.com\/fi\/rooms-suites\/\" \/>\n<meta property=\"og:site_name\" content=\"Swissotel Tallinn\" \/>\n<meta property=\"article:publisher\" content=\"https:\/\/www.facebook.com\/SwissotelTallinn\" \/>\n<meta property=\"article:modified_time\" content=\"2024-11-17T15:57:25+00:00\" \/>\n<meta name=\"twitter:card\" content=\"summary_large_image\" \/>\n<meta name=\"twitter:label1\" content=\"Est. reading time\" \/>\n\t<meta name=\"twitter:data1\" content=\"1 minuutti\" \/>\n<script type=\"application\/ld+json\" class=\"yoast-schema-graph\">{\"@context\":\"https:\/\/schema.org\",\"@graph\":[{\"@type\":\"WebPage\",\"@id\":\"https:\/\/www.swissoteltallinn.com\/fi\/rooms-suites\/\",\"url\":\"https:\/\/www.swissoteltallinn.com\/fi\/rooms-suites\/\",\"name\":\"Koe henke\u00e4salpaavat n\u00e4kym\u00e4t Swiss\u00f4tel Tallinnassa\",\"isPartOf\":{\"@id\":\"https:\/\/www.swissoteltallinn.com\/#website\"},\"datePublished\":\"2024-05-24T13:51:41+00:00\",\"dateModified\":\"2024-11-17T15:57:25+00:00\",\"description\":\"Viimeistele el\u00e4mys majoittumalla Swiss\u00f4tel Tallinnan huoneissa Viron eloisassa p\u00e4\u00e4kaupungissa. Nauti nykyaikaisista palveluista, upeista n\u00e4kymist\u00e4 kaupunkiin ja Suomenlahdelle sek\u00e4 tilavista huoneistamme, joissa on kingsize-vuoteet ja hemmottelevat mukavuudet.\",\"breadcrumb\":{\"@id\":\"https:\/\/www.swissoteltallinn.com\/fi\/rooms-suites\/#breadcrumb\"},\"inLanguage\":\"fi\",\"potentialAction\":[{\"@type\":\"ReadAction\",\"target\":[\"https:\/\/www.swissoteltallinn.com\/fi\/rooms-suites\/\"]}]},{\"@type\":\"BreadcrumbList\",\"@id\":\"https:\/\/www.swissoteltallinn.com\/fi\/rooms-suites\/#breadcrumb\",\"itemListElement\":[{\"@type\":\"ListItem\",\"position\":1,\"name\":\"Home\",\"item\":\"https:\/\/www.swissoteltallinn.com\/fi\/\"},{\"@type\":\"ListItem\",\"position\":2,\"name\":\"HUONEET &amp; SVIITIT\"}]},{\"@type\":\"WebSite\",\"@id\":\"https:\/\/www.swissoteltallinn.com\/#website\",\"url\":\"https:\/\/www.swissoteltallinn.com\/\",\"name\":\"Swissotel Tallinn\",\"description\":\"\",\"publisher\":{\"@id\":\"https:\/\/www.swissoteltallinn.com\/#organization\"},\"potentialAction\":[{\"@type\":\"SearchAction\",\"target\":{\"@type\":\"EntryPoint\",\"urlTemplate\":\"https:\/\/www.swissoteltallinn.com\/?s={search_term_string}\"},\"query-input\":{\"@type\":\"PropertyValueSpecification\",\"valueRequired\":true,\"valueName\":\"search_term_string\"}}],\"inLanguage\":\"fi\"},{\"@type\":\"Organization\",\"@id\":\"https:\/\/www.swissoteltallinn.com\/#organization\",\"name\":\"Swissotel Tallinn\",\"url\":\"https:\/\/www.swissoteltallinn.com\/\",\"logo\":{\"@type\":\"ImageObject\",\"inLanguage\":\"fi\",\"@id\":\"https:\/\/www.swissoteltallinn.com\/#\/schema\/logo\/image\/\",\"url\":\"https:\/\/www.swissoteltallinn.com\/wp-content\/uploads\/sites\/107\/2024\/07\/Swissotel-Tallinn-logo.jpg\",\"contentUrl\":\"https:\/\/www.swissoteltallinn.com\/wp-content\/uploads\/sites\/107\/2024\/07\/Swissotel-Tallinn-logo.jpg\",\"width\":1800,\"height\":379,\"caption\":\"Swissotel Tallinn\"},\"image\":{\"@id\":\"https:\/\/www.swissoteltallinn.com\/#\/schema\/logo\/image\/\"},\"sameAs\":[\"https:\/\/www.facebook.com\/SwissotelTallinn\",\"https:\/\/ee.linkedin.com\/company\/swiss-tel-tallinn-estonia\",\"https:\/\/www.youtube.com\/channel\/UC-SFkHuVOioVnEI78gVBQrg\",\"https:\/\/www.instagram.com\/swissoteltallinn\/\"]}]}<\/script>\n<!-- \/ Yoast SEO plugin. -->","yoast_head_json":{"title":"Koe henke\u00e4salpaavat n\u00e4kym\u00e4t Swiss\u00f4tel Tallinnassa","description":"Viimeistele el\u00e4mys majoittumalla Swiss\u00f4tel Tallinnan huoneissa Viron eloisassa p\u00e4\u00e4kaupungissa. Nauti nykyaikaisista palveluista, upeista n\u00e4kymist\u00e4 kaupunkiin ja Suomenlahdelle sek\u00e4 tilavista huoneistamme, joissa on kingsize-vuoteet ja hemmottelevat mukavuudet.","robots":{"index":"index","follow":"follow","max-snippet":"max-snippet:-1","max-image-preview":"max-image-preview:large","max-video-preview":"max-video-preview:-1"},"canonical":"https:\/\/www.swissoteltallinn.com\/fi\/rooms-suites\/","og_locale":"fi_FI","og_type":"article","og_title":"Koe henke\u00e4salpaavat n\u00e4kym\u00e4t Swiss\u00f4tel Tallinnassa","og_description":"Viimeistele el\u00e4mys majoittumalla Swiss\u00f4tel Tallinnan huoneissa Viron eloisassa p\u00e4\u00e4kaupungissa. Nauti nykyaikaisista palveluista, upeista n\u00e4kymist\u00e4 kaupunkiin ja Suomenlahdelle sek\u00e4 tilavista huoneistamme, joissa on kingsize-vuoteet ja hemmottelevat mukavuudet.","og_url":"https:\/\/www.swissoteltallinn.com\/fi\/rooms-suites\/","og_site_name":"Swissotel Tallinn","article_publisher":"https:\/\/www.facebook.com\/SwissotelTallinn","article_modified_time":"2024-11-17T15:57:25+00:00","twitter_card":"summary_large_image","twitter_misc":{"Est. reading time":"1 minuutti"},"schema":{"@context":"https:\/\/schema.org","@graph":[{"@type":"WebPage","@id":"https:\/\/www.swissoteltallinn.com\/fi\/rooms-suites\/","url":"https:\/\/www.swissoteltallinn.com\/fi\/rooms-suites\/","name":"Koe henke\u00e4salpaavat n\u00e4kym\u00e4t Swiss\u00f4tel Tallinnassa","isPartOf":{"@id":"https:\/\/www.swissoteltallinn.com\/#website"},"datePublished":"2024-05-24T13:51:41+00:00","dateModified":"2024-11-17T15:57:25+00:00","description":"Viimeistele el\u00e4mys majoittumalla Swiss\u00f4tel Tallinnan huoneissa Viron eloisassa p\u00e4\u00e4kaupungissa. Nauti nykyaikaisista palveluista, upeista n\u00e4kymist\u00e4 kaupunkiin ja Suomenlahdelle sek\u00e4 tilavista huoneistamme, joissa on kingsize-vuoteet ja hemmottelevat mukavuudet.","breadcrumb":{"@id":"https:\/\/www.swissoteltallinn.com\/fi\/rooms-suites\/#breadcrumb"},"inLanguage":"fi","potentialAction":[{"@type":"ReadAction","target":["https:\/\/www.swissoteltallinn.com\/fi\/rooms-suites\/"]}]},{"@type":"BreadcrumbList","@id":"https:\/\/www.swissoteltallinn.com\/fi\/rooms-suites\/#breadcrumb","itemListElement":[{"@type":"ListItem","position":1,"name":"Home","item":"https:\/\/www.swissoteltallinn.com\/fi\/"},{"@type":"ListItem","position":2,"name":"HUONEET &amp; SVIITIT"}]},{"@type":"WebSite","@id":"https:\/\/www.swissoteltallinn.com\/#website","url":"https:\/\/www.swissoteltallinn.com\/","name":"Swissotel Tallinn","description":"","publisher":{"@id":"https:\/\/www.swissoteltallinn.com\/#organization"},"potentialAction":[{"@type":"SearchAction","target":{"@type":"EntryPoint","urlTemplate":"https:\/\/www.swissoteltallinn.com\/?s={search_term_string}"},"query-input":{"@type":"PropertyValueSpecification","valueRequired":true,"valueName":"search_term_string"}}],"inLanguage":"fi"},{"@type":"Organization","@id":"https:\/\/www.swissoteltallinn.com\/#organization","name":"Swissotel Tallinn","url":"https:\/\/www.swissoteltallinn.com\/","logo":{"@type":"ImageObject","inLanguage":"fi","@id":"https:\/\/www.swissoteltallinn.com\/#\/schema\/logo\/image\/","url":"https:\/\/www.swissoteltallinn.com\/wp-content\/uploads\/sites\/107\/2024\/07\/Swissotel-Tallinn-logo.jpg","contentUrl":"https:\/\/www.swissoteltallinn.com\/wp-content\/uploads\/sites\/107\/2024\/07\/Swissotel-Tallinn-logo.jpg","width":1800,"height":379,"caption":"Swissotel Tallinn"},"image":{"@id":"https:\/\/www.swissoteltallinn.com\/#\/schema\/logo\/image\/"},"sameAs":["https:\/\/www.facebook.com\/SwissotelTallinn","https:\/\/ee.linkedin.com\/company\/swiss-tel-tallinn-estonia","https:\/\/www.youtube.com\/channel\/UC-SFkHuVOioVnEI78gVBQrg","https:\/\/www.instagram.com\/swissoteltallinn\/"]}]}},"_links":{"self":[{"href":"https:\/\/www.swissoteltallinn.com\/fi\/wp-json\/wp\/v2\/pages\/655","targetHints":{"allow":["GET"]}}],"collection":[{"href":"https:\/\/www.swissoteltallinn.com\/fi\/wp-json\/wp\/v2\/pages"}],"about":[{"href":"https:\/\/www.swissoteltallinn.com\/fi\/wp-json\/wp\/v2\/types\/page"}],"author":[{"embeddable":true,"href":"https:\/\/www.swissoteltallinn.com\/fi\/wp-json\/wp\/v2\/users\/98"}],"replies":[{"embeddable":true,"href":"https:\/\/www.swissoteltallinn.com\/fi\/wp-json\/wp\/v2\/comments?post=655"}],"version-history":[{"count":0,"href":"https:\/\/www.swissoteltallinn.com\/fi\/wp-json\/wp\/v2\/pages\/655\/revisions"}],"wp:attachment":[{"href":"https:\/\/www.swissoteltallinn.com\/fi\/wp-json\/wp\/v2\/media?parent=655"}],"wp:term":[{"taxonomy":"category","embeddable":true,"href":"https:\/\/www.swissoteltallinn.com\/fi\/wp-json\/wp\/v2\/categories?post=655"}],"curies":[{"name":"wp","href":"https:\/\/api.w.org\/{rel}","templated":true}]}}