{"id":620,"date":"2024-06-05T14:38:15","date_gmt":"2024-06-05T14:38:15","guid":{"rendered":"https:\/\/swissotel-tallinn.accorv2prod.decms.eu\/swissotel-weddings\/"},"modified":"2024-11-14T13:11:20","modified_gmt":"2024-11-14T13:11:20","slug":"pulmapidu-swissotelis","status":"publish","type":"page","link":"https:\/\/www.swissoteltallinn.com\/et\/pulmapidu-swissotelis\/","title":{"rendered":"Pulmapidu Swiss\u00f4telis"},"content":{"rendered":"<p style=\"text-align: center;\"><span data-sheets-root=\"1\">Teie pulmap\u00e4ev on kordumatu, t\u00e4is erilisi hetki ja unustamatuid m\u00e4lestusi. Swiss\u00f4tel Tallinn teeb k\u00f5ik selleks, et teie unistuste pulmad saaksid teoks. Meie mitme otstarbega ruumid tagavad maagilise \u00f5hkkonna igasuguse \u00fcrituse jaoks, olenemata selle stiilist ja suurusest. Peakokk ja tema meeskond pakuvad kulinaariah\u00f5rgutisi teie eelistuste p\u00f5hjal. P\u00e4rast pidu saate nautida maagilisi vaateid ja luksuslikku majutust Swiss Executive-tubades.<\/span><\/p>\n","protected":false},"excerpt":{"rendered":"<p>Teie pulmap\u00e4ev on kordumatu, t\u00e4is erilisi hetki ja unustamatuid m\u00e4lestusi. Swiss\u00f4tel Tallinn teeb k\u00f5ik selleks, et teie unistuste pulmad saaksid teoks. Meie mitme otstarbega ruumid tagavad maagilise \u00f5hkkonna igasuguse \u00fcrituse jaoks, olenemata selle stiilist ja suurusest. Peakokk ja tema meeskond pakuvad kulinaariah\u00f5rgutisi teie eelistuste p\u00f5hjal. P\u00e4rast pidu saate nautida maagilisi vaateid ja luksuslikku majutust Swiss [&hellip;]<\/p>\n","protected":false},"author":98,"featured_media":0,"parent":0,"menu_order":6,"comment_status":"closed","ping_status":"closed","template":"template-wedding.php","meta":{"footnotes":""},"categories":[],"class_list":["post-620","page","type-page","status-publish","hentry"],"acf":[],"yoast_head":"<!-- This site is optimized with the Yoast SEO plugin v26.9 - https:\/\/yoast.com\/product\/yoast-seo-wordpress\/ -->\n<title>Unustamatu pulmapidu Swiss\u00f4tel Tallinnas<\/title>\n<meta name=\"description\" content=\"Korraldage oma unistuste pulm Swiss\u00f4tel Tallinnas. Universaalsed peoruumid, isikup\u00e4rastatud kulinaariah\u00f5rgutised ja luksuslik majutus.\" \/>\n<meta name=\"robots\" content=\"index, follow, max-snippet:-1, max-image-preview:large, max-video-preview:-1\" \/>\n<link rel=\"canonical\" href=\"https:\/\/www.swissoteltallinn.com\/et\/pulmapidu-swissotelis\/\" \/>\n<meta property=\"og:locale\" content=\"et_EE\" \/>\n<meta property=\"og:type\" content=\"article\" \/>\n<meta property=\"og:title\" content=\"Unustamatu pulmapidu Swiss\u00f4tel Tallinnas\" \/>\n<meta property=\"og:description\" content=\"Korraldage oma unistuste pulm Swiss\u00f4tel Tallinnas. Universaalsed peoruumid, isikup\u00e4rastatud kulinaariah\u00f5rgutised ja luksuslik majutus.\" \/>\n<meta property=\"og:url\" content=\"https:\/\/www.swissoteltallinn.com\/et\/pulmapidu-swissotelis\/\" \/>\n<meta property=\"og:site_name\" content=\"Swissotel Tallinn\" \/>\n<meta property=\"article:publisher\" content=\"https:\/\/www.facebook.com\/SwissotelTallinn\" \/>\n<meta property=\"article:modified_time\" content=\"2024-11-14T13:11:20+00:00\" \/>\n<meta name=\"twitter:card\" content=\"summary_large_image\" \/>\n<meta name=\"twitter:label1\" content=\"Est. reading time\" \/>\n\t<meta name=\"twitter:data1\" content=\"1 minut\" \/>\n<script type=\"application\/ld+json\" class=\"yoast-schema-graph\">{\"@context\":\"https:\/\/schema.org\",\"@graph\":[{\"@type\":\"WebPage\",\"@id\":\"https:\/\/www.swissoteltallinn.com\/et\/pulmapidu-swissotelis\/\",\"url\":\"https:\/\/www.swissoteltallinn.com\/et\/pulmapidu-swissotelis\/\",\"name\":\"Unustamatu pulmapidu Swiss\u00f4tel Tallinnas\",\"isPartOf\":{\"@id\":\"https:\/\/www.swissoteltallinn.com\/#website\"},\"datePublished\":\"2024-06-05T14:38:15+00:00\",\"dateModified\":\"2024-11-14T13:11:20+00:00\",\"description\":\"Korraldage oma unistuste pulm Swiss\u00f4tel Tallinnas. Universaalsed peoruumid, isikup\u00e4rastatud kulinaariah\u00f5rgutised ja luksuslik majutus.\",\"breadcrumb\":{\"@id\":\"https:\/\/www.swissoteltallinn.com\/et\/pulmapidu-swissotelis\/#breadcrumb\"},\"inLanguage\":\"et\",\"potentialAction\":[{\"@type\":\"ReadAction\",\"target\":[\"https:\/\/www.swissoteltallinn.com\/et\/pulmapidu-swissotelis\/\"]}]},{\"@type\":\"BreadcrumbList\",\"@id\":\"https:\/\/www.swissoteltallinn.com\/et\/pulmapidu-swissotelis\/#breadcrumb\",\"itemListElement\":[{\"@type\":\"ListItem\",\"position\":1,\"name\":\"Home\",\"item\":\"https:\/\/www.swissoteltallinn.com\/et\/\"},{\"@type\":\"ListItem\",\"position\":2,\"name\":\"Pulmapidu Swiss\u00f4telis\"}]},{\"@type\":\"WebSite\",\"@id\":\"https:\/\/www.swissoteltallinn.com\/#website\",\"url\":\"https:\/\/www.swissoteltallinn.com\/\",\"name\":\"Swissotel Tallinn\",\"description\":\"\",\"publisher\":{\"@id\":\"https:\/\/www.swissoteltallinn.com\/#organization\"},\"potentialAction\":[{\"@type\":\"SearchAction\",\"target\":{\"@type\":\"EntryPoint\",\"urlTemplate\":\"https:\/\/www.swissoteltallinn.com\/?s={search_term_string}\"},\"query-input\":{\"@type\":\"PropertyValueSpecification\",\"valueRequired\":true,\"valueName\":\"search_term_string\"}}],\"inLanguage\":\"et\"},{\"@type\":\"Organization\",\"@id\":\"https:\/\/www.swissoteltallinn.com\/#organization\",\"name\":\"Swissotel Tallinn\",\"url\":\"https:\/\/www.swissoteltallinn.com\/\",\"logo\":{\"@type\":\"ImageObject\",\"inLanguage\":\"et\",\"@id\":\"https:\/\/www.swissoteltallinn.com\/#\/schema\/logo\/image\/\",\"url\":\"https:\/\/www.swissoteltallinn.com\/wp-content\/uploads\/sites\/107\/2024\/07\/Swissotel-Tallinn-logo.jpg\",\"contentUrl\":\"https:\/\/www.swissoteltallinn.com\/wp-content\/uploads\/sites\/107\/2024\/07\/Swissotel-Tallinn-logo.jpg\",\"width\":1800,\"height\":379,\"caption\":\"Swissotel Tallinn\"},\"image\":{\"@id\":\"https:\/\/www.swissoteltallinn.com\/#\/schema\/logo\/image\/\"},\"sameAs\":[\"https:\/\/www.facebook.com\/SwissotelTallinn\",\"https:\/\/ee.linkedin.com\/company\/swiss-tel-tallinn-estonia\",\"https:\/\/www.youtube.com\/channel\/UC-SFkHuVOioVnEI78gVBQrg\",\"https:\/\/www.instagram.com\/swissoteltallinn\/\"]}]}<\/script>\n<!-- \/ Yoast SEO plugin. -->","yoast_head_json":{"title":"Unustamatu pulmapidu Swiss\u00f4tel Tallinnas","description":"Korraldage oma unistuste pulm Swiss\u00f4tel Tallinnas. Universaalsed peoruumid, isikup\u00e4rastatud kulinaariah\u00f5rgutised ja luksuslik majutus.","robots":{"index":"index","follow":"follow","max-snippet":"max-snippet:-1","max-image-preview":"max-image-preview:large","max-video-preview":"max-video-preview:-1"},"canonical":"https:\/\/www.swissoteltallinn.com\/et\/pulmapidu-swissotelis\/","og_locale":"et_EE","og_type":"article","og_title":"Unustamatu pulmapidu Swiss\u00f4tel Tallinnas","og_description":"Korraldage oma unistuste pulm Swiss\u00f4tel Tallinnas. Universaalsed peoruumid, isikup\u00e4rastatud kulinaariah\u00f5rgutised ja luksuslik majutus.","og_url":"https:\/\/www.swissoteltallinn.com\/et\/pulmapidu-swissotelis\/","og_site_name":"Swissotel Tallinn","article_publisher":"https:\/\/www.facebook.com\/SwissotelTallinn","article_modified_time":"2024-11-14T13:11:20+00:00","twitter_card":"summary_large_image","twitter_misc":{"Est. reading time":"1 minut"},"schema":{"@context":"https:\/\/schema.org","@graph":[{"@type":"WebPage","@id":"https:\/\/www.swissoteltallinn.com\/et\/pulmapidu-swissotelis\/","url":"https:\/\/www.swissoteltallinn.com\/et\/pulmapidu-swissotelis\/","name":"Unustamatu pulmapidu Swiss\u00f4tel Tallinnas","isPartOf":{"@id":"https:\/\/www.swissoteltallinn.com\/#website"},"datePublished":"2024-06-05T14:38:15+00:00","dateModified":"2024-11-14T13:11:20+00:00","description":"Korraldage oma unistuste pulm Swiss\u00f4tel Tallinnas. Universaalsed peoruumid, isikup\u00e4rastatud kulinaariah\u00f5rgutised ja luksuslik majutus.","breadcrumb":{"@id":"https:\/\/www.swissoteltallinn.com\/et\/pulmapidu-swissotelis\/#breadcrumb"},"inLanguage":"et","potentialAction":[{"@type":"ReadAction","target":["https:\/\/www.swissoteltallinn.com\/et\/pulmapidu-swissotelis\/"]}]},{"@type":"BreadcrumbList","@id":"https:\/\/www.swissoteltallinn.com\/et\/pulmapidu-swissotelis\/#breadcrumb","itemListElement":[{"@type":"ListItem","position":1,"name":"Home","item":"https:\/\/www.swissoteltallinn.com\/et\/"},{"@type":"ListItem","position":2,"name":"Pulmapidu Swiss\u00f4telis"}]},{"@type":"WebSite","@id":"https:\/\/www.swissoteltallinn.com\/#website","url":"https:\/\/www.swissoteltallinn.com\/","name":"Swissotel Tallinn","description":"","publisher":{"@id":"https:\/\/www.swissoteltallinn.com\/#organization"},"potentialAction":[{"@type":"SearchAction","target":{"@type":"EntryPoint","urlTemplate":"https:\/\/www.swissoteltallinn.com\/?s={search_term_string}"},"query-input":{"@type":"PropertyValueSpecification","valueRequired":true,"valueName":"search_term_string"}}],"inLanguage":"et"},{"@type":"Organization","@id":"https:\/\/www.swissoteltallinn.com\/#organization","name":"Swissotel Tallinn","url":"https:\/\/www.swissoteltallinn.com\/","logo":{"@type":"ImageObject","inLanguage":"et","@id":"https:\/\/www.swissoteltallinn.com\/#\/schema\/logo\/image\/","url":"https:\/\/www.swissoteltallinn.com\/wp-content\/uploads\/sites\/107\/2024\/07\/Swissotel-Tallinn-logo.jpg","contentUrl":"https:\/\/www.swissoteltallinn.com\/wp-content\/uploads\/sites\/107\/2024\/07\/Swissotel-Tallinn-logo.jpg","width":1800,"height":379,"caption":"Swissotel Tallinn"},"image":{"@id":"https:\/\/www.swissoteltallinn.com\/#\/schema\/logo\/image\/"},"sameAs":["https:\/\/www.facebook.com\/SwissotelTallinn","https:\/\/ee.linkedin.com\/company\/swiss-tel-tallinn-estonia","https:\/\/www.youtube.com\/channel\/UC-SFkHuVOioVnEI78gVBQrg","https:\/\/www.instagram.com\/swissoteltallinn\/"]}]}},"_links":{"self":[{"href":"https:\/\/www.swissoteltallinn.com\/et\/wp-json\/wp\/v2\/pages\/620","targetHints":{"allow":["GET"]}}],"collection":[{"href":"https:\/\/www.swissoteltallinn.com\/et\/wp-json\/wp\/v2\/pages"}],"about":[{"href":"https:\/\/www.swissoteltallinn.com\/et\/wp-json\/wp\/v2\/types\/page"}],"author":[{"embeddable":true,"href":"https:\/\/www.swissoteltallinn.com\/et\/wp-json\/wp\/v2\/users\/98"}],"replies":[{"embeddable":true,"href":"https:\/\/www.swissoteltallinn.com\/et\/wp-json\/wp\/v2\/comments?post=620"}],"version-history":[{"count":0,"href":"https:\/\/www.swissoteltallinn.com\/et\/wp-json\/wp\/v2\/pages\/620\/revisions"}],"wp:attachment":[{"href":"https:\/\/www.swissoteltallinn.com\/et\/wp-json\/wp\/v2\/media?parent=620"}],"wp:term":[{"taxonomy":"category","embeddable":true,"href":"https:\/\/www.swissoteltallinn.com\/et\/wp-json\/wp\/v2\/categories?post=620"}],"curies":[{"name":"wp","href":"https:\/\/api.w.org\/{rel}","templated":true}]}}