{"id":608,"date":"2024-05-30T11:55:35","date_gmt":"2024-05-30T11:55:35","guid":{"rendered":"https:\/\/swissotel-tallinn.accorv2prod.decms.eu\/purovel-spa-sport\/"},"modified":"2026-02-10T10:19:01","modified_gmt":"2026-02-10T10:19:01","slug":"purovel-spa-sport","status":"publish","type":"page","link":"https:\/\/www.swissoteltallinn.com\/et\/purovel-spa-sport\/","title":{"rendered":"P\u00dcROVEL SPA &amp; SPORT"},"content":{"rendered":"<p style=\"text-align: center\"><span data-sheets-root=\"1\">Avastage Swiss\u00f4tel Tallinnas asuv heaolu p\u00fchapaik P\u00fcrovel Spa &amp; Sport, mis pakub \u00fchtaegu traditsioonilist ja moodsat tervistavat puhkust. Linna s\u00fcdames asuvas l\u00f5\u00f5gastuskeskuses on muu hulgas tipptasemel j\u00f5usaal, sisebassein ja kosutavad saunad. Meie Alpidest inspireeritud hoolitsustes kasutavad tippterapeudid orgaanilisi koostisosi, mis tagavad t\u00e4ieliku l\u00f5\u00f5gastuse. Kogege luksust ja turgutage oma tervist P\u00fcrovel Spas.<\/span><\/p>\n<p>&nbsp;<\/p>\n","protected":false},"excerpt":{"rendered":"<p>Avastage Swiss\u00f4tel Tallinnas asuv heaolu p\u00fchapaik P\u00fcrovel Spa &amp; Sport, mis pakub \u00fchtaegu traditsioonilist ja moodsat tervistavat puhkust. Linna s\u00fcdames asuvas l\u00f5\u00f5gastuskeskuses on muu hulgas tipptasemel j\u00f5usaal, sisebassein ja kosutavad saunad. Meie Alpidest inspireeritud hoolitsustes kasutavad tippterapeudid orgaanilisi koostisosi, mis tagavad t\u00e4ieliku l\u00f5\u00f5gastuse. Kogege luksust ja turgutage oma tervist P\u00fcrovel Spas. &nbsp;<\/p>\n","protected":false},"author":98,"featured_media":0,"parent":0,"menu_order":4,"comment_status":"closed","ping_status":"closed","template":"template-spa.php","meta":{"footnotes":""},"categories":[],"class_list":["post-608","page","type-page","status-publish","hentry"],"acf":[],"yoast_head":"<!-- This site is optimized with the Yoast SEO plugin v26.9 - https:\/\/yoast.com\/product\/yoast-seo-wordpress\/ -->\n<title>Rahulolu oaas: P\u00fcrovel Spa &amp; Sport Swiss\u00f4tel Tallinnas<\/title>\n<meta name=\"description\" content=\"Swiss\u00f4tel Tallinnas asuv heaolu p\u00fchapaik P\u00fcrovel Spa &amp; Sport. Nautige Alpidest inspireeritud hoolitsusi ja tipptasemel tervistavaid h\u00fcvesid.\" \/>\n<meta name=\"robots\" content=\"index, follow, max-snippet:-1, max-image-preview:large, max-video-preview:-1\" \/>\n<link rel=\"canonical\" href=\"https:\/\/www.swissoteltallinn.com\/et\/purovel-spa-sport\/\" \/>\n<meta property=\"og:locale\" content=\"et_EE\" \/>\n<meta property=\"og:type\" content=\"article\" \/>\n<meta property=\"og:title\" content=\"Rahulolu oaas: P\u00fcrovel Spa &amp; Sport Swiss\u00f4tel Tallinnas\" \/>\n<meta property=\"og:description\" content=\"Swiss\u00f4tel Tallinnas asuv heaolu p\u00fchapaik P\u00fcrovel Spa &amp; Sport. Nautige Alpidest inspireeritud hoolitsusi ja tipptasemel tervistavaid h\u00fcvesid.\" \/>\n<meta property=\"og:url\" content=\"https:\/\/www.swissoteltallinn.com\/et\/purovel-spa-sport\/\" \/>\n<meta property=\"og:site_name\" content=\"Swissotel Tallinn\" \/>\n<meta property=\"article:publisher\" content=\"https:\/\/www.facebook.com\/SwissotelTallinn\" \/>\n<meta property=\"article:modified_time\" content=\"2026-02-10T10:19:01+00:00\" \/>\n<meta name=\"twitter:card\" content=\"summary_large_image\" \/>\n<meta name=\"twitter:label1\" content=\"Est. reading time\" \/>\n\t<meta name=\"twitter:data1\" content=\"1 minut\" \/>\n<script type=\"application\/ld+json\" class=\"yoast-schema-graph\">{\"@context\":\"https:\/\/schema.org\",\"@graph\":[{\"@type\":\"WebPage\",\"@id\":\"https:\/\/www.swissoteltallinn.com\/et\/purovel-spa-sport\/\",\"url\":\"https:\/\/www.swissoteltallinn.com\/et\/purovel-spa-sport\/\",\"name\":\"Rahulolu oaas: P\u00fcrovel Spa & Sport Swiss\u00f4tel Tallinnas\",\"isPartOf\":{\"@id\":\"https:\/\/www.swissoteltallinn.com\/#website\"},\"datePublished\":\"2024-05-30T11:55:35+00:00\",\"dateModified\":\"2026-02-10T10:19:01+00:00\",\"description\":\"Swiss\u00f4tel Tallinnas asuv heaolu p\u00fchapaik P\u00fcrovel Spa & Sport. Nautige Alpidest inspireeritud hoolitsusi ja tipptasemel tervistavaid h\u00fcvesid.\",\"breadcrumb\":{\"@id\":\"https:\/\/www.swissoteltallinn.com\/et\/purovel-spa-sport\/#breadcrumb\"},\"inLanguage\":\"et\",\"potentialAction\":[{\"@type\":\"ReadAction\",\"target\":[\"https:\/\/www.swissoteltallinn.com\/et\/purovel-spa-sport\/\"]}]},{\"@type\":\"BreadcrumbList\",\"@id\":\"https:\/\/www.swissoteltallinn.com\/et\/purovel-spa-sport\/#breadcrumb\",\"itemListElement\":[{\"@type\":\"ListItem\",\"position\":1,\"name\":\"Home\",\"item\":\"https:\/\/www.swissoteltallinn.com\/et\/\"},{\"@type\":\"ListItem\",\"position\":2,\"name\":\"P\u00dcROVEL SPA &amp; SPORT\"}]},{\"@type\":\"WebSite\",\"@id\":\"https:\/\/www.swissoteltallinn.com\/#website\",\"url\":\"https:\/\/www.swissoteltallinn.com\/\",\"name\":\"Swissotel Tallinn\",\"description\":\"\",\"publisher\":{\"@id\":\"https:\/\/www.swissoteltallinn.com\/#organization\"},\"potentialAction\":[{\"@type\":\"SearchAction\",\"target\":{\"@type\":\"EntryPoint\",\"urlTemplate\":\"https:\/\/www.swissoteltallinn.com\/?s={search_term_string}\"},\"query-input\":{\"@type\":\"PropertyValueSpecification\",\"valueRequired\":true,\"valueName\":\"search_term_string\"}}],\"inLanguage\":\"et\"},{\"@type\":\"Organization\",\"@id\":\"https:\/\/www.swissoteltallinn.com\/#organization\",\"name\":\"Swissotel Tallinn\",\"url\":\"https:\/\/www.swissoteltallinn.com\/\",\"logo\":{\"@type\":\"ImageObject\",\"inLanguage\":\"et\",\"@id\":\"https:\/\/www.swissoteltallinn.com\/#\/schema\/logo\/image\/\",\"url\":\"https:\/\/www.swissoteltallinn.com\/wp-content\/uploads\/sites\/107\/2024\/07\/Swissotel-Tallinn-logo.jpg\",\"contentUrl\":\"https:\/\/www.swissoteltallinn.com\/wp-content\/uploads\/sites\/107\/2024\/07\/Swissotel-Tallinn-logo.jpg\",\"width\":1800,\"height\":379,\"caption\":\"Swissotel Tallinn\"},\"image\":{\"@id\":\"https:\/\/www.swissoteltallinn.com\/#\/schema\/logo\/image\/\"},\"sameAs\":[\"https:\/\/www.facebook.com\/SwissotelTallinn\",\"https:\/\/ee.linkedin.com\/company\/swiss-tel-tallinn-estonia\",\"https:\/\/www.youtube.com\/channel\/UC-SFkHuVOioVnEI78gVBQrg\",\"https:\/\/www.instagram.com\/swissoteltallinn\/\"]}]}<\/script>\n<!-- \/ Yoast SEO plugin. -->","yoast_head_json":{"title":"Rahulolu oaas: P\u00fcrovel Spa & Sport Swiss\u00f4tel Tallinnas","description":"Swiss\u00f4tel Tallinnas asuv heaolu p\u00fchapaik P\u00fcrovel Spa & Sport. Nautige Alpidest inspireeritud hoolitsusi ja tipptasemel tervistavaid h\u00fcvesid.","robots":{"index":"index","follow":"follow","max-snippet":"max-snippet:-1","max-image-preview":"max-image-preview:large","max-video-preview":"max-video-preview:-1"},"canonical":"https:\/\/www.swissoteltallinn.com\/et\/purovel-spa-sport\/","og_locale":"et_EE","og_type":"article","og_title":"Rahulolu oaas: P\u00fcrovel Spa & Sport Swiss\u00f4tel Tallinnas","og_description":"Swiss\u00f4tel Tallinnas asuv heaolu p\u00fchapaik P\u00fcrovel Spa & Sport. Nautige Alpidest inspireeritud hoolitsusi ja tipptasemel tervistavaid h\u00fcvesid.","og_url":"https:\/\/www.swissoteltallinn.com\/et\/purovel-spa-sport\/","og_site_name":"Swissotel Tallinn","article_publisher":"https:\/\/www.facebook.com\/SwissotelTallinn","article_modified_time":"2026-02-10T10:19:01+00:00","twitter_card":"summary_large_image","twitter_misc":{"Est. reading time":"1 minut"},"schema":{"@context":"https:\/\/schema.org","@graph":[{"@type":"WebPage","@id":"https:\/\/www.swissoteltallinn.com\/et\/purovel-spa-sport\/","url":"https:\/\/www.swissoteltallinn.com\/et\/purovel-spa-sport\/","name":"Rahulolu oaas: P\u00fcrovel Spa & Sport Swiss\u00f4tel Tallinnas","isPartOf":{"@id":"https:\/\/www.swissoteltallinn.com\/#website"},"datePublished":"2024-05-30T11:55:35+00:00","dateModified":"2026-02-10T10:19:01+00:00","description":"Swiss\u00f4tel Tallinnas asuv heaolu p\u00fchapaik P\u00fcrovel Spa & Sport. Nautige Alpidest inspireeritud hoolitsusi ja tipptasemel tervistavaid h\u00fcvesid.","breadcrumb":{"@id":"https:\/\/www.swissoteltallinn.com\/et\/purovel-spa-sport\/#breadcrumb"},"inLanguage":"et","potentialAction":[{"@type":"ReadAction","target":["https:\/\/www.swissoteltallinn.com\/et\/purovel-spa-sport\/"]}]},{"@type":"BreadcrumbList","@id":"https:\/\/www.swissoteltallinn.com\/et\/purovel-spa-sport\/#breadcrumb","itemListElement":[{"@type":"ListItem","position":1,"name":"Home","item":"https:\/\/www.swissoteltallinn.com\/et\/"},{"@type":"ListItem","position":2,"name":"P\u00dcROVEL SPA &amp; SPORT"}]},{"@type":"WebSite","@id":"https:\/\/www.swissoteltallinn.com\/#website","url":"https:\/\/www.swissoteltallinn.com\/","name":"Swissotel Tallinn","description":"","publisher":{"@id":"https:\/\/www.swissoteltallinn.com\/#organization"},"potentialAction":[{"@type":"SearchAction","target":{"@type":"EntryPoint","urlTemplate":"https:\/\/www.swissoteltallinn.com\/?s={search_term_string}"},"query-input":{"@type":"PropertyValueSpecification","valueRequired":true,"valueName":"search_term_string"}}],"inLanguage":"et"},{"@type":"Organization","@id":"https:\/\/www.swissoteltallinn.com\/#organization","name":"Swissotel Tallinn","url":"https:\/\/www.swissoteltallinn.com\/","logo":{"@type":"ImageObject","inLanguage":"et","@id":"https:\/\/www.swissoteltallinn.com\/#\/schema\/logo\/image\/","url":"https:\/\/www.swissoteltallinn.com\/wp-content\/uploads\/sites\/107\/2024\/07\/Swissotel-Tallinn-logo.jpg","contentUrl":"https:\/\/www.swissoteltallinn.com\/wp-content\/uploads\/sites\/107\/2024\/07\/Swissotel-Tallinn-logo.jpg","width":1800,"height":379,"caption":"Swissotel Tallinn"},"image":{"@id":"https:\/\/www.swissoteltallinn.com\/#\/schema\/logo\/image\/"},"sameAs":["https:\/\/www.facebook.com\/SwissotelTallinn","https:\/\/ee.linkedin.com\/company\/swiss-tel-tallinn-estonia","https:\/\/www.youtube.com\/channel\/UC-SFkHuVOioVnEI78gVBQrg","https:\/\/www.instagram.com\/swissoteltallinn\/"]}]}},"_links":{"self":[{"href":"https:\/\/www.swissoteltallinn.com\/et\/wp-json\/wp\/v2\/pages\/608","targetHints":{"allow":["GET"]}}],"collection":[{"href":"https:\/\/www.swissoteltallinn.com\/et\/wp-json\/wp\/v2\/pages"}],"about":[{"href":"https:\/\/www.swissoteltallinn.com\/et\/wp-json\/wp\/v2\/types\/page"}],"author":[{"embeddable":true,"href":"https:\/\/www.swissoteltallinn.com\/et\/wp-json\/wp\/v2\/users\/98"}],"replies":[{"embeddable":true,"href":"https:\/\/www.swissoteltallinn.com\/et\/wp-json\/wp\/v2\/comments?post=608"}],"version-history":[{"count":0,"href":"https:\/\/www.swissoteltallinn.com\/et\/wp-json\/wp\/v2\/pages\/608\/revisions"}],"wp:attachment":[{"href":"https:\/\/www.swissoteltallinn.com\/et\/wp-json\/wp\/v2\/media?parent=608"}],"wp:term":[{"taxonomy":"category","embeddable":true,"href":"https:\/\/www.swissoteltallinn.com\/et\/wp-json\/wp\/v2\/categories?post=608"}],"curies":[{"name":"wp","href":"https:\/\/api.w.org\/{rel}","templated":true}]}}