{"id":604,"date":"2024-05-29T12:10:18","date_gmt":"2024-05-29T12:10:18","guid":{"rendered":"https:\/\/swissotel-tallinn.accorv2prod.decms.eu\/about-us\/"},"modified":"2026-02-10T10:18:09","modified_gmt":"2026-02-10T10:18:09","slug":"meie-lugu","status":"publish","type":"page","link":"https:\/\/www.swissoteltallinn.com\/et\/meie-lugu\/","title":{"rendered":"Meie lugu"},"content":{"rendered":"<p style=\"text-align: center\"><span data-sheets-root=\"1\">Swiss\u00f4tel Tallinn kutsub teid kogema luksuslikku mugavust ja keskkonnateadlikku eluviisi Eesti lummava pealinna s\u00fcdames. Meie hotell, mis asub linna k\u00f5rgeimas hoones, pakub peale hunnitute vaadete laitmatut k\u00fclalislahkust, mida saadab p\u00fchendumus keskkonnahoiu p\u00f5him\u00f5tete j\u00e4rgimisele. <\/span><\/p>\n<p style=\"text-align: center\"><span data-sheets-root=\"1\">Alates hetkest, mil astute meie stiilselt sisustatud fuajeesse, saate osa maailmast, kus iga detail on loodud selleks, et tagada teile \u00fclim mugavus, austades \u00fchtlasi meie planeeti.<\/span><\/p>\n<p>&nbsp;<\/p>\n","protected":false},"excerpt":{"rendered":"<p>Swiss\u00f4tel Tallinn kutsub teid kogema luksuslikku mugavust ja keskkonnateadlikku eluviisi Eesti lummava pealinna s\u00fcdames. Meie hotell, mis asub linna k\u00f5rgeimas hoones, pakub peale hunnitute vaadete laitmatut k\u00fclalislahkust, mida saadab p\u00fchendumus keskkonnahoiu p\u00f5him\u00f5tete j\u00e4rgimisele. Alates hetkest, mil astute meie stiilselt sisustatud fuajeesse, saate osa maailmast, kus iga detail on loodud selleks, et tagada teile \u00fclim mugavus, [&hellip;]<\/p>\n","protected":false},"author":98,"featured_media":0,"parent":0,"menu_order":1,"comment_status":"closed","ping_status":"closed","template":"","meta":{"footnotes":""},"categories":[],"class_list":["post-604","page","type-page","status-publish","hentry"],"acf":[],"yoast_head":"<!-- This site is optimized with the Yoast SEO plugin v26.9 - https:\/\/yoast.com\/product\/yoast-seo-wordpress\/ -->\n<title>Keskkonnahoidlik luksus ja vaimustavad vaated Swiss\u00f4tel Tallinnas<\/title>\n<meta name=\"description\" content=\"Kogege luksuslikku ja keskkonnateadlikku majutust Swiss\u00f4tel Tallinnas, mis asub Eesti k\u00f5rgeimas hoones. Nautige v\u00f5rratuid vaateid ja v\u00e4\u00e4rtustage p\u00fchendumist keskkonnahoiule.\" \/>\n<meta name=\"robots\" content=\"index, follow, max-snippet:-1, max-image-preview:large, max-video-preview:-1\" \/>\n<link rel=\"canonical\" href=\"https:\/\/www.swissoteltallinn.com\/et\/meie-lugu\/\" \/>\n<meta property=\"og:locale\" content=\"et_EE\" \/>\n<meta property=\"og:type\" content=\"article\" \/>\n<meta property=\"og:title\" content=\"Keskkonnahoidlik luksus ja vaimustavad vaated Swiss\u00f4tel Tallinnas\" \/>\n<meta property=\"og:description\" content=\"Kogege luksuslikku ja keskkonnateadlikku majutust Swiss\u00f4tel Tallinnas, mis asub Eesti k\u00f5rgeimas hoones. Nautige v\u00f5rratuid vaateid ja v\u00e4\u00e4rtustage p\u00fchendumist keskkonnahoiule.\" \/>\n<meta property=\"og:url\" content=\"https:\/\/www.swissoteltallinn.com\/et\/meie-lugu\/\" \/>\n<meta property=\"og:site_name\" content=\"Swissotel Tallinn\" \/>\n<meta property=\"article:publisher\" content=\"https:\/\/www.facebook.com\/SwissotelTallinn\" \/>\n<meta property=\"article:modified_time\" content=\"2026-02-10T10:18:09+00:00\" \/>\n<meta name=\"twitter:card\" content=\"summary_large_image\" \/>\n<meta name=\"twitter:label1\" content=\"Est. reading time\" \/>\n\t<meta name=\"twitter:data1\" content=\"1 minut\" \/>\n<script type=\"application\/ld+json\" class=\"yoast-schema-graph\">{\"@context\":\"https:\/\/schema.org\",\"@graph\":[{\"@type\":\"WebPage\",\"@id\":\"https:\/\/www.swissoteltallinn.com\/et\/meie-lugu\/\",\"url\":\"https:\/\/www.swissoteltallinn.com\/et\/meie-lugu\/\",\"name\":\"Keskkonnahoidlik luksus ja vaimustavad vaated Swiss\u00f4tel Tallinnas\",\"isPartOf\":{\"@id\":\"https:\/\/www.swissoteltallinn.com\/#website\"},\"datePublished\":\"2024-05-29T12:10:18+00:00\",\"dateModified\":\"2026-02-10T10:18:09+00:00\",\"description\":\"Kogege luksuslikku ja keskkonnateadlikku majutust Swiss\u00f4tel Tallinnas, mis asub Eesti k\u00f5rgeimas hoones. Nautige v\u00f5rratuid vaateid ja v\u00e4\u00e4rtustage p\u00fchendumist keskkonnahoiule.\",\"breadcrumb\":{\"@id\":\"https:\/\/www.swissoteltallinn.com\/et\/meie-lugu\/#breadcrumb\"},\"inLanguage\":\"et\",\"potentialAction\":[{\"@type\":\"ReadAction\",\"target\":[\"https:\/\/www.swissoteltallinn.com\/et\/meie-lugu\/\"]}]},{\"@type\":\"BreadcrumbList\",\"@id\":\"https:\/\/www.swissoteltallinn.com\/et\/meie-lugu\/#breadcrumb\",\"itemListElement\":[{\"@type\":\"ListItem\",\"position\":1,\"name\":\"Home\",\"item\":\"https:\/\/www.swissoteltallinn.com\/et\/\"},{\"@type\":\"ListItem\",\"position\":2,\"name\":\"Meie lugu\"}]},{\"@type\":\"WebSite\",\"@id\":\"https:\/\/www.swissoteltallinn.com\/#website\",\"url\":\"https:\/\/www.swissoteltallinn.com\/\",\"name\":\"Swissotel Tallinn\",\"description\":\"\",\"publisher\":{\"@id\":\"https:\/\/www.swissoteltallinn.com\/#organization\"},\"potentialAction\":[{\"@type\":\"SearchAction\",\"target\":{\"@type\":\"EntryPoint\",\"urlTemplate\":\"https:\/\/www.swissoteltallinn.com\/?s={search_term_string}\"},\"query-input\":{\"@type\":\"PropertyValueSpecification\",\"valueRequired\":true,\"valueName\":\"search_term_string\"}}],\"inLanguage\":\"et\"},{\"@type\":\"Organization\",\"@id\":\"https:\/\/www.swissoteltallinn.com\/#organization\",\"name\":\"Swissotel Tallinn\",\"url\":\"https:\/\/www.swissoteltallinn.com\/\",\"logo\":{\"@type\":\"ImageObject\",\"inLanguage\":\"et\",\"@id\":\"https:\/\/www.swissoteltallinn.com\/#\/schema\/logo\/image\/\",\"url\":\"https:\/\/www.swissoteltallinn.com\/wp-content\/uploads\/sites\/107\/2024\/07\/Swissotel-Tallinn-logo.jpg\",\"contentUrl\":\"https:\/\/www.swissoteltallinn.com\/wp-content\/uploads\/sites\/107\/2024\/07\/Swissotel-Tallinn-logo.jpg\",\"width\":1800,\"height\":379,\"caption\":\"Swissotel Tallinn\"},\"image\":{\"@id\":\"https:\/\/www.swissoteltallinn.com\/#\/schema\/logo\/image\/\"},\"sameAs\":[\"https:\/\/www.facebook.com\/SwissotelTallinn\",\"https:\/\/ee.linkedin.com\/company\/swiss-tel-tallinn-estonia\",\"https:\/\/www.youtube.com\/channel\/UC-SFkHuVOioVnEI78gVBQrg\",\"https:\/\/www.instagram.com\/swissoteltallinn\/\"]}]}<\/script>\n<!-- \/ Yoast SEO plugin. -->","yoast_head_json":{"title":"Keskkonnahoidlik luksus ja vaimustavad vaated Swiss\u00f4tel Tallinnas","description":"Kogege luksuslikku ja keskkonnateadlikku majutust Swiss\u00f4tel Tallinnas, mis asub Eesti k\u00f5rgeimas hoones. Nautige v\u00f5rratuid vaateid ja v\u00e4\u00e4rtustage p\u00fchendumist keskkonnahoiule.","robots":{"index":"index","follow":"follow","max-snippet":"max-snippet:-1","max-image-preview":"max-image-preview:large","max-video-preview":"max-video-preview:-1"},"canonical":"https:\/\/www.swissoteltallinn.com\/et\/meie-lugu\/","og_locale":"et_EE","og_type":"article","og_title":"Keskkonnahoidlik luksus ja vaimustavad vaated Swiss\u00f4tel Tallinnas","og_description":"Kogege luksuslikku ja keskkonnateadlikku majutust Swiss\u00f4tel Tallinnas, mis asub Eesti k\u00f5rgeimas hoones. Nautige v\u00f5rratuid vaateid ja v\u00e4\u00e4rtustage p\u00fchendumist keskkonnahoiule.","og_url":"https:\/\/www.swissoteltallinn.com\/et\/meie-lugu\/","og_site_name":"Swissotel Tallinn","article_publisher":"https:\/\/www.facebook.com\/SwissotelTallinn","article_modified_time":"2026-02-10T10:18:09+00:00","twitter_card":"summary_large_image","twitter_misc":{"Est. reading time":"1 minut"},"schema":{"@context":"https:\/\/schema.org","@graph":[{"@type":"WebPage","@id":"https:\/\/www.swissoteltallinn.com\/et\/meie-lugu\/","url":"https:\/\/www.swissoteltallinn.com\/et\/meie-lugu\/","name":"Keskkonnahoidlik luksus ja vaimustavad vaated Swiss\u00f4tel Tallinnas","isPartOf":{"@id":"https:\/\/www.swissoteltallinn.com\/#website"},"datePublished":"2024-05-29T12:10:18+00:00","dateModified":"2026-02-10T10:18:09+00:00","description":"Kogege luksuslikku ja keskkonnateadlikku majutust Swiss\u00f4tel Tallinnas, mis asub Eesti k\u00f5rgeimas hoones. Nautige v\u00f5rratuid vaateid ja v\u00e4\u00e4rtustage p\u00fchendumist keskkonnahoiule.","breadcrumb":{"@id":"https:\/\/www.swissoteltallinn.com\/et\/meie-lugu\/#breadcrumb"},"inLanguage":"et","potentialAction":[{"@type":"ReadAction","target":["https:\/\/www.swissoteltallinn.com\/et\/meie-lugu\/"]}]},{"@type":"BreadcrumbList","@id":"https:\/\/www.swissoteltallinn.com\/et\/meie-lugu\/#breadcrumb","itemListElement":[{"@type":"ListItem","position":1,"name":"Home","item":"https:\/\/www.swissoteltallinn.com\/et\/"},{"@type":"ListItem","position":2,"name":"Meie lugu"}]},{"@type":"WebSite","@id":"https:\/\/www.swissoteltallinn.com\/#website","url":"https:\/\/www.swissoteltallinn.com\/","name":"Swissotel Tallinn","description":"","publisher":{"@id":"https:\/\/www.swissoteltallinn.com\/#organization"},"potentialAction":[{"@type":"SearchAction","target":{"@type":"EntryPoint","urlTemplate":"https:\/\/www.swissoteltallinn.com\/?s={search_term_string}"},"query-input":{"@type":"PropertyValueSpecification","valueRequired":true,"valueName":"search_term_string"}}],"inLanguage":"et"},{"@type":"Organization","@id":"https:\/\/www.swissoteltallinn.com\/#organization","name":"Swissotel Tallinn","url":"https:\/\/www.swissoteltallinn.com\/","logo":{"@type":"ImageObject","inLanguage":"et","@id":"https:\/\/www.swissoteltallinn.com\/#\/schema\/logo\/image\/","url":"https:\/\/www.swissoteltallinn.com\/wp-content\/uploads\/sites\/107\/2024\/07\/Swissotel-Tallinn-logo.jpg","contentUrl":"https:\/\/www.swissoteltallinn.com\/wp-content\/uploads\/sites\/107\/2024\/07\/Swissotel-Tallinn-logo.jpg","width":1800,"height":379,"caption":"Swissotel Tallinn"},"image":{"@id":"https:\/\/www.swissoteltallinn.com\/#\/schema\/logo\/image\/"},"sameAs":["https:\/\/www.facebook.com\/SwissotelTallinn","https:\/\/ee.linkedin.com\/company\/swiss-tel-tallinn-estonia","https:\/\/www.youtube.com\/channel\/UC-SFkHuVOioVnEI78gVBQrg","https:\/\/www.instagram.com\/swissoteltallinn\/"]}]}},"_links":{"self":[{"href":"https:\/\/www.swissoteltallinn.com\/et\/wp-json\/wp\/v2\/pages\/604","targetHints":{"allow":["GET"]}}],"collection":[{"href":"https:\/\/www.swissoteltallinn.com\/et\/wp-json\/wp\/v2\/pages"}],"about":[{"href":"https:\/\/www.swissoteltallinn.com\/et\/wp-json\/wp\/v2\/types\/page"}],"author":[{"embeddable":true,"href":"https:\/\/www.swissoteltallinn.com\/et\/wp-json\/wp\/v2\/users\/98"}],"replies":[{"embeddable":true,"href":"https:\/\/www.swissoteltallinn.com\/et\/wp-json\/wp\/v2\/comments?post=604"}],"version-history":[{"count":0,"href":"https:\/\/www.swissoteltallinn.com\/et\/wp-json\/wp\/v2\/pages\/604\/revisions"}],"wp:attachment":[{"href":"https:\/\/www.swissoteltallinn.com\/et\/wp-json\/wp\/v2\/media?parent=604"}],"wp:term":[{"taxonomy":"category","embeddable":true,"href":"https:\/\/www.swissoteltallinn.com\/et\/wp-json\/wp\/v2\/categories?post=604"}],"curies":[{"name":"wp","href":"https:\/\/api.w.org\/{rel}","templated":true}]}}