{"id":594,"date":"2024-10-08T09:01:06","date_gmt":"2024-10-08T09:01:06","guid":{"rendered":"https:\/\/swissotel-tallinn.accorv2prod.decms.eu\/things-to-do-in-tallinn\/"},"modified":"2024-11-14T10:39:58","modified_gmt":"2024-11-14T10:39:58","slug":"mida-tallinnas-teha","status":"publish","type":"page","link":"https:\/\/www.swissoteltallinn.com\/et\/mida-tallinnas-teha\/","title":{"rendered":"Mida Tallinnas teha?"},"content":{"rendered":"<p style=\"text-align: center;\"><span data-sheets-root=\"1\">Tutvuge Eesti v\u00f5luva pealinna Tallinnaga meie parimate soovituste nimekirja abil. Tallinn pakub p\u00f5nevat ajaloo, looduse ja pulbitseva linnamelu kooslust alates kaunist keskaegsest vanalinnast kuni moodsate kultuurikeskusteni. Siin leidub iga\u00fchele midagi, olenemata sellest, kas avastate linna muuseume, naudite erakordseid roogi v\u00f5i jalutate maalilise mere \u00e4\u00e4res. Alustage planeerimist meie koostatud nimekirjast. See sisaldab p\u00f5nevaimaid vaatamisv\u00e4\u00e4rsusi ja elamusi, mis teevad puhkuse Swiss\u00f4tel Tallinnas unustamatuks.<\/span><\/p>\n","protected":false},"excerpt":{"rendered":"<p>Tutvuge Eesti v\u00f5luva pealinna Tallinnaga meie parimate soovituste nimekirja abil. Tallinn pakub p\u00f5nevat ajaloo, looduse ja pulbitseva linnamelu kooslust alates kaunist keskaegsest vanalinnast kuni moodsate kultuurikeskusteni. Siin leidub iga\u00fchele midagi, olenemata sellest, kas avastate linna muuseume, naudite erakordseid roogi v\u00f5i jalutate maalilise mere \u00e4\u00e4res. Alustage planeerimist meie koostatud nimekirjast. See sisaldab p\u00f5nevaimaid vaatamisv\u00e4\u00e4rsusi ja elamusi, [&hellip;]<\/p>\n","protected":false},"author":98,"featured_media":0,"parent":0,"menu_order":8,"comment_status":"closed","ping_status":"closed","template":"template-things-to-do.php","meta":{"footnotes":""},"categories":[],"class_list":["post-594","page","type-page","status-publish","hentry"],"acf":[],"yoast_head":"<!-- This site is optimized with the Yoast SEO plugin v26.9 - https:\/\/yoast.com\/product\/yoast-seo-wordpress\/ -->\n<title>Mida Tallinnas teha? Swiss\u00f4tel Tallinna soovitatud vaatamisv\u00e4\u00e4rsused ja elamused<\/title>\n<meta name=\"description\" content=\"Avastage Tallinna parimaid elamusi, vaatamisv\u00e4\u00e4rsusi ja turismimagneteid meie soovituste abil. Tutvuge keskaja ajalooga, l\u00f5\u00f5gastuge iglusaunas jpm.\" \/>\n<meta name=\"robots\" content=\"index, follow, max-snippet:-1, max-image-preview:large, max-video-preview:-1\" \/>\n<link rel=\"canonical\" href=\"https:\/\/www.swissoteltallinn.com\/et\/mida-tallinnas-teha\/\" \/>\n<meta property=\"og:locale\" content=\"et_EE\" \/>\n<meta property=\"og:type\" content=\"article\" \/>\n<meta property=\"og:title\" content=\"Mida Tallinnas teha? Swiss\u00f4tel Tallinna soovitatud vaatamisv\u00e4\u00e4rsused ja elamused\" \/>\n<meta property=\"og:description\" content=\"Avastage Tallinna parimaid elamusi, vaatamisv\u00e4\u00e4rsusi ja turismimagneteid meie soovituste abil. Tutvuge keskaja ajalooga, l\u00f5\u00f5gastuge iglusaunas jpm.\" \/>\n<meta property=\"og:url\" content=\"https:\/\/www.swissoteltallinn.com\/et\/mida-tallinnas-teha\/\" \/>\n<meta property=\"og:site_name\" content=\"Swissotel Tallinn\" \/>\n<meta property=\"article:publisher\" content=\"https:\/\/www.facebook.com\/SwissotelTallinn\" \/>\n<meta property=\"article:modified_time\" content=\"2024-11-14T10:39:58+00:00\" \/>\n<meta name=\"twitter:card\" content=\"summary_large_image\" \/>\n<meta name=\"twitter:label1\" content=\"Est. reading time\" \/>\n\t<meta name=\"twitter:data1\" content=\"1 minut\" \/>\n<script type=\"application\/ld+json\" class=\"yoast-schema-graph\">{\"@context\":\"https:\/\/schema.org\",\"@graph\":[{\"@type\":\"WebPage\",\"@id\":\"https:\/\/www.swissoteltallinn.com\/et\/mida-tallinnas-teha\/\",\"url\":\"https:\/\/www.swissoteltallinn.com\/et\/mida-tallinnas-teha\/\",\"name\":\"Mida Tallinnas teha? Swiss\u00f4tel Tallinna soovitatud vaatamisv\u00e4\u00e4rsused ja elamused\",\"isPartOf\":{\"@id\":\"https:\/\/www.swissoteltallinn.com\/#website\"},\"datePublished\":\"2024-10-08T09:01:06+00:00\",\"dateModified\":\"2024-11-14T10:39:58+00:00\",\"description\":\"Avastage Tallinna parimaid elamusi, vaatamisv\u00e4\u00e4rsusi ja turismimagneteid meie soovituste abil. Tutvuge keskaja ajalooga, l\u00f5\u00f5gastuge iglusaunas jpm.\",\"breadcrumb\":{\"@id\":\"https:\/\/www.swissoteltallinn.com\/et\/mida-tallinnas-teha\/#breadcrumb\"},\"inLanguage\":\"et\",\"potentialAction\":[{\"@type\":\"ReadAction\",\"target\":[\"https:\/\/www.swissoteltallinn.com\/et\/mida-tallinnas-teha\/\"]}]},{\"@type\":\"BreadcrumbList\",\"@id\":\"https:\/\/www.swissoteltallinn.com\/et\/mida-tallinnas-teha\/#breadcrumb\",\"itemListElement\":[{\"@type\":\"ListItem\",\"position\":1,\"name\":\"Home\",\"item\":\"https:\/\/www.swissoteltallinn.com\/et\/\"},{\"@type\":\"ListItem\",\"position\":2,\"name\":\"Mida Tallinnas teha?\"}]},{\"@type\":\"WebSite\",\"@id\":\"https:\/\/www.swissoteltallinn.com\/#website\",\"url\":\"https:\/\/www.swissoteltallinn.com\/\",\"name\":\"Swissotel Tallinn\",\"description\":\"\",\"publisher\":{\"@id\":\"https:\/\/www.swissoteltallinn.com\/#organization\"},\"potentialAction\":[{\"@type\":\"SearchAction\",\"target\":{\"@type\":\"EntryPoint\",\"urlTemplate\":\"https:\/\/www.swissoteltallinn.com\/?s={search_term_string}\"},\"query-input\":{\"@type\":\"PropertyValueSpecification\",\"valueRequired\":true,\"valueName\":\"search_term_string\"}}],\"inLanguage\":\"et\"},{\"@type\":\"Organization\",\"@id\":\"https:\/\/www.swissoteltallinn.com\/#organization\",\"name\":\"Swissotel Tallinn\",\"url\":\"https:\/\/www.swissoteltallinn.com\/\",\"logo\":{\"@type\":\"ImageObject\",\"inLanguage\":\"et\",\"@id\":\"https:\/\/www.swissoteltallinn.com\/#\/schema\/logo\/image\/\",\"url\":\"https:\/\/www.swissoteltallinn.com\/wp-content\/uploads\/sites\/107\/2024\/07\/Swissotel-Tallinn-logo.jpg\",\"contentUrl\":\"https:\/\/www.swissoteltallinn.com\/wp-content\/uploads\/sites\/107\/2024\/07\/Swissotel-Tallinn-logo.jpg\",\"width\":1800,\"height\":379,\"caption\":\"Swissotel Tallinn\"},\"image\":{\"@id\":\"https:\/\/www.swissoteltallinn.com\/#\/schema\/logo\/image\/\"},\"sameAs\":[\"https:\/\/www.facebook.com\/SwissotelTallinn\",\"https:\/\/ee.linkedin.com\/company\/swiss-tel-tallinn-estonia\",\"https:\/\/www.youtube.com\/channel\/UC-SFkHuVOioVnEI78gVBQrg\",\"https:\/\/www.instagram.com\/swissoteltallinn\/\"]}]}<\/script>\n<!-- \/ Yoast SEO plugin. -->","yoast_head_json":{"title":"Mida Tallinnas teha? Swiss\u00f4tel Tallinna soovitatud vaatamisv\u00e4\u00e4rsused ja elamused","description":"Avastage Tallinna parimaid elamusi, vaatamisv\u00e4\u00e4rsusi ja turismimagneteid meie soovituste abil. Tutvuge keskaja ajalooga, l\u00f5\u00f5gastuge iglusaunas jpm.","robots":{"index":"index","follow":"follow","max-snippet":"max-snippet:-1","max-image-preview":"max-image-preview:large","max-video-preview":"max-video-preview:-1"},"canonical":"https:\/\/www.swissoteltallinn.com\/et\/mida-tallinnas-teha\/","og_locale":"et_EE","og_type":"article","og_title":"Mida Tallinnas teha? Swiss\u00f4tel Tallinna soovitatud vaatamisv\u00e4\u00e4rsused ja elamused","og_description":"Avastage Tallinna parimaid elamusi, vaatamisv\u00e4\u00e4rsusi ja turismimagneteid meie soovituste abil. Tutvuge keskaja ajalooga, l\u00f5\u00f5gastuge iglusaunas jpm.","og_url":"https:\/\/www.swissoteltallinn.com\/et\/mida-tallinnas-teha\/","og_site_name":"Swissotel Tallinn","article_publisher":"https:\/\/www.facebook.com\/SwissotelTallinn","article_modified_time":"2024-11-14T10:39:58+00:00","twitter_card":"summary_large_image","twitter_misc":{"Est. reading time":"1 minut"},"schema":{"@context":"https:\/\/schema.org","@graph":[{"@type":"WebPage","@id":"https:\/\/www.swissoteltallinn.com\/et\/mida-tallinnas-teha\/","url":"https:\/\/www.swissoteltallinn.com\/et\/mida-tallinnas-teha\/","name":"Mida Tallinnas teha? Swiss\u00f4tel Tallinna soovitatud vaatamisv\u00e4\u00e4rsused ja elamused","isPartOf":{"@id":"https:\/\/www.swissoteltallinn.com\/#website"},"datePublished":"2024-10-08T09:01:06+00:00","dateModified":"2024-11-14T10:39:58+00:00","description":"Avastage Tallinna parimaid elamusi, vaatamisv\u00e4\u00e4rsusi ja turismimagneteid meie soovituste abil. Tutvuge keskaja ajalooga, l\u00f5\u00f5gastuge iglusaunas jpm.","breadcrumb":{"@id":"https:\/\/www.swissoteltallinn.com\/et\/mida-tallinnas-teha\/#breadcrumb"},"inLanguage":"et","potentialAction":[{"@type":"ReadAction","target":["https:\/\/www.swissoteltallinn.com\/et\/mida-tallinnas-teha\/"]}]},{"@type":"BreadcrumbList","@id":"https:\/\/www.swissoteltallinn.com\/et\/mida-tallinnas-teha\/#breadcrumb","itemListElement":[{"@type":"ListItem","position":1,"name":"Home","item":"https:\/\/www.swissoteltallinn.com\/et\/"},{"@type":"ListItem","position":2,"name":"Mida Tallinnas teha?"}]},{"@type":"WebSite","@id":"https:\/\/www.swissoteltallinn.com\/#website","url":"https:\/\/www.swissoteltallinn.com\/","name":"Swissotel Tallinn","description":"","publisher":{"@id":"https:\/\/www.swissoteltallinn.com\/#organization"},"potentialAction":[{"@type":"SearchAction","target":{"@type":"EntryPoint","urlTemplate":"https:\/\/www.swissoteltallinn.com\/?s={search_term_string}"},"query-input":{"@type":"PropertyValueSpecification","valueRequired":true,"valueName":"search_term_string"}}],"inLanguage":"et"},{"@type":"Organization","@id":"https:\/\/www.swissoteltallinn.com\/#organization","name":"Swissotel Tallinn","url":"https:\/\/www.swissoteltallinn.com\/","logo":{"@type":"ImageObject","inLanguage":"et","@id":"https:\/\/www.swissoteltallinn.com\/#\/schema\/logo\/image\/","url":"https:\/\/www.swissoteltallinn.com\/wp-content\/uploads\/sites\/107\/2024\/07\/Swissotel-Tallinn-logo.jpg","contentUrl":"https:\/\/www.swissoteltallinn.com\/wp-content\/uploads\/sites\/107\/2024\/07\/Swissotel-Tallinn-logo.jpg","width":1800,"height":379,"caption":"Swissotel Tallinn"},"image":{"@id":"https:\/\/www.swissoteltallinn.com\/#\/schema\/logo\/image\/"},"sameAs":["https:\/\/www.facebook.com\/SwissotelTallinn","https:\/\/ee.linkedin.com\/company\/swiss-tel-tallinn-estonia","https:\/\/www.youtube.com\/channel\/UC-SFkHuVOioVnEI78gVBQrg","https:\/\/www.instagram.com\/swissoteltallinn\/"]}]}},"_links":{"self":[{"href":"https:\/\/www.swissoteltallinn.com\/et\/wp-json\/wp\/v2\/pages\/594","targetHints":{"allow":["GET"]}}],"collection":[{"href":"https:\/\/www.swissoteltallinn.com\/et\/wp-json\/wp\/v2\/pages"}],"about":[{"href":"https:\/\/www.swissoteltallinn.com\/et\/wp-json\/wp\/v2\/types\/page"}],"author":[{"embeddable":true,"href":"https:\/\/www.swissoteltallinn.com\/et\/wp-json\/wp\/v2\/users\/98"}],"replies":[{"embeddable":true,"href":"https:\/\/www.swissoteltallinn.com\/et\/wp-json\/wp\/v2\/comments?post=594"}],"version-history":[{"count":0,"href":"https:\/\/www.swissoteltallinn.com\/et\/wp-json\/wp\/v2\/pages\/594\/revisions"}],"wp:attachment":[{"href":"https:\/\/www.swissoteltallinn.com\/et\/wp-json\/wp\/v2\/media?parent=594"}],"wp:term":[{"taxonomy":"category","embeddable":true,"href":"https:\/\/www.swissoteltallinn.com\/et\/wp-json\/wp\/v2\/categories?post=594"}],"curies":[{"name":"wp","href":"https:\/\/api.w.org\/{rel}","templated":true}]}}