{"id":588,"date":"2024-10-08T07:56:25","date_gmt":"2024-10-08T07:56:25","guid":{"rendered":"https:\/\/swissotel-tallinn.accorv2prod.decms.eu\/special-offers\/"},"modified":"2024-11-14T10:31:38","modified_gmt":"2024-11-14T10:31:38","slug":"eripakkumised","status":"publish","type":"page","link":"https:\/\/www.swissoteltallinn.com\/et\/eripakkumised\/","title":{"rendered":"Eripakkumised"},"content":{"rendered":"<p style=\"text-align: center;\"><span data-sheets-root=\"1\">Tutvuge Swiss\u00f4tel Tallinna eripakkumistega, mis teevad teie k\u00fclastuse veelgi mugavamaks. Kas otsite luksuslikku majutust, l\u00f5\u00f5gastusv\u00f5imalusi, maitseelamusi v\u00f5i koosolekukohta? Meil on midagi iga\u00fche jaoks. Nautige soodushindu, hooajapakkumisi ja lisah\u00fcvesid. Tehke broneering kohe ja kasutage oma aega Tallinnas t\u00f5husalt \u00e4ra, nautides enda vajadustele kohandatud elamusi alates spaapakettidest kuni romantilise puhkuseni.<\/span><\/p>\n","protected":false},"excerpt":{"rendered":"<p>Tutvuge Swiss\u00f4tel Tallinna eripakkumistega, mis teevad teie k\u00fclastuse veelgi mugavamaks. Kas otsite luksuslikku majutust, l\u00f5\u00f5gastusv\u00f5imalusi, maitseelamusi v\u00f5i koosolekukohta? Meil on midagi iga\u00fche jaoks. Nautige soodushindu, hooajapakkumisi ja lisah\u00fcvesid. Tehke broneering kohe ja kasutage oma aega Tallinnas t\u00f5husalt \u00e4ra, nautides enda vajadustele kohandatud elamusi alates spaapakettidest kuni romantilise puhkuseni.<\/p>\n","protected":false},"author":98,"featured_media":0,"parent":0,"menu_order":7,"comment_status":"closed","ping_status":"closed","template":"template-special-offers.php","meta":{"footnotes":""},"categories":[],"class_list":["post-588","page","type-page","status-publish","hentry"],"acf":[],"yoast_head":"<!-- This site is optimized with the Yoast SEO plugin v26.9 - https:\/\/yoast.com\/product\/yoast-seo-wordpress\/ -->\n<title>Eripakkumised | Swiss\u00f4tel Tallinn \u2013 majutus-, restorani- ja spaapakkumised<\/title>\n<meta name=\"description\" content=\"Avastage Swiss\u00f4tel Tallinna eksklusiivsed eripakkumised. Alates luksuslikust majutusest ja toiduelamustest kuni heaolupakettideni \u2013 nautige parimat osa Tallinnast meie kohandatud pakkumistega.\" \/>\n<meta name=\"robots\" content=\"index, follow, max-snippet:-1, max-image-preview:large, max-video-preview:-1\" \/>\n<link rel=\"canonical\" href=\"https:\/\/www.swissoteltallinn.com\/et\/eripakkumised\/\" \/>\n<meta property=\"og:locale\" content=\"et_EE\" \/>\n<meta property=\"og:type\" content=\"article\" \/>\n<meta property=\"og:title\" content=\"Eripakkumised | Swiss\u00f4tel Tallinn \u2013 majutus-, restorani- ja spaapakkumised\" \/>\n<meta property=\"og:description\" content=\"Avastage Swiss\u00f4tel Tallinna eksklusiivsed eripakkumised. Alates luksuslikust majutusest ja toiduelamustest kuni heaolupakettideni \u2013 nautige parimat osa Tallinnast meie kohandatud pakkumistega.\" \/>\n<meta property=\"og:url\" content=\"https:\/\/www.swissoteltallinn.com\/et\/eripakkumised\/\" \/>\n<meta property=\"og:site_name\" content=\"Swissotel Tallinn\" \/>\n<meta property=\"article:publisher\" content=\"https:\/\/www.facebook.com\/SwissotelTallinn\" \/>\n<meta property=\"article:modified_time\" content=\"2024-11-14T10:31:38+00:00\" \/>\n<meta name=\"twitter:card\" content=\"summary_large_image\" \/>\n<meta name=\"twitter:label1\" content=\"Est. reading time\" \/>\n\t<meta name=\"twitter:data1\" content=\"1 minut\" \/>\n<script type=\"application\/ld+json\" class=\"yoast-schema-graph\">{\"@context\":\"https:\/\/schema.org\",\"@graph\":[{\"@type\":\"WebPage\",\"@id\":\"https:\/\/www.swissoteltallinn.com\/et\/eripakkumised\/\",\"url\":\"https:\/\/www.swissoteltallinn.com\/et\/eripakkumised\/\",\"name\":\"Eripakkumised | Swiss\u00f4tel Tallinn \u2013 majutus-, restorani- ja spaapakkumised\",\"isPartOf\":{\"@id\":\"https:\/\/www.swissoteltallinn.com\/#website\"},\"datePublished\":\"2024-10-08T07:56:25+00:00\",\"dateModified\":\"2024-11-14T10:31:38+00:00\",\"description\":\"Avastage Swiss\u00f4tel Tallinna eksklusiivsed eripakkumised. Alates luksuslikust majutusest ja toiduelamustest kuni heaolupakettideni \u2013 nautige parimat osa Tallinnast meie kohandatud pakkumistega.\",\"breadcrumb\":{\"@id\":\"https:\/\/www.swissoteltallinn.com\/et\/eripakkumised\/#breadcrumb\"},\"inLanguage\":\"et\",\"potentialAction\":[{\"@type\":\"ReadAction\",\"target\":[\"https:\/\/www.swissoteltallinn.com\/et\/eripakkumised\/\"]}]},{\"@type\":\"BreadcrumbList\",\"@id\":\"https:\/\/www.swissoteltallinn.com\/et\/eripakkumised\/#breadcrumb\",\"itemListElement\":[{\"@type\":\"ListItem\",\"position\":1,\"name\":\"Home\",\"item\":\"https:\/\/www.swissoteltallinn.com\/et\/\"},{\"@type\":\"ListItem\",\"position\":2,\"name\":\"Eripakkumised\"}]},{\"@type\":\"WebSite\",\"@id\":\"https:\/\/www.swissoteltallinn.com\/#website\",\"url\":\"https:\/\/www.swissoteltallinn.com\/\",\"name\":\"Swissotel Tallinn\",\"description\":\"\",\"publisher\":{\"@id\":\"https:\/\/www.swissoteltallinn.com\/#organization\"},\"potentialAction\":[{\"@type\":\"SearchAction\",\"target\":{\"@type\":\"EntryPoint\",\"urlTemplate\":\"https:\/\/www.swissoteltallinn.com\/?s={search_term_string}\"},\"query-input\":{\"@type\":\"PropertyValueSpecification\",\"valueRequired\":true,\"valueName\":\"search_term_string\"}}],\"inLanguage\":\"et\"},{\"@type\":\"Organization\",\"@id\":\"https:\/\/www.swissoteltallinn.com\/#organization\",\"name\":\"Swissotel Tallinn\",\"url\":\"https:\/\/www.swissoteltallinn.com\/\",\"logo\":{\"@type\":\"ImageObject\",\"inLanguage\":\"et\",\"@id\":\"https:\/\/www.swissoteltallinn.com\/#\/schema\/logo\/image\/\",\"url\":\"https:\/\/www.swissoteltallinn.com\/wp-content\/uploads\/sites\/107\/2024\/07\/Swissotel-Tallinn-logo.jpg\",\"contentUrl\":\"https:\/\/www.swissoteltallinn.com\/wp-content\/uploads\/sites\/107\/2024\/07\/Swissotel-Tallinn-logo.jpg\",\"width\":1800,\"height\":379,\"caption\":\"Swissotel Tallinn\"},\"image\":{\"@id\":\"https:\/\/www.swissoteltallinn.com\/#\/schema\/logo\/image\/\"},\"sameAs\":[\"https:\/\/www.facebook.com\/SwissotelTallinn\",\"https:\/\/ee.linkedin.com\/company\/swiss-tel-tallinn-estonia\",\"https:\/\/www.youtube.com\/channel\/UC-SFkHuVOioVnEI78gVBQrg\",\"https:\/\/www.instagram.com\/swissoteltallinn\/\"]}]}<\/script>\n<!-- \/ Yoast SEO plugin. -->","yoast_head_json":{"title":"Eripakkumised | Swiss\u00f4tel Tallinn \u2013 majutus-, restorani- ja spaapakkumised","description":"Avastage Swiss\u00f4tel Tallinna eksklusiivsed eripakkumised. Alates luksuslikust majutusest ja toiduelamustest kuni heaolupakettideni \u2013 nautige parimat osa Tallinnast meie kohandatud pakkumistega.","robots":{"index":"index","follow":"follow","max-snippet":"max-snippet:-1","max-image-preview":"max-image-preview:large","max-video-preview":"max-video-preview:-1"},"canonical":"https:\/\/www.swissoteltallinn.com\/et\/eripakkumised\/","og_locale":"et_EE","og_type":"article","og_title":"Eripakkumised | Swiss\u00f4tel Tallinn \u2013 majutus-, restorani- ja spaapakkumised","og_description":"Avastage Swiss\u00f4tel Tallinna eksklusiivsed eripakkumised. Alates luksuslikust majutusest ja toiduelamustest kuni heaolupakettideni \u2013 nautige parimat osa Tallinnast meie kohandatud pakkumistega.","og_url":"https:\/\/www.swissoteltallinn.com\/et\/eripakkumised\/","og_site_name":"Swissotel Tallinn","article_publisher":"https:\/\/www.facebook.com\/SwissotelTallinn","article_modified_time":"2024-11-14T10:31:38+00:00","twitter_card":"summary_large_image","twitter_misc":{"Est. reading time":"1 minut"},"schema":{"@context":"https:\/\/schema.org","@graph":[{"@type":"WebPage","@id":"https:\/\/www.swissoteltallinn.com\/et\/eripakkumised\/","url":"https:\/\/www.swissoteltallinn.com\/et\/eripakkumised\/","name":"Eripakkumised | Swiss\u00f4tel Tallinn \u2013 majutus-, restorani- ja spaapakkumised","isPartOf":{"@id":"https:\/\/www.swissoteltallinn.com\/#website"},"datePublished":"2024-10-08T07:56:25+00:00","dateModified":"2024-11-14T10:31:38+00:00","description":"Avastage Swiss\u00f4tel Tallinna eksklusiivsed eripakkumised. Alates luksuslikust majutusest ja toiduelamustest kuni heaolupakettideni \u2013 nautige parimat osa Tallinnast meie kohandatud pakkumistega.","breadcrumb":{"@id":"https:\/\/www.swissoteltallinn.com\/et\/eripakkumised\/#breadcrumb"},"inLanguage":"et","potentialAction":[{"@type":"ReadAction","target":["https:\/\/www.swissoteltallinn.com\/et\/eripakkumised\/"]}]},{"@type":"BreadcrumbList","@id":"https:\/\/www.swissoteltallinn.com\/et\/eripakkumised\/#breadcrumb","itemListElement":[{"@type":"ListItem","position":1,"name":"Home","item":"https:\/\/www.swissoteltallinn.com\/et\/"},{"@type":"ListItem","position":2,"name":"Eripakkumised"}]},{"@type":"WebSite","@id":"https:\/\/www.swissoteltallinn.com\/#website","url":"https:\/\/www.swissoteltallinn.com\/","name":"Swissotel Tallinn","description":"","publisher":{"@id":"https:\/\/www.swissoteltallinn.com\/#organization"},"potentialAction":[{"@type":"SearchAction","target":{"@type":"EntryPoint","urlTemplate":"https:\/\/www.swissoteltallinn.com\/?s={search_term_string}"},"query-input":{"@type":"PropertyValueSpecification","valueRequired":true,"valueName":"search_term_string"}}],"inLanguage":"et"},{"@type":"Organization","@id":"https:\/\/www.swissoteltallinn.com\/#organization","name":"Swissotel Tallinn","url":"https:\/\/www.swissoteltallinn.com\/","logo":{"@type":"ImageObject","inLanguage":"et","@id":"https:\/\/www.swissoteltallinn.com\/#\/schema\/logo\/image\/","url":"https:\/\/www.swissoteltallinn.com\/wp-content\/uploads\/sites\/107\/2024\/07\/Swissotel-Tallinn-logo.jpg","contentUrl":"https:\/\/www.swissoteltallinn.com\/wp-content\/uploads\/sites\/107\/2024\/07\/Swissotel-Tallinn-logo.jpg","width":1800,"height":379,"caption":"Swissotel Tallinn"},"image":{"@id":"https:\/\/www.swissoteltallinn.com\/#\/schema\/logo\/image\/"},"sameAs":["https:\/\/www.facebook.com\/SwissotelTallinn","https:\/\/ee.linkedin.com\/company\/swiss-tel-tallinn-estonia","https:\/\/www.youtube.com\/channel\/UC-SFkHuVOioVnEI78gVBQrg","https:\/\/www.instagram.com\/swissoteltallinn\/"]}]}},"_links":{"self":[{"href":"https:\/\/www.swissoteltallinn.com\/et\/wp-json\/wp\/v2\/pages\/588","targetHints":{"allow":["GET"]}}],"collection":[{"href":"https:\/\/www.swissoteltallinn.com\/et\/wp-json\/wp\/v2\/pages"}],"about":[{"href":"https:\/\/www.swissoteltallinn.com\/et\/wp-json\/wp\/v2\/types\/page"}],"author":[{"embeddable":true,"href":"https:\/\/www.swissoteltallinn.com\/et\/wp-json\/wp\/v2\/users\/98"}],"replies":[{"embeddable":true,"href":"https:\/\/www.swissoteltallinn.com\/et\/wp-json\/wp\/v2\/comments?post=588"}],"version-history":[{"count":0,"href":"https:\/\/www.swissoteltallinn.com\/et\/wp-json\/wp\/v2\/pages\/588\/revisions"}],"wp:attachment":[{"href":"https:\/\/www.swissoteltallinn.com\/et\/wp-json\/wp\/v2\/media?parent=588"}],"wp:term":[{"taxonomy":"category","embeddable":true,"href":"https:\/\/www.swissoteltallinn.com\/et\/wp-json\/wp\/v2\/categories?post=588"}],"curies":[{"name":"wp","href":"https:\/\/api.w.org\/{rel}","templated":true}]}}