{"id":586,"date":"2024-05-28T14:32:32","date_gmt":"2024-05-28T14:32:32","guid":{"rendered":"https:\/\/swissotel-tallinn.accorv2prod.decms.eu\/restoranid-ja-baarid\/the-quarter-restaurant\/"},"modified":"2026-04-06T10:56:25","modified_gmt":"2026-04-06T10:56:25","slug":"the-quarter-restaurant","status":"publish","type":"page","link":"https:\/\/www.swissoteltallinn.com\/et\/restoranid-ja-baarid\/the-quarter-restaurant\/","title":{"rendered":"THE QUARTER RESTAURANT"},"content":{"rendered":"<p style=\"text-align: center\"><span data-sheets-root=\"1\">Swiss\u00f4tel Tallinna kaheksandal korrusel asuv restoran The Quarter pakub midagi enamat kui lihtsalt einet \u2013 s\u00e4ravat hommikurituaali rikkaliku bufee-hommikus\u00f6\u00f6giga. Iga p\u00e4ev avatud restoran annab t\u00f5elise energialaengu ning v\u00f5imaldab nautida hingematvaid linna- ja merevaateid. Hommikus\u00f6\u00f6gi valik on v\u00e4ga mitmekesine, pakkudes midagi igale maitsele. Alates soojadest gurmeeroogadest ja kergetest suupistetest kuni tervislike paladeni \u2013 k\u00f5ik toidud on valmistatud v\u00e4rsketest koostisosadest, mis annavad vajalikku energiat. Erilistel puhkudel, n\u00e4iteks emade- v\u00f5i isadep\u00e4eval, pakub restoran The Quarter meeldej\u00e4\u00e4vaid hommikus\u00f6\u00f6ke, t\u00e4histades neid t\u00e4htp\u00e4evi r\u00f5\u00f5mustavate ja \u00fcllatavate erimen\u00fc\u00fcdega.<\/span><\/p>\n","protected":false},"excerpt":{"rendered":"<p>Swiss\u00f4tel Tallinna kaheksandal korrusel asuv restoran The Quarter pakub midagi enamat kui lihtsalt einet \u2013 s\u00e4ravat hommikurituaali rikkaliku bufee-hommikus\u00f6\u00f6giga. Iga p\u00e4ev avatud restoran annab t\u00f5elise energialaengu ning v\u00f5imaldab nautida hingematvaid linna- ja merevaateid. Hommikus\u00f6\u00f6gi valik on v\u00e4ga mitmekesine, pakkudes midagi igale maitsele. Alates soojadest gurmeeroogadest ja kergetest suupistetest kuni tervislike paladeni \u2013 k\u00f5ik toidud on [&hellip;]<\/p>\n","protected":false},"author":98,"featured_media":0,"parent":578,"menu_order":0,"comment_status":"closed","ping_status":"closed","template":"template-restaurant.php","meta":{"footnotes":""},"categories":[],"class_list":["post-586","page","type-page","status-publish","hentry"],"acf":[],"yoast_head":"<!-- This site is optimized with the Yoast SEO plugin v26.9 - https:\/\/yoast.com\/product\/yoast-seo-wordpress\/ -->\n<title>Hommikus\u00f6\u00f6k restoranis The Quarter<\/title>\n<meta name=\"description\" content=\"Nautige kosutavat bufee-hommikus\u00f6\u00f6ki Swiss\u00f4tel Tallinna kaheksandal korrusel asuvas restoranis The Quarter, kust avaneb lummav vaade linnale.\" \/>\n<meta name=\"robots\" content=\"index, follow, max-snippet:-1, max-image-preview:large, max-video-preview:-1\" \/>\n<link rel=\"canonical\" href=\"https:\/\/www.swissoteltallinn.com\/et\/restoranid-ja-baarid\/the-quarter-restaurant\/\" \/>\n<meta property=\"og:locale\" content=\"et_EE\" \/>\n<meta property=\"og:type\" content=\"article\" \/>\n<meta property=\"og:title\" content=\"Hommikus\u00f6\u00f6k restoranis The Quarter\" \/>\n<meta property=\"og:description\" content=\"Nautige kosutavat bufee-hommikus\u00f6\u00f6ki Swiss\u00f4tel Tallinna kaheksandal korrusel asuvas restoranis The Quarter, kust avaneb lummav vaade linnale.\" \/>\n<meta property=\"og:url\" content=\"https:\/\/www.swissoteltallinn.com\/et\/restoranid-ja-baarid\/the-quarter-restaurant\/\" \/>\n<meta property=\"og:site_name\" content=\"Swissotel Tallinn\" \/>\n<meta property=\"article:publisher\" content=\"https:\/\/www.facebook.com\/SwissotelTallinn\" \/>\n<meta property=\"article:modified_time\" content=\"2026-04-06T10:56:25+00:00\" \/>\n<meta name=\"twitter:card\" content=\"summary_large_image\" \/>\n<meta name=\"twitter:label1\" content=\"Est. reading time\" \/>\n\t<meta name=\"twitter:data1\" content=\"1 minut\" \/>\n<script type=\"application\/ld+json\" class=\"yoast-schema-graph\">{\"@context\":\"https:\/\/schema.org\",\"@graph\":[{\"@type\":\"WebPage\",\"@id\":\"https:\/\/www.swissoteltallinn.com\/et\/restoranid-ja-baarid\/the-quarter-restaurant\/\",\"url\":\"https:\/\/www.swissoteltallinn.com\/et\/restoranid-ja-baarid\/the-quarter-restaurant\/\",\"name\":\"Hommikus\u00f6\u00f6k restoranis The Quarter\",\"isPartOf\":{\"@id\":\"https:\/\/www.swissoteltallinn.com\/#website\"},\"datePublished\":\"2024-05-28T14:32:32+00:00\",\"dateModified\":\"2026-04-06T10:56:25+00:00\",\"description\":\"Nautige kosutavat bufee-hommikus\u00f6\u00f6ki Swiss\u00f4tel Tallinna kaheksandal korrusel asuvas restoranis The Quarter, kust avaneb lummav vaade linnale.\",\"breadcrumb\":{\"@id\":\"https:\/\/www.swissoteltallinn.com\/et\/restoranid-ja-baarid\/the-quarter-restaurant\/#breadcrumb\"},\"inLanguage\":\"et\",\"potentialAction\":[{\"@type\":\"ReadAction\",\"target\":[\"https:\/\/www.swissoteltallinn.com\/et\/restoranid-ja-baarid\/the-quarter-restaurant\/\"]}]},{\"@type\":\"BreadcrumbList\",\"@id\":\"https:\/\/www.swissoteltallinn.com\/et\/restoranid-ja-baarid\/the-quarter-restaurant\/#breadcrumb\",\"itemListElement\":[{\"@type\":\"ListItem\",\"position\":1,\"name\":\"Home\",\"item\":\"https:\/\/www.swissoteltallinn.com\/et\/\"},{\"@type\":\"ListItem\",\"position\":2,\"name\":\"RESTORANID JA BAARID\",\"item\":\"https:\/\/www.swissoteltallinn.com\/et\/dining\/\"},{\"@type\":\"ListItem\",\"position\":3,\"name\":\"THE QUARTER RESTAURANT\"}]},{\"@type\":\"WebSite\",\"@id\":\"https:\/\/www.swissoteltallinn.com\/#website\",\"url\":\"https:\/\/www.swissoteltallinn.com\/\",\"name\":\"Swissotel Tallinn\",\"description\":\"\",\"publisher\":{\"@id\":\"https:\/\/www.swissoteltallinn.com\/#organization\"},\"potentialAction\":[{\"@type\":\"SearchAction\",\"target\":{\"@type\":\"EntryPoint\",\"urlTemplate\":\"https:\/\/www.swissoteltallinn.com\/?s={search_term_string}\"},\"query-input\":{\"@type\":\"PropertyValueSpecification\",\"valueRequired\":true,\"valueName\":\"search_term_string\"}}],\"inLanguage\":\"et\"},{\"@type\":\"Organization\",\"@id\":\"https:\/\/www.swissoteltallinn.com\/#organization\",\"name\":\"Swissotel Tallinn\",\"url\":\"https:\/\/www.swissoteltallinn.com\/\",\"logo\":{\"@type\":\"ImageObject\",\"inLanguage\":\"et\",\"@id\":\"https:\/\/www.swissoteltallinn.com\/#\/schema\/logo\/image\/\",\"url\":\"https:\/\/www.swissoteltallinn.com\/wp-content\/uploads\/sites\/107\/2024\/07\/Swissotel-Tallinn-logo.jpg\",\"contentUrl\":\"https:\/\/www.swissoteltallinn.com\/wp-content\/uploads\/sites\/107\/2024\/07\/Swissotel-Tallinn-logo.jpg\",\"width\":1800,\"height\":379,\"caption\":\"Swissotel Tallinn\"},\"image\":{\"@id\":\"https:\/\/www.swissoteltallinn.com\/#\/schema\/logo\/image\/\"},\"sameAs\":[\"https:\/\/www.facebook.com\/SwissotelTallinn\",\"https:\/\/ee.linkedin.com\/company\/swiss-tel-tallinn-estonia\",\"https:\/\/www.youtube.com\/channel\/UC-SFkHuVOioVnEI78gVBQrg\",\"https:\/\/www.instagram.com\/swissoteltallinn\/\"]}]}<\/script>\n<!-- \/ Yoast SEO plugin. -->","yoast_head_json":{"title":"Hommikus\u00f6\u00f6k restoranis The Quarter","description":"Nautige kosutavat bufee-hommikus\u00f6\u00f6ki Swiss\u00f4tel Tallinna kaheksandal korrusel asuvas restoranis The Quarter, kust avaneb lummav vaade linnale.","robots":{"index":"index","follow":"follow","max-snippet":"max-snippet:-1","max-image-preview":"max-image-preview:large","max-video-preview":"max-video-preview:-1"},"canonical":"https:\/\/www.swissoteltallinn.com\/et\/restoranid-ja-baarid\/the-quarter-restaurant\/","og_locale":"et_EE","og_type":"article","og_title":"Hommikus\u00f6\u00f6k restoranis The Quarter","og_description":"Nautige kosutavat bufee-hommikus\u00f6\u00f6ki Swiss\u00f4tel Tallinna kaheksandal korrusel asuvas restoranis The Quarter, kust avaneb lummav vaade linnale.","og_url":"https:\/\/www.swissoteltallinn.com\/et\/restoranid-ja-baarid\/the-quarter-restaurant\/","og_site_name":"Swissotel Tallinn","article_publisher":"https:\/\/www.facebook.com\/SwissotelTallinn","article_modified_time":"2026-04-06T10:56:25+00:00","twitter_card":"summary_large_image","twitter_misc":{"Est. reading time":"1 minut"},"schema":{"@context":"https:\/\/schema.org","@graph":[{"@type":"WebPage","@id":"https:\/\/www.swissoteltallinn.com\/et\/restoranid-ja-baarid\/the-quarter-restaurant\/","url":"https:\/\/www.swissoteltallinn.com\/et\/restoranid-ja-baarid\/the-quarter-restaurant\/","name":"Hommikus\u00f6\u00f6k restoranis The Quarter","isPartOf":{"@id":"https:\/\/www.swissoteltallinn.com\/#website"},"datePublished":"2024-05-28T14:32:32+00:00","dateModified":"2026-04-06T10:56:25+00:00","description":"Nautige kosutavat bufee-hommikus\u00f6\u00f6ki Swiss\u00f4tel Tallinna kaheksandal korrusel asuvas restoranis The Quarter, kust avaneb lummav vaade linnale.","breadcrumb":{"@id":"https:\/\/www.swissoteltallinn.com\/et\/restoranid-ja-baarid\/the-quarter-restaurant\/#breadcrumb"},"inLanguage":"et","potentialAction":[{"@type":"ReadAction","target":["https:\/\/www.swissoteltallinn.com\/et\/restoranid-ja-baarid\/the-quarter-restaurant\/"]}]},{"@type":"BreadcrumbList","@id":"https:\/\/www.swissoteltallinn.com\/et\/restoranid-ja-baarid\/the-quarter-restaurant\/#breadcrumb","itemListElement":[{"@type":"ListItem","position":1,"name":"Home","item":"https:\/\/www.swissoteltallinn.com\/et\/"},{"@type":"ListItem","position":2,"name":"RESTORANID JA BAARID","item":"https:\/\/www.swissoteltallinn.com\/et\/dining\/"},{"@type":"ListItem","position":3,"name":"THE QUARTER RESTAURANT"}]},{"@type":"WebSite","@id":"https:\/\/www.swissoteltallinn.com\/#website","url":"https:\/\/www.swissoteltallinn.com\/","name":"Swissotel Tallinn","description":"","publisher":{"@id":"https:\/\/www.swissoteltallinn.com\/#organization"},"potentialAction":[{"@type":"SearchAction","target":{"@type":"EntryPoint","urlTemplate":"https:\/\/www.swissoteltallinn.com\/?s={search_term_string}"},"query-input":{"@type":"PropertyValueSpecification","valueRequired":true,"valueName":"search_term_string"}}],"inLanguage":"et"},{"@type":"Organization","@id":"https:\/\/www.swissoteltallinn.com\/#organization","name":"Swissotel Tallinn","url":"https:\/\/www.swissoteltallinn.com\/","logo":{"@type":"ImageObject","inLanguage":"et","@id":"https:\/\/www.swissoteltallinn.com\/#\/schema\/logo\/image\/","url":"https:\/\/www.swissoteltallinn.com\/wp-content\/uploads\/sites\/107\/2024\/07\/Swissotel-Tallinn-logo.jpg","contentUrl":"https:\/\/www.swissoteltallinn.com\/wp-content\/uploads\/sites\/107\/2024\/07\/Swissotel-Tallinn-logo.jpg","width":1800,"height":379,"caption":"Swissotel Tallinn"},"image":{"@id":"https:\/\/www.swissoteltallinn.com\/#\/schema\/logo\/image\/"},"sameAs":["https:\/\/www.facebook.com\/SwissotelTallinn","https:\/\/ee.linkedin.com\/company\/swiss-tel-tallinn-estonia","https:\/\/www.youtube.com\/channel\/UC-SFkHuVOioVnEI78gVBQrg","https:\/\/www.instagram.com\/swissoteltallinn\/"]}]}},"_links":{"self":[{"href":"https:\/\/www.swissoteltallinn.com\/et\/wp-json\/wp\/v2\/pages\/586","targetHints":{"allow":["GET"]}}],"collection":[{"href":"https:\/\/www.swissoteltallinn.com\/et\/wp-json\/wp\/v2\/pages"}],"about":[{"href":"https:\/\/www.swissoteltallinn.com\/et\/wp-json\/wp\/v2\/types\/page"}],"author":[{"embeddable":true,"href":"https:\/\/www.swissoteltallinn.com\/et\/wp-json\/wp\/v2\/users\/98"}],"replies":[{"embeddable":true,"href":"https:\/\/www.swissoteltallinn.com\/et\/wp-json\/wp\/v2\/comments?post=586"}],"version-history":[{"count":3,"href":"https:\/\/www.swissoteltallinn.com\/et\/wp-json\/wp\/v2\/pages\/586\/revisions"}],"predecessor-version":[{"id":1216,"href":"https:\/\/www.swissoteltallinn.com\/et\/wp-json\/wp\/v2\/pages\/586\/revisions\/1216"}],"up":[{"embeddable":true,"href":"https:\/\/www.swissoteltallinn.com\/et\/wp-json\/wp\/v2\/pages\/578"}],"wp:attachment":[{"href":"https:\/\/www.swissoteltallinn.com\/et\/wp-json\/wp\/v2\/media?parent=586"}],"wp:term":[{"taxonomy":"category","embeddable":true,"href":"https:\/\/www.swissoteltallinn.com\/et\/wp-json\/wp\/v2\/categories?post=586"}],"curies":[{"name":"wp","href":"https:\/\/api.w.org\/{rel}","templated":true}]}}