{"id":583,"date":"2024-05-28T14:22:38","date_gmt":"2024-05-28T14:22:38","guid":{"rendered":"https:\/\/swissotel-tallinn.accorv2prod.decms.eu\/restoranid-ja-baarid\/no3-lobby-bar-deli\/"},"modified":"2026-01-23T13:53:36","modified_gmt":"2026-01-23T13:53:36","slug":"no3-lobby-bar-deli","status":"publish","type":"page","link":"https:\/\/www.swissoteltallinn.com\/et\/restoranid-ja-baarid\/no3-lobby-bar-deli\/","title":{"rendered":"NO3 LOBBY BAR &amp; DELI"},"content":{"rendered":"<p style=\"text-align: center\"><span data-sheets-root=\"1\">Swiss\u00f4tel Tallinna esimesel korrusel asub \u00fchtaegu mugav ja praktiline fuajeebaar No3 Lobby Bar &amp; Deli. Selles suures avatud ruumis on palju hubaseid nurgakesi, mis sobivad nii t\u00f6\u00f6- kui ka isiklikeks kohtumisteks. No3 Lobby Bar &amp; Deli tervitab k\u00fclalisi kohapeal valmivate k\u00fcpsetiste, v\u00f5ileibade, kookide ja laia ahvatleva joogivalikuga. No3 pakub meeldivat \u00f5hkkonda igaks elujuhtumiks, olgu selleks kiire kokkusaamine v\u00f5i rahulik eine.<\/span><\/p>\n","protected":false},"excerpt":{"rendered":"<p>Swiss\u00f4tel Tallinna esimesel korrusel asub \u00fchtaegu mugav ja praktiline fuajeebaar No3 Lobby Bar &amp; Deli. Selles suures avatud ruumis on palju hubaseid nurgakesi, mis sobivad nii t\u00f6\u00f6- kui ka isiklikeks kohtumisteks. No3 Lobby Bar &amp; Deli tervitab k\u00fclalisi kohapeal valmivate k\u00fcpsetiste, v\u00f5ileibade, kookide ja laia ahvatleva joogivalikuga. No3 pakub meeldivat \u00f5hkkonda igaks elujuhtumiks, olgu selleks [&hellip;]<\/p>\n","protected":false},"author":98,"featured_media":0,"parent":578,"menu_order":0,"comment_status":"closed","ping_status":"closed","template":"template-restaurant.php","meta":{"footnotes":""},"categories":[],"class_list":["post-583","page","type-page","status-publish","hentry"],"acf":[],"yoast_head":"<!-- This site is optimized with the Yoast SEO plugin v26.9 - https:\/\/yoast.com\/product\/yoast-seo-wordpress\/ -->\n<title>Hubane fuajeebaar No3 Bar &amp; Deli Swiss\u00f4tel Tallinnas<\/title>\n<meta name=\"description\" content=\"Swiss\u00f4tel Tallinna esimesel korrusel asub t\u00f5eliselt mugav ja hubane fuajeebaar No3 Bar &amp; Deli. Siin saate meeldivas \u00f5hkkonnas nautida kohapeal valmivaid k\u00fcpsetisi, v\u00f5ileibu ja jooke.\" \/>\n<meta name=\"robots\" content=\"index, follow, max-snippet:-1, max-image-preview:large, max-video-preview:-1\" \/>\n<link rel=\"canonical\" href=\"https:\/\/www.swissoteltallinn.com\/et\/restoranid-ja-baarid\/no3-lobby-bar-deli\/\" \/>\n<meta property=\"og:locale\" content=\"et_EE\" \/>\n<meta property=\"og:type\" content=\"article\" \/>\n<meta property=\"og:title\" content=\"Hubane fuajeebaar No3 Bar &amp; Deli Swiss\u00f4tel Tallinnas\" \/>\n<meta property=\"og:description\" content=\"Swiss\u00f4tel Tallinna esimesel korrusel asub t\u00f5eliselt mugav ja hubane fuajeebaar No3 Bar &amp; Deli. Siin saate meeldivas \u00f5hkkonnas nautida kohapeal valmivaid k\u00fcpsetisi, v\u00f5ileibu ja jooke.\" \/>\n<meta property=\"og:url\" content=\"https:\/\/www.swissoteltallinn.com\/et\/restoranid-ja-baarid\/no3-lobby-bar-deli\/\" \/>\n<meta property=\"og:site_name\" content=\"Swissotel Tallinn\" \/>\n<meta property=\"article:publisher\" content=\"https:\/\/www.facebook.com\/SwissotelTallinn\" \/>\n<meta property=\"article:modified_time\" content=\"2026-01-23T13:53:36+00:00\" \/>\n<meta name=\"twitter:card\" content=\"summary_large_image\" \/>\n<meta name=\"twitter:label1\" content=\"Est. reading time\" \/>\n\t<meta name=\"twitter:data1\" content=\"1 minut\" \/>\n<script type=\"application\/ld+json\" class=\"yoast-schema-graph\">{\"@context\":\"https:\/\/schema.org\",\"@graph\":[{\"@type\":\"WebPage\",\"@id\":\"https:\/\/www.swissoteltallinn.com\/et\/restoranid-ja-baarid\/no3-lobby-bar-deli\/\",\"url\":\"https:\/\/www.swissoteltallinn.com\/et\/restoranid-ja-baarid\/no3-lobby-bar-deli\/\",\"name\":\"Hubane fuajeebaar No3 Bar & Deli Swiss\u00f4tel Tallinnas\",\"isPartOf\":{\"@id\":\"https:\/\/www.swissoteltallinn.com\/#website\"},\"datePublished\":\"2024-05-28T14:22:38+00:00\",\"dateModified\":\"2026-01-23T13:53:36+00:00\",\"description\":\"Swiss\u00f4tel Tallinna esimesel korrusel asub t\u00f5eliselt mugav ja hubane fuajeebaar No3 Bar & Deli. Siin saate meeldivas \u00f5hkkonnas nautida kohapeal valmivaid k\u00fcpsetisi, v\u00f5ileibu ja jooke.\",\"breadcrumb\":{\"@id\":\"https:\/\/www.swissoteltallinn.com\/et\/restoranid-ja-baarid\/no3-lobby-bar-deli\/#breadcrumb\"},\"inLanguage\":\"et\",\"potentialAction\":[{\"@type\":\"ReadAction\",\"target\":[\"https:\/\/www.swissoteltallinn.com\/et\/restoranid-ja-baarid\/no3-lobby-bar-deli\/\"]}]},{\"@type\":\"BreadcrumbList\",\"@id\":\"https:\/\/www.swissoteltallinn.com\/et\/restoranid-ja-baarid\/no3-lobby-bar-deli\/#breadcrumb\",\"itemListElement\":[{\"@type\":\"ListItem\",\"position\":1,\"name\":\"Home\",\"item\":\"https:\/\/www.swissoteltallinn.com\/et\/\"},{\"@type\":\"ListItem\",\"position\":2,\"name\":\"RESTORANID JA BAARID\",\"item\":\"https:\/\/www.swissoteltallinn.com\/et\/dining\/\"},{\"@type\":\"ListItem\",\"position\":3,\"name\":\"NO3 LOBBY BAR &amp; DELI\"}]},{\"@type\":\"WebSite\",\"@id\":\"https:\/\/www.swissoteltallinn.com\/#website\",\"url\":\"https:\/\/www.swissoteltallinn.com\/\",\"name\":\"Swissotel Tallinn\",\"description\":\"\",\"publisher\":{\"@id\":\"https:\/\/www.swissoteltallinn.com\/#organization\"},\"potentialAction\":[{\"@type\":\"SearchAction\",\"target\":{\"@type\":\"EntryPoint\",\"urlTemplate\":\"https:\/\/www.swissoteltallinn.com\/?s={search_term_string}\"},\"query-input\":{\"@type\":\"PropertyValueSpecification\",\"valueRequired\":true,\"valueName\":\"search_term_string\"}}],\"inLanguage\":\"et\"},{\"@type\":\"Organization\",\"@id\":\"https:\/\/www.swissoteltallinn.com\/#organization\",\"name\":\"Swissotel Tallinn\",\"url\":\"https:\/\/www.swissoteltallinn.com\/\",\"logo\":{\"@type\":\"ImageObject\",\"inLanguage\":\"et\",\"@id\":\"https:\/\/www.swissoteltallinn.com\/#\/schema\/logo\/image\/\",\"url\":\"https:\/\/www.swissoteltallinn.com\/wp-content\/uploads\/sites\/107\/2024\/07\/Swissotel-Tallinn-logo.jpg\",\"contentUrl\":\"https:\/\/www.swissoteltallinn.com\/wp-content\/uploads\/sites\/107\/2024\/07\/Swissotel-Tallinn-logo.jpg\",\"width\":1800,\"height\":379,\"caption\":\"Swissotel Tallinn\"},\"image\":{\"@id\":\"https:\/\/www.swissoteltallinn.com\/#\/schema\/logo\/image\/\"},\"sameAs\":[\"https:\/\/www.facebook.com\/SwissotelTallinn\",\"https:\/\/ee.linkedin.com\/company\/swiss-tel-tallinn-estonia\",\"https:\/\/www.youtube.com\/channel\/UC-SFkHuVOioVnEI78gVBQrg\",\"https:\/\/www.instagram.com\/swissoteltallinn\/\"]}]}<\/script>\n<!-- \/ Yoast SEO plugin. -->","yoast_head_json":{"title":"Hubane fuajeebaar No3 Bar & Deli Swiss\u00f4tel Tallinnas","description":"Swiss\u00f4tel Tallinna esimesel korrusel asub t\u00f5eliselt mugav ja hubane fuajeebaar No3 Bar & Deli. Siin saate meeldivas \u00f5hkkonnas nautida kohapeal valmivaid k\u00fcpsetisi, v\u00f5ileibu ja jooke.","robots":{"index":"index","follow":"follow","max-snippet":"max-snippet:-1","max-image-preview":"max-image-preview:large","max-video-preview":"max-video-preview:-1"},"canonical":"https:\/\/www.swissoteltallinn.com\/et\/restoranid-ja-baarid\/no3-lobby-bar-deli\/","og_locale":"et_EE","og_type":"article","og_title":"Hubane fuajeebaar No3 Bar & Deli Swiss\u00f4tel Tallinnas","og_description":"Swiss\u00f4tel Tallinna esimesel korrusel asub t\u00f5eliselt mugav ja hubane fuajeebaar No3 Bar & Deli. Siin saate meeldivas \u00f5hkkonnas nautida kohapeal valmivaid k\u00fcpsetisi, v\u00f5ileibu ja jooke.","og_url":"https:\/\/www.swissoteltallinn.com\/et\/restoranid-ja-baarid\/no3-lobby-bar-deli\/","og_site_name":"Swissotel Tallinn","article_publisher":"https:\/\/www.facebook.com\/SwissotelTallinn","article_modified_time":"2026-01-23T13:53:36+00:00","twitter_card":"summary_large_image","twitter_misc":{"Est. reading time":"1 minut"},"schema":{"@context":"https:\/\/schema.org","@graph":[{"@type":"WebPage","@id":"https:\/\/www.swissoteltallinn.com\/et\/restoranid-ja-baarid\/no3-lobby-bar-deli\/","url":"https:\/\/www.swissoteltallinn.com\/et\/restoranid-ja-baarid\/no3-lobby-bar-deli\/","name":"Hubane fuajeebaar No3 Bar & Deli Swiss\u00f4tel Tallinnas","isPartOf":{"@id":"https:\/\/www.swissoteltallinn.com\/#website"},"datePublished":"2024-05-28T14:22:38+00:00","dateModified":"2026-01-23T13:53:36+00:00","description":"Swiss\u00f4tel Tallinna esimesel korrusel asub t\u00f5eliselt mugav ja hubane fuajeebaar No3 Bar & Deli. Siin saate meeldivas \u00f5hkkonnas nautida kohapeal valmivaid k\u00fcpsetisi, v\u00f5ileibu ja jooke.","breadcrumb":{"@id":"https:\/\/www.swissoteltallinn.com\/et\/restoranid-ja-baarid\/no3-lobby-bar-deli\/#breadcrumb"},"inLanguage":"et","potentialAction":[{"@type":"ReadAction","target":["https:\/\/www.swissoteltallinn.com\/et\/restoranid-ja-baarid\/no3-lobby-bar-deli\/"]}]},{"@type":"BreadcrumbList","@id":"https:\/\/www.swissoteltallinn.com\/et\/restoranid-ja-baarid\/no3-lobby-bar-deli\/#breadcrumb","itemListElement":[{"@type":"ListItem","position":1,"name":"Home","item":"https:\/\/www.swissoteltallinn.com\/et\/"},{"@type":"ListItem","position":2,"name":"RESTORANID JA BAARID","item":"https:\/\/www.swissoteltallinn.com\/et\/dining\/"},{"@type":"ListItem","position":3,"name":"NO3 LOBBY BAR &amp; DELI"}]},{"@type":"WebSite","@id":"https:\/\/www.swissoteltallinn.com\/#website","url":"https:\/\/www.swissoteltallinn.com\/","name":"Swissotel Tallinn","description":"","publisher":{"@id":"https:\/\/www.swissoteltallinn.com\/#organization"},"potentialAction":[{"@type":"SearchAction","target":{"@type":"EntryPoint","urlTemplate":"https:\/\/www.swissoteltallinn.com\/?s={search_term_string}"},"query-input":{"@type":"PropertyValueSpecification","valueRequired":true,"valueName":"search_term_string"}}],"inLanguage":"et"},{"@type":"Organization","@id":"https:\/\/www.swissoteltallinn.com\/#organization","name":"Swissotel Tallinn","url":"https:\/\/www.swissoteltallinn.com\/","logo":{"@type":"ImageObject","inLanguage":"et","@id":"https:\/\/www.swissoteltallinn.com\/#\/schema\/logo\/image\/","url":"https:\/\/www.swissoteltallinn.com\/wp-content\/uploads\/sites\/107\/2024\/07\/Swissotel-Tallinn-logo.jpg","contentUrl":"https:\/\/www.swissoteltallinn.com\/wp-content\/uploads\/sites\/107\/2024\/07\/Swissotel-Tallinn-logo.jpg","width":1800,"height":379,"caption":"Swissotel Tallinn"},"image":{"@id":"https:\/\/www.swissoteltallinn.com\/#\/schema\/logo\/image\/"},"sameAs":["https:\/\/www.facebook.com\/SwissotelTallinn","https:\/\/ee.linkedin.com\/company\/swiss-tel-tallinn-estonia","https:\/\/www.youtube.com\/channel\/UC-SFkHuVOioVnEI78gVBQrg","https:\/\/www.instagram.com\/swissoteltallinn\/"]}]}},"_links":{"self":[{"href":"https:\/\/www.swissoteltallinn.com\/et\/wp-json\/wp\/v2\/pages\/583","targetHints":{"allow":["GET"]}}],"collection":[{"href":"https:\/\/www.swissoteltallinn.com\/et\/wp-json\/wp\/v2\/pages"}],"about":[{"href":"https:\/\/www.swissoteltallinn.com\/et\/wp-json\/wp\/v2\/types\/page"}],"author":[{"embeddable":true,"href":"https:\/\/www.swissoteltallinn.com\/et\/wp-json\/wp\/v2\/users\/98"}],"replies":[{"embeddable":true,"href":"https:\/\/www.swissoteltallinn.com\/et\/wp-json\/wp\/v2\/comments?post=583"}],"version-history":[{"count":0,"href":"https:\/\/www.swissoteltallinn.com\/et\/wp-json\/wp\/v2\/pages\/583\/revisions"}],"up":[{"embeddable":true,"href":"https:\/\/www.swissoteltallinn.com\/et\/wp-json\/wp\/v2\/pages\/578"}],"wp:attachment":[{"href":"https:\/\/www.swissoteltallinn.com\/et\/wp-json\/wp\/v2\/media?parent=583"}],"wp:term":[{"taxonomy":"category","embeddable":true,"href":"https:\/\/www.swissoteltallinn.com\/et\/wp-json\/wp\/v2\/categories?post=583"}],"curies":[{"name":"wp","href":"https:\/\/api.w.org\/{rel}","templated":true}]}}