{"id":580,"date":"2024-05-28T13:21:12","date_gmt":"2024-05-28T13:21:12","guid":{"rendered":"https:\/\/swissotel-tallinn.accorv2prod.decms.eu\/restoranid-ja-baarid\/horisont-restaurant-bar\/"},"modified":"2026-04-06T10:54:31","modified_gmt":"2026-04-06T10:54:31","slug":"restoran-ja-baar-horisont","status":"publish","type":"page","link":"https:\/\/www.swissoteltallinn.com\/et\/restoranid-ja-baarid\/restoran-ja-baar-horisont\/","title":{"rendered":"Horisont Restoran &amp; Baar"},"content":{"rendered":"<p style=\"text-align: center\"><span data-sheets-root=\"1\">Avastage Swiss\u00f4tel Tallinna k\u00f5rgeimal korrusel asuv fine dining-restoran Horisont, kus Prantsuse k\u00f6\u00f6k seguneb Aasia maitsetega. Andeka peakoka Marko S\u00f5meri k\u00e4e all valminud men\u00fc\u00fcd iseloomustavad kvaliteetsed koostisosad ja uudsed kooslused, mis pakuvad unustamatuid maitseelamusi. Nautige tekstuuri-, v\u00e4rvi- ja maitseharmooniat, mida t\u00e4iustab S\u00f5meri rahvusvaheline kogemus. <\/span><\/p>\n<p style=\"text-align: center\"><span data-sheets-root=\"1\">Restoran asub 30. korrusel, kust avaneb hingemattev vaade L\u00e4\u00e4nemerele ja Tallinna siluetile. Meie hinnatud men\u00fc\u00fc juurde sobib suurep\u00e4raselt veinivalik, mille on hoolikalt kokku pannud peasommeljee J\u00fcri Viital. Tema tagab maitseelamuse, mis r\u00f5\u00f5mustab k\u00f5iki meeli. Tere tulemast Horisonti, kus igal roal on oma lugu.<\/span><\/p>\n<p style=\"text-align: center\"><a href=\"https:\/\/horisontrestoran.ee\/\">Avastage meie veebisait <\/a><\/p>\n","protected":false},"excerpt":{"rendered":"<p>Avastage Swiss\u00f4tel Tallinna k\u00f5rgeimal korrusel asuv fine dining-restoran Horisont, kus Prantsuse k\u00f6\u00f6k seguneb Aasia maitsetega. Andeka peakoka Marko S\u00f5meri k\u00e4e all valminud men\u00fc\u00fcd iseloomustavad kvaliteetsed koostisosad ja uudsed kooslused, mis pakuvad unustamatuid maitseelamusi. Nautige tekstuuri-, v\u00e4rvi- ja maitseharmooniat, mida t\u00e4iustab S\u00f5meri rahvusvaheline kogemus. Restoran asub 30. korrusel, kust avaneb hingemattev vaade L\u00e4\u00e4nemerele ja Tallinna siluetile. [&hellip;]<\/p>\n","protected":false},"author":98,"featured_media":0,"parent":578,"menu_order":0,"comment_status":"closed","ping_status":"closed","template":"template-restaurant.php","meta":{"footnotes":""},"categories":[],"class_list":["post-580","page","type-page","status-publish","hentry"],"acf":[],"yoast_head":"<!-- This site is optimized with the Yoast SEO plugin v26.9 - https:\/\/yoast.com\/product\/yoast-seo-wordpress\/ -->\n<title>Michelini-v\u00e4\u00e4riline maitseelamus restoranis ja baaris Horisont<\/title>\n<meta name=\"description\" content=\"Avastage Swiss\u00f4tel Tallinna k\u00f5rgeimal korrusel asuv restoran ja baar Horisont \u2013 Michelin Guide Selectioni valik 2023 ja 2022. Peakokk Marko S\u00f5mer on pannud kokku Prantsuse k\u00f6\u00f6gist ja Aasia maitsetest inspireeritud men\u00fc\u00fc, mida t\u00e4iustavad v\u00f5rratu vaade ning hoolikalt koostatud veinikaart.\" \/>\n<meta name=\"robots\" content=\"index, follow, max-snippet:-1, max-image-preview:large, max-video-preview:-1\" \/>\n<link rel=\"canonical\" href=\"https:\/\/www.swissoteltallinn.com\/et\/restoranid-ja-baarid\/restoran-ja-baar-horisont\/\" \/>\n<meta property=\"og:locale\" content=\"et_EE\" \/>\n<meta property=\"og:type\" content=\"article\" \/>\n<meta property=\"og:title\" content=\"Michelini-v\u00e4\u00e4riline maitseelamus restoranis ja baaris Horisont\" \/>\n<meta property=\"og:description\" content=\"Avastage Swiss\u00f4tel Tallinna k\u00f5rgeimal korrusel asuv restoran ja baar Horisont \u2013 Michelin Guide Selectioni valik 2023 ja 2022. Peakokk Marko S\u00f5mer on pannud kokku Prantsuse k\u00f6\u00f6gist ja Aasia maitsetest inspireeritud men\u00fc\u00fc, mida t\u00e4iustavad v\u00f5rratu vaade ning hoolikalt koostatud veinikaart.\" \/>\n<meta property=\"og:url\" content=\"https:\/\/www.swissoteltallinn.com\/et\/restoranid-ja-baarid\/restoran-ja-baar-horisont\/\" \/>\n<meta property=\"og:site_name\" content=\"Swissotel Tallinn\" \/>\n<meta property=\"article:publisher\" content=\"https:\/\/www.facebook.com\/SwissotelTallinn\" \/>\n<meta property=\"article:modified_time\" content=\"2026-04-06T10:54:31+00:00\" \/>\n<meta name=\"twitter:card\" content=\"summary_large_image\" \/>\n<meta name=\"twitter:label1\" content=\"Est. reading time\" \/>\n\t<meta name=\"twitter:data1\" content=\"1 minut\" \/>\n<script type=\"application\/ld+json\" class=\"yoast-schema-graph\">{\"@context\":\"https:\/\/schema.org\",\"@graph\":[{\"@type\":\"WebPage\",\"@id\":\"https:\/\/www.swissoteltallinn.com\/et\/restoranid-ja-baarid\/restoran-ja-baar-horisont\/\",\"url\":\"https:\/\/www.swissoteltallinn.com\/et\/restoranid-ja-baarid\/restoran-ja-baar-horisont\/\",\"name\":\"Michelini-v\u00e4\u00e4riline maitseelamus restoranis ja baaris Horisont\",\"isPartOf\":{\"@id\":\"https:\/\/www.swissoteltallinn.com\/#website\"},\"datePublished\":\"2024-05-28T13:21:12+00:00\",\"dateModified\":\"2026-04-06T10:54:31+00:00\",\"description\":\"Avastage Swiss\u00f4tel Tallinna k\u00f5rgeimal korrusel asuv restoran ja baar Horisont \u2013 Michelin Guide Selectioni valik 2023 ja 2022. Peakokk Marko S\u00f5mer on pannud kokku Prantsuse k\u00f6\u00f6gist ja Aasia maitsetest inspireeritud men\u00fc\u00fc, mida t\u00e4iustavad v\u00f5rratu vaade ning hoolikalt koostatud veinikaart.\",\"breadcrumb\":{\"@id\":\"https:\/\/www.swissoteltallinn.com\/et\/restoranid-ja-baarid\/restoran-ja-baar-horisont\/#breadcrumb\"},\"inLanguage\":\"et\",\"potentialAction\":[{\"@type\":\"ReadAction\",\"target\":[\"https:\/\/www.swissoteltallinn.com\/et\/restoranid-ja-baarid\/restoran-ja-baar-horisont\/\"]}]},{\"@type\":\"BreadcrumbList\",\"@id\":\"https:\/\/www.swissoteltallinn.com\/et\/restoranid-ja-baarid\/restoran-ja-baar-horisont\/#breadcrumb\",\"itemListElement\":[{\"@type\":\"ListItem\",\"position\":1,\"name\":\"Home\",\"item\":\"https:\/\/www.swissoteltallinn.com\/et\/\"},{\"@type\":\"ListItem\",\"position\":2,\"name\":\"RESTORANID JA BAARID\",\"item\":\"https:\/\/www.swissoteltallinn.com\/et\/dining\/\"},{\"@type\":\"ListItem\",\"position\":3,\"name\":\"Horisont Restoran &amp; Baar\"}]},{\"@type\":\"WebSite\",\"@id\":\"https:\/\/www.swissoteltallinn.com\/#website\",\"url\":\"https:\/\/www.swissoteltallinn.com\/\",\"name\":\"Swissotel Tallinn\",\"description\":\"\",\"publisher\":{\"@id\":\"https:\/\/www.swissoteltallinn.com\/#organization\"},\"potentialAction\":[{\"@type\":\"SearchAction\",\"target\":{\"@type\":\"EntryPoint\",\"urlTemplate\":\"https:\/\/www.swissoteltallinn.com\/?s={search_term_string}\"},\"query-input\":{\"@type\":\"PropertyValueSpecification\",\"valueRequired\":true,\"valueName\":\"search_term_string\"}}],\"inLanguage\":\"et\"},{\"@type\":\"Organization\",\"@id\":\"https:\/\/www.swissoteltallinn.com\/#organization\",\"name\":\"Swissotel Tallinn\",\"url\":\"https:\/\/www.swissoteltallinn.com\/\",\"logo\":{\"@type\":\"ImageObject\",\"inLanguage\":\"et\",\"@id\":\"https:\/\/www.swissoteltallinn.com\/#\/schema\/logo\/image\/\",\"url\":\"https:\/\/www.swissoteltallinn.com\/wp-content\/uploads\/sites\/107\/2024\/07\/Swissotel-Tallinn-logo.jpg\",\"contentUrl\":\"https:\/\/www.swissoteltallinn.com\/wp-content\/uploads\/sites\/107\/2024\/07\/Swissotel-Tallinn-logo.jpg\",\"width\":1800,\"height\":379,\"caption\":\"Swissotel Tallinn\"},\"image\":{\"@id\":\"https:\/\/www.swissoteltallinn.com\/#\/schema\/logo\/image\/\"},\"sameAs\":[\"https:\/\/www.facebook.com\/SwissotelTallinn\",\"https:\/\/ee.linkedin.com\/company\/swiss-tel-tallinn-estonia\",\"https:\/\/www.youtube.com\/channel\/UC-SFkHuVOioVnEI78gVBQrg\",\"https:\/\/www.instagram.com\/swissoteltallinn\/\"]}]}<\/script>\n<!-- \/ Yoast SEO plugin. -->","yoast_head_json":{"title":"Michelini-v\u00e4\u00e4riline maitseelamus restoranis ja baaris Horisont","description":"Avastage Swiss\u00f4tel Tallinna k\u00f5rgeimal korrusel asuv restoran ja baar Horisont \u2013 Michelin Guide Selectioni valik 2023 ja 2022. Peakokk Marko S\u00f5mer on pannud kokku Prantsuse k\u00f6\u00f6gist ja Aasia maitsetest inspireeritud men\u00fc\u00fc, mida t\u00e4iustavad v\u00f5rratu vaade ning hoolikalt koostatud veinikaart.","robots":{"index":"index","follow":"follow","max-snippet":"max-snippet:-1","max-image-preview":"max-image-preview:large","max-video-preview":"max-video-preview:-1"},"canonical":"https:\/\/www.swissoteltallinn.com\/et\/restoranid-ja-baarid\/restoran-ja-baar-horisont\/","og_locale":"et_EE","og_type":"article","og_title":"Michelini-v\u00e4\u00e4riline maitseelamus restoranis ja baaris Horisont","og_description":"Avastage Swiss\u00f4tel Tallinna k\u00f5rgeimal korrusel asuv restoran ja baar Horisont \u2013 Michelin Guide Selectioni valik 2023 ja 2022. Peakokk Marko S\u00f5mer on pannud kokku Prantsuse k\u00f6\u00f6gist ja Aasia maitsetest inspireeritud men\u00fc\u00fc, mida t\u00e4iustavad v\u00f5rratu vaade ning hoolikalt koostatud veinikaart.","og_url":"https:\/\/www.swissoteltallinn.com\/et\/restoranid-ja-baarid\/restoran-ja-baar-horisont\/","og_site_name":"Swissotel Tallinn","article_publisher":"https:\/\/www.facebook.com\/SwissotelTallinn","article_modified_time":"2026-04-06T10:54:31+00:00","twitter_card":"summary_large_image","twitter_misc":{"Est. reading time":"1 minut"},"schema":{"@context":"https:\/\/schema.org","@graph":[{"@type":"WebPage","@id":"https:\/\/www.swissoteltallinn.com\/et\/restoranid-ja-baarid\/restoran-ja-baar-horisont\/","url":"https:\/\/www.swissoteltallinn.com\/et\/restoranid-ja-baarid\/restoran-ja-baar-horisont\/","name":"Michelini-v\u00e4\u00e4riline maitseelamus restoranis ja baaris Horisont","isPartOf":{"@id":"https:\/\/www.swissoteltallinn.com\/#website"},"datePublished":"2024-05-28T13:21:12+00:00","dateModified":"2026-04-06T10:54:31+00:00","description":"Avastage Swiss\u00f4tel Tallinna k\u00f5rgeimal korrusel asuv restoran ja baar Horisont \u2013 Michelin Guide Selectioni valik 2023 ja 2022. Peakokk Marko S\u00f5mer on pannud kokku Prantsuse k\u00f6\u00f6gist ja Aasia maitsetest inspireeritud men\u00fc\u00fc, mida t\u00e4iustavad v\u00f5rratu vaade ning hoolikalt koostatud veinikaart.","breadcrumb":{"@id":"https:\/\/www.swissoteltallinn.com\/et\/restoranid-ja-baarid\/restoran-ja-baar-horisont\/#breadcrumb"},"inLanguage":"et","potentialAction":[{"@type":"ReadAction","target":["https:\/\/www.swissoteltallinn.com\/et\/restoranid-ja-baarid\/restoran-ja-baar-horisont\/"]}]},{"@type":"BreadcrumbList","@id":"https:\/\/www.swissoteltallinn.com\/et\/restoranid-ja-baarid\/restoran-ja-baar-horisont\/#breadcrumb","itemListElement":[{"@type":"ListItem","position":1,"name":"Home","item":"https:\/\/www.swissoteltallinn.com\/et\/"},{"@type":"ListItem","position":2,"name":"RESTORANID JA BAARID","item":"https:\/\/www.swissoteltallinn.com\/et\/dining\/"},{"@type":"ListItem","position":3,"name":"Horisont Restoran &amp; Baar"}]},{"@type":"WebSite","@id":"https:\/\/www.swissoteltallinn.com\/#website","url":"https:\/\/www.swissoteltallinn.com\/","name":"Swissotel Tallinn","description":"","publisher":{"@id":"https:\/\/www.swissoteltallinn.com\/#organization"},"potentialAction":[{"@type":"SearchAction","target":{"@type":"EntryPoint","urlTemplate":"https:\/\/www.swissoteltallinn.com\/?s={search_term_string}"},"query-input":{"@type":"PropertyValueSpecification","valueRequired":true,"valueName":"search_term_string"}}],"inLanguage":"et"},{"@type":"Organization","@id":"https:\/\/www.swissoteltallinn.com\/#organization","name":"Swissotel Tallinn","url":"https:\/\/www.swissoteltallinn.com\/","logo":{"@type":"ImageObject","inLanguage":"et","@id":"https:\/\/www.swissoteltallinn.com\/#\/schema\/logo\/image\/","url":"https:\/\/www.swissoteltallinn.com\/wp-content\/uploads\/sites\/107\/2024\/07\/Swissotel-Tallinn-logo.jpg","contentUrl":"https:\/\/www.swissoteltallinn.com\/wp-content\/uploads\/sites\/107\/2024\/07\/Swissotel-Tallinn-logo.jpg","width":1800,"height":379,"caption":"Swissotel Tallinn"},"image":{"@id":"https:\/\/www.swissoteltallinn.com\/#\/schema\/logo\/image\/"},"sameAs":["https:\/\/www.facebook.com\/SwissotelTallinn","https:\/\/ee.linkedin.com\/company\/swiss-tel-tallinn-estonia","https:\/\/www.youtube.com\/channel\/UC-SFkHuVOioVnEI78gVBQrg","https:\/\/www.instagram.com\/swissoteltallinn\/"]}]}},"_links":{"self":[{"href":"https:\/\/www.swissoteltallinn.com\/et\/wp-json\/wp\/v2\/pages\/580","targetHints":{"allow":["GET"]}}],"collection":[{"href":"https:\/\/www.swissoteltallinn.com\/et\/wp-json\/wp\/v2\/pages"}],"about":[{"href":"https:\/\/www.swissoteltallinn.com\/et\/wp-json\/wp\/v2\/types\/page"}],"author":[{"embeddable":true,"href":"https:\/\/www.swissoteltallinn.com\/et\/wp-json\/wp\/v2\/users\/98"}],"replies":[{"embeddable":true,"href":"https:\/\/www.swissoteltallinn.com\/et\/wp-json\/wp\/v2\/comments?post=580"}],"version-history":[{"count":3,"href":"https:\/\/www.swissoteltallinn.com\/et\/wp-json\/wp\/v2\/pages\/580\/revisions"}],"predecessor-version":[{"id":1213,"href":"https:\/\/www.swissoteltallinn.com\/et\/wp-json\/wp\/v2\/pages\/580\/revisions\/1213"}],"up":[{"embeddable":true,"href":"https:\/\/www.swissoteltallinn.com\/et\/wp-json\/wp\/v2\/pages\/578"}],"wp:attachment":[{"href":"https:\/\/www.swissoteltallinn.com\/et\/wp-json\/wp\/v2\/media?parent=580"}],"wp:term":[{"taxonomy":"category","embeddable":true,"href":"https:\/\/www.swissoteltallinn.com\/et\/wp-json\/wp\/v2\/categories?post=580"}],"curies":[{"name":"wp","href":"https:\/\/api.w.org\/{rel}","templated":true}]}}