{"id":578,"date":"2024-05-28T12:41:46","date_gmt":"2024-05-28T12:41:46","guid":{"rendered":"https:\/\/swissotel-tallinn.accorv2prod.decms.eu\/dining\/"},"modified":"2024-11-13T16:08:37","modified_gmt":"2024-11-13T16:08:37","slug":"restoranid-ja-baarid","status":"publish","type":"page","link":"https:\/\/www.swissoteltallinn.com\/et\/restoranid-ja-baarid\/","title":{"rendered":"RESTORANID JA BAARID"},"content":{"rendered":"<p style=\"text-align: center;\"><span data-sheets-root=\"1\">Swiss\u00f4tel Tallinnas on einestamine midagi enamat kui lihtsalt keha kinnitamine \u2013 see viib teid erakordsele r\u00e4nnakule, mis haarab k\u00f5ik meeled. Hotelli k\u00f5rgeimal korrusel asuvas restoranis ja baaris Horisont pakutakse Prantsuse k\u00f6\u00f6gist inspireeritud men\u00fc\u00fcd, millele lisavad v\u00fcrtsi Aasia eksootilised maitsed. Eesti kokkade meeskonda juhtiva peakoka Marko S\u00f5meri k\u00e4e all valmib men\u00fc\u00fc, mis viib k\u00fclalised kulinaariar\u00e4nnakule, kus iga roog pakub peeneid maitseelamusi ja uudseid n\u00fcansse. <\/span><\/p>\n<p style=\"text-align: center;\"><span data-sheets-root=\"1\">Horisondi baar r\u00f5\u00f5mustab oma signatuurkokteilide valiku ja casual-stiilis baarimen\u00fc\u00fcga, mis sobib neile, kes eelistavad vabamat, kuid samav\u00f5rd elegantset \u00f5hkkonda. No3 Lobby Bar &amp; Deli ootab k\u00fclalisi kohapeal valminud k\u00fcpsetiste, v\u00f5ileibade ja joogivalikuga, sobides t\u00e4iuslikult kiire kohtumise v\u00f5i rahuliku einestamise kohaks. Restoran The Quarter serveerib rikkalikku bufee-hommikus\u00f6\u00f6ki ja brunch&#8217;i, pakkudes p\u00e4evale meeldivat algust. <\/span><\/p>\n","protected":false},"excerpt":{"rendered":"<p>Swiss\u00f4tel Tallinnas on einestamine midagi enamat kui lihtsalt keha kinnitamine \u2013 see viib teid erakordsele r\u00e4nnakule, mis haarab k\u00f5ik meeled. Hotelli k\u00f5rgeimal korrusel asuvas restoranis ja baaris Horisont pakutakse Prantsuse k\u00f6\u00f6gist inspireeritud men\u00fc\u00fcd, millele lisavad v\u00fcrtsi Aasia eksootilised maitsed. Eesti kokkade meeskonda juhtiva peakoka Marko S\u00f5meri k\u00e4e all valmib men\u00fc\u00fc, mis viib k\u00fclalised kulinaariar\u00e4nnakule, kus [&hellip;]<\/p>\n","protected":false},"author":98,"featured_media":0,"parent":0,"menu_order":3,"comment_status":"closed","ping_status":"closed","template":"template-restaurants.php","meta":{"footnotes":""},"categories":[],"class_list":["post-578","page","type-page","status-publish","hentry"],"acf":[],"yoast_head":"<!-- This site is optimized with the Yoast SEO plugin v26.9 - https:\/\/yoast.com\/product\/yoast-seo-wordpress\/ -->\n<title>Kulinaariah\u00f5rgutised Swiss\u00f4tel Tallinnas<\/title>\n<meta name=\"description\" content=\"Nautige erakordseid roogi restoranis ja baaris Horisont, mille peakokk on Marko S\u00f5mer. No3 Lobby Bar &amp; Delis pakutakse kohapeal valminud k\u00fcpsetisi ja restoranis The Quarter serveeritakse rikkalikku bufee-hommikus\u00f6\u00f6ki.\" \/>\n<meta name=\"robots\" content=\"index, follow, max-snippet:-1, max-image-preview:large, max-video-preview:-1\" \/>\n<link rel=\"canonical\" href=\"https:\/\/www.swissoteltallinn.com\/et\/restoranid-ja-baarid\/\" \/>\n<meta property=\"og:locale\" content=\"et_EE\" \/>\n<meta property=\"og:type\" content=\"article\" \/>\n<meta property=\"og:title\" content=\"Kulinaariah\u00f5rgutised Swiss\u00f4tel Tallinnas\" \/>\n<meta property=\"og:description\" content=\"Nautige erakordseid roogi restoranis ja baaris Horisont, mille peakokk on Marko S\u00f5mer. No3 Lobby Bar &amp; Delis pakutakse kohapeal valminud k\u00fcpsetisi ja restoranis The Quarter serveeritakse rikkalikku bufee-hommikus\u00f6\u00f6ki.\" \/>\n<meta property=\"og:url\" content=\"https:\/\/www.swissoteltallinn.com\/et\/restoranid-ja-baarid\/\" \/>\n<meta property=\"og:site_name\" content=\"Swissotel Tallinn\" \/>\n<meta property=\"article:publisher\" content=\"https:\/\/www.facebook.com\/SwissotelTallinn\" \/>\n<meta property=\"article:modified_time\" content=\"2024-11-13T16:08:37+00:00\" \/>\n<meta name=\"twitter:card\" content=\"summary_large_image\" \/>\n<meta name=\"twitter:label1\" content=\"Est. reading time\" \/>\n\t<meta name=\"twitter:data1\" content=\"1 minut\" \/>\n<script type=\"application\/ld+json\" class=\"yoast-schema-graph\">{\"@context\":\"https:\/\/schema.org\",\"@graph\":[{\"@type\":\"WebPage\",\"@id\":\"https:\/\/www.swissoteltallinn.com\/et\/restoranid-ja-baarid\/\",\"url\":\"https:\/\/www.swissoteltallinn.com\/et\/restoranid-ja-baarid\/\",\"name\":\"Kulinaariah\u00f5rgutised Swiss\u00f4tel Tallinnas\",\"isPartOf\":{\"@id\":\"https:\/\/www.swissoteltallinn.com\/#website\"},\"datePublished\":\"2024-05-28T12:41:46+00:00\",\"dateModified\":\"2024-11-13T16:08:37+00:00\",\"description\":\"Nautige erakordseid roogi restoranis ja baaris Horisont, mille peakokk on Marko S\u00f5mer. No3 Lobby Bar & Delis pakutakse kohapeal valminud k\u00fcpsetisi ja restoranis The Quarter serveeritakse rikkalikku bufee-hommikus\u00f6\u00f6ki.\",\"breadcrumb\":{\"@id\":\"https:\/\/www.swissoteltallinn.com\/et\/restoranid-ja-baarid\/#breadcrumb\"},\"inLanguage\":\"et\",\"potentialAction\":[{\"@type\":\"ReadAction\",\"target\":[\"https:\/\/www.swissoteltallinn.com\/et\/restoranid-ja-baarid\/\"]}]},{\"@type\":\"BreadcrumbList\",\"@id\":\"https:\/\/www.swissoteltallinn.com\/et\/restoranid-ja-baarid\/#breadcrumb\",\"itemListElement\":[{\"@type\":\"ListItem\",\"position\":1,\"name\":\"Home\",\"item\":\"https:\/\/www.swissoteltallinn.com\/et\/\"},{\"@type\":\"ListItem\",\"position\":2,\"name\":\"RESTORANID JA BAARID\"}]},{\"@type\":\"WebSite\",\"@id\":\"https:\/\/www.swissoteltallinn.com\/#website\",\"url\":\"https:\/\/www.swissoteltallinn.com\/\",\"name\":\"Swissotel Tallinn\",\"description\":\"\",\"publisher\":{\"@id\":\"https:\/\/www.swissoteltallinn.com\/#organization\"},\"potentialAction\":[{\"@type\":\"SearchAction\",\"target\":{\"@type\":\"EntryPoint\",\"urlTemplate\":\"https:\/\/www.swissoteltallinn.com\/?s={search_term_string}\"},\"query-input\":{\"@type\":\"PropertyValueSpecification\",\"valueRequired\":true,\"valueName\":\"search_term_string\"}}],\"inLanguage\":\"et\"},{\"@type\":\"Organization\",\"@id\":\"https:\/\/www.swissoteltallinn.com\/#organization\",\"name\":\"Swissotel Tallinn\",\"url\":\"https:\/\/www.swissoteltallinn.com\/\",\"logo\":{\"@type\":\"ImageObject\",\"inLanguage\":\"et\",\"@id\":\"https:\/\/www.swissoteltallinn.com\/#\/schema\/logo\/image\/\",\"url\":\"https:\/\/www.swissoteltallinn.com\/wp-content\/uploads\/sites\/107\/2024\/07\/Swissotel-Tallinn-logo.jpg\",\"contentUrl\":\"https:\/\/www.swissoteltallinn.com\/wp-content\/uploads\/sites\/107\/2024\/07\/Swissotel-Tallinn-logo.jpg\",\"width\":1800,\"height\":379,\"caption\":\"Swissotel Tallinn\"},\"image\":{\"@id\":\"https:\/\/www.swissoteltallinn.com\/#\/schema\/logo\/image\/\"},\"sameAs\":[\"https:\/\/www.facebook.com\/SwissotelTallinn\",\"https:\/\/ee.linkedin.com\/company\/swiss-tel-tallinn-estonia\",\"https:\/\/www.youtube.com\/channel\/UC-SFkHuVOioVnEI78gVBQrg\",\"https:\/\/www.instagram.com\/swissoteltallinn\/\"]}]}<\/script>\n<!-- \/ Yoast SEO plugin. -->","yoast_head_json":{"title":"Kulinaariah\u00f5rgutised Swiss\u00f4tel Tallinnas","description":"Nautige erakordseid roogi restoranis ja baaris Horisont, mille peakokk on Marko S\u00f5mer. No3 Lobby Bar & Delis pakutakse kohapeal valminud k\u00fcpsetisi ja restoranis The Quarter serveeritakse rikkalikku bufee-hommikus\u00f6\u00f6ki.","robots":{"index":"index","follow":"follow","max-snippet":"max-snippet:-1","max-image-preview":"max-image-preview:large","max-video-preview":"max-video-preview:-1"},"canonical":"https:\/\/www.swissoteltallinn.com\/et\/restoranid-ja-baarid\/","og_locale":"et_EE","og_type":"article","og_title":"Kulinaariah\u00f5rgutised Swiss\u00f4tel Tallinnas","og_description":"Nautige erakordseid roogi restoranis ja baaris Horisont, mille peakokk on Marko S\u00f5mer. No3 Lobby Bar & Delis pakutakse kohapeal valminud k\u00fcpsetisi ja restoranis The Quarter serveeritakse rikkalikku bufee-hommikus\u00f6\u00f6ki.","og_url":"https:\/\/www.swissoteltallinn.com\/et\/restoranid-ja-baarid\/","og_site_name":"Swissotel Tallinn","article_publisher":"https:\/\/www.facebook.com\/SwissotelTallinn","article_modified_time":"2024-11-13T16:08:37+00:00","twitter_card":"summary_large_image","twitter_misc":{"Est. reading time":"1 minut"},"schema":{"@context":"https:\/\/schema.org","@graph":[{"@type":"WebPage","@id":"https:\/\/www.swissoteltallinn.com\/et\/restoranid-ja-baarid\/","url":"https:\/\/www.swissoteltallinn.com\/et\/restoranid-ja-baarid\/","name":"Kulinaariah\u00f5rgutised Swiss\u00f4tel Tallinnas","isPartOf":{"@id":"https:\/\/www.swissoteltallinn.com\/#website"},"datePublished":"2024-05-28T12:41:46+00:00","dateModified":"2024-11-13T16:08:37+00:00","description":"Nautige erakordseid roogi restoranis ja baaris Horisont, mille peakokk on Marko S\u00f5mer. No3 Lobby Bar & Delis pakutakse kohapeal valminud k\u00fcpsetisi ja restoranis The Quarter serveeritakse rikkalikku bufee-hommikus\u00f6\u00f6ki.","breadcrumb":{"@id":"https:\/\/www.swissoteltallinn.com\/et\/restoranid-ja-baarid\/#breadcrumb"},"inLanguage":"et","potentialAction":[{"@type":"ReadAction","target":["https:\/\/www.swissoteltallinn.com\/et\/restoranid-ja-baarid\/"]}]},{"@type":"BreadcrumbList","@id":"https:\/\/www.swissoteltallinn.com\/et\/restoranid-ja-baarid\/#breadcrumb","itemListElement":[{"@type":"ListItem","position":1,"name":"Home","item":"https:\/\/www.swissoteltallinn.com\/et\/"},{"@type":"ListItem","position":2,"name":"RESTORANID JA BAARID"}]},{"@type":"WebSite","@id":"https:\/\/www.swissoteltallinn.com\/#website","url":"https:\/\/www.swissoteltallinn.com\/","name":"Swissotel Tallinn","description":"","publisher":{"@id":"https:\/\/www.swissoteltallinn.com\/#organization"},"potentialAction":[{"@type":"SearchAction","target":{"@type":"EntryPoint","urlTemplate":"https:\/\/www.swissoteltallinn.com\/?s={search_term_string}"},"query-input":{"@type":"PropertyValueSpecification","valueRequired":true,"valueName":"search_term_string"}}],"inLanguage":"et"},{"@type":"Organization","@id":"https:\/\/www.swissoteltallinn.com\/#organization","name":"Swissotel Tallinn","url":"https:\/\/www.swissoteltallinn.com\/","logo":{"@type":"ImageObject","inLanguage":"et","@id":"https:\/\/www.swissoteltallinn.com\/#\/schema\/logo\/image\/","url":"https:\/\/www.swissoteltallinn.com\/wp-content\/uploads\/sites\/107\/2024\/07\/Swissotel-Tallinn-logo.jpg","contentUrl":"https:\/\/www.swissoteltallinn.com\/wp-content\/uploads\/sites\/107\/2024\/07\/Swissotel-Tallinn-logo.jpg","width":1800,"height":379,"caption":"Swissotel Tallinn"},"image":{"@id":"https:\/\/www.swissoteltallinn.com\/#\/schema\/logo\/image\/"},"sameAs":["https:\/\/www.facebook.com\/SwissotelTallinn","https:\/\/ee.linkedin.com\/company\/swiss-tel-tallinn-estonia","https:\/\/www.youtube.com\/channel\/UC-SFkHuVOioVnEI78gVBQrg","https:\/\/www.instagram.com\/swissoteltallinn\/"]}]}},"_links":{"self":[{"href":"https:\/\/www.swissoteltallinn.com\/et\/wp-json\/wp\/v2\/pages\/578","targetHints":{"allow":["GET"]}}],"collection":[{"href":"https:\/\/www.swissoteltallinn.com\/et\/wp-json\/wp\/v2\/pages"}],"about":[{"href":"https:\/\/www.swissoteltallinn.com\/et\/wp-json\/wp\/v2\/types\/page"}],"author":[{"embeddable":true,"href":"https:\/\/www.swissoteltallinn.com\/et\/wp-json\/wp\/v2\/users\/98"}],"replies":[{"embeddable":true,"href":"https:\/\/www.swissoteltallinn.com\/et\/wp-json\/wp\/v2\/comments?post=578"}],"version-history":[{"count":0,"href":"https:\/\/www.swissoteltallinn.com\/et\/wp-json\/wp\/v2\/pages\/578\/revisions"}],"wp:attachment":[{"href":"https:\/\/www.swissoteltallinn.com\/et\/wp-json\/wp\/v2\/media?parent=578"}],"wp:term":[{"taxonomy":"category","embeddable":true,"href":"https:\/\/www.swissoteltallinn.com\/et\/wp-json\/wp\/v2\/categories?post=578"}],"curies":[{"name":"wp","href":"https:\/\/api.w.org\/{rel}","templated":true}]}}