{"id":572,"date":"2024-05-27T13:18:57","date_gmt":"2024-05-27T13:18:57","guid":{"rendered":"https:\/\/swissotel-tallinn.accorv2prod.decms.eu\/toad-ja-sviidid\/presidential-suite\/"},"modified":"2024-11-22T11:57:25","modified_gmt":"2024-11-22T11:57:25","slug":"presidendisviit","status":"publish","type":"page","link":"https:\/\/www.swissoteltallinn.com\/et\/toad-ja-sviidid\/presidendisviit\/","title":{"rendered":"PRESIDENDISVIIT"},"content":{"rendered":"<p style=\"text-align: center;\"><span data-sheets-root=\"1\">Avastage Swiss\u00f4tel Tallinna presidendisviidi v\u00f5rreldamatu elegants, kus iga detail on loodud selleks, et teie siinviibimine oleks erakordne. Nii elu- kui ka s\u00f6\u00f6giala ehivad uhked l\u00fchtrid, mis heidavad ruumidele peene elegantsi s\u00e4ra. T\u00e4isvarustusega k\u00f6\u00f6ginurgas on v\u00f5imalus korraldada \u00f5dusaid koosviibimisi. <\/span><\/p>\n<p style=\"text-align: center;\"><span data-sheets-root=\"1\">Selles sviidis on kaks k\u00fclluslikult sisustatud magamistuba, kumbki eraldi vannitoa ja privaatsaunaga, mis viib luksuse uuele tasemele. Hotelli k\u00f5rgeimal korrusel asuvast presidendisviidist avanevad hingematvad vaated Tallinnale ja L\u00e4\u00e4nemerele, mis teevad k\u00fclastuse veelgi k\u00fclluslikumaks ja erakordsemaks.<\/span><\/p>\n","protected":false},"excerpt":{"rendered":"<p>Avastage Swiss\u00f4tel Tallinna presidendisviidi v\u00f5rreldamatu elegants, kus iga detail on loodud selleks, et teie siinviibimine oleks erakordne. Nii elu- kui ka s\u00f6\u00f6giala ehivad uhked l\u00fchtrid, mis heidavad ruumidele peene elegantsi s\u00e4ra. T\u00e4isvarustusega k\u00f6\u00f6ginurgas on v\u00f5imalus korraldada \u00f5dusaid koosviibimisi. Selles sviidis on kaks k\u00fclluslikult sisustatud magamistuba, kumbki eraldi vannitoa ja privaatsaunaga, mis viib luksuse uuele tasemele. [&hellip;]<\/p>\n","protected":false},"author":98,"featured_media":0,"parent":522,"menu_order":0,"comment_status":"closed","ping_status":"closed","template":"template-room.php","meta":{"footnotes":""},"categories":[45],"class_list":["post-572","page","type-page","status-publish","hentry","category-presidential-suite-et"],"acf":[],"yoast_head":"<!-- This site is optimized with the Yoast SEO plugin v26.9 - https:\/\/yoast.com\/product\/yoast-seo-wordpress\/ -->\n<title>Nautige k\u00fcllust: Swiss\u00f4tel Tallinna presidendisviit<\/title>\n<meta name=\"description\" content=\"Avastage elegantne luksus Swiss\u00f4tel Tallinna presidendisviidis. Nautige panoraamvaateid, t\u00e4isvarustuses k\u00f6\u00f6ginurka, privaatsauna ja k\u00fcllusliku sisustusega magamistube koos luksusliku vannitoaga. K\u00f5rgeimal korrusel asuvast sviidist avaneb hingematvalt kaunis vaade.\" \/>\n<meta name=\"robots\" content=\"index, follow, max-snippet:-1, max-image-preview:large, max-video-preview:-1\" \/>\n<link rel=\"canonical\" href=\"https:\/\/www.swissoteltallinn.com\/et\/toad-ja-sviidid\/presidendisviit\/\" \/>\n<meta property=\"og:locale\" content=\"et_EE\" \/>\n<meta property=\"og:type\" content=\"article\" \/>\n<meta property=\"og:title\" content=\"Nautige k\u00fcllust: Swiss\u00f4tel Tallinna presidendisviit\" \/>\n<meta property=\"og:description\" content=\"Avastage elegantne luksus Swiss\u00f4tel Tallinna presidendisviidis. Nautige panoraamvaateid, t\u00e4isvarustuses k\u00f6\u00f6ginurka, privaatsauna ja k\u00fcllusliku sisustusega magamistube koos luksusliku vannitoaga. K\u00f5rgeimal korrusel asuvast sviidist avaneb hingematvalt kaunis vaade.\" \/>\n<meta property=\"og:url\" content=\"https:\/\/www.swissoteltallinn.com\/et\/toad-ja-sviidid\/presidendisviit\/\" \/>\n<meta property=\"og:site_name\" content=\"Swissotel Tallinn\" \/>\n<meta property=\"article:publisher\" content=\"https:\/\/www.facebook.com\/SwissotelTallinn\" \/>\n<meta property=\"article:modified_time\" content=\"2024-11-22T11:57:25+00:00\" \/>\n<meta name=\"twitter:card\" content=\"summary_large_image\" \/>\n<meta name=\"twitter:label1\" content=\"Est. reading time\" \/>\n\t<meta name=\"twitter:data1\" content=\"1 minut\" \/>\n<script type=\"application\/ld+json\" class=\"yoast-schema-graph\">{\"@context\":\"https:\/\/schema.org\",\"@graph\":[{\"@type\":\"WebPage\",\"@id\":\"https:\/\/www.swissoteltallinn.com\/et\/toad-ja-sviidid\/presidendisviit\/\",\"url\":\"https:\/\/www.swissoteltallinn.com\/et\/toad-ja-sviidid\/presidendisviit\/\",\"name\":\"Nautige k\u00fcllust: Swiss\u00f4tel Tallinna presidendisviit\",\"isPartOf\":{\"@id\":\"https:\/\/www.swissoteltallinn.com\/#website\"},\"datePublished\":\"2024-05-27T13:18:57+00:00\",\"dateModified\":\"2024-11-22T11:57:25+00:00\",\"description\":\"Avastage elegantne luksus Swiss\u00f4tel Tallinna presidendisviidis. Nautige panoraamvaateid, t\u00e4isvarustuses k\u00f6\u00f6ginurka, privaatsauna ja k\u00fcllusliku sisustusega magamistube koos luksusliku vannitoaga. K\u00f5rgeimal korrusel asuvast sviidist avaneb hingematvalt kaunis vaade.\",\"breadcrumb\":{\"@id\":\"https:\/\/www.swissoteltallinn.com\/et\/toad-ja-sviidid\/presidendisviit\/#breadcrumb\"},\"inLanguage\":\"et\",\"potentialAction\":[{\"@type\":\"ReadAction\",\"target\":[\"https:\/\/www.swissoteltallinn.com\/et\/toad-ja-sviidid\/presidendisviit\/\"]}]},{\"@type\":\"BreadcrumbList\",\"@id\":\"https:\/\/www.swissoteltallinn.com\/et\/toad-ja-sviidid\/presidendisviit\/#breadcrumb\",\"itemListElement\":[{\"@type\":\"ListItem\",\"position\":1,\"name\":\"Home\",\"item\":\"https:\/\/www.swissoteltallinn.com\/et\/\"},{\"@type\":\"ListItem\",\"position\":2,\"name\":\"TOAD JA SVIIDID\",\"item\":\"https:\/\/www.swissoteltallinn.com\/et\/rooms-suites\/\"},{\"@type\":\"ListItem\",\"position\":3,\"name\":\"PRESIDENDISVIIT\"}]},{\"@type\":\"WebSite\",\"@id\":\"https:\/\/www.swissoteltallinn.com\/#website\",\"url\":\"https:\/\/www.swissoteltallinn.com\/\",\"name\":\"Swissotel Tallinn\",\"description\":\"\",\"publisher\":{\"@id\":\"https:\/\/www.swissoteltallinn.com\/#organization\"},\"potentialAction\":[{\"@type\":\"SearchAction\",\"target\":{\"@type\":\"EntryPoint\",\"urlTemplate\":\"https:\/\/www.swissoteltallinn.com\/?s={search_term_string}\"},\"query-input\":{\"@type\":\"PropertyValueSpecification\",\"valueRequired\":true,\"valueName\":\"search_term_string\"}}],\"inLanguage\":\"et\"},{\"@type\":\"Organization\",\"@id\":\"https:\/\/www.swissoteltallinn.com\/#organization\",\"name\":\"Swissotel Tallinn\",\"url\":\"https:\/\/www.swissoteltallinn.com\/\",\"logo\":{\"@type\":\"ImageObject\",\"inLanguage\":\"et\",\"@id\":\"https:\/\/www.swissoteltallinn.com\/#\/schema\/logo\/image\/\",\"url\":\"https:\/\/www.swissoteltallinn.com\/wp-content\/uploads\/sites\/107\/2024\/07\/Swissotel-Tallinn-logo.jpg\",\"contentUrl\":\"https:\/\/www.swissoteltallinn.com\/wp-content\/uploads\/sites\/107\/2024\/07\/Swissotel-Tallinn-logo.jpg\",\"width\":1800,\"height\":379,\"caption\":\"Swissotel Tallinn\"},\"image\":{\"@id\":\"https:\/\/www.swissoteltallinn.com\/#\/schema\/logo\/image\/\"},\"sameAs\":[\"https:\/\/www.facebook.com\/SwissotelTallinn\",\"https:\/\/ee.linkedin.com\/company\/swiss-tel-tallinn-estonia\",\"https:\/\/www.youtube.com\/channel\/UC-SFkHuVOioVnEI78gVBQrg\",\"https:\/\/www.instagram.com\/swissoteltallinn\/\"]}]}<\/script>\n<!-- \/ Yoast SEO plugin. -->","yoast_head_json":{"title":"Nautige k\u00fcllust: Swiss\u00f4tel Tallinna presidendisviit","description":"Avastage elegantne luksus Swiss\u00f4tel Tallinna presidendisviidis. Nautige panoraamvaateid, t\u00e4isvarustuses k\u00f6\u00f6ginurka, privaatsauna ja k\u00fcllusliku sisustusega magamistube koos luksusliku vannitoaga. K\u00f5rgeimal korrusel asuvast sviidist avaneb hingematvalt kaunis vaade.","robots":{"index":"index","follow":"follow","max-snippet":"max-snippet:-1","max-image-preview":"max-image-preview:large","max-video-preview":"max-video-preview:-1"},"canonical":"https:\/\/www.swissoteltallinn.com\/et\/toad-ja-sviidid\/presidendisviit\/","og_locale":"et_EE","og_type":"article","og_title":"Nautige k\u00fcllust: Swiss\u00f4tel Tallinna presidendisviit","og_description":"Avastage elegantne luksus Swiss\u00f4tel Tallinna presidendisviidis. Nautige panoraamvaateid, t\u00e4isvarustuses k\u00f6\u00f6ginurka, privaatsauna ja k\u00fcllusliku sisustusega magamistube koos luksusliku vannitoaga. K\u00f5rgeimal korrusel asuvast sviidist avaneb hingematvalt kaunis vaade.","og_url":"https:\/\/www.swissoteltallinn.com\/et\/toad-ja-sviidid\/presidendisviit\/","og_site_name":"Swissotel Tallinn","article_publisher":"https:\/\/www.facebook.com\/SwissotelTallinn","article_modified_time":"2024-11-22T11:57:25+00:00","twitter_card":"summary_large_image","twitter_misc":{"Est. reading time":"1 minut"},"schema":{"@context":"https:\/\/schema.org","@graph":[{"@type":"WebPage","@id":"https:\/\/www.swissoteltallinn.com\/et\/toad-ja-sviidid\/presidendisviit\/","url":"https:\/\/www.swissoteltallinn.com\/et\/toad-ja-sviidid\/presidendisviit\/","name":"Nautige k\u00fcllust: Swiss\u00f4tel Tallinna presidendisviit","isPartOf":{"@id":"https:\/\/www.swissoteltallinn.com\/#website"},"datePublished":"2024-05-27T13:18:57+00:00","dateModified":"2024-11-22T11:57:25+00:00","description":"Avastage elegantne luksus Swiss\u00f4tel Tallinna presidendisviidis. Nautige panoraamvaateid, t\u00e4isvarustuses k\u00f6\u00f6ginurka, privaatsauna ja k\u00fcllusliku sisustusega magamistube koos luksusliku vannitoaga. K\u00f5rgeimal korrusel asuvast sviidist avaneb hingematvalt kaunis vaade.","breadcrumb":{"@id":"https:\/\/www.swissoteltallinn.com\/et\/toad-ja-sviidid\/presidendisviit\/#breadcrumb"},"inLanguage":"et","potentialAction":[{"@type":"ReadAction","target":["https:\/\/www.swissoteltallinn.com\/et\/toad-ja-sviidid\/presidendisviit\/"]}]},{"@type":"BreadcrumbList","@id":"https:\/\/www.swissoteltallinn.com\/et\/toad-ja-sviidid\/presidendisviit\/#breadcrumb","itemListElement":[{"@type":"ListItem","position":1,"name":"Home","item":"https:\/\/www.swissoteltallinn.com\/et\/"},{"@type":"ListItem","position":2,"name":"TOAD JA SVIIDID","item":"https:\/\/www.swissoteltallinn.com\/et\/rooms-suites\/"},{"@type":"ListItem","position":3,"name":"PRESIDENDISVIIT"}]},{"@type":"WebSite","@id":"https:\/\/www.swissoteltallinn.com\/#website","url":"https:\/\/www.swissoteltallinn.com\/","name":"Swissotel Tallinn","description":"","publisher":{"@id":"https:\/\/www.swissoteltallinn.com\/#organization"},"potentialAction":[{"@type":"SearchAction","target":{"@type":"EntryPoint","urlTemplate":"https:\/\/www.swissoteltallinn.com\/?s={search_term_string}"},"query-input":{"@type":"PropertyValueSpecification","valueRequired":true,"valueName":"search_term_string"}}],"inLanguage":"et"},{"@type":"Organization","@id":"https:\/\/www.swissoteltallinn.com\/#organization","name":"Swissotel Tallinn","url":"https:\/\/www.swissoteltallinn.com\/","logo":{"@type":"ImageObject","inLanguage":"et","@id":"https:\/\/www.swissoteltallinn.com\/#\/schema\/logo\/image\/","url":"https:\/\/www.swissoteltallinn.com\/wp-content\/uploads\/sites\/107\/2024\/07\/Swissotel-Tallinn-logo.jpg","contentUrl":"https:\/\/www.swissoteltallinn.com\/wp-content\/uploads\/sites\/107\/2024\/07\/Swissotel-Tallinn-logo.jpg","width":1800,"height":379,"caption":"Swissotel Tallinn"},"image":{"@id":"https:\/\/www.swissoteltallinn.com\/#\/schema\/logo\/image\/"},"sameAs":["https:\/\/www.facebook.com\/SwissotelTallinn","https:\/\/ee.linkedin.com\/company\/swiss-tel-tallinn-estonia","https:\/\/www.youtube.com\/channel\/UC-SFkHuVOioVnEI78gVBQrg","https:\/\/www.instagram.com\/swissoteltallinn\/"]}]}},"_links":{"self":[{"href":"https:\/\/www.swissoteltallinn.com\/et\/wp-json\/wp\/v2\/pages\/572","targetHints":{"allow":["GET"]}}],"collection":[{"href":"https:\/\/www.swissoteltallinn.com\/et\/wp-json\/wp\/v2\/pages"}],"about":[{"href":"https:\/\/www.swissoteltallinn.com\/et\/wp-json\/wp\/v2\/types\/page"}],"author":[{"embeddable":true,"href":"https:\/\/www.swissoteltallinn.com\/et\/wp-json\/wp\/v2\/users\/98"}],"replies":[{"embeddable":true,"href":"https:\/\/www.swissoteltallinn.com\/et\/wp-json\/wp\/v2\/comments?post=572"}],"version-history":[{"count":0,"href":"https:\/\/www.swissoteltallinn.com\/et\/wp-json\/wp\/v2\/pages\/572\/revisions"}],"up":[{"embeddable":true,"href":"https:\/\/www.swissoteltallinn.com\/et\/wp-json\/wp\/v2\/pages\/522"}],"wp:attachment":[{"href":"https:\/\/www.swissoteltallinn.com\/et\/wp-json\/wp\/v2\/media?parent=572"}],"wp:term":[{"taxonomy":"category","embeddable":true,"href":"https:\/\/www.swissoteltallinn.com\/et\/wp-json\/wp\/v2\/categories?post=572"}],"curies":[{"name":"wp","href":"https:\/\/api.w.org\/{rel}","templated":true}]}}