{"id":568,"date":"2024-05-27T12:49:01","date_gmt":"2024-05-27T12:49:01","guid":{"rendered":"https:\/\/swissotel-tallinn.accorv2prod.decms.eu\/toad-ja-sviidid\/one-bedroom-suite\/"},"modified":"2024-11-22T11:58:13","modified_gmt":"2024-11-22T11:58:13","slug":"uhe-magamistoaga-sviit","status":"publish","type":"page","link":"https:\/\/www.swissoteltallinn.com\/et\/toad-ja-sviidid\/uhe-magamistoaga-sviit\/","title":{"rendered":"\u00dcHE MAGAMISTOAGA SVIIT"},"content":{"rendered":"<p style=\"text-align: center;\"><span data-sheets-root=\"1\">Swiss\u00f4tel Tallinna k\u00f5rgeima korruse nurkades asuvad \u00fche magamistoaga sviidid, mis pakuvad v\u00f5rratut puhkekohta, just nagu stiilsed kotkapesad, kust avaneb vaade ajaloolisele Tallinnale ja t\u00fc\u00fcnele L\u00e4\u00e4nemerele. Nende sviitide moodne ja v\u00e4ljapeetud disain tekitab rahuliku \u00f5hkkonna nii elu- kui ka magamisruumides. <\/span><\/p>\n<p style=\"text-align: center;\"><span data-sheets-root=\"1\">Luksuslik vannituba, mis on varustatud vihmadu\u0161i ja vanniga, pakub piisavalt ruumi l\u00f5\u00f5gastumiseks. Meie \u00fche magamistoaga sviidid, milles on tasuta minibaar ja luksuslikud vannitooted, pakuvad k\u00fclalistele \u00fclimat mugavust ning puhkev\u00f5imalusi.<\/span><\/p>\n","protected":false},"excerpt":{"rendered":"<p>Swiss\u00f4tel Tallinna k\u00f5rgeima korruse nurkades asuvad \u00fche magamistoaga sviidid, mis pakuvad v\u00f5rratut puhkekohta, just nagu stiilsed kotkapesad, kust avaneb vaade ajaloolisele Tallinnale ja t\u00fc\u00fcnele L\u00e4\u00e4nemerele. Nende sviitide moodne ja v\u00e4ljapeetud disain tekitab rahuliku \u00f5hkkonna nii elu- kui ka magamisruumides. Luksuslik vannituba, mis on varustatud vihmadu\u0161i ja vanniga, pakub piisavalt ruumi l\u00f5\u00f5gastumiseks. Meie \u00fche magamistoaga sviidid, [&hellip;]<\/p>\n","protected":false},"author":98,"featured_media":0,"parent":522,"menu_order":0,"comment_status":"closed","ping_status":"closed","template":"template-room.php","meta":{"footnotes":""},"categories":[44],"class_list":["post-568","page","type-page","status-publish","hentry","category-one-bedroom-suite-et"],"acf":[],"yoast_head":"<!-- This site is optimized with the Yoast SEO plugin v26.9 - https:\/\/yoast.com\/product\/yoast-seo-wordpress\/ -->\n<title>Hubane luksus: \u00fche magamistoaga sviidid Swiss\u00f4tel Tallinnas<\/title>\n<meta name=\"description\" content=\"Nautige v\u00f5rratut puhkust meie \u00fche magamistoaga sviitides, mis asuvad Swiss\u00f4tel Tallinna k\u00f5rgeima korruse nurkades, pakkudes panoraamvaateid ajaloolisele Tallinnale ja L\u00e4\u00e4nemerele. Moodne disain, avarad vannitoad, tasuta minibaar ja t\u00e4iustatud mugavused tagavad \u00fclima hubasuse ning rahu.\" \/>\n<meta name=\"robots\" content=\"index, follow, max-snippet:-1, max-image-preview:large, max-video-preview:-1\" \/>\n<link rel=\"canonical\" href=\"https:\/\/www.swissoteltallinn.com\/et\/toad-ja-sviidid\/uhe-magamistoaga-sviit\/\" \/>\n<meta property=\"og:locale\" content=\"et_EE\" \/>\n<meta property=\"og:type\" content=\"article\" \/>\n<meta property=\"og:title\" content=\"Hubane luksus: \u00fche magamistoaga sviidid Swiss\u00f4tel Tallinnas\" \/>\n<meta property=\"og:description\" content=\"Nautige v\u00f5rratut puhkust meie \u00fche magamistoaga sviitides, mis asuvad Swiss\u00f4tel Tallinna k\u00f5rgeima korruse nurkades, pakkudes panoraamvaateid ajaloolisele Tallinnale ja L\u00e4\u00e4nemerele. Moodne disain, avarad vannitoad, tasuta minibaar ja t\u00e4iustatud mugavused tagavad \u00fclima hubasuse ning rahu.\" \/>\n<meta property=\"og:url\" content=\"https:\/\/www.swissoteltallinn.com\/et\/toad-ja-sviidid\/uhe-magamistoaga-sviit\/\" \/>\n<meta property=\"og:site_name\" content=\"Swissotel Tallinn\" \/>\n<meta property=\"article:publisher\" content=\"https:\/\/www.facebook.com\/SwissotelTallinn\" \/>\n<meta property=\"article:modified_time\" content=\"2024-11-22T11:58:13+00:00\" \/>\n<meta name=\"twitter:card\" content=\"summary_large_image\" \/>\n<meta name=\"twitter:label1\" content=\"Est. reading time\" \/>\n\t<meta name=\"twitter:data1\" content=\"1 minut\" \/>\n<script type=\"application\/ld+json\" class=\"yoast-schema-graph\">{\"@context\":\"https:\/\/schema.org\",\"@graph\":[{\"@type\":\"WebPage\",\"@id\":\"https:\/\/www.swissoteltallinn.com\/et\/toad-ja-sviidid\/uhe-magamistoaga-sviit\/\",\"url\":\"https:\/\/www.swissoteltallinn.com\/et\/toad-ja-sviidid\/uhe-magamistoaga-sviit\/\",\"name\":\"Hubane luksus: \u00fche magamistoaga sviidid Swiss\u00f4tel Tallinnas\",\"isPartOf\":{\"@id\":\"https:\/\/www.swissoteltallinn.com\/#website\"},\"datePublished\":\"2024-05-27T12:49:01+00:00\",\"dateModified\":\"2024-11-22T11:58:13+00:00\",\"description\":\"Nautige v\u00f5rratut puhkust meie \u00fche magamistoaga sviitides, mis asuvad Swiss\u00f4tel Tallinna k\u00f5rgeima korruse nurkades, pakkudes panoraamvaateid ajaloolisele Tallinnale ja L\u00e4\u00e4nemerele. Moodne disain, avarad vannitoad, tasuta minibaar ja t\u00e4iustatud mugavused tagavad \u00fclima hubasuse ning rahu.\",\"breadcrumb\":{\"@id\":\"https:\/\/www.swissoteltallinn.com\/et\/toad-ja-sviidid\/uhe-magamistoaga-sviit\/#breadcrumb\"},\"inLanguage\":\"et\",\"potentialAction\":[{\"@type\":\"ReadAction\",\"target\":[\"https:\/\/www.swissoteltallinn.com\/et\/toad-ja-sviidid\/uhe-magamistoaga-sviit\/\"]}]},{\"@type\":\"BreadcrumbList\",\"@id\":\"https:\/\/www.swissoteltallinn.com\/et\/toad-ja-sviidid\/uhe-magamistoaga-sviit\/#breadcrumb\",\"itemListElement\":[{\"@type\":\"ListItem\",\"position\":1,\"name\":\"Home\",\"item\":\"https:\/\/www.swissoteltallinn.com\/et\/\"},{\"@type\":\"ListItem\",\"position\":2,\"name\":\"TOAD JA SVIIDID\",\"item\":\"https:\/\/www.swissoteltallinn.com\/et\/rooms-suites\/\"},{\"@type\":\"ListItem\",\"position\":3,\"name\":\"\u00dcHE MAGAMISTOAGA SVIIT\"}]},{\"@type\":\"WebSite\",\"@id\":\"https:\/\/www.swissoteltallinn.com\/#website\",\"url\":\"https:\/\/www.swissoteltallinn.com\/\",\"name\":\"Swissotel Tallinn\",\"description\":\"\",\"publisher\":{\"@id\":\"https:\/\/www.swissoteltallinn.com\/#organization\"},\"potentialAction\":[{\"@type\":\"SearchAction\",\"target\":{\"@type\":\"EntryPoint\",\"urlTemplate\":\"https:\/\/www.swissoteltallinn.com\/?s={search_term_string}\"},\"query-input\":{\"@type\":\"PropertyValueSpecification\",\"valueRequired\":true,\"valueName\":\"search_term_string\"}}],\"inLanguage\":\"et\"},{\"@type\":\"Organization\",\"@id\":\"https:\/\/www.swissoteltallinn.com\/#organization\",\"name\":\"Swissotel Tallinn\",\"url\":\"https:\/\/www.swissoteltallinn.com\/\",\"logo\":{\"@type\":\"ImageObject\",\"inLanguage\":\"et\",\"@id\":\"https:\/\/www.swissoteltallinn.com\/#\/schema\/logo\/image\/\",\"url\":\"https:\/\/www.swissoteltallinn.com\/wp-content\/uploads\/sites\/107\/2024\/07\/Swissotel-Tallinn-logo.jpg\",\"contentUrl\":\"https:\/\/www.swissoteltallinn.com\/wp-content\/uploads\/sites\/107\/2024\/07\/Swissotel-Tallinn-logo.jpg\",\"width\":1800,\"height\":379,\"caption\":\"Swissotel Tallinn\"},\"image\":{\"@id\":\"https:\/\/www.swissoteltallinn.com\/#\/schema\/logo\/image\/\"},\"sameAs\":[\"https:\/\/www.facebook.com\/SwissotelTallinn\",\"https:\/\/ee.linkedin.com\/company\/swiss-tel-tallinn-estonia\",\"https:\/\/www.youtube.com\/channel\/UC-SFkHuVOioVnEI78gVBQrg\",\"https:\/\/www.instagram.com\/swissoteltallinn\/\"]}]}<\/script>\n<!-- \/ Yoast SEO plugin. -->","yoast_head_json":{"title":"Hubane luksus: \u00fche magamistoaga sviidid Swiss\u00f4tel Tallinnas","description":"Nautige v\u00f5rratut puhkust meie \u00fche magamistoaga sviitides, mis asuvad Swiss\u00f4tel Tallinna k\u00f5rgeima korruse nurkades, pakkudes panoraamvaateid ajaloolisele Tallinnale ja L\u00e4\u00e4nemerele. Moodne disain, avarad vannitoad, tasuta minibaar ja t\u00e4iustatud mugavused tagavad \u00fclima hubasuse ning rahu.","robots":{"index":"index","follow":"follow","max-snippet":"max-snippet:-1","max-image-preview":"max-image-preview:large","max-video-preview":"max-video-preview:-1"},"canonical":"https:\/\/www.swissoteltallinn.com\/et\/toad-ja-sviidid\/uhe-magamistoaga-sviit\/","og_locale":"et_EE","og_type":"article","og_title":"Hubane luksus: \u00fche magamistoaga sviidid Swiss\u00f4tel Tallinnas","og_description":"Nautige v\u00f5rratut puhkust meie \u00fche magamistoaga sviitides, mis asuvad Swiss\u00f4tel Tallinna k\u00f5rgeima korruse nurkades, pakkudes panoraamvaateid ajaloolisele Tallinnale ja L\u00e4\u00e4nemerele. Moodne disain, avarad vannitoad, tasuta minibaar ja t\u00e4iustatud mugavused tagavad \u00fclima hubasuse ning rahu.","og_url":"https:\/\/www.swissoteltallinn.com\/et\/toad-ja-sviidid\/uhe-magamistoaga-sviit\/","og_site_name":"Swissotel Tallinn","article_publisher":"https:\/\/www.facebook.com\/SwissotelTallinn","article_modified_time":"2024-11-22T11:58:13+00:00","twitter_card":"summary_large_image","twitter_misc":{"Est. reading time":"1 minut"},"schema":{"@context":"https:\/\/schema.org","@graph":[{"@type":"WebPage","@id":"https:\/\/www.swissoteltallinn.com\/et\/toad-ja-sviidid\/uhe-magamistoaga-sviit\/","url":"https:\/\/www.swissoteltallinn.com\/et\/toad-ja-sviidid\/uhe-magamistoaga-sviit\/","name":"Hubane luksus: \u00fche magamistoaga sviidid Swiss\u00f4tel Tallinnas","isPartOf":{"@id":"https:\/\/www.swissoteltallinn.com\/#website"},"datePublished":"2024-05-27T12:49:01+00:00","dateModified":"2024-11-22T11:58:13+00:00","description":"Nautige v\u00f5rratut puhkust meie \u00fche magamistoaga sviitides, mis asuvad Swiss\u00f4tel Tallinna k\u00f5rgeima korruse nurkades, pakkudes panoraamvaateid ajaloolisele Tallinnale ja L\u00e4\u00e4nemerele. Moodne disain, avarad vannitoad, tasuta minibaar ja t\u00e4iustatud mugavused tagavad \u00fclima hubasuse ning rahu.","breadcrumb":{"@id":"https:\/\/www.swissoteltallinn.com\/et\/toad-ja-sviidid\/uhe-magamistoaga-sviit\/#breadcrumb"},"inLanguage":"et","potentialAction":[{"@type":"ReadAction","target":["https:\/\/www.swissoteltallinn.com\/et\/toad-ja-sviidid\/uhe-magamistoaga-sviit\/"]}]},{"@type":"BreadcrumbList","@id":"https:\/\/www.swissoteltallinn.com\/et\/toad-ja-sviidid\/uhe-magamistoaga-sviit\/#breadcrumb","itemListElement":[{"@type":"ListItem","position":1,"name":"Home","item":"https:\/\/www.swissoteltallinn.com\/et\/"},{"@type":"ListItem","position":2,"name":"TOAD JA SVIIDID","item":"https:\/\/www.swissoteltallinn.com\/et\/rooms-suites\/"},{"@type":"ListItem","position":3,"name":"\u00dcHE MAGAMISTOAGA SVIIT"}]},{"@type":"WebSite","@id":"https:\/\/www.swissoteltallinn.com\/#website","url":"https:\/\/www.swissoteltallinn.com\/","name":"Swissotel Tallinn","description":"","publisher":{"@id":"https:\/\/www.swissoteltallinn.com\/#organization"},"potentialAction":[{"@type":"SearchAction","target":{"@type":"EntryPoint","urlTemplate":"https:\/\/www.swissoteltallinn.com\/?s={search_term_string}"},"query-input":{"@type":"PropertyValueSpecification","valueRequired":true,"valueName":"search_term_string"}}],"inLanguage":"et"},{"@type":"Organization","@id":"https:\/\/www.swissoteltallinn.com\/#organization","name":"Swissotel Tallinn","url":"https:\/\/www.swissoteltallinn.com\/","logo":{"@type":"ImageObject","inLanguage":"et","@id":"https:\/\/www.swissoteltallinn.com\/#\/schema\/logo\/image\/","url":"https:\/\/www.swissoteltallinn.com\/wp-content\/uploads\/sites\/107\/2024\/07\/Swissotel-Tallinn-logo.jpg","contentUrl":"https:\/\/www.swissoteltallinn.com\/wp-content\/uploads\/sites\/107\/2024\/07\/Swissotel-Tallinn-logo.jpg","width":1800,"height":379,"caption":"Swissotel Tallinn"},"image":{"@id":"https:\/\/www.swissoteltallinn.com\/#\/schema\/logo\/image\/"},"sameAs":["https:\/\/www.facebook.com\/SwissotelTallinn","https:\/\/ee.linkedin.com\/company\/swiss-tel-tallinn-estonia","https:\/\/www.youtube.com\/channel\/UC-SFkHuVOioVnEI78gVBQrg","https:\/\/www.instagram.com\/swissoteltallinn\/"]}]}},"_links":{"self":[{"href":"https:\/\/www.swissoteltallinn.com\/et\/wp-json\/wp\/v2\/pages\/568","targetHints":{"allow":["GET"]}}],"collection":[{"href":"https:\/\/www.swissoteltallinn.com\/et\/wp-json\/wp\/v2\/pages"}],"about":[{"href":"https:\/\/www.swissoteltallinn.com\/et\/wp-json\/wp\/v2\/types\/page"}],"author":[{"embeddable":true,"href":"https:\/\/www.swissoteltallinn.com\/et\/wp-json\/wp\/v2\/users\/98"}],"replies":[{"embeddable":true,"href":"https:\/\/www.swissoteltallinn.com\/et\/wp-json\/wp\/v2\/comments?post=568"}],"version-history":[{"count":0,"href":"https:\/\/www.swissoteltallinn.com\/et\/wp-json\/wp\/v2\/pages\/568\/revisions"}],"up":[{"embeddable":true,"href":"https:\/\/www.swissoteltallinn.com\/et\/wp-json\/wp\/v2\/pages\/522"}],"wp:attachment":[{"href":"https:\/\/www.swissoteltallinn.com\/et\/wp-json\/wp\/v2\/media?parent=568"}],"wp:term":[{"taxonomy":"category","embeddable":true,"href":"https:\/\/www.swissoteltallinn.com\/et\/wp-json\/wp\/v2\/categories?post=568"}],"curies":[{"name":"wp","href":"https:\/\/api.w.org\/{rel}","templated":true}]}}