{"id":565,"date":"2024-05-24T14:41:20","date_gmt":"2024-05-24T14:41:20","guid":{"rendered":"https:\/\/swissotel-tallinn.accorv2prod.decms.eu\/toad-ja-sviidid\/swiss-executive-room\/"},"modified":"2024-11-22T11:56:41","modified_gmt":"2024-11-22T11:56:41","slug":"swiss-executive-tuba","status":"publish","type":"page","link":"https:\/\/www.swissoteltallinn.com\/et\/toad-ja-sviidid\/swiss-executive-tuba\/","title":{"rendered":"Swiss Executive-tuba"},"content":{"rendered":"<p style=\"text-align: center;\"><span data-sheets-root=\"1\">Avastage v\u00f5rratu luksus meie Swiss Executive-toas, mis on m\u00f5eldud neile, kes otsivad eksklusiivset majutust. Hotelli k\u00f5rgeimatel korrustel asuvatest tubadest avanevad hingematvad panoraamvaated Tallinna linnale, sadamale v\u00f5i ajaloolisele vanalinnale. <\/span><\/p>\n<p style=\"text-align: center;\"><span data-sheets-root=\"1\">Ruumikas toas on p\u00f5randast laeni ulatuvad aknad, millest voogab tuppa loomulikku valgust, luues elegantse \u00f5hkkonna. Toas v\u00f5ite nautida tasuta toodetega minibaari. Teie p\u00e4ralt on ka luksuslik kahekohaline voodi, kus saab pikast p\u00e4evast m\u00f5nusalt v\u00e4lja puhata. Lisaks saavad k\u00fclalised tasuta p\u00e4\u00e4su keskusesse P\u00fcrovel Spa &amp; Sport, et nautida kosutavat hinget\u00f5mbeaega.<\/span><\/p>\n","protected":false},"excerpt":{"rendered":"<p>Avastage v\u00f5rratu luksus meie Swiss Executive-toas, mis on m\u00f5eldud neile, kes otsivad eksklusiivset majutust. Hotelli k\u00f5rgeimatel korrustel asuvatest tubadest avanevad hingematvad panoraamvaated Tallinna linnale, sadamale v\u00f5i ajaloolisele vanalinnale. Ruumikas toas on p\u00f5randast laeni ulatuvad aknad, millest voogab tuppa loomulikku valgust, luues elegantse \u00f5hkkonna. Toas v\u00f5ite nautida tasuta toodetega minibaari. Teie p\u00e4ralt on ka luksuslik kahekohaline [&hellip;]<\/p>\n","protected":false},"author":98,"featured_media":0,"parent":522,"menu_order":0,"comment_status":"closed","ping_status":"closed","template":"template-room.php","meta":{"footnotes":""},"categories":[43],"class_list":["post-565","page","type-page","status-publish","hentry","category-swiss-executive-room-et"],"acf":[],"yoast_head":"<!-- This site is optimized with the Yoast SEO plugin v26.9 - https:\/\/yoast.com\/product\/yoast-seo-wordpress\/ -->\n<title>Nautige v\u00f5rratut luksust Swiss\u00f4tel Tallinna Executive-tubades<\/title>\n<meta name=\"description\" content=\"Puhake luksuslikult Swiss\u00f4tel Tallinna v\u00f5rratu panoraamvaatega Executive-toas. Nautige avarust, luksuslikku kahekohalist voodit, tasuta minibaari ja l\u00f5\u00f5gastuskeskuse P\u00fcrovel Spa &amp; Sport kosutavaid teenuseid.\" \/>\n<meta name=\"robots\" content=\"index, follow, max-snippet:-1, max-image-preview:large, max-video-preview:-1\" \/>\n<link rel=\"canonical\" href=\"https:\/\/www.swissoteltallinn.com\/et\/toad-ja-sviidid\/swiss-executive-tuba\/\" \/>\n<meta property=\"og:locale\" content=\"et_EE\" \/>\n<meta property=\"og:type\" content=\"article\" \/>\n<meta property=\"og:title\" content=\"Nautige v\u00f5rratut luksust Swiss\u00f4tel Tallinna Executive-tubades\" \/>\n<meta property=\"og:description\" content=\"Puhake luksuslikult Swiss\u00f4tel Tallinna v\u00f5rratu panoraamvaatega Executive-toas. Nautige avarust, luksuslikku kahekohalist voodit, tasuta minibaari ja l\u00f5\u00f5gastuskeskuse P\u00fcrovel Spa &amp; Sport kosutavaid teenuseid.\" \/>\n<meta property=\"og:url\" content=\"https:\/\/www.swissoteltallinn.com\/et\/toad-ja-sviidid\/swiss-executive-tuba\/\" \/>\n<meta property=\"og:site_name\" content=\"Swissotel Tallinn\" \/>\n<meta property=\"article:publisher\" content=\"https:\/\/www.facebook.com\/SwissotelTallinn\" \/>\n<meta property=\"article:modified_time\" content=\"2024-11-22T11:56:41+00:00\" \/>\n<meta name=\"twitter:card\" content=\"summary_large_image\" \/>\n<meta name=\"twitter:label1\" content=\"Est. reading time\" \/>\n\t<meta name=\"twitter:data1\" content=\"1 minut\" \/>\n<script type=\"application\/ld+json\" class=\"yoast-schema-graph\">{\"@context\":\"https:\/\/schema.org\",\"@graph\":[{\"@type\":\"WebPage\",\"@id\":\"https:\/\/www.swissoteltallinn.com\/et\/toad-ja-sviidid\/swiss-executive-tuba\/\",\"url\":\"https:\/\/www.swissoteltallinn.com\/et\/toad-ja-sviidid\/swiss-executive-tuba\/\",\"name\":\"Nautige v\u00f5rratut luksust Swiss\u00f4tel Tallinna Executive-tubades\",\"isPartOf\":{\"@id\":\"https:\/\/www.swissoteltallinn.com\/#website\"},\"datePublished\":\"2024-05-24T14:41:20+00:00\",\"dateModified\":\"2024-11-22T11:56:41+00:00\",\"description\":\"Puhake luksuslikult Swiss\u00f4tel Tallinna v\u00f5rratu panoraamvaatega Executive-toas. Nautige avarust, luksuslikku kahekohalist voodit, tasuta minibaari ja l\u00f5\u00f5gastuskeskuse P\u00fcrovel Spa & Sport kosutavaid teenuseid.\",\"breadcrumb\":{\"@id\":\"https:\/\/www.swissoteltallinn.com\/et\/toad-ja-sviidid\/swiss-executive-tuba\/#breadcrumb\"},\"inLanguage\":\"et\",\"potentialAction\":[{\"@type\":\"ReadAction\",\"target\":[\"https:\/\/www.swissoteltallinn.com\/et\/toad-ja-sviidid\/swiss-executive-tuba\/\"]}]},{\"@type\":\"BreadcrumbList\",\"@id\":\"https:\/\/www.swissoteltallinn.com\/et\/toad-ja-sviidid\/swiss-executive-tuba\/#breadcrumb\",\"itemListElement\":[{\"@type\":\"ListItem\",\"position\":1,\"name\":\"Home\",\"item\":\"https:\/\/www.swissoteltallinn.com\/et\/\"},{\"@type\":\"ListItem\",\"position\":2,\"name\":\"TOAD JA SVIIDID\",\"item\":\"https:\/\/www.swissoteltallinn.com\/et\/rooms-suites\/\"},{\"@type\":\"ListItem\",\"position\":3,\"name\":\"Swiss Executive-tuba\"}]},{\"@type\":\"WebSite\",\"@id\":\"https:\/\/www.swissoteltallinn.com\/#website\",\"url\":\"https:\/\/www.swissoteltallinn.com\/\",\"name\":\"Swissotel Tallinn\",\"description\":\"\",\"publisher\":{\"@id\":\"https:\/\/www.swissoteltallinn.com\/#organization\"},\"potentialAction\":[{\"@type\":\"SearchAction\",\"target\":{\"@type\":\"EntryPoint\",\"urlTemplate\":\"https:\/\/www.swissoteltallinn.com\/?s={search_term_string}\"},\"query-input\":{\"@type\":\"PropertyValueSpecification\",\"valueRequired\":true,\"valueName\":\"search_term_string\"}}],\"inLanguage\":\"et\"},{\"@type\":\"Organization\",\"@id\":\"https:\/\/www.swissoteltallinn.com\/#organization\",\"name\":\"Swissotel Tallinn\",\"url\":\"https:\/\/www.swissoteltallinn.com\/\",\"logo\":{\"@type\":\"ImageObject\",\"inLanguage\":\"et\",\"@id\":\"https:\/\/www.swissoteltallinn.com\/#\/schema\/logo\/image\/\",\"url\":\"https:\/\/www.swissoteltallinn.com\/wp-content\/uploads\/sites\/107\/2024\/07\/Swissotel-Tallinn-logo.jpg\",\"contentUrl\":\"https:\/\/www.swissoteltallinn.com\/wp-content\/uploads\/sites\/107\/2024\/07\/Swissotel-Tallinn-logo.jpg\",\"width\":1800,\"height\":379,\"caption\":\"Swissotel Tallinn\"},\"image\":{\"@id\":\"https:\/\/www.swissoteltallinn.com\/#\/schema\/logo\/image\/\"},\"sameAs\":[\"https:\/\/www.facebook.com\/SwissotelTallinn\",\"https:\/\/ee.linkedin.com\/company\/swiss-tel-tallinn-estonia\",\"https:\/\/www.youtube.com\/channel\/UC-SFkHuVOioVnEI78gVBQrg\",\"https:\/\/www.instagram.com\/swissoteltallinn\/\"]}]}<\/script>\n<!-- \/ Yoast SEO plugin. -->","yoast_head_json":{"title":"Nautige v\u00f5rratut luksust Swiss\u00f4tel Tallinna Executive-tubades","description":"Puhake luksuslikult Swiss\u00f4tel Tallinna v\u00f5rratu panoraamvaatega Executive-toas. Nautige avarust, luksuslikku kahekohalist voodit, tasuta minibaari ja l\u00f5\u00f5gastuskeskuse P\u00fcrovel Spa & Sport kosutavaid teenuseid.","robots":{"index":"index","follow":"follow","max-snippet":"max-snippet:-1","max-image-preview":"max-image-preview:large","max-video-preview":"max-video-preview:-1"},"canonical":"https:\/\/www.swissoteltallinn.com\/et\/toad-ja-sviidid\/swiss-executive-tuba\/","og_locale":"et_EE","og_type":"article","og_title":"Nautige v\u00f5rratut luksust Swiss\u00f4tel Tallinna Executive-tubades","og_description":"Puhake luksuslikult Swiss\u00f4tel Tallinna v\u00f5rratu panoraamvaatega Executive-toas. Nautige avarust, luksuslikku kahekohalist voodit, tasuta minibaari ja l\u00f5\u00f5gastuskeskuse P\u00fcrovel Spa & Sport kosutavaid teenuseid.","og_url":"https:\/\/www.swissoteltallinn.com\/et\/toad-ja-sviidid\/swiss-executive-tuba\/","og_site_name":"Swissotel Tallinn","article_publisher":"https:\/\/www.facebook.com\/SwissotelTallinn","article_modified_time":"2024-11-22T11:56:41+00:00","twitter_card":"summary_large_image","twitter_misc":{"Est. reading time":"1 minut"},"schema":{"@context":"https:\/\/schema.org","@graph":[{"@type":"WebPage","@id":"https:\/\/www.swissoteltallinn.com\/et\/toad-ja-sviidid\/swiss-executive-tuba\/","url":"https:\/\/www.swissoteltallinn.com\/et\/toad-ja-sviidid\/swiss-executive-tuba\/","name":"Nautige v\u00f5rratut luksust Swiss\u00f4tel Tallinna Executive-tubades","isPartOf":{"@id":"https:\/\/www.swissoteltallinn.com\/#website"},"datePublished":"2024-05-24T14:41:20+00:00","dateModified":"2024-11-22T11:56:41+00:00","description":"Puhake luksuslikult Swiss\u00f4tel Tallinna v\u00f5rratu panoraamvaatega Executive-toas. Nautige avarust, luksuslikku kahekohalist voodit, tasuta minibaari ja l\u00f5\u00f5gastuskeskuse P\u00fcrovel Spa & Sport kosutavaid teenuseid.","breadcrumb":{"@id":"https:\/\/www.swissoteltallinn.com\/et\/toad-ja-sviidid\/swiss-executive-tuba\/#breadcrumb"},"inLanguage":"et","potentialAction":[{"@type":"ReadAction","target":["https:\/\/www.swissoteltallinn.com\/et\/toad-ja-sviidid\/swiss-executive-tuba\/"]}]},{"@type":"BreadcrumbList","@id":"https:\/\/www.swissoteltallinn.com\/et\/toad-ja-sviidid\/swiss-executive-tuba\/#breadcrumb","itemListElement":[{"@type":"ListItem","position":1,"name":"Home","item":"https:\/\/www.swissoteltallinn.com\/et\/"},{"@type":"ListItem","position":2,"name":"TOAD JA SVIIDID","item":"https:\/\/www.swissoteltallinn.com\/et\/rooms-suites\/"},{"@type":"ListItem","position":3,"name":"Swiss Executive-tuba"}]},{"@type":"WebSite","@id":"https:\/\/www.swissoteltallinn.com\/#website","url":"https:\/\/www.swissoteltallinn.com\/","name":"Swissotel Tallinn","description":"","publisher":{"@id":"https:\/\/www.swissoteltallinn.com\/#organization"},"potentialAction":[{"@type":"SearchAction","target":{"@type":"EntryPoint","urlTemplate":"https:\/\/www.swissoteltallinn.com\/?s={search_term_string}"},"query-input":{"@type":"PropertyValueSpecification","valueRequired":true,"valueName":"search_term_string"}}],"inLanguage":"et"},{"@type":"Organization","@id":"https:\/\/www.swissoteltallinn.com\/#organization","name":"Swissotel Tallinn","url":"https:\/\/www.swissoteltallinn.com\/","logo":{"@type":"ImageObject","inLanguage":"et","@id":"https:\/\/www.swissoteltallinn.com\/#\/schema\/logo\/image\/","url":"https:\/\/www.swissoteltallinn.com\/wp-content\/uploads\/sites\/107\/2024\/07\/Swissotel-Tallinn-logo.jpg","contentUrl":"https:\/\/www.swissoteltallinn.com\/wp-content\/uploads\/sites\/107\/2024\/07\/Swissotel-Tallinn-logo.jpg","width":1800,"height":379,"caption":"Swissotel Tallinn"},"image":{"@id":"https:\/\/www.swissoteltallinn.com\/#\/schema\/logo\/image\/"},"sameAs":["https:\/\/www.facebook.com\/SwissotelTallinn","https:\/\/ee.linkedin.com\/company\/swiss-tel-tallinn-estonia","https:\/\/www.youtube.com\/channel\/UC-SFkHuVOioVnEI78gVBQrg","https:\/\/www.instagram.com\/swissoteltallinn\/"]}]}},"_links":{"self":[{"href":"https:\/\/www.swissoteltallinn.com\/et\/wp-json\/wp\/v2\/pages\/565","targetHints":{"allow":["GET"]}}],"collection":[{"href":"https:\/\/www.swissoteltallinn.com\/et\/wp-json\/wp\/v2\/pages"}],"about":[{"href":"https:\/\/www.swissoteltallinn.com\/et\/wp-json\/wp\/v2\/types\/page"}],"author":[{"embeddable":true,"href":"https:\/\/www.swissoteltallinn.com\/et\/wp-json\/wp\/v2\/users\/98"}],"replies":[{"embeddable":true,"href":"https:\/\/www.swissoteltallinn.com\/et\/wp-json\/wp\/v2\/comments?post=565"}],"version-history":[{"count":0,"href":"https:\/\/www.swissoteltallinn.com\/et\/wp-json\/wp\/v2\/pages\/565\/revisions"}],"up":[{"embeddable":true,"href":"https:\/\/www.swissoteltallinn.com\/et\/wp-json\/wp\/v2\/pages\/522"}],"wp:attachment":[{"href":"https:\/\/www.swissoteltallinn.com\/et\/wp-json\/wp\/v2\/media?parent=565"}],"wp:term":[{"taxonomy":"category","embeddable":true,"href":"https:\/\/www.swissoteltallinn.com\/et\/wp-json\/wp\/v2\/categories?post=565"}],"curies":[{"name":"wp","href":"https:\/\/api.w.org\/{rel}","templated":true}]}}