{"id":561,"date":"2024-05-24T14:21:47","date_gmt":"2024-05-24T14:21:47","guid":{"rendered":"https:\/\/swissotel-tallinn.accorv2prod.decms.eu\/toad-ja-sviidid\/grand-room\/"},"modified":"2024-11-22T11:55:24","modified_gmt":"2024-11-22T11:55:24","slug":"grand-tuba","status":"publish","type":"page","link":"https:\/\/www.swissoteltallinn.com\/et\/toad-ja-sviidid\/grand-tuba\/","title":{"rendered":"GRAND-TUBA"},"content":{"rendered":"<p style=\"text-align: center;\"><span data-sheets-root=\"1\">Avastage Swiss\u00f4tel Tallinna Grand-tuba, kus saavad kokku elegants ja funktsionaalsus, et t\u00e4ita nii puhkajate kui ka \u00e4rireisijate vajadused ning soovid. <\/span><\/p>\n<p style=\"text-align: center;\"><span data-sheets-root=\"1\">See avar tuba, kuhu saab mugavalt majutada kuni kolm t\u00e4iskasvanut, paistab silma l\u00e4bim\u00f5eldud disaini poolest. Selles on \u00fchtaegu praktiline ja stiilne sisustus, mille hulka kuuluvad pehme kahekohaline voodi, mugavad toolid ja suur t\u00f6\u00f6laud. K\u00f5ik Grand-toad saavad uhkustada suurte p\u00f5randast laeni ulatuvate akendega, millest avaneb lummav vaade Tallinna UNESCO nimistusse kantud vanalinnale v\u00f5i t\u00fc\u00fcnele L\u00e4\u00e4nemerele, et pakkuda k\u00fclalistele meeldej\u00e4\u00e4vat elamust.<\/span><\/p>\n","protected":false},"excerpt":{"rendered":"<p>Avastage Swiss\u00f4tel Tallinna Grand-tuba, kus saavad kokku elegants ja funktsionaalsus, et t\u00e4ita nii puhkajate kui ka \u00e4rireisijate vajadused ning soovid. See avar tuba, kuhu saab mugavalt majutada kuni kolm t\u00e4iskasvanut, paistab silma l\u00e4bim\u00f5eldud disaini poolest. Selles on \u00fchtaegu praktiline ja stiilne sisustus, mille hulka kuuluvad pehme kahekohaline voodi, mugavad toolid ja suur t\u00f6\u00f6laud. K\u00f5ik Grand-toad [&hellip;]<\/p>\n","protected":false},"author":98,"featured_media":0,"parent":522,"menu_order":0,"comment_status":"closed","ping_status":"closed","template":"template-room.php","meta":{"footnotes":""},"categories":[42],"class_list":["post-561","page","type-page","status-publish","hentry","category-grand-room-et"],"acf":[],"yoast_head":"<!-- This site is optimized with the Yoast SEO plugin v26.9 - https:\/\/yoast.com\/product\/yoast-seo-wordpress\/ -->\n<title>Nautige majutust Swiss\u00f4tel Tallinna elegantses Grand-toas<\/title>\n<meta name=\"description\" content=\"Swiss\u00f4tel Tallinna elegantses Grand-toas saavad kokku elegants ja funktsionaalsus. Kuni kolme t\u00e4iskasvanut mahutavas toas on k\u00f5ik mugavused ja lummavad vaated Tallinna vanalinnale v\u00f5i L\u00e4\u00e4nemerele, et k\u00fclastus j\u00e4\u00e4ks kauaks meelde.\" \/>\n<meta name=\"robots\" content=\"index, follow, max-snippet:-1, max-image-preview:large, max-video-preview:-1\" \/>\n<link rel=\"canonical\" href=\"https:\/\/www.swissoteltallinn.com\/et\/toad-ja-sviidid\/grand-tuba\/\" \/>\n<meta property=\"og:locale\" content=\"et_EE\" \/>\n<meta property=\"og:type\" content=\"article\" \/>\n<meta property=\"og:title\" content=\"Nautige majutust Swiss\u00f4tel Tallinna elegantses Grand-toas\" \/>\n<meta property=\"og:description\" content=\"Swiss\u00f4tel Tallinna elegantses Grand-toas saavad kokku elegants ja funktsionaalsus. Kuni kolme t\u00e4iskasvanut mahutavas toas on k\u00f5ik mugavused ja lummavad vaated Tallinna vanalinnale v\u00f5i L\u00e4\u00e4nemerele, et k\u00fclastus j\u00e4\u00e4ks kauaks meelde.\" \/>\n<meta property=\"og:url\" content=\"https:\/\/www.swissoteltallinn.com\/et\/toad-ja-sviidid\/grand-tuba\/\" \/>\n<meta property=\"og:site_name\" content=\"Swissotel Tallinn\" \/>\n<meta property=\"article:publisher\" content=\"https:\/\/www.facebook.com\/SwissotelTallinn\" \/>\n<meta property=\"article:modified_time\" content=\"2024-11-22T11:55:24+00:00\" \/>\n<meta name=\"twitter:card\" content=\"summary_large_image\" \/>\n<meta name=\"twitter:label1\" content=\"Est. reading time\" \/>\n\t<meta name=\"twitter:data1\" content=\"1 minut\" \/>\n<script type=\"application\/ld+json\" class=\"yoast-schema-graph\">{\"@context\":\"https:\/\/schema.org\",\"@graph\":[{\"@type\":\"WebPage\",\"@id\":\"https:\/\/www.swissoteltallinn.com\/et\/toad-ja-sviidid\/grand-tuba\/\",\"url\":\"https:\/\/www.swissoteltallinn.com\/et\/toad-ja-sviidid\/grand-tuba\/\",\"name\":\"Nautige majutust Swiss\u00f4tel Tallinna elegantses Grand-toas\",\"isPartOf\":{\"@id\":\"https:\/\/www.swissoteltallinn.com\/#website\"},\"datePublished\":\"2024-05-24T14:21:47+00:00\",\"dateModified\":\"2024-11-22T11:55:24+00:00\",\"description\":\"Swiss\u00f4tel Tallinna elegantses Grand-toas saavad kokku elegants ja funktsionaalsus. Kuni kolme t\u00e4iskasvanut mahutavas toas on k\u00f5ik mugavused ja lummavad vaated Tallinna vanalinnale v\u00f5i L\u00e4\u00e4nemerele, et k\u00fclastus j\u00e4\u00e4ks kauaks meelde.\",\"breadcrumb\":{\"@id\":\"https:\/\/www.swissoteltallinn.com\/et\/toad-ja-sviidid\/grand-tuba\/#breadcrumb\"},\"inLanguage\":\"et\",\"potentialAction\":[{\"@type\":\"ReadAction\",\"target\":[\"https:\/\/www.swissoteltallinn.com\/et\/toad-ja-sviidid\/grand-tuba\/\"]}]},{\"@type\":\"BreadcrumbList\",\"@id\":\"https:\/\/www.swissoteltallinn.com\/et\/toad-ja-sviidid\/grand-tuba\/#breadcrumb\",\"itemListElement\":[{\"@type\":\"ListItem\",\"position\":1,\"name\":\"Home\",\"item\":\"https:\/\/www.swissoteltallinn.com\/et\/\"},{\"@type\":\"ListItem\",\"position\":2,\"name\":\"TOAD JA SVIIDID\",\"item\":\"https:\/\/www.swissoteltallinn.com\/et\/rooms-suites\/\"},{\"@type\":\"ListItem\",\"position\":3,\"name\":\"GRAND-TUBA\"}]},{\"@type\":\"WebSite\",\"@id\":\"https:\/\/www.swissoteltallinn.com\/#website\",\"url\":\"https:\/\/www.swissoteltallinn.com\/\",\"name\":\"Swissotel Tallinn\",\"description\":\"\",\"publisher\":{\"@id\":\"https:\/\/www.swissoteltallinn.com\/#organization\"},\"potentialAction\":[{\"@type\":\"SearchAction\",\"target\":{\"@type\":\"EntryPoint\",\"urlTemplate\":\"https:\/\/www.swissoteltallinn.com\/?s={search_term_string}\"},\"query-input\":{\"@type\":\"PropertyValueSpecification\",\"valueRequired\":true,\"valueName\":\"search_term_string\"}}],\"inLanguage\":\"et\"},{\"@type\":\"Organization\",\"@id\":\"https:\/\/www.swissoteltallinn.com\/#organization\",\"name\":\"Swissotel Tallinn\",\"url\":\"https:\/\/www.swissoteltallinn.com\/\",\"logo\":{\"@type\":\"ImageObject\",\"inLanguage\":\"et\",\"@id\":\"https:\/\/www.swissoteltallinn.com\/#\/schema\/logo\/image\/\",\"url\":\"https:\/\/www.swissoteltallinn.com\/wp-content\/uploads\/sites\/107\/2024\/07\/Swissotel-Tallinn-logo.jpg\",\"contentUrl\":\"https:\/\/www.swissoteltallinn.com\/wp-content\/uploads\/sites\/107\/2024\/07\/Swissotel-Tallinn-logo.jpg\",\"width\":1800,\"height\":379,\"caption\":\"Swissotel Tallinn\"},\"image\":{\"@id\":\"https:\/\/www.swissoteltallinn.com\/#\/schema\/logo\/image\/\"},\"sameAs\":[\"https:\/\/www.facebook.com\/SwissotelTallinn\",\"https:\/\/ee.linkedin.com\/company\/swiss-tel-tallinn-estonia\",\"https:\/\/www.youtube.com\/channel\/UC-SFkHuVOioVnEI78gVBQrg\",\"https:\/\/www.instagram.com\/swissoteltallinn\/\"]}]}<\/script>\n<!-- \/ Yoast SEO plugin. -->","yoast_head_json":{"title":"Nautige majutust Swiss\u00f4tel Tallinna elegantses Grand-toas","description":"Swiss\u00f4tel Tallinna elegantses Grand-toas saavad kokku elegants ja funktsionaalsus. Kuni kolme t\u00e4iskasvanut mahutavas toas on k\u00f5ik mugavused ja lummavad vaated Tallinna vanalinnale v\u00f5i L\u00e4\u00e4nemerele, et k\u00fclastus j\u00e4\u00e4ks kauaks meelde.","robots":{"index":"index","follow":"follow","max-snippet":"max-snippet:-1","max-image-preview":"max-image-preview:large","max-video-preview":"max-video-preview:-1"},"canonical":"https:\/\/www.swissoteltallinn.com\/et\/toad-ja-sviidid\/grand-tuba\/","og_locale":"et_EE","og_type":"article","og_title":"Nautige majutust Swiss\u00f4tel Tallinna elegantses Grand-toas","og_description":"Swiss\u00f4tel Tallinna elegantses Grand-toas saavad kokku elegants ja funktsionaalsus. Kuni kolme t\u00e4iskasvanut mahutavas toas on k\u00f5ik mugavused ja lummavad vaated Tallinna vanalinnale v\u00f5i L\u00e4\u00e4nemerele, et k\u00fclastus j\u00e4\u00e4ks kauaks meelde.","og_url":"https:\/\/www.swissoteltallinn.com\/et\/toad-ja-sviidid\/grand-tuba\/","og_site_name":"Swissotel Tallinn","article_publisher":"https:\/\/www.facebook.com\/SwissotelTallinn","article_modified_time":"2024-11-22T11:55:24+00:00","twitter_card":"summary_large_image","twitter_misc":{"Est. reading time":"1 minut"},"schema":{"@context":"https:\/\/schema.org","@graph":[{"@type":"WebPage","@id":"https:\/\/www.swissoteltallinn.com\/et\/toad-ja-sviidid\/grand-tuba\/","url":"https:\/\/www.swissoteltallinn.com\/et\/toad-ja-sviidid\/grand-tuba\/","name":"Nautige majutust Swiss\u00f4tel Tallinna elegantses Grand-toas","isPartOf":{"@id":"https:\/\/www.swissoteltallinn.com\/#website"},"datePublished":"2024-05-24T14:21:47+00:00","dateModified":"2024-11-22T11:55:24+00:00","description":"Swiss\u00f4tel Tallinna elegantses Grand-toas saavad kokku elegants ja funktsionaalsus. Kuni kolme t\u00e4iskasvanut mahutavas toas on k\u00f5ik mugavused ja lummavad vaated Tallinna vanalinnale v\u00f5i L\u00e4\u00e4nemerele, et k\u00fclastus j\u00e4\u00e4ks kauaks meelde.","breadcrumb":{"@id":"https:\/\/www.swissoteltallinn.com\/et\/toad-ja-sviidid\/grand-tuba\/#breadcrumb"},"inLanguage":"et","potentialAction":[{"@type":"ReadAction","target":["https:\/\/www.swissoteltallinn.com\/et\/toad-ja-sviidid\/grand-tuba\/"]}]},{"@type":"BreadcrumbList","@id":"https:\/\/www.swissoteltallinn.com\/et\/toad-ja-sviidid\/grand-tuba\/#breadcrumb","itemListElement":[{"@type":"ListItem","position":1,"name":"Home","item":"https:\/\/www.swissoteltallinn.com\/et\/"},{"@type":"ListItem","position":2,"name":"TOAD JA SVIIDID","item":"https:\/\/www.swissoteltallinn.com\/et\/rooms-suites\/"},{"@type":"ListItem","position":3,"name":"GRAND-TUBA"}]},{"@type":"WebSite","@id":"https:\/\/www.swissoteltallinn.com\/#website","url":"https:\/\/www.swissoteltallinn.com\/","name":"Swissotel Tallinn","description":"","publisher":{"@id":"https:\/\/www.swissoteltallinn.com\/#organization"},"potentialAction":[{"@type":"SearchAction","target":{"@type":"EntryPoint","urlTemplate":"https:\/\/www.swissoteltallinn.com\/?s={search_term_string}"},"query-input":{"@type":"PropertyValueSpecification","valueRequired":true,"valueName":"search_term_string"}}],"inLanguage":"et"},{"@type":"Organization","@id":"https:\/\/www.swissoteltallinn.com\/#organization","name":"Swissotel Tallinn","url":"https:\/\/www.swissoteltallinn.com\/","logo":{"@type":"ImageObject","inLanguage":"et","@id":"https:\/\/www.swissoteltallinn.com\/#\/schema\/logo\/image\/","url":"https:\/\/www.swissoteltallinn.com\/wp-content\/uploads\/sites\/107\/2024\/07\/Swissotel-Tallinn-logo.jpg","contentUrl":"https:\/\/www.swissoteltallinn.com\/wp-content\/uploads\/sites\/107\/2024\/07\/Swissotel-Tallinn-logo.jpg","width":1800,"height":379,"caption":"Swissotel Tallinn"},"image":{"@id":"https:\/\/www.swissoteltallinn.com\/#\/schema\/logo\/image\/"},"sameAs":["https:\/\/www.facebook.com\/SwissotelTallinn","https:\/\/ee.linkedin.com\/company\/swiss-tel-tallinn-estonia","https:\/\/www.youtube.com\/channel\/UC-SFkHuVOioVnEI78gVBQrg","https:\/\/www.instagram.com\/swissoteltallinn\/"]}]}},"_links":{"self":[{"href":"https:\/\/www.swissoteltallinn.com\/et\/wp-json\/wp\/v2\/pages\/561","targetHints":{"allow":["GET"]}}],"collection":[{"href":"https:\/\/www.swissoteltallinn.com\/et\/wp-json\/wp\/v2\/pages"}],"about":[{"href":"https:\/\/www.swissoteltallinn.com\/et\/wp-json\/wp\/v2\/types\/page"}],"author":[{"embeddable":true,"href":"https:\/\/www.swissoteltallinn.com\/et\/wp-json\/wp\/v2\/users\/98"}],"replies":[{"embeddable":true,"href":"https:\/\/www.swissoteltallinn.com\/et\/wp-json\/wp\/v2\/comments?post=561"}],"version-history":[{"count":0,"href":"https:\/\/www.swissoteltallinn.com\/et\/wp-json\/wp\/v2\/pages\/561\/revisions"}],"up":[{"embeddable":true,"href":"https:\/\/www.swissoteltallinn.com\/et\/wp-json\/wp\/v2\/pages\/522"}],"wp:attachment":[{"href":"https:\/\/www.swissoteltallinn.com\/et\/wp-json\/wp\/v2\/media?parent=561"}],"wp:term":[{"taxonomy":"category","embeddable":true,"href":"https:\/\/www.swissoteltallinn.com\/et\/wp-json\/wp\/v2\/categories?post=561"}],"curies":[{"name":"wp","href":"https:\/\/api.w.org\/{rel}","templated":true}]}}