{"id":557,"date":"2024-05-24T14:01:35","date_gmt":"2024-05-24T14:01:35","guid":{"rendered":"https:\/\/swissotel-tallinn.accorv2prod.decms.eu\/toad-ja-sviidid\/swiss-advantage-room\/"},"modified":"2024-11-22T11:54:04","modified_gmt":"2024-11-22T11:54:04","slug":"swiss-advantage-tuba","status":"publish","type":"page","link":"https:\/\/www.swissoteltallinn.com\/et\/toad-ja-sviidid\/swiss-advantage-tuba\/","title":{"rendered":"Swiss Advantage-tuba"},"content":{"rendered":"<p style=\"text-align: center;\"><span data-sheets-root=\"1\">Swiss\u00f4tel Tallinna Swiss Advantage-tuba on stiilse eluviisi kehastus, \u00fchendades ajatu elegantsi ja moodsad mugavused. Rahulikes toonides ja puitp\u00f5randaga tuba pakub mitmek\u00fclgset funktsionaalsust ning hubasust. Suurtest akendest avaneb imeline vaade Tallinna sadamale v\u00f5i UNESCO nimistusse kantud ajaloolisele vanalinnale. <\/span><\/p>\n<p style=\"text-align: center;\"><span data-sheets-root=\"1\">Parima puhkuse jaoks saate valida kahekohalise voodi v\u00f5i kaks eraldi voodit. Toas on suur kirjutuslaud, ergonoomiline tool, espressomasin ja tasuta WiFi-\u00fchendus, et tagada tasakaal puhkuse ning t\u00f5husa t\u00f6\u00f6 vahel.<\/span><\/p>\n","protected":false},"excerpt":{"rendered":"<p>Swiss\u00f4tel Tallinna Swiss Advantage-tuba on stiilse eluviisi kehastus, \u00fchendades ajatu elegantsi ja moodsad mugavused. Rahulikes toonides ja puitp\u00f5randaga tuba pakub mitmek\u00fclgset funktsionaalsust ning hubasust. Suurtest akendest avaneb imeline vaade Tallinna sadamale v\u00f5i UNESCO nimistusse kantud ajaloolisele vanalinnale. Parima puhkuse jaoks saate valida kahekohalise voodi v\u00f5i kaks eraldi voodit. Toas on suur kirjutuslaud, ergonoomiline tool, espressomasin [&hellip;]<\/p>\n","protected":false},"author":98,"featured_media":0,"parent":522,"menu_order":0,"comment_status":"closed","ping_status":"closed","template":"template-room.php","meta":{"footnotes":""},"categories":[36],"class_list":["post-557","page","type-page","status-publish","hentry","category-advantage-room-et"],"acf":[],"yoast_head":"<!-- This site is optimized with the Yoast SEO plugin v26.9 - https:\/\/yoast.com\/product\/yoast-seo-wordpress\/ -->\n<title>Rahuliku \u00f5hkkonnaga Swiss Advantage-toad<\/title>\n<meta name=\"description\" content=\"Nautige stiilset majutust Swiss\u00f4tel Tallinna Swiss Advantage-tubades, milles on \u00fchendatud ajatu elegants ja moodsad v\u00f5imalused. Nautige hubast \u00f5hkkonda, v\u00f5rratuid vaateid ja funktsionaalseid mugavusi.\" \/>\n<meta name=\"robots\" content=\"index, follow, max-snippet:-1, max-image-preview:large, max-video-preview:-1\" \/>\n<link rel=\"canonical\" href=\"https:\/\/www.swissoteltallinn.com\/et\/toad-ja-sviidid\/swiss-advantage-tuba\/\" \/>\n<meta property=\"og:locale\" content=\"et_EE\" \/>\n<meta property=\"og:type\" content=\"article\" \/>\n<meta property=\"og:title\" content=\"Rahuliku \u00f5hkkonnaga Swiss Advantage-toad\" \/>\n<meta property=\"og:description\" content=\"Nautige stiilset majutust Swiss\u00f4tel Tallinna Swiss Advantage-tubades, milles on \u00fchendatud ajatu elegants ja moodsad v\u00f5imalused. Nautige hubast \u00f5hkkonda, v\u00f5rratuid vaateid ja funktsionaalseid mugavusi.\" \/>\n<meta property=\"og:url\" content=\"https:\/\/www.swissoteltallinn.com\/et\/toad-ja-sviidid\/swiss-advantage-tuba\/\" \/>\n<meta property=\"og:site_name\" content=\"Swissotel Tallinn\" \/>\n<meta property=\"article:publisher\" content=\"https:\/\/www.facebook.com\/SwissotelTallinn\" \/>\n<meta property=\"article:modified_time\" content=\"2024-11-22T11:54:04+00:00\" \/>\n<meta name=\"twitter:card\" content=\"summary_large_image\" \/>\n<meta name=\"twitter:label1\" content=\"Est. reading time\" \/>\n\t<meta name=\"twitter:data1\" content=\"1 minut\" \/>\n<script type=\"application\/ld+json\" class=\"yoast-schema-graph\">{\"@context\":\"https:\/\/schema.org\",\"@graph\":[{\"@type\":\"WebPage\",\"@id\":\"https:\/\/www.swissoteltallinn.com\/et\/toad-ja-sviidid\/swiss-advantage-tuba\/\",\"url\":\"https:\/\/www.swissoteltallinn.com\/et\/toad-ja-sviidid\/swiss-advantage-tuba\/\",\"name\":\"Rahuliku \u00f5hkkonnaga Swiss Advantage-toad\",\"isPartOf\":{\"@id\":\"https:\/\/www.swissoteltallinn.com\/#website\"},\"datePublished\":\"2024-05-24T14:01:35+00:00\",\"dateModified\":\"2024-11-22T11:54:04+00:00\",\"description\":\"Nautige stiilset majutust Swiss\u00f4tel Tallinna Swiss Advantage-tubades, milles on \u00fchendatud ajatu elegants ja moodsad v\u00f5imalused. Nautige hubast \u00f5hkkonda, v\u00f5rratuid vaateid ja funktsionaalseid mugavusi.\",\"breadcrumb\":{\"@id\":\"https:\/\/www.swissoteltallinn.com\/et\/toad-ja-sviidid\/swiss-advantage-tuba\/#breadcrumb\"},\"inLanguage\":\"et\",\"potentialAction\":[{\"@type\":\"ReadAction\",\"target\":[\"https:\/\/www.swissoteltallinn.com\/et\/toad-ja-sviidid\/swiss-advantage-tuba\/\"]}]},{\"@type\":\"BreadcrumbList\",\"@id\":\"https:\/\/www.swissoteltallinn.com\/et\/toad-ja-sviidid\/swiss-advantage-tuba\/#breadcrumb\",\"itemListElement\":[{\"@type\":\"ListItem\",\"position\":1,\"name\":\"Home\",\"item\":\"https:\/\/www.swissoteltallinn.com\/et\/\"},{\"@type\":\"ListItem\",\"position\":2,\"name\":\"TOAD JA SVIIDID\",\"item\":\"https:\/\/www.swissoteltallinn.com\/et\/rooms-suites\/\"},{\"@type\":\"ListItem\",\"position\":3,\"name\":\"Swiss Advantage-tuba\"}]},{\"@type\":\"WebSite\",\"@id\":\"https:\/\/www.swissoteltallinn.com\/#website\",\"url\":\"https:\/\/www.swissoteltallinn.com\/\",\"name\":\"Swissotel Tallinn\",\"description\":\"\",\"publisher\":{\"@id\":\"https:\/\/www.swissoteltallinn.com\/#organization\"},\"potentialAction\":[{\"@type\":\"SearchAction\",\"target\":{\"@type\":\"EntryPoint\",\"urlTemplate\":\"https:\/\/www.swissoteltallinn.com\/?s={search_term_string}\"},\"query-input\":{\"@type\":\"PropertyValueSpecification\",\"valueRequired\":true,\"valueName\":\"search_term_string\"}}],\"inLanguage\":\"et\"},{\"@type\":\"Organization\",\"@id\":\"https:\/\/www.swissoteltallinn.com\/#organization\",\"name\":\"Swissotel Tallinn\",\"url\":\"https:\/\/www.swissoteltallinn.com\/\",\"logo\":{\"@type\":\"ImageObject\",\"inLanguage\":\"et\",\"@id\":\"https:\/\/www.swissoteltallinn.com\/#\/schema\/logo\/image\/\",\"url\":\"https:\/\/www.swissoteltallinn.com\/wp-content\/uploads\/sites\/107\/2024\/07\/Swissotel-Tallinn-logo.jpg\",\"contentUrl\":\"https:\/\/www.swissoteltallinn.com\/wp-content\/uploads\/sites\/107\/2024\/07\/Swissotel-Tallinn-logo.jpg\",\"width\":1800,\"height\":379,\"caption\":\"Swissotel Tallinn\"},\"image\":{\"@id\":\"https:\/\/www.swissoteltallinn.com\/#\/schema\/logo\/image\/\"},\"sameAs\":[\"https:\/\/www.facebook.com\/SwissotelTallinn\",\"https:\/\/ee.linkedin.com\/company\/swiss-tel-tallinn-estonia\",\"https:\/\/www.youtube.com\/channel\/UC-SFkHuVOioVnEI78gVBQrg\",\"https:\/\/www.instagram.com\/swissoteltallinn\/\"]}]}<\/script>\n<!-- \/ Yoast SEO plugin. -->","yoast_head_json":{"title":"Rahuliku \u00f5hkkonnaga Swiss Advantage-toad","description":"Nautige stiilset majutust Swiss\u00f4tel Tallinna Swiss Advantage-tubades, milles on \u00fchendatud ajatu elegants ja moodsad v\u00f5imalused. Nautige hubast \u00f5hkkonda, v\u00f5rratuid vaateid ja funktsionaalseid mugavusi.","robots":{"index":"index","follow":"follow","max-snippet":"max-snippet:-1","max-image-preview":"max-image-preview:large","max-video-preview":"max-video-preview:-1"},"canonical":"https:\/\/www.swissoteltallinn.com\/et\/toad-ja-sviidid\/swiss-advantage-tuba\/","og_locale":"et_EE","og_type":"article","og_title":"Rahuliku \u00f5hkkonnaga Swiss Advantage-toad","og_description":"Nautige stiilset majutust Swiss\u00f4tel Tallinna Swiss Advantage-tubades, milles on \u00fchendatud ajatu elegants ja moodsad v\u00f5imalused. Nautige hubast \u00f5hkkonda, v\u00f5rratuid vaateid ja funktsionaalseid mugavusi.","og_url":"https:\/\/www.swissoteltallinn.com\/et\/toad-ja-sviidid\/swiss-advantage-tuba\/","og_site_name":"Swissotel Tallinn","article_publisher":"https:\/\/www.facebook.com\/SwissotelTallinn","article_modified_time":"2024-11-22T11:54:04+00:00","twitter_card":"summary_large_image","twitter_misc":{"Est. reading time":"1 minut"},"schema":{"@context":"https:\/\/schema.org","@graph":[{"@type":"WebPage","@id":"https:\/\/www.swissoteltallinn.com\/et\/toad-ja-sviidid\/swiss-advantage-tuba\/","url":"https:\/\/www.swissoteltallinn.com\/et\/toad-ja-sviidid\/swiss-advantage-tuba\/","name":"Rahuliku \u00f5hkkonnaga Swiss Advantage-toad","isPartOf":{"@id":"https:\/\/www.swissoteltallinn.com\/#website"},"datePublished":"2024-05-24T14:01:35+00:00","dateModified":"2024-11-22T11:54:04+00:00","description":"Nautige stiilset majutust Swiss\u00f4tel Tallinna Swiss Advantage-tubades, milles on \u00fchendatud ajatu elegants ja moodsad v\u00f5imalused. Nautige hubast \u00f5hkkonda, v\u00f5rratuid vaateid ja funktsionaalseid mugavusi.","breadcrumb":{"@id":"https:\/\/www.swissoteltallinn.com\/et\/toad-ja-sviidid\/swiss-advantage-tuba\/#breadcrumb"},"inLanguage":"et","potentialAction":[{"@type":"ReadAction","target":["https:\/\/www.swissoteltallinn.com\/et\/toad-ja-sviidid\/swiss-advantage-tuba\/"]}]},{"@type":"BreadcrumbList","@id":"https:\/\/www.swissoteltallinn.com\/et\/toad-ja-sviidid\/swiss-advantage-tuba\/#breadcrumb","itemListElement":[{"@type":"ListItem","position":1,"name":"Home","item":"https:\/\/www.swissoteltallinn.com\/et\/"},{"@type":"ListItem","position":2,"name":"TOAD JA SVIIDID","item":"https:\/\/www.swissoteltallinn.com\/et\/rooms-suites\/"},{"@type":"ListItem","position":3,"name":"Swiss Advantage-tuba"}]},{"@type":"WebSite","@id":"https:\/\/www.swissoteltallinn.com\/#website","url":"https:\/\/www.swissoteltallinn.com\/","name":"Swissotel Tallinn","description":"","publisher":{"@id":"https:\/\/www.swissoteltallinn.com\/#organization"},"potentialAction":[{"@type":"SearchAction","target":{"@type":"EntryPoint","urlTemplate":"https:\/\/www.swissoteltallinn.com\/?s={search_term_string}"},"query-input":{"@type":"PropertyValueSpecification","valueRequired":true,"valueName":"search_term_string"}}],"inLanguage":"et"},{"@type":"Organization","@id":"https:\/\/www.swissoteltallinn.com\/#organization","name":"Swissotel Tallinn","url":"https:\/\/www.swissoteltallinn.com\/","logo":{"@type":"ImageObject","inLanguage":"et","@id":"https:\/\/www.swissoteltallinn.com\/#\/schema\/logo\/image\/","url":"https:\/\/www.swissoteltallinn.com\/wp-content\/uploads\/sites\/107\/2024\/07\/Swissotel-Tallinn-logo.jpg","contentUrl":"https:\/\/www.swissoteltallinn.com\/wp-content\/uploads\/sites\/107\/2024\/07\/Swissotel-Tallinn-logo.jpg","width":1800,"height":379,"caption":"Swissotel Tallinn"},"image":{"@id":"https:\/\/www.swissoteltallinn.com\/#\/schema\/logo\/image\/"},"sameAs":["https:\/\/www.facebook.com\/SwissotelTallinn","https:\/\/ee.linkedin.com\/company\/swiss-tel-tallinn-estonia","https:\/\/www.youtube.com\/channel\/UC-SFkHuVOioVnEI78gVBQrg","https:\/\/www.instagram.com\/swissoteltallinn\/"]}]}},"_links":{"self":[{"href":"https:\/\/www.swissoteltallinn.com\/et\/wp-json\/wp\/v2\/pages\/557","targetHints":{"allow":["GET"]}}],"collection":[{"href":"https:\/\/www.swissoteltallinn.com\/et\/wp-json\/wp\/v2\/pages"}],"about":[{"href":"https:\/\/www.swissoteltallinn.com\/et\/wp-json\/wp\/v2\/types\/page"}],"author":[{"embeddable":true,"href":"https:\/\/www.swissoteltallinn.com\/et\/wp-json\/wp\/v2\/users\/98"}],"replies":[{"embeddable":true,"href":"https:\/\/www.swissoteltallinn.com\/et\/wp-json\/wp\/v2\/comments?post=557"}],"version-history":[{"count":0,"href":"https:\/\/www.swissoteltallinn.com\/et\/wp-json\/wp\/v2\/pages\/557\/revisions"}],"up":[{"embeddable":true,"href":"https:\/\/www.swissoteltallinn.com\/et\/wp-json\/wp\/v2\/pages\/522"}],"wp:attachment":[{"href":"https:\/\/www.swissoteltallinn.com\/et\/wp-json\/wp\/v2\/media?parent=557"}],"wp:term":[{"taxonomy":"category","embeddable":true,"href":"https:\/\/www.swissoteltallinn.com\/et\/wp-json\/wp\/v2\/categories?post=557"}],"curies":[{"name":"wp","href":"https:\/\/api.w.org\/{rel}","templated":true}]}}